{"id":9772,"date":"2023-03-13T10:07:42","date_gmt":"2023-03-13T10:07:42","guid":{"rendered":"https:\/\/hiwinvietnam.vn\/?post_type=product&#038;p=9772"},"modified":"2025-10-16T14:32:56","modified_gmt":"2025-10-16T07:32:56","slug":"voi-xit-hiwin-pjf-2020-mau-vang-xuoc","status":"publish","type":"product","link":"https:\/\/hiwinvietnam.vn\/voi-xit-hiwin-pjf-2020-mau-vang-xuoc\/","title":{"rendered":"V\u00f2i x\u1ecbt Hiwin PJF-2020 m\u00e0u v\u00e0ng x\u01b0\u1edbc"},"content":{"rendered":"<p style=\"text-align: justify;\"><span style=\"font-family: 'times new roman', times, serif; font-size: 14pt;\">V\u00f2i x\u1ecbt Hiwin PJF-2020 l\u00e0 m\u00e3 <span style=\"color: #3366ff;\"><a style=\"color: #3366ff;\" href=\"https:\/\/hiwinvietnam.vn\/voi-xit-ve-sinh-day-cap-nuoc-mem-inox-304\/\">v\u00f2i x\u1ecbt v\u1ec7 sinh<\/a><\/span> ph\u00e2n kh\u00fac cao c\u1ea5p s\u1edf h\u1eefu m\u00e0u v\u00e0ng x\u01b0\u1edbc sang tr\u1ecdng, qu\u00fd t\u1ed9c. Cho d\u00f9 k\u1ebft h\u1ee3p v\u1edbi tone m\u00e0u n\u00e0o trong ph\u00f2ng t\u1eafm th\u00ec PJF-2020 c\u0169ng \u0111\u1ec1u chi\u1ebfm ch\u1ecdn spotlight.<\/span><\/p>\n<p><span style=\"font-family: 'times new roman', times, serif; font-size: 14pt;\"><a href=\"https:\/\/hiwinvietnam.vn\/voi-xit-hiwin-pjf-2003-mau-vang-hong\/attachment\/voi-xit-hiwin-pjf-2022\/\" rel=\"attachment wp-att-9760\"><img loading=\"lazy\" decoding=\"async\" class=\"aligncenter size-large wp-image-9760\" src=\"https:\/\/hiwinvietnam.vn\/wp-content\/uploads\/2023\/03\/voi-xit-hiwin-PJF-2022-1024x1024.png\" alt=\"V\u00f2i x\u1ecbt Hiwin PJF-2020 m\u00e0u v\u00e0ng x\u01b0\u1edbc\" width=\"1024\" height=\"1024\" srcset=\"https:\/\/hiwinvietnam.vn\/wp-content\/uploads\/2023\/03\/voi-xit-hiwin-PJF-2022-1024x1024.png 1024w, https:\/\/hiwinvietnam.vn\/wp-content\/uploads\/2023\/03\/voi-xit-hiwin-PJF-2022-300x300.png 300w, https:\/\/hiwinvietnam.vn\/wp-content\/uploads\/2023\/03\/voi-xit-hiwin-PJF-2022-150x150.png 150w, https:\/\/hiwinvietnam.vn\/wp-content\/uploads\/2023\/03\/voi-xit-hiwin-PJF-2022-768x768.png 768w, https:\/\/hiwinvietnam.vn\/wp-content\/uploads\/2023\/03\/voi-xit-hiwin-PJF-2022-20x20.png 20w, https:\/\/hiwinvietnam.vn\/wp-content\/uploads\/2023\/03\/voi-xit-hiwin-PJF-2022-600x600.png 600w, https:\/\/hiwinvietnam.vn\/wp-content\/uploads\/2023\/03\/voi-xit-hiwin-PJF-2022-100x100.png 100w, https:\/\/hiwinvietnam.vn\/wp-content\/uploads\/2023\/03\/voi-xit-hiwin-PJF-2022.png 1500w\" sizes=\"auto, (max-width: 1024px) 100vw, 1024px\" \/><\/a><\/span><\/p>\n<p style=\"text-align: center;\"><span style=\"font-family: 'times new roman', times, serif; font-size: 14pt;\"><em>Ki\u1ec3u d\u00e1ng c\u1ee9ng c\u00e1p m\u00e0u s\u1eafc sang tr\u1ecdng chi\u1ebfm ch\u1ecdn tr\u00e1i tim ng\u01b0\u1eddi d\u00f9ng<\/em><\/span><\/p>\n<p style=\"text-align: justify;\"><span style=\"font-family: 'times new roman', times, serif; font-size: 14pt;\">\u0110\u1eb7c bi\u1ec7t, PJF-2020 c\u00f2n \u0111\u01b0\u1ee3c l\u00e0m t\u1eeb ch\u1ea5t li\u1ec7u <span style=\"color: #3366ff;\"><a style=\"color: #3366ff;\" href=\"https:\/\/vi.wikipedia.org\/wiki\/%C4%90%E1%BB%93ng\" target=\"_blank\" rel=\"noopener\">\u0111\u1ed3ng<\/a><\/span> kh\u00f4ng ch\u1ec9 mang \u0111\u1ebfn s\u1ef1 b\u1ec1n b\u1ec9 v\u1ec1 m\u00e0u s\u1eafc v\u00e0 form d\u00e1ng m\u00e0 kh\u1ea3 n\u0103ng ch\u1ecbu \u00e1p l\u1ef1c c\u1ef1c cao. V\u00f2i x\u1ecbt v\u1ec7 sinh m\u00e3 PJF-2020 mang trong m\u00ecnh thi\u1ebft k\u1ebf \u0111\u01a1n gi\u1ea3n nh\u01b0ng ch\u1eafc ch\u1eafn s\u1ebd tr\u01b0\u1eddng t\u1ed3n trong phong c\u00e1ch thi\u1ebft k\u1ebf nh\u00e0 t\u1eafm trong t\u01b0\u01a1ng lai.<\/span><\/p>\n","protected":false},"excerpt":{"rendered":"<p>V\u00f2i x\u1ecbt Hiwin PJF-2020 l\u00e0 m\u00e3 v\u00f2i x\u1ecbt v\u1ec7 sinh ph\u00e2n kh\u00fac cao c\u1ea5p s\u1edf h\u1eefu m\u00e0u v\u00e0ng x\u01b0\u1edbc sang tr\u1ecdng, qu\u00fd t\u1ed9c. Cho d\u00f9 k\u1ebft h\u1ee3p v\u1edbi tone m\u00e0u n\u00e0o trong ph\u00f2ng t\u1eafm th\u00ec PJF-2020 c\u0169ng \u0111\u1ec1u chi\u1ebfm ch\u1ecdn spotlight. Ki\u1ec3u d\u00e1ng c\u1ee9ng c\u00e1p m\u00e0u s\u1eafc sang tr\u1ecdng chi\u1ebfm ch\u1ecdn tr\u00e1i tim ng\u01b0\u1eddi d\u00f9ng [&hellip;]<\/p>\n","protected":false},"featured_media":24446,"comment_status":"open","ping_status":"closed","template":"","meta":{"_acf_changed":false},"product_brand":[],"product_cat":[183],"product_tag":[664,398,663,665],"class_list":{"0":"post-9772","1":"product","2":"type-product","3":"status-publish","4":"has-post-thumbnail","6":"product_cat-voi-xit-ve-sinh-day-cap-nuoc-mem","7":"product_tag-phu-kien-dong","8":"product_tag-phu-kien-nha-tam","9":"product_tag-voi-xit","10":"product_tag-voi-xit-ve-sinh","12":"first","13":"instock","14":"shipping-taxable","15":"purchasable","16":"product-type-simple"},"acf":[],"_links":{"self":[{"href":"https:\/\/hiwinvietnam.vn\/wp-json\/wp\/v2\/product\/9772","targetHints":{"allow":["GET"]}}],"collection":[{"href":"https:\/\/hiwinvietnam.vn\/wp-json\/wp\/v2\/product"}],"about":[{"href":"https:\/\/hiwinvietnam.vn\/wp-json\/wp\/v2\/types\/product"}],"replies":[{"embeddable":true,"href":"https:\/\/hiwinvietnam.vn\/wp-json\/wp\/v2\/comments?post=9772"}],"wp:featuredmedia":[{"embeddable":true,"href":"https:\/\/hiwinvietnam.vn\/wp-json\/wp\/v2\/media\/24446"}],"wp:attachment":[{"href":"https:\/\/hiwinvietnam.vn\/wp-json\/wp\/v2\/media?parent=9772"}],"wp:term":[{"taxonomy":"product_brand","embeddable":true,"href":"https:\/\/hiwinvietnam.vn\/wp-json\/wp\/v2\/product_brand?post=9772"},{"taxonomy":"product_cat","embeddable":true,"href":"https:\/\/hiwinvietnam.vn\/wp-json\/wp\/v2\/product_cat?post=9772"},{"taxonomy":"product_tag","embeddable":true,"href":"https:\/\/hiwinvietnam.vn\/wp-json\/wp\/v2\/product_tag?post=9772"}],"curies":[{"name":"wp","href":"https:\/\/api.w.org\/{rel}","templated":true}]}}