{"id":810,"date":"2022-09-28T15:57:00","date_gmt":"2022-09-28T15:57:00","guid":{"rendered":"https:\/\/hiwinvietnam.vn\/bon-cau-ket-nuoc-am-mt-s2060\/"},"modified":"2025-10-23T14:33:42","modified_gmt":"2025-10-23T07:33:42","slug":"bon-cau-khong-ket-nuoc-hiwin-mt-s2060","status":"publish","type":"product","link":"https:\/\/hiwinvietnam.vn\/bon-cau-khong-ket-nuoc-hiwin-mt-s2060\/","title":{"rendered":"B\u1ed3n c\u1ea7u kh\u00f4ng k\u00e9t n\u01b0\u1edbc Hiwin MT-S2060"},"content":{"rendered":"<p id=\"ThongTinSanPham\" class=\"tabContent post-content active\" style=\"text-align: justify;\"><span style=\"font-family: 'times new roman', times, serif; font-size: 14pt;\">B\u1ed3n c\u1ea7u kh\u00f4ng k\u00e9t n\u01b0\u1edbc Hiwin MT-S2060 c\u00f3 thi\u1ebft k\u1ebf \u0111\u1eb9p m\u1eaft v\u1edbi nhi\u1ec1u c\u00f4ng n\u0103ng s\u1eed d\u1ee5ng \u1ea5n t\u01b0\u1ee3ng l\u00e0 \u0111i\u1ec1u m\u00e0 c\u00e1c kh\u00e1ch h\u00e0ng \u0111ang t\u00ecm ki\u1ebfm. \u0110\u00e1p \u1ee9ng nhu c\u1ea7u c\u1ee7a kh\u00e1ch h\u00e0ng, MT-S2060 c\u1ee7a nh\u00e0 <a href=\"https:\/\/www.facebook.com\/hiwinvietnam.vn\/\">Hiwin<\/a> c\u00f3 thi\u1ebft k\u1ebf th\u1eddi th\u01b0\u1ee3ng v\u00e0 nhi\u1ec1u ch\u1ee9c n\u0103ng t\u00edch h\u1ee3p, \u0111\u1eb7c bi\u1ec7t l\u00e0 kh\u1ea3 n\u0103ng ti\u1ebft ki\u1ec7m n\u01b0\u1edbc sinh ho\u1ea1t v\u01b0\u1ee3t tr\u1ed9i,&#8230;<\/span><\/p>\n<p style=\"text-align: justify;\"><span style=\"font-family: 'times new roman', times, serif; font-size: 14pt;\"><img loading=\"lazy\" decoding=\"async\" class=\"aligncenter size-full wp-image-13142\" src=\"https:\/\/hiwinvietnam.vn\/wp-content\/uploads\/2022\/09\/bon-cau-khong-ket-nuoc-hiwin-mt-s2060-6.jpg\" alt=\"B\u1ed3n c\u1ea7u kh\u00f4ng k\u00e9t n\u01b0\u1edbc Hiwin MT-S2060 thi\u1ebft k\u1ebf sang tr\u1ecdng\" width=\"1500\" height=\"1500\" srcset=\"https:\/\/hiwinvietnam.vn\/wp-content\/uploads\/2022\/09\/bon-cau-khong-ket-nuoc-hiwin-mt-s2060-6.jpg 1500w, https:\/\/hiwinvietnam.vn\/wp-content\/uploads\/2022\/09\/bon-cau-khong-ket-nuoc-hiwin-mt-s2060-6-300x300.jpg 300w, https:\/\/hiwinvietnam.vn\/wp-content\/uploads\/2022\/09\/bon-cau-khong-ket-nuoc-hiwin-mt-s2060-6-1024x1024.jpg 1024w, https:\/\/hiwinvietnam.vn\/wp-content\/uploads\/2022\/09\/bon-cau-khong-ket-nuoc-hiwin-mt-s2060-6-150x150.jpg 150w, https:\/\/hiwinvietnam.vn\/wp-content\/uploads\/2022\/09\/bon-cau-khong-ket-nuoc-hiwin-mt-s2060-6-768x768.jpg 768w, https:\/\/hiwinvietnam.vn\/wp-content\/uploads\/2022\/09\/bon-cau-khong-ket-nuoc-hiwin-mt-s2060-6-20x20.jpg 20w, https:\/\/hiwinvietnam.vn\/wp-content\/uploads\/2022\/09\/bon-cau-khong-ket-nuoc-hiwin-mt-s2060-6-600x600.jpg 600w, https:\/\/hiwinvietnam.vn\/wp-content\/uploads\/2022\/09\/bon-cau-khong-ket-nuoc-hiwin-mt-s2060-6-100x100.jpg 100w\" sizes=\"auto, (max-width: 1500px) 100vw, 1500px\" \/><\/span><\/p>\n<h2 style=\"text-align: justify;\"><span style=\"font-family: 'times new roman', times, serif; font-size: 14pt;\">\u0110\u1eb7c \u0111i\u1ec3m c\u1ea5u t\u1ea1o v\u00e0 c\u00f4ng n\u0103ng c\u1ee7a b\u1ed3n c\u1ea7u Hiwin MT-S2060<\/span><\/h2>\n<p style=\"text-align: justify;\"><span style=\"font-family: 'times new roman', times, serif; font-size: 14pt;\">B\u1ed3n c\u1ea7u kh\u00f4ng k\u00e9t n\u01b0\u1edbc Hiwin MT-S2060 l\u00e0 d\u00f2ng thi\u1ebft b\u1ecb v\u1ec7 sinh\u00a0 \u0111\u01b0\u1ee3c l\u00e0m t\u1eeb ch\u1ea5t li\u1ec7u s\u1ee9 cao c\u1ea5p v\u1edbi l\u1edbp men tr\u00e1ng ch\u1ed1ng b\u00e1m b\u1ea9n, d\u1ec5 d\u00e0ng v\u1ec7 sinh, b\u1ec1n m\u00e0u tr\u1eafng s\u00e1ng.<\/span><\/p>\n<p style=\"text-align: justify;\"><span style=\"font-family: 'times new roman', times, serif; font-size: 14pt;\">S\u1ea3n ph\u1ea9m s\u1edf h\u1eefu thi\u1ebft k\u1ebf tinh t\u1ebf v\u1edbi gam m\u00e0u tr\u1eafng s\u1ee9 s\u00e1ng b\u00f3ng, t\u1ea1o n\u00ean v\u1ebb \u0111\u1eb9p sang tr\u1ecdng, trang nh\u00e3, gi\u00fap kh\u00f4ng gian ph\u00f2ng t\u1eafm tr\u1edf n\u00ean thanh l\u1ecbch v\u00e0 hi\u1ec7n \u0111\u1ea1i h\u01a1n. L\u1edbp men s\u1ee9 cao c\u1ea5p kh\u00f4ng ch\u1ec9 mang l\u1ea1i t\u00ednh th\u1ea9m m\u1ef9 v\u01b0\u1ee3t tr\u1ed9i m\u00e0 c\u00f2n gi\u00fap h\u1ea1n ch\u1ebf b\u00e1m b\u1ea9n, d\u1ec5 d\u00e0ng v\u1ec7 sinh, gi\u1eef cho b\u1ed3n c\u1ea7u lu\u00f4n s\u1ea1ch s\u1ebd v\u00e0 s\u00e1ng m\u1edbi theo th\u1eddi gian. <\/span><\/p>\n<p style=\"text-align: justify;\"><span style=\"font-family: 'times new roman', times, serif; font-size: 14pt;\"><img loading=\"lazy\" decoding=\"async\" class=\"aligncenter size-full wp-image-13140\" src=\"https:\/\/hiwinvietnam.vn\/wp-content\/uploads\/2022\/09\/bon-cau-khong-ket-nuoc-hiwin-mt-s2060-4.jpg\" alt=\"B\u1ed3n c\u1ea7u kh\u00f4ng k\u00e9t n\u01b0\u1edbc Hiwin MT-S2060 ph\u00f9 h\u1ee3p v\u1edbi m\u1ecdi kh\u00f4ng gian\" width=\"1500\" height=\"1500\" srcset=\"https:\/\/hiwinvietnam.vn\/wp-content\/uploads\/2022\/09\/bon-cau-khong-ket-nuoc-hiwin-mt-s2060-4.jpg 1500w, https:\/\/hiwinvietnam.vn\/wp-content\/uploads\/2022\/09\/bon-cau-khong-ket-nuoc-hiwin-mt-s2060-4-300x300.jpg 300w, https:\/\/hiwinvietnam.vn\/wp-content\/uploads\/2022\/09\/bon-cau-khong-ket-nuoc-hiwin-mt-s2060-4-1024x1024.jpg 1024w, https:\/\/hiwinvietnam.vn\/wp-content\/uploads\/2022\/09\/bon-cau-khong-ket-nuoc-hiwin-mt-s2060-4-150x150.jpg 150w, https:\/\/hiwinvietnam.vn\/wp-content\/uploads\/2022\/09\/bon-cau-khong-ket-nuoc-hiwin-mt-s2060-4-768x768.jpg 768w, https:\/\/hiwinvietnam.vn\/wp-content\/uploads\/2022\/09\/bon-cau-khong-ket-nuoc-hiwin-mt-s2060-4-20x20.jpg 20w, https:\/\/hiwinvietnam.vn\/wp-content\/uploads\/2022\/09\/bon-cau-khong-ket-nuoc-hiwin-mt-s2060-4-600x600.jpg 600w, https:\/\/hiwinvietnam.vn\/wp-content\/uploads\/2022\/09\/bon-cau-khong-ket-nuoc-hiwin-mt-s2060-4-100x100.jpg 100w\" sizes=\"auto, (max-width: 1500px) 100vw, 1500px\" \/><\/span><\/p>\n<p style=\"text-align: justify;\"><span style=\"font-family: 'times new roman', times, serif; font-size: 14pt;\">\u0110\u1eb7c bi\u1ec7t, ph\u1ea7n n\u1eafp b\u1ed3n c\u1ea7u \u0111\u01b0\u1ee3c ch\u1ebf t\u1ea1o t\u1eeb ch\u1ea5t li\u1ec7u nh\u1ef1a UF cao c\u1ea5p, c\u00f3 \u0111\u1ed9 c\u1ee9ng c\u00e1p cao, kh\u1ea3 n\u0103ng ch\u1ecbu l\u1ef1c t\u1ed1t, ch\u1ed1ng tr\u1ea7y x\u01b0\u1edbc hi\u1ec7u qu\u1ea3 v\u00e0 c\u00f3 \u0111\u1ed9 b\u1ec1n v\u01b0\u1ee3t tr\u1ed9i. Nh\u1edd \u0111\u00f3, s\u1ea3n ph\u1ea9m kh\u00f4ng ch\u1ec9 \u0111\u1ea3m b\u1ea3o t\u00ednh an to\u00e0n trong qu\u00e1 tr\u00ecnh s\u1eed d\u1ee5ng m\u00e0 c\u00f2n gi\u00fap k\u00e9o d\u00e0i tu\u1ed5i th\u1ecd, mang \u0111\u1ebfn tr\u1ea3i nghi\u1ec7m ti\u1ec7n nghi v\u00e0 tho\u1ea3i m\u00e1i cho ng\u01b0\u1eddi d\u00f9ng.<\/span><\/p>\n<p style=\"text-align: justify;\"><span style=\"font-family: 'times new roman', times, serif; font-size: 14pt;\">MT-S2060 l\u00e0 s\u1ea3n ph\u1ea9m ti\u00eau bi\u1ec3u v\u00fat d\u00f2ng <strong><a href=\"https:\/\/hiwinvietnam.vn\/bon-cau-ket-nuoc-am-khong-ket-nuoc\/\">b\u1ed3n c\u1ea7u kh\u00f4ng k\u00e9t n\u01b0\u1edbc Hiwin<\/a><\/strong>, ho\u1ea1t \u0111\u1ed9ng b\u1eb1ng c\u00e1ch s\u1eed d\u1ee5ng tr\u1ef1c ti\u1ebfp ngu\u1ed3n n\u01b0\u1edbc c\u1ea5p \u0111\u1ec3 th\u1ef1c hi\u1ec7n qu\u00e1 tr\u00ecnh x\u1ea3. Ch\u00ednh v\u00ec v\u1eady, \u0111\u1ec3 \u0111\u1ea3m b\u1ea3o hi\u1ec7u su\u1ea5t v\u1eadn h\u00e0nh \u1ed5n \u0111\u1ecbnh, lo\u1ea1i b\u1ed3n c\u1ea7u n\u00e0y y\u00eau c\u1ea7u \u00e1p l\u1ef1c n\u01b0\u1edbc \u0111\u1ea7u v\u00e0o ph\u1ea3i \u0111\u1ee7 m\u1ea1nh, gi\u00fap h\u1ec7 th\u1ed1ng x\u1ea3 ho\u1ea1t \u0111\u1ed9ng hi\u1ec7u qu\u1ea3, lo\u1ea1i b\u1ecf ch\u1ea5t th\u1ea3i nhanh ch\u00f3ng m\u00e0 kh\u00f4ng b\u1ecb gi\u00e1n \u0111o\u1ea1n.<\/span><\/p>\n<p style=\"text-align: justify;\"><span style=\"font-family: 'times new roman', times, serif; font-size: 14pt;\"><img loading=\"lazy\" decoding=\"async\" class=\"aligncenter size-full wp-image-13138\" src=\"https:\/\/hiwinvietnam.vn\/wp-content\/uploads\/2022\/09\/bon-cau-khong-ket-nuoc-hiwin-mt-s2060-2.jpg\" alt=\"B\u1ed3n c\u1ea7u kh\u00f4ng k\u00e9t n\u01b0\u1edbc Hiwin MT-S2060 b\u1ec1n b\u1ec9\" width=\"1500\" height=\"1500\" srcset=\"https:\/\/hiwinvietnam.vn\/wp-content\/uploads\/2022\/09\/bon-cau-khong-ket-nuoc-hiwin-mt-s2060-2.jpg 1500w, https:\/\/hiwinvietnam.vn\/wp-content\/uploads\/2022\/09\/bon-cau-khong-ket-nuoc-hiwin-mt-s2060-2-300x300.jpg 300w, https:\/\/hiwinvietnam.vn\/wp-content\/uploads\/2022\/09\/bon-cau-khong-ket-nuoc-hiwin-mt-s2060-2-1024x1024.jpg 1024w, https:\/\/hiwinvietnam.vn\/wp-content\/uploads\/2022\/09\/bon-cau-khong-ket-nuoc-hiwin-mt-s2060-2-150x150.jpg 150w, https:\/\/hiwinvietnam.vn\/wp-content\/uploads\/2022\/09\/bon-cau-khong-ket-nuoc-hiwin-mt-s2060-2-768x768.jpg 768w, https:\/\/hiwinvietnam.vn\/wp-content\/uploads\/2022\/09\/bon-cau-khong-ket-nuoc-hiwin-mt-s2060-2-20x20.jpg 20w, https:\/\/hiwinvietnam.vn\/wp-content\/uploads\/2022\/09\/bon-cau-khong-ket-nuoc-hiwin-mt-s2060-2-600x600.jpg 600w, https:\/\/hiwinvietnam.vn\/wp-content\/uploads\/2022\/09\/bon-cau-khong-ket-nuoc-hiwin-mt-s2060-2-100x100.jpg 100w\" sizes=\"auto, (max-width: 1500px) 100vw, 1500px\" \/><\/span><\/p>\n<p style=\"text-align: justify;\"><span style=\"font-family: 'times new roman', times, serif; font-size: 14pt;\">M\u1ed9t trong nh\u1eefng \u0111i\u1ec3m n\u1ed5i b\u1eadt c\u1ee7a Hiwin MT-S2060 ch\u00ednh l\u00e0 c\u01a1 ch\u1ebf x\u1ea3 xo\u00e1y 360 \u0111\u1ed9 hi\u1ec7n \u0111\u1ea1i. H\u1ec7 th\u1ed1ng n\u00e0y t\u1ea1o ra d\u00f2ng n\u01b0\u1edbc m\u1ea1nh m\u1ebd xo\u00e1y tr\u00f2n kh\u1eafp l\u00f2ng b\u1ed3n c\u1ea7u, ti\u1ebfp c\u1eadn v\u00e0 l\u00e0m s\u1ea1ch m\u1ecdi v\u1ecb tr\u00ed, k\u1ec3 c\u1ea3 nh\u1eefng khu v\u1ef1c kh\u00f3 ti\u1ebfp c\u1eadn nh\u1ea5t. V\u1edbi c\u00f4ng ngh\u1ec7 x\u1ea3 ti\u00ean ti\u1ebfn n\u00e0y, b\u1ed3n c\u1ea7u Hiwin MT-S2060 mang \u0111\u1ebfn tr\u1ea3i nghi\u1ec7m s\u1eed d\u1ee5ng ti\u1ec7n nghi, ti\u1ebft ki\u1ec7m n\u01b0\u1edbc m\u00e0 v\u1eabn \u0111\u1ea3m b\u1ea3o hi\u1ec7u qu\u1ea3 l\u00e0m s\u1ea1ch v\u01b0\u1ee3t tr\u1ed9i.<\/span><\/p>\n<h2 style=\"text-align: justify;\"><span style=\"font-family: 'times new roman', times, serif; font-size: 14pt;\">V\u1ecb tr\u00ed l\u1eafp \u0111\u1eb7t b\u1ed3n c\u1ea7u kh\u00f4ng k\u00e9t n\u01b0\u1edbc Hiwin MT-S2060<\/span><\/h2>\n<p style=\"text-align: justify;\"><span style=\"font-family: 'times new roman', times, serif; font-size: 14pt;\">B\u1ed3n c\u1ea7u MT-S2060 l\u00e0 l\u1ef1a ch\u1ecdn l\u00fd t\u01b0\u1edfng \u0111\u1ec3 l\u1eafp \u0111\u1eb7t cho c\u00e1c c\u00f4ng tr\u00ecnh v\u1ec7 sinh t\u1ea1i chung c\u01b0 cao c\u1ea5p, bi\u1ec7t th\u1ef1 sang tr\u1ecdng nh\u1edd thi\u1ebft k\u1ebf hi\u1ec7n \u0111\u1ea1i, tinh t\u1ebf.\u00a0<\/span><\/p>\n<p style=\"text-align: justify;\"><span style=\"font-family: 'times new roman', times, serif; font-size: 14pt;\">B\u1ed3n c\u1ea7u kh\u00f4ng k\u00e9t n\u01b0\u1edbc Hiwin MT-S2060 l\u00e0 l\u1ef1a ch\u1ecdn l\u00fd t\u01b0\u1edfng cho nh\u1eefng ai t\u00ecm ki\u1ebfm s\u1ef1 ti\u1ec7n nghi, hi\u1ec7n \u0111\u1ea1i v\u00e0 t\u1ed1i \u01b0u h\u00f3a kh\u00f4ng gian s\u1ed1ng. \u0110\u1ec3 \u0111\u1ea3m b\u1ea3o mua \u0111\u01b0\u1ee3c s\u1ea3n ph\u1ea9m ch\u00ednh h\u00e3ng v\u1edbi ch\u1ea5t l\u01b0\u1ee3ng t\u1ed1t nh\u1ea5t, h\u00e3y \u0111\u1ebfn ngay Hiwin &#8211; th\u01b0\u01a1ng hi\u1ec7u uy t\u00edn h\u00e0ng \u0111\u1ea7u trong l\u0129nh v\u1ef1c thi\u1ebft b\u1ecb v\u1ec7 sinh. \u0110\u00e2y l\u00e0 \u0111\u1ecba ch\u1ec9 s\u1ebd mang \u0111\u1ebfn cho b\u1ea1n s\u1ef1 h\u00e0i l\u00f2ng tuy\u1ec7t \u0111\u1ed1i v\u1edbi d\u1ecbch v\u1ee5 chuy\u00ean nghi\u1ec7p v\u00e0 ch\u1ebf \u0111\u1ed9 b\u1ea3o h\u00e0nh \u0111\u00e1ng tin c\u1eady.<\/span><\/p>\n<p style=\"text-align: justify;\"><span style=\"font-family: 'times new roman', times, serif; font-size: 14pt;\"><em><strong>Xem th\u00eam:<\/strong><\/em><\/span><\/p>\n<ul>\n<li style=\"text-align: justify;\"><span style=\"font-family: 'times new roman', times, serif; font-size: 14pt;\"><strong><a href=\"https:\/\/hiwinvietnam.vn\/bon-cau-ket-nuoc-am-hiwin-mt-240\/\">B\u1ed3n c\u1ea7u k\u00e9t n\u01b0\u1edbc \u00e2m Hiwin MT-240<\/a><\/strong><\/span><\/li>\n<li style=\"text-align: justify;\"><span style=\"font-family: 'times new roman', times, serif; font-size: 14pt;\"><strong><a href=\"https:\/\/hiwinvietnam.vn\/bon-cau-khong-ket-nuoc-nap-trang-hiwin-mt-6040w\/\">B\u1ed3n c\u1ea7u kh\u00f4ng k\u00e9t n\u01b0\u1edbc n\u1eafp tr\u1eafng Hiwin MT-6040W<\/a><\/strong><\/span><\/li>\n<\/ul>\n","protected":false},"excerpt":{"rendered":"<p>B\u1ed3n c\u1ea7u kh\u00f4ng k\u00e9t n\u01b0\u1edbc Hiwin MT-S2060 c\u00f3 thi\u1ebft k\u1ebf \u0111\u1eb9p m\u1eaft v\u1edbi nhi\u1ec1u c\u00f4ng n\u0103ng s\u1eed d\u1ee5ng \u1ea5n t\u01b0\u1ee3ng l\u00e0 \u0111i\u1ec1u m\u00e0 c\u00e1c kh\u00e1ch h\u00e0ng \u0111ang t\u00ecm ki\u1ebfm. \u0110\u00e1p \u1ee9ng nhu c\u1ea7u c\u1ee7a kh\u00e1ch h\u00e0ng, MT-S2060 c\u1ee7a nh\u00e0 Hiwin c\u00f3 thi\u1ebft k\u1ebf th\u1eddi th\u01b0\u1ee3ng v\u00e0 nhi\u1ec1u ch\u1ee9c n\u0103ng t\u00edch h\u1ee3p, \u0111\u1eb7c bi\u1ec7t l\u00e0 kh\u1ea3 [&hellip;]<\/p>\n","protected":false},"featured_media":13143,"comment_status":"open","ping_status":"closed","template":"","meta":{"_acf_changed":false},"product_brand":[],"product_cat":[164],"product_tag":[225,220,223,226,222,212,224],"class_list":{"0":"post-810","1":"product","2":"type-product","3":"status-publish","4":"has-post-thumbnail","6":"product_cat-bon-cau-ket-nuoc-am-khong-ket-nuoc","7":"product_tag-ban-cau","8":"product_tag-bon-cau","9":"product_tag-bon-cau-hiwin","10":"product_tag-bon-cau-khong-ket-nuoc","11":"product_tag-bon-cau-su","12":"product_tag-hiwin","13":"product_tag-thiet-bi-ve-sinh","15":"first","16":"outofstock","17":"sale","18":"shipping-taxable","19":"purchasable","20":"product-type-simple"},"acf":[],"_links":{"self":[{"href":"https:\/\/hiwinvietnam.vn\/wp-json\/wp\/v2\/product\/810","targetHints":{"allow":["GET"]}}],"collection":[{"href":"https:\/\/hiwinvietnam.vn\/wp-json\/wp\/v2\/product"}],"about":[{"href":"https:\/\/hiwinvietnam.vn\/wp-json\/wp\/v2\/types\/product"}],"replies":[{"embeddable":true,"href":"https:\/\/hiwinvietnam.vn\/wp-json\/wp\/v2\/comments?post=810"}],"wp:featuredmedia":[{"embeddable":true,"href":"https:\/\/hiwinvietnam.vn\/wp-json\/wp\/v2\/media\/13143"}],"wp:attachment":[{"href":"https:\/\/hiwinvietnam.vn\/wp-json\/wp\/v2\/media?parent=810"}],"wp:term":[{"taxonomy":"product_brand","embeddable":true,"href":"https:\/\/hiwinvietnam.vn\/wp-json\/wp\/v2\/product_brand?post=810"},{"taxonomy":"product_cat","embeddable":true,"href":"https:\/\/hiwinvietnam.vn\/wp-json\/wp\/v2\/product_cat?post=810"},{"taxonomy":"product_tag","embeddable":true,"href":"https:\/\/hiwinvietnam.vn\/wp-json\/wp\/v2\/product_tag?post=810"}],"curies":[{"name":"wp","href":"https:\/\/api.w.org\/{rel}","templated":true}]}}