{"id":4410,"date":"2022-09-29T05:45:05","date_gmt":"2022-09-29T05:45:05","guid":{"rendered":"https:\/\/hiwinvietnam.vn\/bon-cau-thong-minh-mt-4488x\/"},"modified":"2025-08-06T11:07:47","modified_gmt":"2025-08-06T04:07:47","slug":"bon-cau-thong-minh-cao-cap-hiwin-mt-4488","status":"publish","type":"product","link":"https:\/\/hiwinvietnam.vn\/bon-cau-thong-minh-cao-cap-hiwin-mt-4488\/","title":{"rendered":"B\u1ed3n c\u1ea7u th\u00f4ng minh cao c\u1ea5p Hiwin MT-4488\/MT-4488X"},"content":{"rendered":"<div id=\"ThongTinSanPham\" class=\"tabContent post-content active\">\n<p style=\"text-align: justify;\"><span style=\"font-family: 'times new roman', times, serif; font-size: 14pt;\"><span style=\"color: #333333; text-align: justify;\">Hi\u1ec7n nay, <\/span><span style=\"text-align: justify;\">b\u1ed3n c\u1ea7u th\u00f4ng minh cao c\u1ea5p Hiwin MT-4488 <\/span><span style=\"color: #333333; text-align: justify;\">\u0111ang \u0111\u01b0\u1ee3c r\u1ea5t nhi\u1ec1u gia \u0111\u00ecnh quan t\u00e2m v\u00e0 l\u1ef1a ch\u1ecdn. V\u1edbi nhi\u1ec1u ch\u1ee9c n\u0103ng th\u00f4ng minh, t\u1ef1 \u0111\u1ed9ng, ki\u1ec3u d\u00e1ng hi\u1ec7n \u0111\u1ea1i, gi\u00e1 th\u00e0nh h\u1ee3p l\u00fd, b\u1ed3n c\u1ea7u th\u00f4ng minh tr\u1edf th\u00e0nh xu h\u01b0\u1edbng l\u1ef1a ch\u1ecdn h\u00e0ng \u0111\u1ea7u c\u1ee7a c\u00e1c h\u1ed9 gia \u0111\u00ecnh.<\/span><\/span><\/p>\n<p style=\"text-align: justify;\"><span style=\"font-family: 'times new roman', times, serif; font-size: 14pt;\">\u00a0 \u00a0 \u00a0 \u00a0 \u00a0 \u00a0 \u00a0 \u00a0 \u00a0 \u00a0 \u00a0 \u00a0 \u00a0 \u00a0 \u00a0 \u00a0 \u00a0 <video controls=\"controls\" width=\"800\" height=\"800\"><source src=\"https:\/\/hiwinvietnam.vn\/wp-content\/uploads\/2022\/09\/mt-4488.mp4\" type=\"video\/mp4\" \/><\/video><\/span><\/p>\n<p style=\"text-align: justify;\"><span style=\"box-sizing: border-box; font-size: 14pt; font-family: 'times new roman', times, serif;\"><span style=\"box-sizing: border-box;\">Trong s\u1ed1 c\u00e1c m\u1eabu <span style=\"color: #000000;\">b\u1ed3n c\u1ea7u th\u00f4ng minh<\/span> m\u1edbi nh\u1ea5t c\u1ee7a Hiwin, MT-4488 l\u00e0 m\u1eabu s\u1ea3n ph\u1ea9m \u0111\u01b0\u1ee3c nhi\u1ec1u kh\u00e1ch h\u00e0ng \u01b0a chu\u1ed9ng nh\u1ea5t. Hiwin MT-4488 s\u1edf h\u1eefu \u0111\u1ea7y \u0111\u1ee7 to\u00e0n b\u1ed9 c\u00e1c <span style=\"color: #3366ff;\"><strong><a style=\"color: #3366ff;\" href=\"https:\/\/youtu.be\/Hs1BniwJIyg\" target=\"_blank\" rel=\"noopener\">ch\u1ee9c n\u0103ng c\u1ee7a b\u1ed3n c\u1ea7u th\u00f4ng minh<\/a><\/strong><\/span>, gi\u00fap cho vi\u1ec7c s\u1eed d\u1ee5ng tr\u1edf n\u00ean th\u1eadt s\u1ef1 ti\u1ec7n nghi:<\/span><\/span><\/p>\n<h2 style=\"text-align: justify;\"><span style=\"box-sizing: border-box; font-weight: bolder; font-size: 14pt; font-family: 'times new roman', times, serif;\"><span style=\"box-sizing: border-box;\">Ch\u1ee9c n\u0103ng c\u1ea3m \u1ee9ng \u0111\u00f3ng, m\u1edf n\u1eafp c\u1ee7a b\u1ed3n c\u1ea7u th\u00f4ng minh cao c\u1ea5p MT-4488<\/span><\/span><\/h2>\n<p style=\"text-align: justify;\"><span style=\"box-sizing: border-box; font-size: 14pt; font-family: 'times new roman', times, serif;\"><span style=\"box-sizing: border-box;\">B\u1ed3n c\u1ea7u th\u00f4ng minh MT-4488 v\u1edbi n\u00fat c\u1ea3m \u1ee9ng, nh\u1eadn t\u00edn hi\u1ec7u khi c\u00f3 ng\u01b0\u1eddi \u0111\u1ebfn g\u1ea7n, n\u1eafp b\u1ed3n c\u1ea7u s\u1ebd m\u1edf ra. Sau khi ng\u01b0\u1eddi d\u00f9ng d\u00f9ng xong b\u1ed3n c\u1ea7u v\u00e0 r\u1eddi \u0111i, n\u1eafp s\u1ebd t\u1ef1 \u0111\u00f3ng l\u1ea1i. Tr\u1ea1ng th\u00e1i th\u00f4ng th\u01b0\u1eddng c\u1ee7a n\u1eafp s\u1ebd l\u00e0 \u0111\u00f3ng.<\/span><\/span><\/p>\n<p style=\"text-align: justify;\"><span style=\"font-family: 'times new roman', times, serif; font-size: 14pt;\"><img loading=\"lazy\" decoding=\"async\" class=\"aligncenter wp-image-6770 size-full\" src=\"https:\/\/hiwinvietnam.vn\/wp-content\/uploads\/2022\/09\/bon-cau-thong-minh-mt-4488-10.jpg\" alt=\"ki\u1ec3u d\u00e1ng b\u1ed3n c\u1ea7u th\u00f4ng minh Hiwin MT-4488\" width=\"1500\" height=\"1500\" srcset=\"https:\/\/hiwinvietnam.vn\/wp-content\/uploads\/2022\/09\/bon-cau-thong-minh-mt-4488-10.jpg 1500w, https:\/\/hiwinvietnam.vn\/wp-content\/uploads\/2022\/09\/bon-cau-thong-minh-mt-4488-10-300x300.jpg 300w, https:\/\/hiwinvietnam.vn\/wp-content\/uploads\/2022\/09\/bon-cau-thong-minh-mt-4488-10-1024x1024.jpg 1024w, https:\/\/hiwinvietnam.vn\/wp-content\/uploads\/2022\/09\/bon-cau-thong-minh-mt-4488-10-150x150.jpg 150w, https:\/\/hiwinvietnam.vn\/wp-content\/uploads\/2022\/09\/bon-cau-thong-minh-mt-4488-10-768x768.jpg 768w, https:\/\/hiwinvietnam.vn\/wp-content\/uploads\/2022\/09\/bon-cau-thong-minh-mt-4488-10-20x20.jpg 20w, https:\/\/hiwinvietnam.vn\/wp-content\/uploads\/2022\/09\/bon-cau-thong-minh-mt-4488-10-600x600.jpg 600w, https:\/\/hiwinvietnam.vn\/wp-content\/uploads\/2022\/09\/bon-cau-thong-minh-mt-4488-10-100x100.jpg 100w\" sizes=\"auto, (max-width: 1500px) 100vw, 1500px\" \/><\/span><\/p>\n<h2 style=\"text-align: justify;\"><span style=\"box-sizing: border-box; font-weight: bolder; font-size: 14pt; font-family: 'times new roman', times, serif;\"><span style=\"box-sizing: border-box;\">Ch\u1ee9c n\u0103ng l\u00e0m \u1ea5m b\u1ec7 ng\u1ed3i c\u1ee7a Hiwin MT-4488<\/span><\/span><\/h2>\n<p style=\"box-sizing: border-box; color: #333333; font-family: SanFranciscoDisplay; font-size: 15px; text-align: justify;\"><span style=\"box-sizing: border-box; font-size: 14pt; font-family: 'times new roman', times, serif;\"><span style=\"box-sizing: border-box;\">Ch\u1ee9c n\u0103ng n\u00e0y th\u01b0\u1eddng \u0111\u01b0\u1ee3c s\u1eed d\u1ee5ng v\u00e0o m\u00f9a \u0111\u00f4ng. Th\u00f4ng th\u01b0\u1eddng, v\u1edbi s\u1ea3n ph\u1ea9m ph\u1ed5 th\u00f4ng, ch\u1eafc h\u1eb3n b\u1ea1n v\u1eabn c\u00f2n nh\u1edb c\u1ea3m gi\u00e1c r\u00f9ng m\u00ecnh khi ph\u1ea3i ng\u1ed3i xu\u1ed1ng v\u00e0nh b\u1ed3n c\u1ea7u l\u1ea1nh c\u00f3ng. N\u1ebfu ph\u1ea3i th\u1ee9c gi\u1ea5c ban \u0111\u00eam, c\u00f3 th\u1ec3 b\u1ea1n s\u1ebd m\u1ea5t lu\u00f4n c\u1ea3 gi\u1ea5c ng\u1ee7. B\u1ed3n c\u1ea7u th\u00f4ng minh cao cao c\u1ea5p Hiwin MT-4488 s\u1ebd gi\u00fap b\u1ea1n gi\u1ea3i quy\u1ebft \u0111\u01b0\u1ee3c v\u1ea5n \u0111\u1ec1 \u0111\u00f3, th\u00f4ng qua vi\u1ec7c s\u01b0\u1edfi \u1ea5m b\u1ec7 ng\u1ed3i. <\/span><\/span><\/p>\n<p style=\"box-sizing: border-box; color: #333333; font-family: SanFranciscoDisplay; font-size: 15px; text-align: justify;\"><span style=\"box-sizing: border-box; font-size: 14pt; font-family: 'times new roman', times, serif;\"><span style=\"box-sizing: border-box;\">B\u1ea5t k\u1ec3 l\u00fac n\u00e0o trong ng\u00e0y, khi c\u1ea7n s\u1eed d\u1ee5ng, v\u00e0nh b\u1ed3n c\u1ea7u s\u1ebd lu\u00f4n \u0111\u01b0\u1ee3c l\u00e0m \u1ea5m v\u1eeba \u0111\u1ee7. Khi d\u00f9ng trong m\u00f9a \u0111\u00f4ng, ch\u00fang ta ch\u1ec9 c\u1ea7n set up nhi\u1ec7t \u0111\u1ed9 m\u1ed9t l\u1ea7n duy nh\u1ea5t. Nhi\u1ec7t \u0111\u1ed9 n\u00e0y s\u1ebd lu\u00f4n \u0111\u01b0\u1ee3c gi\u1eef nh\u01b0 v\u1eady, cho \u0111\u1ebfn khi b\u1ea1n b\u1eadt sang m\u1ee9c nhi\u1ec7t kh\u00e1c ho\u1eb7c t\u1eaft h\u1eb3n \u0111i. Thao t\u00e1c r\u1ea5t \u0111\u01a1n gi\u1ea3n, ch\u1ec9 c\u1ea7n ch\u1ecdn ch\u1ebf \u0111\u1ed9 nhi\u1ec7t tr\u00ean \u0111i\u1ec1u khi\u1ec3n m\u00e0 th\u00f4i. \u0110\u1ebfn m\u00f9a h\u00e8 n\u00f3ng b\u1ee9c, b\u1ea1n ch\u1ec9 c\u1ea7n set l\u1ea1i ch\u1ebf \u0111\u1ed9 v\u1ec1 m\u1ee9c nhi\u1ec7t \u0111\u1ed9 th\u01b0\u1eddng l\u00e0 xong, thao t\u00e1c c\u1ef1c k\u1ef3 \u0111\u01a1n gi\u1ea3n.<\/span><\/span><\/p>\n<h2 style=\"box-sizing: border-box; color: #333333; font-family: SanFranciscoDisplay; font-size: 15px; text-align: justify;\"><span style=\"box-sizing: border-box; font-weight: bolder; font-size: 14pt; font-family: 'times new roman', times, serif;\"><span style=\"box-sizing: border-box;\">Ch\u1ee9c n\u0103ng t\u1ef1 x\u1ea3 n\u01b0\u1edbc<\/span><\/span><\/h2>\n<p style=\"box-sizing: border-box; color: #333333; font-family: SanFranciscoDisplay; font-size: 15px; text-align: justify;\"><span style=\"box-sizing: border-box; font-size: 14pt; font-family: 'times new roman', times, serif;\"><span style=\"box-sizing: border-box;\">X\u1ea3 tr\u00e1ng: L\u00e0 khi b\u1ea1n s\u1eed d\u1ee5ng b\u1ed3n c\u1ea7u, v\u00e0nh b\u1ed3n c\u1ea7u c\u00f3 1 n\u00fat nh\u1eadn c\u1ea3m \u1ee9ng v\u00e0 s\u1ebd t\u1ef1 x\u1ea3 s\u1ea1ch nh\u1eefng ch\u1ea5t b\u1ea9n c\u00f2n l\u1ea1i trong b\u1ed3n c\u1ea7u \u0111\u1ec3 s\u1eb5n s\u00e0ng cho b\u1ea1n s\u1eed d\u1ee5ng<\/span><\/span><\/p>\n<p style=\"box-sizing: border-box; color: #333333; font-family: SanFranciscoDisplay; font-size: 15px; text-align: justify;\"><span style=\"box-sizing: border-box; font-size: 14pt; font-family: 'times new roman', times, serif;\"><span style=\"box-sizing: border-box;\">X\u1ea3 k\u1ef9: Sau khi \u0111\u00e3 s\u1eed d\u1ee5ng xong v\u00e0 \u0111\u1ee9ng l\u00ean. M\u1ed9t l\u1ea7n n\u1eefa, n\u00fat c\u1ea3m \u1ee9ng s\u1ebd ra t\u00edn hi\u1ec7u \u0111\u1ec3 b\u1ed3n c\u1ea7u x\u1ea3 n\u01b0\u1edbc k\u1ef9, l\u01b0\u1ee3ng n\u01b0\u1edbc nhi\u1ec1u v\u00e0 m\u1ea1nh h\u01a1n, cu\u1ed1n tr\u00f4i m\u1ecdi ch\u1ea5t th\u1ea3i xu\u1ed1ng \u1ed1ng tho\u00e1t.<\/span><\/span><\/p>\n<p style=\"box-sizing: border-box; color: #333333; font-family: SanFranciscoDisplay; font-size: 15px; text-align: justify;\"><span style=\"box-sizing: border-box; font-size: 14pt; font-family: 'times new roman', times, serif;\"><span style=\"box-sizing: border-box;\">L\u01b0u \u00fd v\u1edbi b\u1ed3n c\u1ea7u th\u00f4ng minh, n\u01b0\u1edbc \u0111\u01b0\u1ee3c l\u1ea5y tr\u1ef1c ti\u1ebfp t\u1eeb ngu\u1ed3n qua m\u1ed9t van \u0111\u00f3ng m\u1edf, n\u00ean \u00e1p l\u1ef1c n\u01b0\u1edbc ph\u1ea3i \u0111\u1ee7 th\u00ec m\u1edbi c\u00f3 th\u1ec3 \u0111\u1ea3m b\u1ea3o x\u1ea3 \u0111\u01b0\u1ee3c b\u00ecnh th\u01b0\u1eddng. <\/span><\/span><\/p>\n<p style=\"box-sizing: border-box; color: #333333; font-family: SanFranciscoDisplay; font-size: 15px; text-align: justify;\"><span style=\"box-sizing: border-box; font-size: 14pt; font-family: 'times new roman', times, serif;\"><span style=\"box-sizing: border-box;\">B\u1ea1n c\u00f3 th\u1ec3 \u0111o \u00e1p l\u1ef1c n\u01b0\u1edbc b\u1eb1ng m\u1ed9t c\u00e1ch \u0111\u01a1n gi\u1ea3n sau: h\u1ee9ng n\u01b0\u1edbc t\u1ea1i khu v\u1ef1c v\u1ec7 sinh t\u1eeb v\u00f2i lavabo ho\u1eb7c v\u00f2i sen, trong v\u00f2ng 15 gi\u00e2y, n\u1ebfu l\u01b0\u1ee3ng n\u01b0\u1edbc l\u1edbn h\u01a1n ho\u1eb7c b\u1eb1ng 5 l\u00edt th\u00ec \u00e1p l\u1ef1c n\u01b0\u1edbc \u0111\u1ee7. C\u00f2n n\u1ebfu d\u01b0\u1edbi 5 l\u00edt th\u00ec \u00e1p l\u1ef1c n\u01b0\u1edbc kh\u00f4ng \u0111\u1ee7 \u0111\u1ec3 l\u1eafp lo\u1ea1i b\u1ec7t th\u00f4ng minh n\u00e0y.<\/span><\/span><\/p>\n<h2 style=\"box-sizing: border-box; color: #333333; font-family: SanFranciscoDisplay; font-size: 15px; text-align: justify;\"><span style=\"box-sizing: border-box; font-weight: bolder; font-size: 14pt; font-family: 'times new roman', times, serif;\"><span style=\"box-sizing: border-box;\">Ch\u1ee9c n\u0103ng x\u1ecbt\/ R\u1eeda\/ S\u1ea5y<\/span><\/span><\/h2>\n<p style=\"box-sizing: border-box; color: #333333; font-family: SanFranciscoDisplay; font-size: 15px; text-align: justify;\"><span style=\"box-sizing: border-box; font-size: 14pt; font-family: 'times new roman', times, serif;\"><span style=\"box-sizing: border-box;\">\u0110\u00e2y l\u00e0 3 ch\u1ee9c n\u0103ng \u0111\u1eb7c tr\u01b0ng nh\u1ea5t c\u1ee7a b\u1ed3n c\u1ea7u th\u00f4ng minh. Hi\u1ec7n t\u1ea1i b\u1ed3n c\u1ea7u th\u00f4ng minh cao c\u1ea5p Hiwin MT-4488 c\u00f3 hai ch\u1ee9c n\u0103ng x\u1ecbt r\u1eeda: X\u1ecbt r\u1eeda sau v\u00e0 x\u1ecbt r\u1eeda tr\u01b0\u1edbc (x\u1ecbt r\u1eeda ph\u1ee5 n\u1eef). <\/span><\/span><\/p>\n<p style=\"box-sizing: border-box; color: #333333; font-family: SanFranciscoDisplay; font-size: 15px; text-align: justify;\"><span style=\"box-sizing: border-box; font-size: 14pt; font-family: 'times new roman', times, serif;\"><span style=\"box-sizing: border-box;\">V\u1edbi nh\u1eefng ng\u01b0\u1eddi c\u00f3 nh\u1eefng v\u1ea5n \u0111\u1ec1 h\u1eadu m\u00f4n, nh\u1eefng ch\u1ee9c n\u0103ng x\u1ecbt r\u1eeda nh\u1eb9 nh\u00e0ng nh\u01b0 th\u1ebf n\u00e0y l\u00e0 r\u1ea5t c\u1ea7n thi\u1ebft, c\u00f3 th\u1ec3 h\u1ea1n ch\u1ebf \u0111au r\u00e1t do ph\u1ea3i d\u00f9ng gi\u1ea5y v\u1ec7 sinh. V\u1edbi ch\u1ee9c n\u0103ng x\u1ecbt r\u1eeda ph\u1ee5 n\u1eef, \u0111\u1ea7u v\u00f2i c\u00f3 th\u1ec3 ti\u1ebfp c\u1eadn to\u00e0n di\u1ec7n khu v\u1ef1c c\u1ea7n x\u1ecbt r\u1eeda, cho hi\u1ec7u qu\u1ea3 x\u1ecbt r\u1eeda cao nh\u1ea5t.<\/span><\/span><\/p>\n<p style=\"box-sizing: border-box; color: #333333; font-family: SanFranciscoDisplay; font-size: 15px; text-align: justify;\"><span style=\"font-family: 'times new roman', times, serif; font-size: 14pt;\"><img loading=\"lazy\" decoding=\"async\" class=\"aligncenter wp-image-6818 size-full\" src=\"https:\/\/hiwinvietnam.vn\/wp-content\/uploads\/2022\/09\/bon-cau-thong-minh-mt-4488-12.jpg\" alt=\"B\u1ed3n c\u1ea7u th\u00f4ng minh MT-4488 v\u1edbi ch\u1ee9c n\u0103ng t\u1ef1 \u0111\u1ed9ng x\u1ecbt r\u1eeda\" width=\"1500\" height=\"1500\" srcset=\"https:\/\/hiwinvietnam.vn\/wp-content\/uploads\/2022\/09\/bon-cau-thong-minh-mt-4488-12.jpg 1500w, https:\/\/hiwinvietnam.vn\/wp-content\/uploads\/2022\/09\/bon-cau-thong-minh-mt-4488-12-300x300.jpg 300w, https:\/\/hiwinvietnam.vn\/wp-content\/uploads\/2022\/09\/bon-cau-thong-minh-mt-4488-12-1024x1024.jpg 1024w, https:\/\/hiwinvietnam.vn\/wp-content\/uploads\/2022\/09\/bon-cau-thong-minh-mt-4488-12-150x150.jpg 150w, https:\/\/hiwinvietnam.vn\/wp-content\/uploads\/2022\/09\/bon-cau-thong-minh-mt-4488-12-768x768.jpg 768w, https:\/\/hiwinvietnam.vn\/wp-content\/uploads\/2022\/09\/bon-cau-thong-minh-mt-4488-12-20x20.jpg 20w, https:\/\/hiwinvietnam.vn\/wp-content\/uploads\/2022\/09\/bon-cau-thong-minh-mt-4488-12-600x600.jpg 600w, https:\/\/hiwinvietnam.vn\/wp-content\/uploads\/2022\/09\/bon-cau-thong-minh-mt-4488-12-100x100.jpg 100w\" sizes=\"auto, (max-width: 1500px) 100vw, 1500px\" \/><\/span><\/p>\n<p style=\"text-align: justify;\"><span style=\"box-sizing: border-box; font-family: 'times new roman', times, serif; font-size: 14pt;\">Sau khi xong 1 chu k\u1ef3 x\u1ecbt r\u1eeda, \u0111\u1ea7u v\u00f2i t\u1ef1 thu l\u1ea1i v\u00e0 kh\u00ed n\u00f3ng ho\u1eb7c kh\u00ed m\u00e1t s\u1ebd \u0111\u01b0\u1ee3c th\u1ed5i ra \u0111\u1ec3 s\u1ea5y. Nhi\u1ec7t \u0111\u1ed9 lu\u1ed3ng kh\u00ed n\u00e0y c\u0169ng c\u00f3 th\u1ec3 \u0111i\u1ec1u ch\u1ec9nh \u0111\u01b0\u1ee3c, gi\u1ed1ng nh\u01b0 nhi\u1ec7t \u0111\u1ed9 v\u00e0nh ng\u1ed3i. N\u1ebfu trong m\u00f9a \u0111\u00f4ng, b\u1ea1n c\u00f3 th\u1ec3 \u0111i\u1ec1u ch\u1ec9nh kh\u00ed \u1ea5m n\u00f3ng, c\u00f2n m\u00f9a h\u00e8 ch\u00fang ta s\u1ebd \u0111i\u1ec1u ch\u1ec9nh sang kh\u00ed m\u00e1t.<\/span><\/p>\n<p style=\"text-align: justify;\"><em><strong><span style=\"box-sizing: border-box; font-family: 'times new roman', times, serif; font-size: 14pt;\">&gt;&gt;&gt;Xem th\u00eam: <span style=\"color: #3366ff;\"><a style=\"color: #3366ff;\" href=\"https:\/\/hiwinvietnam.vn\/dung-voi-xit-hay-giay-ve-sinh\/\">D\u00f9ng v\u00f2i x\u1ecbt hay gi\u1ea5y v\u1ec7 sinh \u0111\u1ec3 an to\u00e0n v\u00e0 s\u1ea1ch s\u1ebd nh\u1ea5t?<\/a><\/span><\/span><\/strong><\/em><\/p>\n<h2 style=\"text-align: justify;\"><span style=\"box-sizing: border-box; font-weight: bolder; font-size: 14pt; font-family: 'times new roman', times, serif;\"><span style=\"box-sizing: border-box;\">X\u1ea3 c\u01a1 khi b\u1ecb m\u1ea5t \u0111i\u1ec7n c\u1ee7a b\u1ec7t th\u00f4ng minh MT-4488<\/span><\/span><\/h2>\n<p style=\"text-align: justify;\"><span style=\"box-sizing: border-box; font-size: 14pt; font-family: 'times new roman', times, serif;\"><span style=\"box-sizing: border-box;\">B\u1ec7t th\u00f4ng minh ho\u1ea1t \u0111\u1ed9ng c\u1ea7n ph\u1ea3i c\u00f3 m\u1ed9t ngu\u1ed3n \u0111i\u1ec7n \u0111\u1ec3 c\u1eafm \u0111i\u1ec7n li\u00ean t\u1ee5c. B\u1ea1n s\u1ebd th\u1eafc m\u1eafc nh\u1eefng l\u00fac m\u1ea5t \u0111i\u1ec7n c\u00f3 th\u1ec3 d\u00f9ng \u0111\u01b0\u1ee3c b\u1ed3n c\u1ea7u kh\u00f4ng. Hiwin s\u1ebd gi\u1ea3i \u0111\u00e1p th\u1eafc m\u1eafc n\u00e0y nh\u00e9.<\/span><\/span><\/p>\n<p style=\"text-align: justify;\"><span style=\"box-sizing: border-box; font-size: 14pt; font-family: 'times new roman', times, serif;\"><span style=\"box-sizing: border-box;\">Khi m\u1ea5t \u0111i\u1ec7n, t\u1ea5t c\u1ea3 c\u00e1c ch\u1ee9c n\u0103ng nh\u01b0 x\u1ecbt r\u1eeda s\u1ea5y, l\u00e0m \u1ea5m b\u1ec7 ng\u1ed3i, chi\u1ebfu tia UV, t\u1ef1 \u0111\u1ed9ng \u0111\u00f3ng m\u1edf v\u00e0 t\u1ef1 x\u1ea3 s\u1ebd b\u1ecb v\u00f4 hi\u1ec7u h\u00f3a. Tuy nhi\u00ean b\u1ea1n v\u1eabn c\u00f3 th\u1ec3 x\u1ea3 n\u01b0\u1edbc \u0111\u01b0\u1ee3c nh\u01b0 m\u1ed9t b\u1ed3n c\u1ea7u b\u00ecnh th\u01b0\u1eddng. B\u1ea1n s\u1ebd ph\u1ea3i thao t\u00e1c x\u1ea3 qua n\u00fat x\u1ea3 c\u01a1 b\u00ean c\u1ea1nh b\u1ed3n c\u1ea7u.<\/span><\/span><\/p>\n<p style=\"text-align: justify;\"><span style=\"font-family: 'times new roman', times, serif; font-size: 14pt;\"><img loading=\"lazy\" decoding=\"async\" class=\"aligncenter wp-image-6817 size-full\" src=\"https:\/\/hiwinvietnam.vn\/wp-content\/uploads\/2022\/09\/bon-cau-thong-minh-mt-4488-6.jpg\" alt=\"B\u1ed3n c\u1ea7u th\u00f4ng minh c\u00f3 n\u00fat x\u1ea3 c\u01a1 d\u00f9ng khai m\u1ea5t \u0111i\u1ec7n\" width=\"1500\" height=\"1500\" srcset=\"https:\/\/hiwinvietnam.vn\/wp-content\/uploads\/2022\/09\/bon-cau-thong-minh-mt-4488-6.jpg 1500w, https:\/\/hiwinvietnam.vn\/wp-content\/uploads\/2022\/09\/bon-cau-thong-minh-mt-4488-6-300x300.jpg 300w, https:\/\/hiwinvietnam.vn\/wp-content\/uploads\/2022\/09\/bon-cau-thong-minh-mt-4488-6-1024x1024.jpg 1024w, https:\/\/hiwinvietnam.vn\/wp-content\/uploads\/2022\/09\/bon-cau-thong-minh-mt-4488-6-150x150.jpg 150w, https:\/\/hiwinvietnam.vn\/wp-content\/uploads\/2022\/09\/bon-cau-thong-minh-mt-4488-6-768x768.jpg 768w, https:\/\/hiwinvietnam.vn\/wp-content\/uploads\/2022\/09\/bon-cau-thong-minh-mt-4488-6-20x20.jpg 20w, https:\/\/hiwinvietnam.vn\/wp-content\/uploads\/2022\/09\/bon-cau-thong-minh-mt-4488-6-600x600.jpg 600w, https:\/\/hiwinvietnam.vn\/wp-content\/uploads\/2022\/09\/bon-cau-thong-minh-mt-4488-6-100x100.jpg 100w\" sizes=\"auto, (max-width: 1500px) 100vw, 1500px\" \/><\/span><\/p>\n<p style=\"text-align: justify;\"><span style=\"box-sizing: border-box; font-size: 14pt; font-family: 'times new roman', times, serif;\"><span style=\"box-sizing: border-box;\"><strong>T\u1ea1o b\u1ecdt th\u00f4ng minh<\/strong><\/span><\/span><\/p>\n<p style=\"text-align: justify;\"><span style=\"box-sizing: border-box; font-size: 14pt; font-family: 'times new roman', times, serif;\"><span style=\"box-sizing: border-box;\">\u0110\u00e2y l\u00e0 ch\u1ee9c n\u0103ng \u0111\u01b0\u1ee3c t\u00edch h\u1ee3p tr\u00ean 1 s\u1ed1 m\u1eabu <a href=\"https:\/\/hiwinvietnam.vn\/bon-cau-thong-minh\/\">b\u1ed3n c\u1ea7u th\u00f4ng minh Hiwin<\/a> c\u00f4ng ngh\u1ec7 m\u1edbi. T\u1ea1o b\u1ecdt x\u00e0 ph\u00f2ng m\u1ee5c \u0111\u00edch ch\u00ednh l\u00e0 \u0111\u1ec3 khi \u0111i v\u1ec7 sinh n\u01b0\u1edbc kh\u00f4ng b\u1eafn l\u00ean, \u0111\u1ed3ng th\u1eddi b\u1ecdt x\u00e0 ph\u00f2ng c\u0169ng gi\u00fap b\u1ed3n c\u1ea7u lu\u00f4n s\u1ea1ch s\u1ebd.<\/span><\/span><\/p>\n<h2 style=\"text-align: justify;\"><span style=\"box-sizing: border-box; font-weight: bolder; font-size: 14pt; font-family: 'times new roman', times, serif;\"><span style=\"box-sizing: border-box;\">Kh\u1ea3 n\u0103ng \u0111i\u1ec1u khi\u1ec3n t\u1eeb xa<\/span><\/span><\/h2>\n<p style=\"text-align: justify;\"><span style=\"box-sizing: border-box; font-size: 14pt; font-family: 'times new roman', times, serif;\"><span style=\"box-sizing: border-box;\">\u0110i\u1ec1u ch\u1ec9nh ho\u1ea1t \u0111\u1ed9ng c\u1ee7a b\u1ed3n c\u1ea7u th\u00f4ng minh cao c\u1ea5p Hiwin MT-4488 qua m\u1ed9t chi\u1ebfc \u0111i\u1ec1u khi\u1ec3n k\u1ebft n\u1ed1i v\u1edbi b\u1ed3n c\u1ea7u qua Bluetooth. Tr\u00ean m\u1eb7t \u0111i\u1ec1u khi\u1ec3n s\u1ebd c\u00f3 c\u00e1c n\u00fat b\u1ea5m ch\u1ecdn c\u00f4ng n\u0103ng v\u00e0 \u0111i\u1ec1u ch\u1ec9nh nhi\u1ec7t \u0111\u1ed9.<\/span><\/span><\/p>\n<p style=\"text-align: justify;\"><img loading=\"lazy\" decoding=\"async\" class=\"aligncenter wp-image-6821 size-full\" src=\"https:\/\/hiwinvietnam.vn\/wp-content\/uploads\/2022\/09\/mt-4412c.jpg\" alt=\"B\u1ed3n c\u1ea7u th\u00f4ng minh MT-4488 s\u1eed d\u1ee5ng \u0111i\u1ec1u khi\u1ec3n t\u1eeb xa\" width=\"1332\" height=\"1332\" srcset=\"https:\/\/hiwinvietnam.vn\/wp-content\/uploads\/2022\/09\/mt-4412c.jpg 1332w, https:\/\/hiwinvietnam.vn\/wp-content\/uploads\/2022\/09\/mt-4412c-300x300.jpg 300w, https:\/\/hiwinvietnam.vn\/wp-content\/uploads\/2022\/09\/mt-4412c-1024x1024.jpg 1024w, https:\/\/hiwinvietnam.vn\/wp-content\/uploads\/2022\/09\/mt-4412c-150x150.jpg 150w, https:\/\/hiwinvietnam.vn\/wp-content\/uploads\/2022\/09\/mt-4412c-768x768.jpg 768w, https:\/\/hiwinvietnam.vn\/wp-content\/uploads\/2022\/09\/mt-4412c-20x20.jpg 20w, https:\/\/hiwinvietnam.vn\/wp-content\/uploads\/2022\/09\/mt-4412c-600x600.jpg 600w, https:\/\/hiwinvietnam.vn\/wp-content\/uploads\/2022\/09\/mt-4412c-100x100.jpg 100w\" sizes=\"auto, (max-width: 1332px) 100vw, 1332px\" \/><\/p>\n<p><em><strong><span style=\"font-family: 'times new roman', times, serif; font-size: 14pt;\">&gt;&gt;&gt;Xem th\u00eam: <span style=\"color: #3366ff;\"><a style=\"color: #3366ff;\" href=\"https:\/\/hiwinvietnam.vn\/huong-dan-cach-su-dung-bon-cau-thong-minh\/\">H\u01b0\u1edbng d\u1eabn c\u00e1ch s\u1eed d\u1ee5ng b\u1ed3n c\u1ea7u th\u00f4ng minh \u0111\u01a1n gi\u1ea3n nh\u1ea5t<\/a><\/span><\/span><\/strong><\/em><\/p>\n<\/div>\n","protected":false},"excerpt":{"rendered":"<p>Hi\u1ec7n nay, b\u1ed3n c\u1ea7u th\u00f4ng minh cao c\u1ea5p Hiwin MT-4488 \u0111ang \u0111\u01b0\u1ee3c r\u1ea5t nhi\u1ec1u gia \u0111\u00ecnh quan t\u00e2m v\u00e0 l\u1ef1a ch\u1ecdn. V\u1edbi nhi\u1ec1u ch\u1ee9c n\u0103ng th\u00f4ng minh, t\u1ef1 \u0111\u1ed9ng, ki\u1ec3u d\u00e1ng hi\u1ec7n \u0111\u1ea1i, gi\u00e1 th\u00e0nh h\u1ee3p l\u00fd, b\u1ed3n c\u1ea7u th\u00f4ng minh tr\u1edf th\u00e0nh xu h\u01b0\u1edbng l\u1ef1a ch\u1ecdn h\u00e0ng \u0111\u1ea7u c\u1ee7a c\u00e1c h\u1ed9 gia \u0111\u00ecnh. \u00a0 [&hellip;]<\/p>\n","protected":false},"featured_media":12876,"comment_status":"open","ping_status":"closed","template":"","meta":{"_acf_changed":false},"product_brand":[],"product_cat":[161,37,41],"product_tag":[220,223,219,224],"class_list":{"0":"post-4410","1":"product","2":"type-product","3":"status-publish","4":"has-post-thumbnail","6":"product_cat-bon-cau-thong-minh","7":"product_cat-thiet-bi-ve-sinh","8":"product_cat-bon-cau-ve-sinh-cao-cap","9":"product_tag-bon-cau","10":"product_tag-bon-cau-hiwin","11":"product_tag-bon-cau-thong-minh","12":"product_tag-thiet-bi-ve-sinh","13":"pa_kieu-dang-ket-am","14":"pa_kieu-dang-khong-ket","16":"first","17":"instock","18":"sale","19":"shipping-taxable","20":"purchasable","21":"product-type-variable"},"acf":[],"_links":{"self":[{"href":"https:\/\/hiwinvietnam.vn\/wp-json\/wp\/v2\/product\/4410","targetHints":{"allow":["GET"]}}],"collection":[{"href":"https:\/\/hiwinvietnam.vn\/wp-json\/wp\/v2\/product"}],"about":[{"href":"https:\/\/hiwinvietnam.vn\/wp-json\/wp\/v2\/types\/product"}],"replies":[{"embeddable":true,"href":"https:\/\/hiwinvietnam.vn\/wp-json\/wp\/v2\/comments?post=4410"}],"wp:featuredmedia":[{"embeddable":true,"href":"https:\/\/hiwinvietnam.vn\/wp-json\/wp\/v2\/media\/12876"}],"wp:attachment":[{"href":"https:\/\/hiwinvietnam.vn\/wp-json\/wp\/v2\/media?parent=4410"}],"wp:term":[{"taxonomy":"product_brand","embeddable":true,"href":"https:\/\/hiwinvietnam.vn\/wp-json\/wp\/v2\/product_brand?post=4410"},{"taxonomy":"product_cat","embeddable":true,"href":"https:\/\/hiwinvietnam.vn\/wp-json\/wp\/v2\/product_cat?post=4410"},{"taxonomy":"product_tag","embeddable":true,"href":"https:\/\/hiwinvietnam.vn\/wp-json\/wp\/v2\/product_tag?post=4410"}],"curies":[{"name":"wp","href":"https:\/\/api.w.org\/{rel}","templated":true}]}}