{"id":3784,"date":"2022-09-28T23:11:06","date_gmt":"2022-09-28T23:11:06","guid":{"rendered":"https:\/\/hiwinvietnam.vn\/fd-012\/"},"modified":"2025-07-15T11:08:39","modified_gmt":"2025-07-15T04:08:39","slug":"thoat-san-inox-duc-nguyen-khoi-hiwin-fd-012","status":"publish","type":"product","link":"https:\/\/hiwinvietnam.vn\/thoat-san-inox-duc-nguyen-khoi-hiwin-fd-012\/","title":{"rendered":"Ph\u1ec5u tho\u00e1t s\u00e0n inox \u0111\u00fac nguy\u00ean kh\u1ed1i d\u00e0y d\u1eb7n, ch\u1eafc ch\u1eafn Hiwin FD-012"},"content":{"rendered":"<p style=\"text-align: justify;\"><span style=\"font-family: 'times new roman', times, serif; font-size: 14pt;\"><span style=\"font-weight: 400;\">T\u00ecm ki\u1ebfm m\u1ed9t thi\u1ebft k\u1ebf ph\u1ed5 th\u00f4ng cho kh\u00f4ng gian nh\u00e0 t\u1eafm, b\u1ea1n kh\u00f4ng th\u1ec3 b\u1ecf qua <\/span><b>tho\u00e1t s\u00e0n inox \u0111\u00fac nguy\u00ean kh\u1ed1i Hiwin FD-012<\/b><span style=\"font-weight: 400;\">. C\u00e1c \u0111\u1eb7c \u0111i\u1ec3m c\u1ea5u t\u1ea1o v\u00e0 c\u00f4ng n\u0103ng c\u1ee7a s\u1ea3n ph\u1ea9m ph\u00f9 h\u1ee3p cho nhi\u1ec1u kh\u00f4ng gian kh\u00e1c nhau c\u1ee7a gia \u0111\u00ecnh.\u00a0<\/span><\/span><\/p>\n<p><span style=\"font-family: 'times new roman', times, serif; font-size: 14pt;\">\u00a0<\/span><\/p>\n<p><iframe loading=\"lazy\" title=\"YouTube video player\" src=\"\/\/www.youtube.com\/embed\/3To-Nd_gonw?si=3lUDMO3VSEoSW1RM\" width=\"560\" height=\"315\" frameborder=\"0\" allowfullscreen=\"allowfullscreen\"><\/iframe><\/p>\n<h2 style=\"text-align: justify;\"><span style=\"font-family: 'times new roman', times, serif; font-size: 14pt;\"><b>\u0110\u1eb7c \u0111i\u1ec3m c\u1ea5u t\u1ea1o v\u00e0 c\u00f4ng n\u0103ng c\u1ee7a tho\u00e1t s\u00e0n \u0111\u00fac nguy\u00ean kh\u1ed1i Hiwin FD-012<\/b><\/span><\/h2>\n<h2 style=\"text-align: justify;\"><span style=\"font-family: 'times new roman', times, serif; font-size: 14pt;\"><b>C\u1ea5u t\u1ea1o c\u1ee7a tho\u00e1t s\u00e0n \u0111\u00fac nguy\u00ean kh\u1ed1i Hiwin FD-012<\/b><\/span><\/h2>\n<p><span style=\"font-family: 'times new roman', times, serif; font-size: 14pt;\"><span style=\"font-weight: 400;\">T<\/span>ho\u00e1t s\u00e0n inox \u0111\u00fac nguy\u00ean kh\u1ed1i Hiwin FD-012 \u0111\u01b0\u1ee3c thi\u1ebft k\u1ebf theo d\u1ea1ng nguy\u00ean kh\u1ed1i v\u1edbi c\u1ea5u h\u00ecnh \u0111\u01a1n gi\u1ea3n nh\u01b0ng v\u00f4 c\u00f9ng ch\u1eafc ch\u1eafn. S\u1ea3n ph\u1ea9m g\u1ed3m hai b\u1ed9 ph\u1eadn ch\u00ednh:<\/span><\/p>\n<ul>\n<li><span style=\"font-family: 'times new roman', times, serif; font-size: 14pt;\"><strong>Th\u00e2n tho\u00e1t s\u00e0n<\/strong> : \u0110\u01b0\u1ee3c l\u00e0m t\u1eeb kh\u1ed1i inox 304 \u0111\u00fac nguy\u00ean kh\u1ed1i, \u0111\u1ea3m b\u1ea3o \u0111\u1ed9 b\u1ec1n cao, ch\u1ecbu l\u1ef1c t\u1ed1t v\u00e0 kh\u00f4ng b\u1ecb bi\u1ebfn d\u1ea1ng trong qu\u00e1 tr\u00ecnh s\u1eed d\u1ee5ng.<\/span><\/li>\n<li><span style=\"font-family: 'times new roman', times, serif; font-size: 14pt;\"><strong>N\u1eafp tho\u00e1t s\u00e0n<\/strong> : Thi\u1ebft k\u1ebf v\u1edbi c\u00e1c l\u0129nh v\u1ef1c tho\u00e1t n\u01b0\u1edbc gi\u00fap ch\u1eb7n r\u00e1c, h\u1ea1n ch\u1ebf t\u1eafc m\u00e0 v\u1eabn \u0111\u1ea3m b\u1ea3o t\u1ed1c \u0111\u1ed9 tho\u00e1t n\u01b0\u1edbc nhanh.<\/span><\/li>\n<\/ul>\n<p><span style=\"font-family: 'times new roman', times, serif; font-size: 14pt;\"><strong>S\u1ea3n ph\u1ea9m b\u1ec1n b\u1ec9 v\u00e0 c\u1ee9ng c\u00e1p<\/strong><\/span><\/p>\n<p style=\"text-align: justify;\"><span style=\"font-family: 'times new roman', times, serif; font-size: 14pt;\"><span style=\"font-weight: 400;\">Tho\u00e1t s\u00e0n inox \u0111\u00fac nguy\u00ean kh\u1ed1i Hiwin FD-012 l\u00e0 m\u00e3 s\u1ea3n ph\u1ea9m \u0111\u01b0\u1ee3c l\u00e0m t\u1eeb Inox 304 \u0111\u00fac nguy\u00ean kh\u1ed1i,<\/span>\u00a0kh\u00f4ng c\u00f3 m\u1ed1i n\u1ed1i h\u00e0n gh\u00e9p, gi\u00fap t\u0103ng c\u01b0\u1eddng \u0111\u1ed9 ch\u1eafc ch\u1eafn, ch\u1ed1ng n\u1ee9t v\u00e0 duy tr\u00ec h\u00ecnh d\u00e1ng \u1ed5n \u0111\u1ecbnh sau nhi\u1ec1u n\u0103m s\u1eed d\u1ee5ng.<\/span><\/p>\n<p><span style=\"font-family: 'times new roman', times, serif; font-size: 14pt;\">Ngo\u00e0i ra, inox 304 c\u00f3 kh\u1ea3 n\u0103ng <strong>ch\u1ed1ng \u0103n m\u00f2n, ch\u1ed1ng s\u00e9t<\/strong> ngay trong m\u00f4i tr\u01b0\u1eddng \u1ea9m \u01b0\u1edbt nh\u01b0 ph\u00f2ng t\u1eafm hay nh\u00e0 v\u1ec7 sinh. \u0110i\u1ec1u n\u00e0y gi\u00fap s\u1ea3n ph\u1ea9m lu\u00f4n \u0111\u01b0\u1ee3c gi\u1eef v\u1ebb ngo\u00e0i \u0111\u1eb9p \u0111\u1ebd m\u00e0 kh\u00f4ng b\u1ecb xu\u1ed1ng c\u1ea5p theo th\u1eddi gian.<\/span><\/p>\n<p><span style=\"font-family: 'times new roman', times, serif; font-size: 14pt;\"><img loading=\"lazy\" decoding=\"async\" class=\"aligncenter wp-image-11202\" src=\"https:\/\/hiwinvietnam.vn\/wp-content\/uploads\/2022\/09\/thoat-san-inox-duc-FD-012-5-2-1024x683.jpg\" alt=\"ga tho\u00e1t s\u00e0n inox \u0111\u00fac nguy\u00ean kh\u1ed1i n\u00ean c\u00f3 \u0111\u1ed9 b\u1ec1n c\u1ef1c cao\" width=\"800\" height=\"533\" srcset=\"https:\/\/hiwinvietnam.vn\/wp-content\/uploads\/2022\/09\/thoat-san-inox-duc-FD-012-5-2-1024x683.jpg 1024w, https:\/\/hiwinvietnam.vn\/wp-content\/uploads\/2022\/09\/thoat-san-inox-duc-FD-012-5-2-300x200.jpg 300w, https:\/\/hiwinvietnam.vn\/wp-content\/uploads\/2022\/09\/thoat-san-inox-duc-FD-012-5-2-768x512.jpg 768w, https:\/\/hiwinvietnam.vn\/wp-content\/uploads\/2022\/09\/thoat-san-inox-duc-FD-012-5-2-66x45.jpg 66w, https:\/\/hiwinvietnam.vn\/wp-content\/uploads\/2022\/09\/thoat-san-inox-duc-FD-012-5-2-600x400.jpg 600w, https:\/\/hiwinvietnam.vn\/wp-content\/uploads\/2022\/09\/thoat-san-inox-duc-FD-012-5-2.jpg 1500w\" sizes=\"auto, (max-width: 800px) 100vw, 800px\" \/><\/span><\/p>\n<h3 style=\"text-align: justify;\"><span style=\"font-family: 'times new roman', times, serif; font-size: 14pt;\"><b>C\u00f4ng n\u0103ng c\u1ee7a tho\u00e1t s\u00e0n \u0111\u00fac nguy\u00ean kh\u1ed1i Hiwin FD-012<\/b><\/span><\/h3>\n<p><span style=\"font-family: 'times new roman', times, serif; font-size: 14pt;\">Thi\u1ebft k\u1ebf t\u1ed1i \u01b0u di\u1ec7n t\u00edch, d\u1ec5 d\u00e0ng l\u1eafp \u0111\u1eb7t<\/span><\/p>\n<p><span style=\"font-family: 'times new roman', times, serif; font-size: 14pt;\">M\u1ed9t trong nh\u1eefng \u01b0u \u0111i\u1ec3m l\u1edbn c\u1ee7a <strong>tho\u00e1t s\u00e0n Hiwin FD-012<\/strong> ch\u00ednh l\u00e0 <strong>thi\u1ebft k\u1ebf nh\u1ecf g\u1ecdn<\/strong>, gi\u00fap ti\u1ebft ki\u1ec7m di\u1ec7n t\u00edch t\u1ed1i \u0111a.<\/span><\/p>\n<ul>\n<li><span style=\"font-family: 'times new roman', times, serif; font-size: 14pt;\">V\u1edbi k\u00edch th\u01b0\u1edbc <strong>100x100mm<\/strong>, s\u1ea3n ph\u1ea9m kh\u00f4ng ch\u1ec9 ph\u00f9 h\u1ee3p v\u1edbi nh\u00e0 t\u1eafm di\u1ec7n t\u00edch nh\u1ecf m\u00e0 c\u00f2n d\u1ec5 d\u00e0ng k\u1ebft h\u1ee3p v\u1edbi c\u00e1c phong c\u00e1ch n\u1ed9i th\u1ea5t kh\u00e1c nhau.<\/span><\/li>\n<li><span style=\"font-family: 'times new roman', times, serif; font-size: 14pt;\">N\u1eafp tho\u00e1t s\u00e0n \u0111\u01b0\u1ee3c thi\u1ebft k\u1ebf \u0111\u01a1n gi\u1ea3n nh\u01b0ng tinh t\u1ebf, g\u00f3p ph\u1ea7n t\u1ea1o n\u00ean v\u1ebb <strong>hi\u1ec7n \u0111\u1ea1i v\u00e0 sang tr\u1ecdng<\/strong> cho kh\u00f4ng gian ph\u00f2ng t\u1eafm.<\/span><\/li>\n<\/ul>\n<p><span style=\"font-family: 'times new roman', times, serif; font-size: 14pt;\">B\u00ean c\u1ea1nh \u0111\u00f3, b\u1ec1 m\u1eb7t s\u1ea3n ph\u1ea9m \u0111\u01b0\u1ee3c x\u1eed l\u00fd <strong>m\u1edd nh\u00e1m<\/strong>, gi\u00fap t\u0103ng \u0111\u1ed9 b\u00e1m, h\u1ea1n ch\u1ebf tr\u01a1n tr\u01b0\u1ee3t v\u00e0 ch\u1ed1ng b\u00e1m b\u1ea9n hi\u1ec7u qu\u1ea3.<\/span><\/p>\n<p><span style=\"font-family: 'times new roman', times, serif; font-size: 14pt;\"><img loading=\"lazy\" decoding=\"async\" class=\"aligncenter size-full wp-image-11201\" src=\"https:\/\/hiwinvietnam.vn\/wp-content\/uploads\/2022\/09\/thoat-san-inox-duc-FD-012-4-2.jpg\" alt=\"\" width=\"1500\" height=\"1000\" srcset=\"https:\/\/hiwinvietnam.vn\/wp-content\/uploads\/2022\/09\/thoat-san-inox-duc-FD-012-4-2.jpg 1500w, https:\/\/hiwinvietnam.vn\/wp-content\/uploads\/2022\/09\/thoat-san-inox-duc-FD-012-4-2-300x200.jpg 300w, https:\/\/hiwinvietnam.vn\/wp-content\/uploads\/2022\/09\/thoat-san-inox-duc-FD-012-4-2-1024x683.jpg 1024w, https:\/\/hiwinvietnam.vn\/wp-content\/uploads\/2022\/09\/thoat-san-inox-duc-FD-012-4-2-768x512.jpg 768w, https:\/\/hiwinvietnam.vn\/wp-content\/uploads\/2022\/09\/thoat-san-inox-duc-FD-012-4-2-66x45.jpg 66w, https:\/\/hiwinvietnam.vn\/wp-content\/uploads\/2022\/09\/thoat-san-inox-duc-FD-012-4-2-600x400.jpg 600w\" sizes=\"auto, (max-width: 1500px) 100vw, 1500px\" \/><\/span><\/p>\n<h4><span style=\"font-family: 'times new roman', times, serif; font-size: 14pt;\">C\u01a1 ch\u1ebf ch\u1ed1ng m\u00f9i, ng\u0103n c\u00f4n tr\u00f9ng v\u00e0 r\u00e1c th\u1ea3i<\/span><\/h4>\n<p><span style=\"font-family: 'times new roman', times, serif; font-size: 14pt;\">H\u1ec7 th\u1ed1ng <span style=\"font-weight: 400;\">tho\u00e1t s\u00e0n <a href=\"https:\/\/vi.wikipedia.org\/wiki\/Th%C3%A9p_kh%C3%B4ng_g%E1%BB%89\" target=\"_blank\" rel=\"noopener\">inox<\/a> \u0111\u00fac nguy\u00ean kh\u1ed1i <\/span>\u00a0FD-012 \u0111\u01b0\u1ee3c thi\u1ebft k\u1ebf v\u1edbi <strong>c\u01a1 ch\u1ebf b\u1eaby n\u01b0\u1edbc c\u1ed5 \u0111i\u1ec3n<\/strong> , gi\u00fap ng\u0103n m\u00f9i h\u00f4i v\u00e0 c\u00f4n tr\u00f9ng m\u1ed9t c\u00e1ch hi\u1ec7u qu\u1ea3:<\/span><\/p>\n<ul>\n<li><span style=\"font-family: 'times new roman', times, serif; font-size: 14pt;\"><strong>B\u1eaby n\u01b0\u1edbc c\u1ed5 \u0111i\u1ec3n<\/strong>: Lu\u00f4n gi\u1eef l\u1ea1i m\u1ed9t l\u01b0\u1ee3ng n\u01b0\u1edbc nh\u1ecf \u1edf ph\u1ea7n th\u00e2n ng\u00f5ng \u0111\u1ec3 t\u1ea1o m\u00e0ng ng\u0103n t\u1ef1 nhi\u00ean, \u0111<span style=\"font-weight: 400;\">i\u1ec1u n\u00e0y gi\u00fap h\u1ea1n ch\u1ebf vi\u1ec7c c\u00f4n tr\u00f9ng c\u0169ng nh\u01b0 m\u00f9i h\u00f4i <span style=\"color: #3366ff;\"><a style=\"color: #3366ff;\" href=\"https:\/\/hiwinvietnam.vn\/cong-trao-nguoc-nguyen-nhan-va-cach-xu-ly\/\">tr\u00e0o ng\u01b0\u1ee3c t\u1eeb c\u1ed1ng l\u00ean<\/a><\/span> g\u00e2y kh\u00f3 ch\u1ecbu cho gia \u0111\u00ecnh b\u1ea1n.<\/span><\/span><\/li>\n<li><span style=\"font-family: 'times new roman', times, serif; font-size: 14pt;\"><strong>Ng\u0103n ch\u1eb7n c\u00f4n tr\u00f9ng<\/strong>: C\u00f4n tr\u00f9ng t\u1eeb c\u1ed1ng kh\u00f4ng th\u1ec3 b\u00f2 l\u00ean \u0111\u01b0\u1ee3c nh\u1edd l\u1edbp n\u01b0\u1edbc ng\u0103n m\u00f9i, \u0111\u1ea3m b\u1ea3o an to\u00e0n v\u00e0 v\u1ec7 sinh cho kh\u00f4ng gian ph\u00f2ng t\u1eafm.<\/span><\/li>\n<li><span style=\"font-family: 'times new roman', times, serif; font-size: 14pt;\"><strong>Ng\u0103n r\u00e1c th\u1ea3i<\/strong>: N\u1eafp tho\u00e1t s\u00e0n v\u1edbi di\u1ec7n t\u00edch r\u1ed9ng, gi\u00fap gi\u1eef l\u1ea1i t\u00f3c, r\u00e1c nh\u1ecf v\u00e0 c\u00e1c t\u1ea1p ch\u1ea5t kh\u00e1c, h\u1ea1n ch\u1ebf t\u00ecnh tr\u1ea1ng t\u1eafc ngh\u1ebdn h\u1ec7 th\u1ed1ng tho\u00e1t n\u01b0\u1edbc.<\/span><\/li>\n<\/ul>\n<p><span style=\"font-family: 'times new roman', times, serif; font-size: 14pt;\">V\u1edbi c\u01a1 ch\u1ebf n\u00e0y, <span style=\"font-weight: 400;\">tho\u00e1t s\u00e0n <a href=\"https:\/\/vi.wikipedia.org\/wiki\/Th%C3%A9p_kh%C3%B4ng_g%E1%BB%89\" target=\"_blank\" rel=\"noopener\">inox<\/a> \u0111\u00fac nguy\u00ean kh\u1ed1i <\/span>Hiwin FD-012 kh\u00f4ng ch\u1ec9 gi\u00fap nh\u00e0 t\u1eafm lu\u00f4n s\u1ea1ch s\u1ebd, th\u01a1m tho m\u00e0 v\u1eabn gi\u1ea3m thi\u1ec3u nguy c\u01a1 \u00f4 nhi\u1ec5m t\u1eeb \u0111\u01b0\u1eddng \u1ed1ng tho\u00e1t n\u01b0\u1edbc.<\/span><\/p>\n<p><span style=\"font-family: 'times new roman', times, serif; font-size: 14pt;\"><img loading=\"lazy\" decoding=\"async\" class=\"aligncenter wp-image-11203\" src=\"https:\/\/hiwinvietnam.vn\/wp-content\/uploads\/2022\/09\/thoat-san-inox-duc-FD-012-11-2-1024x683.jpg\" alt=\"Tho\u00e1t s\u00e0n inox \u0111\u00fac nguy\u00ean kh\u1ed1i Hiwin FD-012 ng\u0103n m\u00f9i hi\u1ec7u qu\u1ea3\" width=\"800\" height=\"533\" srcset=\"https:\/\/hiwinvietnam.vn\/wp-content\/uploads\/2022\/09\/thoat-san-inox-duc-FD-012-11-2-1024x683.jpg 1024w, https:\/\/hiwinvietnam.vn\/wp-content\/uploads\/2022\/09\/thoat-san-inox-duc-FD-012-11-2-300x200.jpg 300w, https:\/\/hiwinvietnam.vn\/wp-content\/uploads\/2022\/09\/thoat-san-inox-duc-FD-012-11-2-768x512.jpg 768w, https:\/\/hiwinvietnam.vn\/wp-content\/uploads\/2022\/09\/thoat-san-inox-duc-FD-012-11-2-66x45.jpg 66w, https:\/\/hiwinvietnam.vn\/wp-content\/uploads\/2022\/09\/thoat-san-inox-duc-FD-012-11-2-600x400.jpg 600w, https:\/\/hiwinvietnam.vn\/wp-content\/uploads\/2022\/09\/thoat-san-inox-duc-FD-012-11-2.jpg 1500w\" sizes=\"auto, (max-width: 800px) 100vw, 800px\" \/><\/span><\/p>\n<h2 style=\"text-align: justify;\"><span style=\"font-family: 'times new roman', times, serif; font-size: 14pt;\"><b>V\u1ecb tr\u00ed l\u1eafp \u0111\u1eb7t tho\u00e1t s\u00e0n inox \u0111\u00fac nguy\u00ean kh\u1ed1i Hiwin FD-012<\/b><\/span><\/h2>\n<p style=\"text-align: justify;\"><span style=\"font-weight: 400; font-family: 'times new roman', times, serif; font-size: 14pt;\">Tho\u00e1t s\u00e0n <a href=\"https:\/\/vi.wikipedia.org\/wiki\/Th%C3%A9p_kh%C3%B4ng_g%E1%BB%89\" target=\"_blank\" rel=\"noopener\">inox<\/a> \u0111\u00fac nguy\u00ean kh\u1ed1i Hiwin FD-012 \u0111\u01b0\u1ee3c d\u00f9ng cho nhi\u1ec1u khu v\u1ef1c c\u00f3 \u0111\u01b0\u1eddng \u1ed1ng tho\u00e1t n\u01b0\u1edbc nhanh nh\u01b0:<\/span><\/p>\n<ul>\n<li><span style=\"font-family: 'times new roman', times, serif; font-size: 14pt;\"><strong>Ph\u00f2ng t\u1eafm gia \u0111\u00ecnh<\/strong> : \u0110\u1ea3m b\u1ea3o tho\u00e1t n\u01b0\u1edbc nhanh ch\u00f3ng, gi\u00fap s\u00e0n nh\u00e0 lu\u00f4n s\u1ea1ch s\u1ebd.<\/span><\/li>\n<li><span style=\"font-family: 'times new roman', times, serif; font-size: 14pt;\"><strong>Nh\u00e0 v\u1ec7 sinh<\/strong> : ng\u0103n ch\u1eb7n m\u00f9i h\u00f4i, c\u00f4n tr\u00f9ng, gi\u1eef kh\u00f4ng gian tho\u00e1ng m\u00e1t.<\/span><\/li>\n<li><span style=\"font-family: 'times new roman', times, serif; font-size: 14pt;\"><strong>Khu v\u1ef1c R\u1eeda s\u1ea1ch<\/strong> : H\u1ed7 tr\u1ee3 tho\u00e1t n\u01b0\u1edbc hi\u1ec7u qu\u1ea3, h\u1ea1n ch\u1ebf t\u00ecnh tr\u1ea1ng g\u00e2y kh\u00f3 ch\u1ecbu.<\/span><\/li>\n<li><span style=\"font-family: 'times new roman', times, serif; font-size: 14pt;\"><strong>Ban c\u00f4ng, s\u00e2n th\u01b0\u1ee3ng<\/strong> : Ph\u00f9 h\u1ee3p v\u1edbi c\u00e1c khu v\u1ef1c c\u00f3 \u0111\u01b0\u1eddng tho\u00e1t n\u01b0\u1edbc ngo\u00e0i tr\u1eddi, \u0111\u1ea3m b\u1ea3o n\u01b0\u1edbc m\u01b0a tho\u00e1t nhanh m\u00e0 kh\u00f4ng g\u00e2y \u1ee9 \u0111\u1ecdng.<\/span><\/li>\n<\/ul>\n<p><span style=\"font-family: 'times new roman', times, serif; font-size: 14pt;\">V\u1edbi s\u1ef1 \u0111a d\u1ee5ng n\u00e0y,<strong> Tho\u00e1t s\u00e0n <a href=\"https:\/\/vi.wikipedia.org\/wiki\/Th%C3%A9p_kh%C3%B4ng_g%E1%BB%89\" target=\"_blank\" rel=\"noopener\">inox<\/a> \u0111\u00fac nguy\u00ean kh\u1ed1i\u00a0 <\/strong><strong>Hiwin FD-012<\/strong> tr\u1edf th\u00e0nh th\u00e0nh l\u1ef1a ch\u1ecdn l\u00fd t\u01b0\u1edfng cho nh\u1eefng ai \u0111ang t\u00ecm ki\u1ebfm m\u1ed9t gi\u1ea3i ph\u00e1p <strong>tho\u00e1t n\u01b0\u1edbc b\u1ec1n b\u1ec9, ti\u1ec7n l\u1ee3i v\u00e0 hi\u1ec7u qu\u1ea3<\/strong> .<\/span><\/p>\n","protected":false},"excerpt":{"rendered":"<p>T\u00ecm ki\u1ebfm m\u1ed9t thi\u1ebft k\u1ebf ph\u1ed5 th\u00f4ng cho kh\u00f4ng gian nh\u00e0 t\u1eafm, b\u1ea1n kh\u00f4ng th\u1ec3 b\u1ecf qua tho\u00e1t s\u00e0n inox \u0111\u00fac nguy\u00ean kh\u1ed1i Hiwin FD-012. C\u00e1c \u0111\u1eb7c \u0111i\u1ec3m c\u1ea5u t\u1ea1o v\u00e0 c\u00f4ng n\u0103ng c\u1ee7a s\u1ea3n ph\u1ea9m ph\u00f9 h\u1ee3p cho nhi\u1ec1u kh\u00f4ng gian kh\u00e1c nhau c\u1ee7a gia \u0111\u00ecnh.\u00a0 \u00a0 \u0110\u1eb7c \u0111i\u1ec3m c\u1ea5u t\u1ea1o v\u00e0 c\u00f4ng n\u0103ng [&hellip;]<\/p>\n","protected":false},"featured_media":11193,"comment_status":"open","ping_status":"closed","template":"","meta":{"_acf_changed":false},"product_brand":[],"product_cat":[179,43],"product_tag":[122,120,753,606],"class_list":{"0":"post-3784","1":"product","2":"type-product","3":"status-publish","4":"has-post-thumbnail","6":"product_cat-pheu-thoat-san-ga-thoat-san-nha-tam-nha-ve-sinh","7":"product_cat-pheu-ga-thoat-san","8":"product_tag-ga-thoat-san","9":"product_tag-thoat-san","10":"product_tag-thoat-san-duc","11":"product_tag-thoat-san-inox","13":"first","14":"instock","15":"sale","16":"shipping-taxable","17":"purchasable","18":"product-type-simple"},"acf":[],"_links":{"self":[{"href":"https:\/\/hiwinvietnam.vn\/wp-json\/wp\/v2\/product\/3784","targetHints":{"allow":["GET"]}}],"collection":[{"href":"https:\/\/hiwinvietnam.vn\/wp-json\/wp\/v2\/product"}],"about":[{"href":"https:\/\/hiwinvietnam.vn\/wp-json\/wp\/v2\/types\/product"}],"replies":[{"embeddable":true,"href":"https:\/\/hiwinvietnam.vn\/wp-json\/wp\/v2\/comments?post=3784"}],"wp:featuredmedia":[{"embeddable":true,"href":"https:\/\/hiwinvietnam.vn\/wp-json\/wp\/v2\/media\/11193"}],"wp:attachment":[{"href":"https:\/\/hiwinvietnam.vn\/wp-json\/wp\/v2\/media?parent=3784"}],"wp:term":[{"taxonomy":"product_brand","embeddable":true,"href":"https:\/\/hiwinvietnam.vn\/wp-json\/wp\/v2\/product_brand?post=3784"},{"taxonomy":"product_cat","embeddable":true,"href":"https:\/\/hiwinvietnam.vn\/wp-json\/wp\/v2\/product_cat?post=3784"},{"taxonomy":"product_tag","embeddable":true,"href":"https:\/\/hiwinvietnam.vn\/wp-json\/wp\/v2\/product_tag?post=3784"}],"curies":[{"name":"wp","href":"https:\/\/api.w.org\/{rel}","templated":true}]}}