{"id":3422,"date":"2022-09-28T22:00:09","date_gmt":"2022-09-28T22:00:09","guid":{"rendered":"https:\/\/hiwinvietnam.vn\/fd-007\/"},"modified":"2025-07-15T11:06:46","modified_gmt":"2025-07-15T04:06:46","slug":"ga-thoat-san-duc-may-giat-fd-007","status":"publish","type":"product","link":"https:\/\/hiwinvietnam.vn\/en\/ga-thoat-san-duc-may-giat-fd-007\/","title":{"rendered":"Ga tho\u00e1t s\u00e0n \u0111\u00fac m\u00e1y gi\u1eb7t FD-007 li\u1ec1n kh\u1ed1i sus304 ch\u1ed1ng g\u1ec9"},"content":{"rendered":"<div id=\"ThongTinSanPham\" class=\"tabContent post-content active\">\n<p style=\"text-align: justify;\"><span style=\"font-family: 'times new roman', times, serif; font-size: 14pt;\"><strong><span style=\"vertical-align: inherit;\"><span style=\"vertical-align: inherit;\">Ga tho\u00e1t s\u00e0n \u0111\u00fac m\u00e1y gi\u1eb7t FD-007<\/span><\/span><\/strong><span style=\"vertical-align: inherit;\"><span style=\"vertical-align: inherit;\"> l\u00e0 m\u1ed9t s\u1ea3n ph\u1ea9m c\u00f3 thi\u1ebft k\u1ebf nh\u1ecf g\u1ecdn v\u00e0 tinh t\u1ebf, <\/span><\/span><span style=\"font-weight: 400;\"><span style=\"vertical-align: inherit;\"><span style=\"vertical-align: inherit;\">ph\u00f9 h\u1ee3p cho kh\u00f4ng gian khu v\u1ef1c gi\u1eb7t gi\u0169.<\/span><\/span><\/span><span style=\"font-weight: 400;\"><span style=\"vertical-align: inherit;\"><span style=\"vertical-align: inherit;\"> Nhi\u1ec1u kh\u00e1ch h\u00e0ng \u0111\u00e1nh gi\u00e1 s\u1ea3n ph\u1ea9m l\u00e0 m\u1ed9t gi\u1ea3i ph\u00e1p ti\u1ec7n l\u1ee3i c\u00f3 ch\u1ea5t l\u01b0\u1ee3ng xu\u1ea5t s\u1eafc m\u00e0 nh\u1eefng ng\u00f4i nh\u00e0 hi\u1ec7n \u0111\u1ea1i c\u1ea7n s\u1edf h\u1eefu.<\/span><\/span><\/span><\/span><\/p>\n<h2 style=\"text-align: justify;\"><span style=\"font-family: 'times new roman', times, serif; font-size: 14pt;\"><b><span style=\"vertical-align: inherit;\"><span style=\"vertical-align: inherit;\">\u0110\u1eb7c \u0111i\u1ec3m c\u1ea5u t\u1ea1o v\u00e0 c\u00f4ng d\u1ee5ng c\u1ee7a ga tho\u00e1t s\u00e0n \u0111\u00fac m\u00e1y gi\u1eb7t FD-007<\/span><\/span><\/b><\/span><\/h2>\n<p style=\"text-align: justify;\"><span style=\"font-family: 'times new roman', times, serif; font-size: 14pt;\"><span style=\"font-weight: 400;\"><span style=\"vertical-align: inherit;\"><span style=\"vertical-align: inherit;\">C<\/span><\/span><\/span><span style=\"font-weight: 400;\"><span style=\"vertical-align: inherit;\"><span style=\"vertical-align: inherit;\">\u1ea5u t\u1ea1o c\u1ee7a ga tho\u00e1t s\u00e0n Hiwin FD-007 bao g\u1ed3m: n\u1eafp tho\u00e1t s\u00e0n, n\u1eafp b\u1ecbt n\u1ed1i \u1ed1ng m\u00e1y gi\u1eb7t, ng\u00f5ng ch\u1ed1ng m\u00f9i, t\u1ea5m l\u1ecdc r\u00e1c v\u00e0 th\u00e2n tho\u00e1t s\u00e0n.<\/span><\/span><\/span><\/span><\/p>\n<p style=\"text-align: justify;\"><span style=\"font-family: 'times new roman', times, serif; font-size: 14pt;\"><img loading=\"lazy\" decoding=\"async\" class=\"aligncenter wp-image-17449\" src=\"https:\/\/hiwinvietnam.vn\/wp-content\/uploads\/2022\/09\/0073-1024x1024.jpg\" alt=\"C\u1ea5u t\u1ea1o c\u1ee7a ga tho\u00e1t s\u00e0n \u0111\u00fac m\u00e1y gi\u1eb7t FD-007\" width=\"750\" height=\"750\" srcset=\"https:\/\/hiwinvietnam.vn\/wp-content\/uploads\/2022\/09\/0073-1024x1024.jpg 1024w, https:\/\/hiwinvietnam.vn\/wp-content\/uploads\/2022\/09\/0073-300x300.jpg 300w, https:\/\/hiwinvietnam.vn\/wp-content\/uploads\/2022\/09\/0073-150x150.jpg 150w, https:\/\/hiwinvietnam.vn\/wp-content\/uploads\/2022\/09\/0073-768x768.jpg 768w, https:\/\/hiwinvietnam.vn\/wp-content\/uploads\/2022\/09\/0073-1536x1536.jpg 1536w, https:\/\/hiwinvietnam.vn\/wp-content\/uploads\/2022\/09\/0073-20x20.jpg 20w, https:\/\/hiwinvietnam.vn\/wp-content\/uploads\/2022\/09\/0073-600x600.jpg 600w, https:\/\/hiwinvietnam.vn\/wp-content\/uploads\/2022\/09\/0073-100x100.jpg 100w, https:\/\/hiwinvietnam.vn\/wp-content\/uploads\/2022\/09\/0073.jpg 2000w\" sizes=\"auto, (max-width: 750px) 100vw, 750px\" \/><\/span><\/p>\n<ul style=\"text-align: justify;\">\n<li style=\"font-weight: 400;\"><span style=\"font-family: 'times new roman', times, serif; font-size: 14pt;\"><strong><span style=\"vertical-align: inherit;\"><span style=\"vertical-align: inherit;\">Gia t\u0103ng t\u00ednh b\u1ec1n v\u1eefng nh\u1edd ch\u1ea5t li\u1ec7u Inox 304 nguy\u00ean kh\u1ed1i\u00a0<\/span><\/span><\/strong><\/span><\/li>\n<\/ul>\n<div class=\"flex max-w-full flex-col flex-grow\" style=\"text-align: justify;\">\n<div class=\"min-h-8 text-message flex w-full flex-col items-end gap-2 whitespace-normal break-words text-start [.text-message+&amp;]:mt-5\" dir=\"auto\" data-message-author-role=\"assistant\" data-message-id=\"29ed38c8-e46d-4311-861b-6fccaa3496cb\" data-message-model-slug=\"gpt-4o\">\n<div class=\"flex w-full flex-col gap-1 empty:hidden first:pt-[3px]\">\n<div class=\"markdown prose w-full break-words dark:prose-invert light\">\n<p><span style=\"font-family: 'times new roman', times, serif; font-size: 14pt;\"><span style=\"vertical-align: inherit;\"><span style=\"vertical-align: inherit;\">Ga tho\u00e1t s\u00e0n m\u00e1y gi\u1eb7t Hiwin FD-007 \u0111\u01b0\u1ee3c ch\u1ebf t\u00e1c t\u1eeb ch\u1ea5t li\u1ec7u inox 304 \u0111\u00fac nguy\u00ean kh\u1ed1i v\u1edbi \u0111\u1ed9 d\u00e0y l\u00ean \u0111\u1ebfn 4mm, mang l\u1ea1i \u0111\u1ed9 b\u1ec1n v\u01b0\u1ee3t tr\u1ed9i v\u00e0 kh\u1ea3 n\u0103ng ch\u1ecbu l\u1ef1c \u1ea5n t\u01b0\u1ee3ng. Hiwin s\u1eed d\u1ee5ng inox 304 tinh ch\u1ecdn, \u0111\u1ea1t ti\u00eau chu\u1ea9n qu\u1ed1c t\u1ebf ASTM c\u1ee7a M\u1ef9, \u0111\u1ea3m b\u1ea3o ch\u1ea5t l\u01b0\u1ee3ng cao c\u1ea5p v\u00e0 \u0111\u00e1p \u1ee9ng nh\u1eefng y\u00eau c\u1ea7u kh\u1eaft khe v\u1ec1 \u0111\u1ed9 b\u1ec1n c\u0169ng nh\u01b0 an to\u00e0n trong qu\u00e1 tr\u00ecnh s\u1eed d\u1ee5ng.<\/span><\/span><\/span><\/p>\n<p><span style=\"font-family: 'times new roman', times, serif; font-size: 14pt;\"><img loading=\"lazy\" decoding=\"async\" class=\"aligncenter wp-image-11071\" src=\"https:\/\/hiwinvietnam.vn\/wp-content\/uploads\/2022\/09\/thoat-san-may-giat-FD-007-9-1024x1024.jpg\" alt=\"tho\u00e1t s\u00e0n \u0111\u00fac m\u00e1y gi\u1eb7t FD-007 \u0111\u01b0\u1ee3c l\u00e0m b\u1eb1ng inox304\" width=\"750\" height=\"750\" srcset=\"https:\/\/hiwinvietnam.vn\/wp-content\/uploads\/2022\/09\/thoat-san-may-giat-FD-007-9-1024x1024.jpg 1024w, https:\/\/hiwinvietnam.vn\/wp-content\/uploads\/2022\/09\/thoat-san-may-giat-FD-007-9-300x300.jpg 300w, https:\/\/hiwinvietnam.vn\/wp-content\/uploads\/2022\/09\/thoat-san-may-giat-FD-007-9-150x150.jpg 150w, https:\/\/hiwinvietnam.vn\/wp-content\/uploads\/2022\/09\/thoat-san-may-giat-FD-007-9-768x768.jpg 768w, https:\/\/hiwinvietnam.vn\/wp-content\/uploads\/2022\/09\/thoat-san-may-giat-FD-007-9-1536x1536.jpg 1536w, https:\/\/hiwinvietnam.vn\/wp-content\/uploads\/2022\/09\/thoat-san-may-giat-FD-007-9-20x20.jpg 20w, https:\/\/hiwinvietnam.vn\/wp-content\/uploads\/2022\/09\/thoat-san-may-giat-FD-007-9-600x600.jpg 600w, https:\/\/hiwinvietnam.vn\/wp-content\/uploads\/2022\/09\/thoat-san-may-giat-FD-007-9-100x100.jpg 100w, https:\/\/hiwinvietnam.vn\/wp-content\/uploads\/2022\/09\/thoat-san-may-giat-FD-007-9.jpg 2000w\" sizes=\"auto, (max-width: 750px) 100vw, 750px\" \/><\/span><\/p>\n<\/div>\n<\/div>\n<\/div>\n<\/div>\n<p style=\"text-align: justify;\"><span style=\"font-family: 'times new roman', times, serif; font-size: 14pt;\"><span style=\"vertical-align: inherit;\"><span style=\"vertical-align: inherit;\">Nh\u1edd \u0111\u1eb7c t\u00ednh ch\u1ed1ng oxy h\u00f3a v\u00e0 kh\u1ea3 n\u0103ng kh\u00e1ng \u0103n m\u00f2n m\u1ea1nh m\u1ebd, ga tho\u00e1t s\u00e0n Hiwin FD-007 kh\u00f4ng b\u1ecb \u1ea3nh h\u01b0\u1edfng b\u1edfi m\u00f4i tr\u01b0\u1eddng \u1ea9m \u01b0\u1edbt hay h\u00f3a ch\u1ea5t t\u1ea9y r\u1eeda, gi\u00fap duy tr\u00ec v\u1ebb s\u00e1ng b\u00f3ng theo th\u1eddi gian. \u0110\u1ed3ng th\u1eddi, k\u1ebft c\u1ea5u d\u00e0y d\u1eb7n, c\u1ee9ng c\u00e1p gi\u00fap ga tho\u00e1t s\u00e0n ch\u1ecbu \u0111\u01b0\u1ee3c \u00e1p l\u1ef1c l\u1edbn, h\u1ea1n ch\u1ebf t\u1ed1i \u0111a t\u00ecnh tr\u1ea1ng bi\u1ebfn d\u1ea1ng, mang l\u1ea1i hi\u1ec7u su\u1ea5t s\u1eed d\u1ee5ng b\u1ec1n b\u1ec9 v\u00e0 \u1ed5n \u0111\u1ecbnh cho ng\u01b0\u1eddi d\u00f9ng.<\/span><\/span><\/span><\/p>\n<ul style=\"text-align: justify;\">\n<li><span style=\"font-family: 'times new roman', times, serif; font-size: 14pt;\"><strong><span style=\"vertical-align: inherit;\"><span style=\"vertical-align: inherit;\">X\u1eed l\u00fd b\u1ec1 m\u1eb7t tinh t\u1ebf<\/span><\/span><\/strong><\/span><\/li>\n<\/ul>\n<p style=\"text-align: justify;\"><span style=\"font-family: 'times new roman', times, serif; font-size: 14pt;\"><span style=\"vertical-align: inherit;\"><span style=\"vertical-align: inherit;\">Ga tho\u00e1t s\u00e0n Hiwin FD-007 \u0111\u01b0\u1ee3c x\u1eed l\u00fd b\u1ec1 m\u1eb7t m\u1edd tinh t\u1ebf, kh\u00f4ng ch\u1ec9 mang \u0111\u1ebfn v\u1ebb ngo\u00e0i kh\u1ecfe kho\u1eafn, c\u1ee9ng c\u00e1p m\u00e0 c\u00f2n g\u00f3p ph\u1ea7n t\u1ea1o n\u00ean s\u1ef1 sang tr\u1ecdng, hi\u1ec7n \u0111\u1ea1i cho kh\u00f4ng gian ph\u00f2ng gi\u1eb7t. L\u1edbp ho\u00e0n thi\u1ec7n m\u1edd gi\u00fap b\u1ec1 m\u1eb7t s\u1ea3n ph\u1ea9m h\u1ea1n ch\u1ebf b\u00e1m v\u00e2n tay, gi\u1ea3m thi\u1ec3u tr\u1ea7y x\u01b0\u1edbc trong qu\u00e1 tr\u00ecnh s\u1eed d\u1ee5ng, \u0111\u1ed3ng th\u1eddi duy tr\u00ec t\u00ednh th\u1ea9m m\u1ef9 b\u1ec1n l\u00e2u theo th\u1eddi gian.<\/span><\/span><\/span><\/p>\n<p style=\"text-align: justify;\"><span style=\"font-family: 'times new roman', times, serif; font-size: 14pt;\"><img loading=\"lazy\" decoding=\"async\" class=\"aligncenter wp-image-11073\" src=\"https:\/\/hiwinvietnam.vn\/wp-content\/uploads\/2022\/09\/thoat-san-may-giat-FD-007-11-1024x1024.jpg\" alt=\"tho\u00e1t s\u00e0n \u0111\u00fac m\u00e1y gi\u1eb7t FD-007 \u0111\u01b0\u1ee3c \u0111\u00fac nguy\u00ean kh\u1ed1i\" width=\"800\" height=\"800\" srcset=\"https:\/\/hiwinvietnam.vn\/wp-content\/uploads\/2022\/09\/thoat-san-may-giat-FD-007-11-1024x1024.jpg 1024w, https:\/\/hiwinvietnam.vn\/wp-content\/uploads\/2022\/09\/thoat-san-may-giat-FD-007-11-300x300.jpg 300w, https:\/\/hiwinvietnam.vn\/wp-content\/uploads\/2022\/09\/thoat-san-may-giat-FD-007-11-150x150.jpg 150w, https:\/\/hiwinvietnam.vn\/wp-content\/uploads\/2022\/09\/thoat-san-may-giat-FD-007-11-768x768.jpg 768w, https:\/\/hiwinvietnam.vn\/wp-content\/uploads\/2022\/09\/thoat-san-may-giat-FD-007-11-1536x1536.jpg 1536w, https:\/\/hiwinvietnam.vn\/wp-content\/uploads\/2022\/09\/thoat-san-may-giat-FD-007-11-20x20.jpg 20w, https:\/\/hiwinvietnam.vn\/wp-content\/uploads\/2022\/09\/thoat-san-may-giat-FD-007-11-600x600.jpg 600w, https:\/\/hiwinvietnam.vn\/wp-content\/uploads\/2022\/09\/thoat-san-may-giat-FD-007-11-100x100.jpg 100w, https:\/\/hiwinvietnam.vn\/wp-content\/uploads\/2022\/09\/thoat-san-may-giat-FD-007-11.jpg 2000w\" sizes=\"auto, (max-width: 800px) 100vw, 800px\" \/><\/span><\/p>\n<ul style=\"text-align: justify;\">\n<li style=\"font-weight: 400;\"><span style=\"font-family: 'times new roman', times, serif; font-size: 14pt;\"><strong><span style=\"vertical-align: inherit;\"><span style=\"vertical-align: inherit;\">FD-007 ph\u00f9 h\u1ee3p v\u1edbi nhi\u1ec1u \u0111\u01b0\u1eddng k\u00ednh \u1ed1ng th\u1ea3i<\/span><\/span><\/strong><\/span><\/li>\n<\/ul>\n<p style=\"text-align: justify;\"><span style=\"font-family: 'times new roman', times, serif; font-size: 14pt;\"><span style=\"vertical-align: inherit;\"><span style=\"vertical-align: inherit;\">K\u00edch th\u01b0\u1edbc b\u1ec1 m\u1eb7t 100x100mm c\u1ee7a tho\u00e1t s\u00e0n \u0111\u00fac m\u00e1y gi\u1eb7t FD-007 kh\u00f4ng ch\u1ec9 mang l\u1ea1i s\u1ef1 ti\u1ec7n l\u1ee3i m\u00e0 c\u00f2n \u0111\u1ea3m b\u1ea3o t\u00ednh t\u01b0\u01a1ng th\u00edch cao v\u1edbi nhi\u1ec1u lo\u1ea1i kh\u00f4ng gian kh\u00e1c nhau. V\u1edbi thi\u1ebft k\u1ebf linh ho\u1ea1t, s\u1ea3n ph\u1ea9m n\u00e0y d\u1ec5 d\u00e0ng \u0111\u01b0\u1ee3c l\u1eafp \u0111\u1eb7t trong c\u00e1c khu v\u1ef1c h\u1ea1n ch\u1ebf m\u00e0 v\u1eabn \u0111\u1ea3m b\u1ea3o hi\u1ec7u su\u1ea5t t\u1ed1i \u01b0u.<\/span><\/span><\/span><\/p>\n<p style=\"text-align: justify;\"><span style=\"font-family: 'times new roman', times, serif; font-size: 14pt;\"><img loading=\"lazy\" decoding=\"async\" class=\"aligncenter wp-image-11072\" src=\"https:\/\/hiwinvietnam.vn\/wp-content\/uploads\/2022\/09\/thoat-san-may-giat-FD-007-10-1024x1024.jpg\" alt=\"Tho\u00e1t s\u00e0n m\u00e1y gi\u1eb7t Hiwin FD-007 c\u1edb k\u00edch th\u01b0\u1edbc 100x100\" width=\"749\" height=\"749\" srcset=\"https:\/\/hiwinvietnam.vn\/wp-content\/uploads\/2022\/09\/thoat-san-may-giat-FD-007-10-1024x1024.jpg 1024w, https:\/\/hiwinvietnam.vn\/wp-content\/uploads\/2022\/09\/thoat-san-may-giat-FD-007-10-300x300.jpg 300w, https:\/\/hiwinvietnam.vn\/wp-content\/uploads\/2022\/09\/thoat-san-may-giat-FD-007-10-150x150.jpg 150w, https:\/\/hiwinvietnam.vn\/wp-content\/uploads\/2022\/09\/thoat-san-may-giat-FD-007-10-768x768.jpg 768w, https:\/\/hiwinvietnam.vn\/wp-content\/uploads\/2022\/09\/thoat-san-may-giat-FD-007-10-1536x1536.jpg 1536w, https:\/\/hiwinvietnam.vn\/wp-content\/uploads\/2022\/09\/thoat-san-may-giat-FD-007-10-20x20.jpg 20w, https:\/\/hiwinvietnam.vn\/wp-content\/uploads\/2022\/09\/thoat-san-may-giat-FD-007-10-600x600.jpg 600w, https:\/\/hiwinvietnam.vn\/wp-content\/uploads\/2022\/09\/thoat-san-may-giat-FD-007-10-100x100.jpg 100w, https:\/\/hiwinvietnam.vn\/wp-content\/uploads\/2022\/09\/thoat-san-may-giat-FD-007-10.jpg 2000w\" sizes=\"auto, (max-width: 749px) 100vw, 749px\" \/><\/span><\/p>\n<p style=\"text-align: justify;\"><span style=\"font-family: 'times new roman', times, serif; font-size: 14pt;\"><span style=\"vertical-align: inherit;\"><span style=\"vertical-align: inherit;\">\u0110\u1eb7c bi\u1ec7t, ga tho\u00e1t s\u00e0n \u0111\u00fac m\u00e1y gi\u1eb7t FD-007 ph\u00f9 h\u1ee3p v\u1edbi \u0111\u01b0\u1eddng k\u00ednh \u1ed1ng th\u1ea3i \u03a6 76mm v\u00e0 \u03a6 90mm, cho ph\u00e9p ng\u01b0\u1eddi d\u00f9ng c\u00f3 th\u1ec3 l\u1ef1a ch\u1ecdn v\u00e0 s\u1eed d\u1ee5ng m\u1ed9t c\u00e1ch d\u1ec5 d\u00e0ng, \u0111\u00e1p \u1ee9ng nhu c\u1ea7u \u0111a d\u1ea1ng c\u1ee7a c\u00e1c h\u1ec7 th\u1ed1ng \u1ed1ng d\u1eabn hi\u1ec7n \u0111\u1ea1i.<\/span><\/span><\/span><\/p>\n<ul style=\"text-align: justify;\">\n<li><span style=\"font-family: 'times new roman', times, serif; font-size: 14pt;\"><strong><span style=\"vertical-align: inherit;\"><span style=\"vertical-align: inherit;\">Gi\u1ea3m th\u1eddi gian d\u1ecdn d\u1eb9p<\/span><\/span><\/strong><\/span><\/li>\n<\/ul>\n<p style=\"text-align: justify;\"><span style=\"font-family: 'times new roman', times, serif; font-size: 14pt;\"><span style=\"vertical-align: inherit;\"><span style=\"vertical-align: inherit;\">Thi\u1ebft k\u1ebf th\u00f4ng minh v\u00e0 t\u1ed1i \u01b0u h\u00f3a ch\u1ee9c n\u0103ng tho\u00e1t n\u01b0\u1edbc gi\u00fap ng\u0103n ch\u1eb7n t\u00ecnh tr\u1ea1ng t\u1eafc ngh\u1ebdn, t\u1eeb \u0111\u00f3 gi\u1ea3m b\u1edbt c\u00f4ng s\u1ee9c v\u00e0 th\u1eddi gian c\u1ea7n thi\u1ebft cho vi\u1ec7c v\u1ec7 sinh. V\u1edbi c\u1ea5u tr\u00fac d\u1ec5 d\u00e0ng th\u00e1o l\u1eafp, ng\u01b0\u1eddi d\u00f9ng c\u00f3 th\u1ec3 nhanh ch\u00f3ng ti\u1ebfp c\u1eadn v\u00e0 l\u00e0m s\u1ea1ch m\u00e0 kh\u00f4ng g\u1eb7p ph\u1ea3i b\u1ea5t k\u1ef3 kh\u00f3 kh\u0103n n\u00e0o.<\/span><\/span><\/span><\/p>\n<ul style=\"text-align: justify;\">\n<li><span style=\"font-family: 'times new roman', times, serif; font-size: 14pt;\"><strong><span style=\"vertical-align: inherit;\"><span style=\"vertical-align: inherit;\">K\u1ebft c\u1ea5u b\u1eaby c\u1ed5 \u0111i\u1ec3n v\u1edbi nhi\u1ec1u c\u00f4ng d\u1ee5ng v\u01b0\u1ee3t tr\u1ed9i<\/span><\/span><\/strong><\/span><\/li>\n<\/ul>\n<p style=\"text-align: justify;\"><span style=\"font-weight: 400; font-family: 'times new roman', times, serif; font-size: 14pt;\"><span style=\"vertical-align: inherit;\"><span style=\"vertical-align: inherit;\">Kh\u1ea3 n\u0103ng tho\u00e1t n\u01b0\u1edbc nhanh nh\u1edd c\u01a1 ch\u1ebf b\u1eaby n\u01b0\u1edbc c\u1ed5 \u0111i\u1ec3n, t\u1eeb \u0111\u00f3 h\u1ea1n ch\u1ebf \u1ed1ng tho\u00e1t m\u00e1y gi\u1eb7t b\u1ecb ngh\u1ebdn t\u1eafc.<\/span><\/span><\/span><\/p>\n<p style=\"text-align: justify;\"><span style=\"font-family: 'times new roman', times, serif; font-size: 14pt;\"><img loading=\"lazy\" decoding=\"async\" class=\"aligncenter wp-image-17450\" src=\"https:\/\/hiwinvietnam.vn\/wp-content\/uploads\/2022\/09\/0075-1024x1024.jpg\" alt=\"Kh\u1ea3 n\u0103ng tho\u00e1t n\u01b0\u1edbc nhanh nh\u1edd c\u01a1 ch\u1ebf b\u1eaby n\u01b0\u1edbc c\u1ed5 \u0111i\u1ec3n, t\u1eeb \u0111\u00f3 h\u1ea1n ch\u1ebf \u1ed1ng tho\u00e1t m\u00e1y gi\u1eb7t b\u1ecb ngh\u1ebdn t\u1eafc.\" width=\"750\" height=\"750\" srcset=\"https:\/\/hiwinvietnam.vn\/wp-content\/uploads\/2022\/09\/0075-1024x1024.jpg 1024w, https:\/\/hiwinvietnam.vn\/wp-content\/uploads\/2022\/09\/0075-300x300.jpg 300w, https:\/\/hiwinvietnam.vn\/wp-content\/uploads\/2022\/09\/0075-150x150.jpg 150w, https:\/\/hiwinvietnam.vn\/wp-content\/uploads\/2022\/09\/0075-768x768.jpg 768w, https:\/\/hiwinvietnam.vn\/wp-content\/uploads\/2022\/09\/0075-1536x1536.jpg 1536w, https:\/\/hiwinvietnam.vn\/wp-content\/uploads\/2022\/09\/0075-20x20.jpg 20w, https:\/\/hiwinvietnam.vn\/wp-content\/uploads\/2022\/09\/0075-600x600.jpg 600w, https:\/\/hiwinvietnam.vn\/wp-content\/uploads\/2022\/09\/0075-100x100.jpg 100w, https:\/\/hiwinvietnam.vn\/wp-content\/uploads\/2022\/09\/0075.jpg 2000w\" sizes=\"auto, (max-width: 750px) 100vw, 750px\" \/><\/span><\/p>\n<p style=\"text-align: justify;\"><span style=\"font-family: 'times new roman', times, serif; font-size: 14pt;\"><span style=\"font-weight: 400;\"><span style=\"vertical-align: inherit;\"><span style=\"vertical-align: inherit;\">T\u1ea5m l\u1ecdc r\u00e1c tr\u00ean n\u1eafp tho\u00e1t s\u00e0n c\u00f3 kh\u1ea3 n\u0103ng ng\u0103n ch\u1eb7n r\u00e1c v\u00e0 thu\u1eadn ti\u1ec7n khi ng\u01b0\u1eddi d\u00f9ng v\u1ec7 sinh s\u1ea3n ph\u1ea9m. V\u1edbi k\u1ebft c\u1ea5u n\u00e0y, ga tho\u00e1t s\u00e0n \u0111\u00fac m\u00e1y gi\u1eb7t FD-007<\/span><\/span><\/span><span style=\"vertical-align: inherit;\"><span style=\"vertical-align: inherit;\">\u00a0c\u0169ng \u0111\u1ea3m b\u1ea3o c\u00f4ng n\u0103ng ng\u0103n m\u00f9i hi\u1ec7u qu\u1ea3, gia t\u0103ng tr\u1ea3i nghi\u1ec7m kh\u00e1ch h\u00e0ng khi s\u1eed d\u1ee5ng.<\/span><\/span><\/span><\/p>\n<p style=\"text-align: justify;\"><span style=\"font-family: 'times new roman', times, serif; font-size: 14pt;\"><img loading=\"lazy\" decoding=\"async\" class=\"aligncenter wp-image-11070\" src=\"https:\/\/hiwinvietnam.vn\/wp-content\/uploads\/2022\/09\/thoat-san-may-giat-FD-007-8-1024x1024.jpg\" alt=\"Tho\u00e1t s\u00e0n m\u00e1y gi\u1eb7t Hiwin FD-007\" width=\"750\" height=\"750\" srcset=\"https:\/\/hiwinvietnam.vn\/wp-content\/uploads\/2022\/09\/thoat-san-may-giat-FD-007-8-1024x1024.jpg 1024w, https:\/\/hiwinvietnam.vn\/wp-content\/uploads\/2022\/09\/thoat-san-may-giat-FD-007-8-300x300.jpg 300w, https:\/\/hiwinvietnam.vn\/wp-content\/uploads\/2022\/09\/thoat-san-may-giat-FD-007-8-150x150.jpg 150w, https:\/\/hiwinvietnam.vn\/wp-content\/uploads\/2022\/09\/thoat-san-may-giat-FD-007-8-768x768.jpg 768w, https:\/\/hiwinvietnam.vn\/wp-content\/uploads\/2022\/09\/thoat-san-may-giat-FD-007-8-1536x1536.jpg 1536w, https:\/\/hiwinvietnam.vn\/wp-content\/uploads\/2022\/09\/thoat-san-may-giat-FD-007-8-20x20.jpg 20w, https:\/\/hiwinvietnam.vn\/wp-content\/uploads\/2022\/09\/thoat-san-may-giat-FD-007-8-600x600.jpg 600w, https:\/\/hiwinvietnam.vn\/wp-content\/uploads\/2022\/09\/thoat-san-may-giat-FD-007-8-100x100.jpg 100w, https:\/\/hiwinvietnam.vn\/wp-content\/uploads\/2022\/09\/thoat-san-may-giat-FD-007-8.jpg 2000w\" sizes=\"auto, (max-width: 750px) 100vw, 750px\" \/><\/span><\/p>\n<h2 style=\"text-align: justify;\"><span style=\"font-family: 'times new roman', times, serif; font-size: 14pt;\"><b><span style=\"vertical-align: inherit;\"><span style=\"vertical-align: inherit;\">V\u1ecb tr\u00ed l\u1eafp \u0111\u1eb7t c\u1ee7a ph\u1ec5u tho\u00e1t s\u00e0n<\/span><\/span><\/b><\/span><\/h2>\n<p style=\"text-align: justify;\"><span style=\"font-weight: 400; font-family: 'times new roman', times, serif; font-size: 14pt;\"><span style=\"font-weight: 400;\"><span style=\"vertical-align: inherit;\"><span style=\"vertical-align: inherit;\">S\u1ea3n ph\u1ea9m ga tho\u00e1t s\u00e0n m\u00e1y gi\u1eb7t Hiwin <\/span><\/span><\/span><span style=\"vertical-align: inherit;\"><span style=\"vertical-align: inherit;\">FD-007 \u0111\u01b0\u1ee3c thi\u1ebft k\u1ebf \u0111\u1ec3 l\u1eafp \u0111\u1eb7t cho khu v\u1ef1c m\u00e1y gi\u1eb7t. S\u1ea3n ph\u1ea9m \u0111\u01b0\u1ee3c b\u00e1n k\u00e8m c\u0169ng ng\u00f5ng m\u00e1y gi\u1eb7t, ti\u1ec7n l\u1ee3i h\u01a1n cho b\u1ea1n khi l\u1eafp \u0111\u1eb7t.<\/span><\/span><\/span><\/p>\n<p style=\"text-align: justify;\"><span style=\"font-family: 'times new roman', times, serif; font-size: 14pt;\"><span style=\"vertical-align: inherit;\"><span style=\"vertical-align: inherit;\">Ga tho\u00e1t s\u00e0n \u0111\u00fac m\u00e1y gi\u1eb7t FD-007 c\u00f3 m\u1ed9t \u01b0u \u0111i\u1ec3m tuy\u1ec7t v\u1eddi \u0111\u00f3 l\u00e0 s\u1ea3n ph\u1ea9m \u0111\u00fac li\u1ec1n kh\u1ed1i, kh\u00f4ng c\u00f3 m\u1ed1i h\u00e0n. \u0110i\u1ec1u n\u00e0y h\u1ea1n ch\u1ebf v\u1ea5n \u0111\u1ec1 han g\u1ec9 s\u1ea3n ph\u1ea9m. H\u01a1n h\u1eb3n so v\u1edbi c\u00e1c lo\u1ea1i tho\u00e1t s\u00e0n d\u1eadp, m\u1ecfng h\u01a1n, nh\u1eb9 h\u01a1n v\u00e0 li\u00ean k\u1ebft c\u00e1c chi ti\u1ebft b\u1eb1ng m\u1ed1i h\u00e0n. V\u1edbi ch\u1ea5t li\u1ec7u inox 304 cao c\u1ea5p, ga tho\u00e1t s\u00e0n Hiwin FD-007 c\u00f3 th\u1ec3 th\u00e1ch th\u1ee9c l\u1eafp \u0111\u1eb7t \u1edf m\u1ecdi m\u00f4i tr\u01b0\u1eddng, k\u1ec3 c\u1ea3 trong nh\u00e0 hay ban c\u00f4ng l\u00f4 gia. B\u1ec1 m\u1eb7t s\u1ea3n ph\u1ea9m d\u00e0y d\u1eb7n l\u00ean \u0111\u1ebfn 4mm, c\u1ea7m n\u1eb7ng tay v\u00e0 si\u00eau ch\u1eafc ch\u1eafn. \u0110\u00e2y s\u1ebd l\u00e0 m\u1ed9t l\u1ef1a ch\u1ecdn t\u1ed1t cho chi\u1ebfc tho\u00e1t s\u00e0n m\u00e1y gi\u1eb7t nh\u00e0 b\u1ea1n!<\/span><\/span><\/span><\/p>\n<p style=\"text-align: justify;\"><span style=\"font-family: 'times new roman', times, serif; font-size: 14pt;\"><span style=\"vertical-align: inherit;\"><span style=\"vertical-align: inherit;\">\u0110\u1ec3 \u0111\u01b0\u1ee3c t\u01b0 v\u1ea5n th\u00eam, vui l\u00f2ng g\u1ecdi Hotline c\u1ee7a ch\u00fang t\u00f4i: 1900571296 ho\u1eb7c Zalo: <\/span><\/span><span style=\"color: #0000ff;\"><a style=\"color: #0000ff;\" href=\"https:\/\/zalo.me\/0886257989\" target=\"_blank\" rel=\"noopener\"><span style=\"vertical-align: inherit;\"><span style=\"vertical-align: inherit;\">0886257989<\/span><\/span><\/a> <\/span><span style=\"vertical-align: inherit;\"><span style=\"vertical-align: inherit;\">!<\/span><\/span><\/span><\/p>\n<p style=\"text-align: justify;\"><span style=\"font-family: 'times new roman', times, serif; font-size: 14pt;\"><em><strong><span style=\"vertical-align: inherit;\"><span style=\"vertical-align: inherit;\">&gt;&gt;&gt; Tham kh\u1ea3o th\u00eam s\u1ea3n ph\u1ea9m: <\/span><\/span><a href=\"https:\/\/hiwinvietnam.vn\/ga-thoat-san-inox-304-duc-fd-011\/\"><span style=\"vertical-align: inherit;\"><span style=\"vertical-align: inherit;\">Tho\u00e1t s\u00e0n \u0111\u00fac li\u1ec1n kh\u1ed1i inox 304 cao c\u1ea5p si\u00eau d\u00e0y d\u1eb7n Hiwin FD-011<\/span><\/span><\/a><\/strong><\/em><\/span><\/p>\n<\/div>\n","protected":false},"excerpt":{"rendered":"<p>Ga tho\u00e1t s\u00e0n \u0111\u00fac m\u00e1y gi\u1eb7t FD-007 l\u00e0 m\u1ed9t s\u1ea3n ph\u1ea9m c\u00f3 thi\u1ebft k\u1ebf nh\u1ecf g\u1ecdn v\u00e0 tinh t\u1ebf, ph\u00f9 h\u1ee3p cho kh\u00f4ng gian khu v\u1ef1c gi\u1eb7t gi\u0169. Nhi\u1ec1u kh\u00e1ch h\u00e0ng \u0111\u00e1nh gi\u00e1 s\u1ea3n ph\u1ea9m l\u00e0 m\u1ed9t gi\u1ea3i ph\u00e1p ti\u1ec7n l\u1ee3i c\u00f3 ch\u1ea5t l\u01b0\u1ee3ng xu\u1ea5t s\u1eafc m\u00e0 nh\u1eefng ng\u00f4i nh\u00e0 hi\u1ec7n \u0111\u1ea1i c\u1ea7n s\u1edf h\u1eefu. [&hellip;]<\/p>\n","protected":false},"featured_media":11063,"comment_status":"open","ping_status":"closed","template":"","meta":{"_acf_changed":false},"product_brand":[],"product_cat":[43,805],"product_tag":[],"class_list":{"0":"post-3422","1":"product","2":"type-product","3":"status-publish","4":"has-post-thumbnail","6":"product_cat-pheu-ga-thoat-san","7":"product_cat-ga-thoat-san-may-giat","9":"first","10":"instock","11":"sale","12":"shipping-taxable","13":"purchasable","14":"product-type-simple"},"acf":[],"_links":{"self":[{"href":"https:\/\/hiwinvietnam.vn\/en\/wp-json\/wp\/v2\/product\/3422","targetHints":{"allow":["GET"]}}],"collection":[{"href":"https:\/\/hiwinvietnam.vn\/en\/wp-json\/wp\/v2\/product"}],"about":[{"href":"https:\/\/hiwinvietnam.vn\/en\/wp-json\/wp\/v2\/types\/product"}],"replies":[{"embeddable":true,"href":"https:\/\/hiwinvietnam.vn\/en\/wp-json\/wp\/v2\/comments?post=3422"}],"wp:featuredmedia":[{"embeddable":true,"href":"https:\/\/hiwinvietnam.vn\/en\/wp-json\/wp\/v2\/media\/11063"}],"wp:attachment":[{"href":"https:\/\/hiwinvietnam.vn\/en\/wp-json\/wp\/v2\/media?parent=3422"}],"wp:term":[{"taxonomy":"product_brand","embeddable":true,"href":"https:\/\/hiwinvietnam.vn\/en\/wp-json\/wp\/v2\/product_brand?post=3422"},{"taxonomy":"product_cat","embeddable":true,"href":"https:\/\/hiwinvietnam.vn\/en\/wp-json\/wp\/v2\/product_cat?post=3422"},{"taxonomy":"product_tag","embeddable":true,"href":"https:\/\/hiwinvietnam.vn\/en\/wp-json\/wp\/v2\/product_tag?post=3422"}],"curies":[{"name":"wp","href":"https:\/\/api.w.org\/{rel}","templated":true}]}}