{"id":25897,"date":"2025-12-05T10:51:16","date_gmt":"2025-12-05T03:51:16","guid":{"rendered":"https:\/\/hiwinvietnam.vn\/?post_type=product&#038;p=25897"},"modified":"2025-12-11T10:32:36","modified_gmt":"2025-12-11T03:32:36","slug":"so-kinh-cabin-tam-25x25-sb-611-mau-vang","status":"publish","type":"product","link":"https:\/\/hiwinvietnam.vn\/so-kinh-cabin-tam-25x25-sb-611-mau-vang\/","title":{"rendered":"S\u1ecf k\u00ednh cabin t\u1eafm 25&#215;25 SB-611 m\u00e0u v\u00e0ng sang tr\u1ecdng"},"content":{"rendered":"<p style=\"text-align: justify;\" data-start=\"357\" data-end=\"904\"><span style=\"font-family: 'times new roman', times, serif; font-size: 14pt;\">Trong h\u1ec7 ph\u1ee5 ki\u1ec7n ph\u00f2ng t\u1eafm k\u00ednh, t\u1eebng chi ti\u1ebft nh\u1ecf \u0111\u1ec1u \u0111\u00f3ng m\u1ed9t vai tr\u00f2 quan tr\u1ecdng trong vi\u1ec7c \u0111\u1ea3m b\u1ea3o \u0111\u1ed9 b\u1ec1n, \u0111\u1ed9 \u1ed5n \u0111\u1ecbnh, s\u1ef1 an to\u00e0n v\u00e0 t\u00ednh th\u1ea9m m\u1ef9 chung c\u1ee7a to\u00e0n b\u1ed9 h\u1ec7 th\u1ed1ng. S\u1ecf k\u00ednh cabin t\u1eafm 25&#215;25 SB-611 m\u00e0u v\u00e0ng l\u00e0 m\u1ed9t trong nh\u1eefng ph\u1ee5 ki\u1ec7n \u0111\u1eb7c th\u00f9 nh\u01b0 v\u1eady \u2013 tuy k\u00edch th\u01b0\u1edbc nh\u1ecf g\u1ecdn nh\u01b0ng l\u1ea1i gi\u1eef nhi\u1ec7m v\u1ee5 k\u1ebft n\u1ed1i quan tr\u1ecdng gi\u1eefa k\u00ednh v\u00e0 thanh gi\u1eb1ng.\u00a0<\/span><\/p>\n<p style=\"text-align: justify;\" data-start=\"906\" data-end=\"1085\"><span style=\"font-family: 'times new roman', times, serif; font-size: 14pt;\">B\u00e0i vi\u1ebft d\u01b0\u1edbi \u0111\u00e2y s\u1ebd gi\u00fap b\u1ea1n hi\u1ec3u r\u00f5 h\u01a1n v\u1ec1 c\u1ea5u t\u1ea1o, \u01b0u \u0111i\u1ec3m, ch\u1ea5t li\u1ec7u, c\u00f4ng n\u0103ng v\u00e0 l\u00fd do v\u00ec sao s\u1ecf k\u00ednh cabin t\u1eafm 25&#215;25 l\u00e0 l\u1ef1a ch\u1ecdn h\u00e0ng \u0111\u1ea7u trong h\u1ec7 ph\u1ee5 ki\u1ec7n v\u00e1ch t\u1eafm k\u00ednh.<\/span><\/p>\n<figure id=\"attachment_25903\" aria-describedby=\"caption-attachment-25903\" style=\"width: 800px\" class=\"wp-caption aligncenter\"><img loading=\"lazy\" decoding=\"async\" class=\"wp-image-25903 size-full\" src=\"https:\/\/hiwinvietnam.vn\/wp-content\/uploads\/2025\/12\/93.jpg\" alt=\"S\u1ecf k\u00ednh cabin t\u1eafm 25x25 SB-611 M\u00e0u v\u00e0ng sang tr\u1ecdng \" width=\"800\" height=\"800\" srcset=\"https:\/\/hiwinvietnam.vn\/wp-content\/uploads\/2025\/12\/93.jpg 800w, https:\/\/hiwinvietnam.vn\/wp-content\/uploads\/2025\/12\/93-300x300.jpg 300w, https:\/\/hiwinvietnam.vn\/wp-content\/uploads\/2025\/12\/93-150x150.jpg 150w, https:\/\/hiwinvietnam.vn\/wp-content\/uploads\/2025\/12\/93-768x768.jpg 768w, https:\/\/hiwinvietnam.vn\/wp-content\/uploads\/2025\/12\/93-12x12.jpg 12w, https:\/\/hiwinvietnam.vn\/wp-content\/uploads\/2025\/12\/93-20x20.jpg 20w, https:\/\/hiwinvietnam.vn\/wp-content\/uploads\/2025\/12\/93-600x600.jpg 600w, https:\/\/hiwinvietnam.vn\/wp-content\/uploads\/2025\/12\/93-100x100.jpg 100w\" sizes=\"auto, (max-width: 800px) 100vw, 800px\" \/><figcaption id=\"caption-attachment-25903\" class=\"wp-caption-text\"><span style=\"font-family: 'times new roman', times, serif; font-size: 14pt;\"><em>S\u1ecf k\u00ednh cabin t\u1eafm 25&#215;25 SB-611 m\u00e0u v\u00e0ng sang tr\u1ecdng <\/em><\/span><\/figcaption><\/figure>\n<h2 style=\"text-align: justify;\" data-start=\"1092\" data-end=\"1171\"><span style=\"font-family: 'times new roman', times, serif; font-size: 14pt;\"><strong data-start=\"1094\" data-end=\"1171\">Thi\u1ebft k\u1ebf tinh t\u1ebf\u00a0<\/strong><\/span><\/h2>\n<p style=\"text-align: justify;\" data-start=\"1173\" data-end=\"1568\"><span style=\"font-family: 'times new roman', times, serif; font-size: 14pt;\">M\u1ed9t trong nh\u1eefng \u0111i\u1ec3m thu h\u00fat \u0111\u1ea7u ti\u00ean c\u1ee7a s\u1ecf k\u00ednh cabin t\u1eafm<a href=\"https:\/\/www.youtube.com\/channel\/UCIHqtVg5j2dxABxxnCjTDvw\" target=\"_blank\" rel=\"noopener\"> SB-611<\/a> m\u00e0u v\u00e0ng ch\u00ednh l\u00e0 thi\u1ebft k\u1ebf vu\u00f4ng v\u1eafn, s\u1eafc n\u00e9t v\u00e0 c\u1ef1c k\u1ef3 tinh t\u1ebf. Form d\u00e1ng \u0111\u01b0\u1ee3c t\u1ed1i \u01b0u nh\u1eb1m mang \u0111\u1ebfn s\u1ef1 c\u00e2n \u0111\u1ed1i gi\u1eefa t\u00ednh th\u1ea9m m\u1ef9 v\u00e0 t\u00ednh k\u1ef9 thu\u1eadt. B\u1ec1 m\u1eb7t \u0111\u01b0\u1ee3c ho\u00e0n thi\u1ec7n v\u1edbi m\u00e0u v\u00e0ng \u00e1nh kim sang tr\u1ecdng, ph\u00f9 h\u1ee3p v\u1edbi c\u00e1c c\u00f4ng tr\u00ecnh y\u00eau c\u1ea7u t\u00ednh th\u1ea9m m\u1ef9 cao ho\u1eb7c phong c\u00e1ch n\u1ed9i th\u1ea5t theo xu h\u01b0\u1edbng luxury \u2013 hi\u1ec7n \u0111\u1ea1i.<\/span><\/p>\n<p style=\"text-align: justify;\" data-start=\"1570\" data-end=\"1866\"><span style=\"font-family: 'times new roman', times, serif; font-size: 14pt;\">C\u00e1c g\u00f3c c\u1ea1nh \u0111\u01b0\u1ee3c gia c\u00f4ng k\u1ef9, m\u00e9p bo m\u1ecbn, kh\u00f4ng s\u1eafc nh\u1ecdn, gi\u00fap t\u0103ng t\u00ednh an to\u00e0n cho ng\u01b0\u1eddi s\u1eed d\u1ee5ng v\u00e0 t\u1ea1o s\u1ef1 li\u1ec1n m\u1ea1ch khi k\u1ebft h\u1ee3p v\u1edbi h\u1ec7 thanh gi\u1eb1ng 25&#215;25. Thi\u1ebft k\u1ebf t\u1ed5ng th\u1ec3 c\u1ee7a s\u1ea3n ph\u1ea9m th\u1ec3 hi\u1ec7n s\u1ef1 chuy\u00ean nghi\u1ec7p, \u0111\u1ed9 ho\u00e0n thi\u1ec7n cao v\u00e0 mang l\u1ea1i v\u1ebb \u0111\u1eb9p tinh t\u1ebf cho to\u00e0n b\u1ed9 h\u1ec7 v\u00e1ch k\u00ednh ph\u00f2ng t\u1eafm.<\/span><\/p>\n<figure id=\"attachment_25904\" aria-describedby=\"caption-attachment-25904\" style=\"width: 800px\" class=\"wp-caption aligncenter\"><img loading=\"lazy\" decoding=\"async\" class=\"wp-image-25904 size-full\" src=\"https:\/\/hiwinvietnam.vn\/wp-content\/uploads\/2025\/12\/94.jpg\" alt=\"S\u1ecf k\u00ednh cabin t\u1eafm 25x25 SB-611 thi\u1ebft k\u1ebf tinh t\u1ebf hi\u1ec7n \u0111\u1ea1i\" width=\"800\" height=\"800\" srcset=\"https:\/\/hiwinvietnam.vn\/wp-content\/uploads\/2025\/12\/94.jpg 800w, https:\/\/hiwinvietnam.vn\/wp-content\/uploads\/2025\/12\/94-300x300.jpg 300w, https:\/\/hiwinvietnam.vn\/wp-content\/uploads\/2025\/12\/94-150x150.jpg 150w, https:\/\/hiwinvietnam.vn\/wp-content\/uploads\/2025\/12\/94-768x768.jpg 768w, https:\/\/hiwinvietnam.vn\/wp-content\/uploads\/2025\/12\/94-12x12.jpg 12w, https:\/\/hiwinvietnam.vn\/wp-content\/uploads\/2025\/12\/94-20x20.jpg 20w, https:\/\/hiwinvietnam.vn\/wp-content\/uploads\/2025\/12\/94-600x600.jpg 600w, https:\/\/hiwinvietnam.vn\/wp-content\/uploads\/2025\/12\/94-100x100.jpg 100w\" sizes=\"auto, (max-width: 800px) 100vw, 800px\" \/><figcaption id=\"caption-attachment-25904\" class=\"wp-caption-text\"><span style=\"font-family: 'times new roman', times, serif; font-size: 14pt;\"><em>S\u1ecf k\u00ednh cabin t\u1eafm 25&#215;25 SB-611 m\u00e0u v\u00e0ng thi\u1ebft k\u1ebf tinh t\u1ebf hi\u1ec7n \u0111\u1ea1i<\/em><\/span><\/figcaption><\/figure>\n<h2 style=\"text-align: justify;\" data-start=\"1873\" data-end=\"1948\"><span style=\"font-family: 'times new roman', times, serif; font-size: 14pt;\"><strong data-start=\"1875\" data-end=\"1948\">Ch\u1ea5t li\u1ec7u inox 304 b\u1ec1n b\u1ec9 \u2013 Chu\u1ea9n ch\u1ea5t l\u01b0\u1ee3ng cho m\u00f4i tr\u01b0\u1eddng \u1ea9m \u01b0\u1edbt<\/strong><\/span><\/h2>\n<p style=\"text-align: justify;\" data-start=\"1950\" data-end=\"2129\"><span style=\"font-family: 'times new roman', times, serif; font-size: 14pt;\">Ch\u1ea5t li\u1ec7u l\u00e0 y\u1ebfu t\u1ed1 quan tr\u1ecdng quy\u1ebft \u0111\u1ecbnh \u0111\u1ed9 b\u1ec1n c\u1ee7a m\u1ecdi ph\u1ee5 ki\u1ec7n ph\u00f2ng t\u1eafm k\u00ednh. SB-611 m\u00e0u v\u00e0ng \u0111\u01b0\u1ee3c s\u1ea3n xu\u1ea5t t\u1eeb <strong data-start=\"2059\" data-end=\"2079\">inox 304 cao c\u1ea5p<\/strong>, d\u00f2ng inox n\u1ed5i ti\u1ebfng v\u1edbi nh\u1eefng \u01b0u \u0111i\u1ec3m v\u01b0\u1ee3t tr\u1ed9i:<\/span><\/p>\n<ul>\n<li data-start=\"2133\" data-end=\"2202\"><span style=\"font-family: 'times new roman', times, serif; font-size: 14pt;\"><strong data-start=\"2133\" data-end=\"2155\">Ch\u1ed1ng g\u1ec9 tuy\u1ec7t \u0111\u1ed1i<\/strong> trong m\u00f4i tr\u01b0\u1eddng n\u01b0\u1edbc, h\u01a1i n\u01b0\u1edbc v\u00e0 x\u00e0 ph\u00f2ng.<\/span><\/li>\n<li data-start=\"2205\" data-end=\"2269\"><span style=\"font-family: 'times new roman', times, serif; font-size: 14pt;\"><strong data-start=\"2205\" data-end=\"2221\">Ch\u1ed1ng \u0103n m\u00f2n<\/strong>, kh\u00f4ng b\u1ecb oxy h\u00f3a hay \u0111\u1ed5i m\u00e0u theo th\u1eddi gian.<\/span><\/li>\n<li data-start=\"2272\" data-end=\"2338\"><span style=\"font-family: 'times new roman', times, serif; font-size: 14pt;\"><strong data-start=\"2272\" data-end=\"2287\">\u0110\u1ed9 c\u1ee9ng cao<\/strong>, ch\u1ecbu l\u1ef1c t\u1ed1t, \u0111\u1ea3m b\u1ea3o an to\u00e0n khi c\u1ed1 \u0111\u1ecbnh k\u00ednh.<\/span><\/li>\n<li data-start=\"2341\" data-end=\"2403\"><span style=\"font-family: 'times new roman', times, serif; font-size: 14pt;\"><strong data-start=\"2341\" data-end=\"2370\">Th\u1eddi gian s\u1eed d\u1ee5ng l\u00e2u d\u00e0i<\/strong>, gi\u1ea3m chi ph\u00ed thay th\u1ebf, b\u1ea3o tr\u00ec.<\/span><\/li>\n<\/ul>\n<p style=\"text-align: justify;\" data-start=\"2405\" data-end=\"2698\"><span style=\"font-family: 'times new roman', times, serif; font-size: 14pt;\">Trong m\u00f4i tr\u01b0\u1eddng ph\u00f2ng t\u1eafm \u2013 n\u01a1i th\u01b0\u1eddng xuy\u00ean c\u00f3 \u0111\u1ed9 \u1ea9m cao v\u00e0 ti\u1ebfp x\u00fac tr\u1ef1c ti\u1ebfp v\u1edbi n\u01b0\u1edbc n\u00f3ng, n\u01b0\u1edbc l\u1ea1nh \u2013 inox 304 l\u00e0 l\u1ef1a ch\u1ecdn t\u1ed1i \u01b0u nh\u1ea5t.<\/span><\/p>\n<figure id=\"attachment_25905\" aria-describedby=\"caption-attachment-25905\" style=\"width: 800px\" class=\"wp-caption aligncenter\"><img loading=\"lazy\" decoding=\"async\" class=\"wp-image-25905 size-full\" src=\"https:\/\/hiwinvietnam.vn\/wp-content\/uploads\/2025\/12\/95.png\" alt=\"Inox 304 ch\u1ed1ng g\u1ec9 ngay c\u1ea3 m\u00f4i tr\u01b0\u1eddng ven bi\u1ec3n\" width=\"800\" height=\"800\" srcset=\"https:\/\/hiwinvietnam.vn\/wp-content\/uploads\/2025\/12\/95.png 800w, https:\/\/hiwinvietnam.vn\/wp-content\/uploads\/2025\/12\/95-300x300.png 300w, https:\/\/hiwinvietnam.vn\/wp-content\/uploads\/2025\/12\/95-150x150.png 150w, https:\/\/hiwinvietnam.vn\/wp-content\/uploads\/2025\/12\/95-768x768.png 768w, https:\/\/hiwinvietnam.vn\/wp-content\/uploads\/2025\/12\/95-12x12.png 12w, https:\/\/hiwinvietnam.vn\/wp-content\/uploads\/2025\/12\/95-20x20.png 20w, https:\/\/hiwinvietnam.vn\/wp-content\/uploads\/2025\/12\/95-600x600.png 600w, https:\/\/hiwinvietnam.vn\/wp-content\/uploads\/2025\/12\/95-100x100.png 100w\" sizes=\"auto, (max-width: 800px) 100vw, 800px\" \/><figcaption id=\"caption-attachment-25905\" class=\"wp-caption-text\"><span style=\"font-family: 'times new roman', times, serif; font-size: 14pt;\"><em>Inox 304 ch\u1ed1ng g\u1ec9 ngay c\u1ea3 m\u00f4i tr\u01b0\u1eddng ven bi\u1ec3n<\/em><\/span><\/figcaption><\/figure>\n<h2 style=\"text-align: justify;\" data-start=\"2705\" data-end=\"2783\"><span style=\"font-family: 'times new roman', times, serif; font-size: 14pt;\"><strong data-start=\"2707\" data-end=\"2783\">Li\u00ean k\u1ebft c\u1ed1 \u0111\u1ecbnh ch\u1eafc ch\u1eafn \u2013 \u0110\u1ea3m b\u1ea3o an to\u00e0n cho to\u00e0n b\u1ed9 h\u1ec7<span style=\"color: #0000ff;\"> <a style=\"color: #0000ff;\" href=\"https:\/\/hiwinvietnam.vn\/vach-tam-kinh\/\">v\u00e1ch k\u00ednh<\/a><\/span><\/strong><\/span><\/h2>\n<p style=\"text-align: justify;\" data-start=\"2785\" data-end=\"3028\"><span style=\"font-family: 'times new roman', times, serif; font-size: 14pt;\">Vai tr\u00f2 l\u1edbn nh\u1ea5t c\u1ee7a s\u1ecf k\u00ednh cabin t\u1eafm ch\u00ednh l\u00e0 <strong data-start=\"2841\" data-end=\"2900\">li\u00ean k\u1ebft v\u00e0 c\u1ed1 \u0111\u1ecbnh t\u1ea5m k\u00ednh v\u1edbi thanh gi\u1eb1ng<\/strong>. \u0110\u00e2y l\u00e0 \u0111i\u1ec3m ch\u1ecbu l\u1ef1c quan tr\u1ecdng, gi\u00fap gi\u1eef cho t\u1ea5m k\u00ednh \u0111\u1ee9ng v\u1eefng, h\u1ea1n ch\u1ebf rung l\u1eafc v\u00e0 \u0111\u1ea3m b\u1ea3o an to\u00e0n trong qu\u00e1 tr\u00ecnh s\u1eed d\u1ee5ng.<\/span><\/p>\n<p style=\"text-align: justify;\" data-start=\"3030\" data-end=\"3072\"><span style=\"font-family: 'times new roman', times, serif; font-size: 14pt;\">C\u00e1c \u01b0u \u0111i\u1ec3m n\u1ed5i b\u1eadt c\u1ee7a kh\u1ea3 n\u0103ng li\u00ean k\u1ebft:<\/span><\/p>\n<ul>\n<li data-start=\"3076\" data-end=\"3143\"><span style=\"font-family: 'times new roman', times, serif; font-size: 14pt;\">K\u1ebft n\u1ed1i <strong data-start=\"3084\" data-end=\"3109\">ch\u1eb7t \u2013 ch\u1eafc \u2013 \u1ed5n \u0111\u1ecbnh<\/strong>, kh\u00f4ng x\u00ea d\u1ecbch khi c\u00f3 t\u00e1c \u0111\u1ed9ng.<\/span><\/li>\n<li data-start=\"3146\" data-end=\"3199\"><span style=\"font-family: 'times new roman', times, serif; font-size: 14pt;\">H\u1ea1n ch\u1ebf t\u1ed1i \u0111a rung l\u1eafc \u1edf t\u1ea5m k\u00ednh khi \u0111\u00f3ng m\u1edf c\u1eeda.<\/span><\/li>\n<li data-start=\"3202\" data-end=\"3253\"><span style=\"font-family: 'times new roman', times, serif; font-size: 14pt;\">T\u0103ng \u0111\u1ed9 v\u1eefng ch\u00e3i cho to\u00e0n b\u1ed9 h\u1ec7 khung cabin t\u1eafm.<\/span><\/li>\n<li data-start=\"3256\" data-end=\"3335\"><span style=\"font-family: 'times new roman', times, serif; font-size: 14pt;\">\u0110\u1ea3m b\u1ea3o an to\u00e0n cho ng\u01b0\u1eddi s\u1eed d\u1ee5ng, \u0111\u1eb7c bi\u1ec7t trong kh\u00f4ng gian c\u00f3 k\u00ednh c\u01b0\u1eddng l\u1ef1c.<\/span><\/li>\n<\/ul>\n<figure id=\"attachment_25906\" aria-describedby=\"caption-attachment-25906\" style=\"width: 800px\" class=\"wp-caption aligncenter\"><img loading=\"lazy\" decoding=\"async\" class=\"wp-image-25906 size-full\" src=\"https:\/\/hiwinvietnam.vn\/wp-content\/uploads\/2025\/12\/96.jpg\" alt=\"S\u1ecf k\u00ednh cabin t\u1eafm SB-611 li\u00ean k\u1ebft ch\u1eafc ch\u1eafn gi\u1eefa k\u00ednh v\u00e0 thanh gi\u1eb1ng\" width=\"800\" height=\"800\" srcset=\"https:\/\/hiwinvietnam.vn\/wp-content\/uploads\/2025\/12\/96.jpg 800w, https:\/\/hiwinvietnam.vn\/wp-content\/uploads\/2025\/12\/96-300x300.jpg 300w, https:\/\/hiwinvietnam.vn\/wp-content\/uploads\/2025\/12\/96-150x150.jpg 150w, https:\/\/hiwinvietnam.vn\/wp-content\/uploads\/2025\/12\/96-768x768.jpg 768w, https:\/\/hiwinvietnam.vn\/wp-content\/uploads\/2025\/12\/96-12x12.jpg 12w, https:\/\/hiwinvietnam.vn\/wp-content\/uploads\/2025\/12\/96-20x20.jpg 20w, https:\/\/hiwinvietnam.vn\/wp-content\/uploads\/2025\/12\/96-600x600.jpg 600w, https:\/\/hiwinvietnam.vn\/wp-content\/uploads\/2025\/12\/96-100x100.jpg 100w\" sizes=\"auto, (max-width: 800px) 100vw, 800px\" \/><figcaption id=\"caption-attachment-25906\" class=\"wp-caption-text\"><span style=\"font-family: 'times new roman', times, serif; font-size: 14pt;\"><em>S\u1ecf k\u00ednh cabin t\u1eafm SB-611 m\u00e0u v\u00e0ng li\u00ean k\u1ebft ch\u1eafc ch\u1eafn gi\u1eefa k\u00ednh v\u00e0 thanh gi\u1eb1ng<\/em><\/span><\/figcaption><\/figure>\n<h2 style=\"text-align: justify;\" data-start=\"3536\" data-end=\"3605\"><span style=\"font-family: 'times new roman', times, serif; font-size: 14pt;\"><strong data-start=\"3538\" data-end=\"3605\">Ph\u00f9 h\u1ee3p k\u00ednh 10mm \u2013 T\u01b0\u01a1ng th\u00edch v\u1edbi thanh gi\u1eb1ng inox 25x25mm<\/strong><\/span><\/h2>\n<p style=\"text-align: justify;\" data-start=\"3607\" data-end=\"3680\"><span style=\"font-family: 'times new roman', times, serif; font-size: 14pt;\">S\u1ecf k\u00ednh cabin t\u1eafm SB-611 m\u00e0u v\u00e0ng \u0111\u01b0\u1ee3c thi\u1ebft k\u1ebf chu\u1ea9n k\u1ef9 thu\u1eadt cho:<\/span><\/p>\n<ul>\n<li data-start=\"3684\" data-end=\"3770\"><span style=\"font-family: 'times new roman', times, serif; font-size: 14pt;\"><strong data-start=\"3684\" data-end=\"3711\">K\u00ednh c\u01b0\u1eddng l\u1ef1c d\u00e0y 10mm<\/strong> \u2013 lo\u1ea1i k\u00ednh ph\u1ed5 bi\u1ebfn nh\u1ea5t trong thi c\u00f4ng ph\u00f2ng t\u1eafm k\u00ednh.<\/span><\/li>\n<li data-start=\"3773\" data-end=\"3885\"><span style=\"font-family: 'times new roman', times, serif; font-size: 14pt;\"><strong data-start=\"3773\" data-end=\"3801\">Thanh gi\u1eb1ng inox 25x25mm<\/strong> \u2013 h\u1ec7 gi\u1eb1ng vu\u00f4ng, m\u1ea1nh m\u1ebd, ch\u1ecbu l\u1ef1c t\u1ed1t, \u0111\u01b0\u1ee3c d\u00f9ng r\u1ed9ng r\u00e3i trong c\u00e1c h\u1ec7 cabin t\u1eafm.<\/span><\/li>\n<\/ul>\n<p style=\"text-align: justify;\" data-start=\"3887\" data-end=\"4145\"><span style=\"font-family: 'times new roman', times, serif; font-size: 14pt;\">S\u1ef1 \u0111\u1ed3ng b\u1ed9 v\u1ec1 k\u00edch th\u01b0\u1edbc gi\u00fap qu\u00e1 tr\u00ecnh thi c\u00f4ng d\u1ec5 d\u00e0ng h\u01a1n, \u0111\u1ea3m b\u1ea3o t\u00ednh \u1ed5n \u0111\u1ecbnh v\u00e0 \u0111\u1ed3ng nh\u1ea5t cho c\u1ea3 c\u00f4ng tr\u00ecnh. \u0110\u1eb7c bi\u1ec7t, khe gi\u1eef k\u00ednh \u0111\u01b0\u1ee3c ho\u00e0n thi\u1ec7n s\u1eafc s\u1ea3o, \u0111\u1ed9 r\u1ed9ng chu\u1ea9n x\u00e1c gi\u00fap k\u00ednh l\u1eafp v\u00e0o kh\u00edt \u2013 ch\u1eafc \u2013 kh\u00f4ng b\u1ecb h\u1edf hay l\u1ec7ch trong qu\u00e1 tr\u00ecnh l\u1eafp \u0111\u1eb7t.<\/span><\/p>\n<figure id=\"attachment_25716\" aria-describedby=\"caption-attachment-25716\" style=\"width: 800px\" class=\"wp-caption aligncenter\"><img loading=\"lazy\" decoding=\"async\" class=\"wp-image-25716 size-full\" src=\"https:\/\/hiwinvietnam.vn\/wp-content\/uploads\/2025\/12\/20.jpg\" alt=\"S\u1ecf k\u00ednh ph\u00f9 h\u1ee3p k\u00ednh 10mm v\u00e0 thanh gi\u1eb1ng inox 25x25\" width=\"800\" height=\"800\" srcset=\"https:\/\/hiwinvietnam.vn\/wp-content\/uploads\/2025\/12\/20.jpg 800w, https:\/\/hiwinvietnam.vn\/wp-content\/uploads\/2025\/12\/20-300x300.jpg 300w, https:\/\/hiwinvietnam.vn\/wp-content\/uploads\/2025\/12\/20-150x150.jpg 150w, https:\/\/hiwinvietnam.vn\/wp-content\/uploads\/2025\/12\/20-768x768.jpg 768w, https:\/\/hiwinvietnam.vn\/wp-content\/uploads\/2025\/12\/20-12x12.jpg 12w, https:\/\/hiwinvietnam.vn\/wp-content\/uploads\/2025\/12\/20-20x20.jpg 20w, https:\/\/hiwinvietnam.vn\/wp-content\/uploads\/2025\/12\/20-600x600.jpg 600w, https:\/\/hiwinvietnam.vn\/wp-content\/uploads\/2025\/12\/20-100x100.jpg 100w\" sizes=\"auto, (max-width: 800px) 100vw, 800px\" \/><figcaption id=\"caption-attachment-25716\" class=\"wp-caption-text\"><span style=\"font-family: 'times new roman', times, serif; font-size: 14pt;\"><em>S\u1ecf k\u00ednh ph\u00f9 h\u1ee3p k\u00ednh 10mm v\u00e0 thanh gi\u1eb1ng inox 25&#215;25<\/em><\/span><\/figcaption><\/figure>\n<h2 style=\"text-align: justify;\" data-start=\"4152\" data-end=\"4235\"><span style=\"font-family: 'times new roman', times, serif; font-size: 14pt;\"><strong data-start=\"4154\" data-end=\"4235\">V\u1ecb tr\u00ed l\u1eafp \u0111\u1eb7t\u00a0<\/strong><\/span><\/h2>\n<p style=\"text-align: justify;\" data-start=\"4237\" data-end=\"4327\"><span style=\"font-family: 'times new roman', times, serif; font-size: 14pt;\">S\u1ecf k\u00ednh cabin t\u1eafm 25&#215;25 SB-611 m\u00e0u v\u00e0ng l\u1eafp \u0111\u1eb7t t\u1ea1i <strong data-start=\"4535\" data-end=\"4601\">ph\u1ea7n ti\u1ebfp gi\u00e1p gi\u1eefa k\u00ednh c\u1ed1 \u0111\u1ecbnh v\u00e0 thanh gi\u1eb1ng inox ph\u00eda tr\u00ean. <\/strong>Ph\u00f9 h\u1ee3p v\u1edbi nhi\u1ec1u d\u1ea1ng cabin t\u1eafm \u2013 t\u1eeb \u0111\u01a1n gi\u1ea3n \u0111\u1ebfn ph\u1ee9c t\u1ea1p. \u0110i\u1ec1u n\u00e0y gi\u00fap ki\u1ebfn tr\u00fac s\u01b0 v\u00e0 th\u1ee3 thi c\u00f4ng d\u1ec5 d\u00e0ng t\u1ea1o ra kh\u00f4ng gian ph\u00f2ng t\u1eafm t\u1ed1i \u01b0u, \u0111\u1eb9p m\u1eaft v\u00e0 an to\u00e0n.<\/span><\/p>\n<figure id=\"attachment_25907\" aria-describedby=\"caption-attachment-25907\" style=\"width: 800px\" class=\"wp-caption aligncenter\"><img loading=\"lazy\" decoding=\"async\" class=\"wp-image-25907 size-full\" src=\"https:\/\/hiwinvietnam.vn\/wp-content\/uploads\/2025\/12\/97.png\" alt=\"V\u1ecb tr\u00ed l\u1eafp \u0111\u1eb7t c\u1ee7a s\u1ecf k\u00ednh 25x25 SB-611\" width=\"800\" height=\"800\" srcset=\"https:\/\/hiwinvietnam.vn\/wp-content\/uploads\/2025\/12\/97.png 800w, https:\/\/hiwinvietnam.vn\/wp-content\/uploads\/2025\/12\/97-300x300.png 300w, https:\/\/hiwinvietnam.vn\/wp-content\/uploads\/2025\/12\/97-150x150.png 150w, https:\/\/hiwinvietnam.vn\/wp-content\/uploads\/2025\/12\/97-768x768.png 768w, https:\/\/hiwinvietnam.vn\/wp-content\/uploads\/2025\/12\/97-12x12.png 12w, https:\/\/hiwinvietnam.vn\/wp-content\/uploads\/2025\/12\/97-20x20.png 20w, https:\/\/hiwinvietnam.vn\/wp-content\/uploads\/2025\/12\/97-600x600.png 600w, https:\/\/hiwinvietnam.vn\/wp-content\/uploads\/2025\/12\/97-100x100.png 100w\" sizes=\"auto, (max-width: 800px) 100vw, 800px\" \/><figcaption id=\"caption-attachment-25907\" class=\"wp-caption-text\"><span style=\"font-family: 'times new roman', times, serif; font-size: 14pt;\"><em>V\u1ecb tr\u00ed l\u1eafp \u0111\u1eb7t c\u1ee7a s\u1ecf k\u00ednh 25&#215;25 SB-611 m\u00e0u v\u00e0ng<\/em><\/span><\/figcaption><\/figure>\n<h2 style=\"text-align: justify;\" data-start=\"4785\" data-end=\"4846\"><span style=\"font-family: 'times new roman', times, serif; font-size: 14pt;\"><strong data-start=\"4787\" data-end=\"4846\">K\u1ebft lu\u1eadn\u00a0<\/strong><\/span><\/h2>\n<p style=\"text-align: justify;\" data-start=\"4848\" data-end=\"5172\"><span style=\"font-family: 'times new roman', times, serif; font-size: 14pt;\">S\u1ecf k\u00ednh cabin t\u1eafm 25&#215;25 SB-611 m\u00e0u v\u00e0ng l\u00e0 ph\u1ee5 ki\u1ec7n kh\u00f4ng th\u1ec3 thi\u1ebfu trong c\u00e1c c\u00f4ng tr\u00ecnh v\u00e1ch t\u1eafm k\u00ednh cao c\u1ea5p. V\u1edbi thi\u1ebft k\u1ebf tinh t\u1ebf, ch\u1ea5t li\u1ec7u inox 304 cao c\u1ea5p, m\u00e0u v\u00e0ng sang tr\u1ecdng, kh\u1ea3 n\u0103ng li\u00ean k\u1ebft ch\u1eafc ch\u1eafn v\u00e0 \u0111\u1ed9 b\u1ec1n v\u01b0\u1ee3t tr\u1ed9i, s\u1ea3n ph\u1ea9m mang l\u1ea1i s\u1ef1 \u1ed5n \u0111\u1ecbnh, an to\u00e0n v\u00e0 t\u00ednh th\u1ea9m m\u1ef9 cao cho to\u00e0n b\u1ed9 h\u1ec7 cabin t\u1eafm.<\/span><\/p>\n<p style=\"text-align: justify;\" data-start=\"5174\" data-end=\"5344\"><span style=\"font-family: 'times new roman', times, serif; font-size: 14pt;\">N\u1ebfu b\u1ea1n \u0111ang t\u00ecm m\u1ed9t ph\u1ee5 ki\u1ec7n nh\u1ecf g\u1ecdn nh\u01b0ng <strong data-start=\"5218\" data-end=\"5259\">\u0111\u1ea3m b\u1ea3o ch\u1ea5t l\u01b0\u1ee3ng \u2013 \u0111\u1ed9 b\u1ec1n \u2013 th\u1ea9m m\u1ef9<\/strong>, th\u00ec s\u1ecf k\u00ednh cabin t\u1eafm SB-611 m\u00e0u v\u00e0ng ch\u00ednh l\u00e0 l\u1ef1a ch\u1ecdn ho\u00e0n h\u1ea3o cho b\u1ea5t k\u1ef3 c\u00f4ng tr\u00ecnh n\u00e0o.<\/span><\/p>\n","protected":false},"excerpt":{"rendered":"<p>Trong h\u1ec7 ph\u1ee5 ki\u1ec7n ph\u00f2ng t\u1eafm k\u00ednh, t\u1eebng chi ti\u1ebft nh\u1ecf \u0111\u1ec1u \u0111\u00f3ng m\u1ed9t vai tr\u00f2 quan tr\u1ecdng trong vi\u1ec7c \u0111\u1ea3m b\u1ea3o \u0111\u1ed9 b\u1ec1n, \u0111\u1ed9 \u1ed5n \u0111\u1ecbnh, s\u1ef1 an to\u00e0n v\u00e0 t\u00ednh th\u1ea9m m\u1ef9 chung c\u1ee7a to\u00e0n b\u1ed9 h\u1ec7 th\u1ed1ng. S\u1ecf k\u00ednh cabin t\u1eafm 25&#215;25 SB-611 m\u00e0u v\u00e0ng l\u00e0 m\u1ed9t trong nh\u1eefng ph\u1ee5 ki\u1ec7n \u0111\u1eb7c [&hellip;]<\/p>\n","protected":false},"featured_media":25898,"comment_status":"open","ping_status":"closed","template":"","meta":{"_acf_changed":false},"product_brand":[],"product_cat":[38,82,144],"product_tag":[],"class_list":{"0":"post-25897","1":"product","2":"type-product","3":"status-publish","4":"has-post-thumbnail","6":"product_cat-vach-tam-kinh","7":"product_cat-vach-tam-kinh-tieu-chuan","8":"product_cat-bo-giang-vach-tam-kinh","10":"first","11":"instock","12":"shipping-taxable","13":"purchasable","14":"product-type-simple"},"acf":[],"_links":{"self":[{"href":"https:\/\/hiwinvietnam.vn\/wp-json\/wp\/v2\/product\/25897","targetHints":{"allow":["GET"]}}],"collection":[{"href":"https:\/\/hiwinvietnam.vn\/wp-json\/wp\/v2\/product"}],"about":[{"href":"https:\/\/hiwinvietnam.vn\/wp-json\/wp\/v2\/types\/product"}],"replies":[{"embeddable":true,"href":"https:\/\/hiwinvietnam.vn\/wp-json\/wp\/v2\/comments?post=25897"}],"wp:featuredmedia":[{"embeddable":true,"href":"https:\/\/hiwinvietnam.vn\/wp-json\/wp\/v2\/media\/25898"}],"wp:attachment":[{"href":"https:\/\/hiwinvietnam.vn\/wp-json\/wp\/v2\/media?parent=25897"}],"wp:term":[{"taxonomy":"product_brand","embeddable":true,"href":"https:\/\/hiwinvietnam.vn\/wp-json\/wp\/v2\/product_brand?post=25897"},{"taxonomy":"product_cat","embeddable":true,"href":"https:\/\/hiwinvietnam.vn\/wp-json\/wp\/v2\/product_cat?post=25897"},{"taxonomy":"product_tag","embeddable":true,"href":"https:\/\/hiwinvietnam.vn\/wp-json\/wp\/v2\/product_tag?post=25897"}],"curies":[{"name":"wp","href":"https:\/\/api.w.org\/{rel}","templated":true}]}}