{"id":24075,"date":"2025-09-25T20:20:55","date_gmt":"2025-09-25T13:20:55","guid":{"rendered":"https:\/\/hiwinvietnam.vn\/?post_type=product&#038;p=24075"},"modified":"2026-03-30T16:46:08","modified_gmt":"2026-03-30T09:46:08","slug":"gia-treo-giay-ve-sinh-hiwin-y-11301b","status":"publish","type":"product","link":"https:\/\/hiwinvietnam.vn\/gia-treo-giay-ve-sinh-hiwin-y-11301b\/","title":{"rendered":"Gi\u00e1 treo gi\u1ea5y v\u1ec7 sinh Hiwin Y-11301 m\u00e0u \u0111en m\u1edd sang tr\u1ecdng"},"content":{"rendered":"<p style=\"text-align: justify;\"><span style=\"font-size: 14pt; font-family: 'times new roman', times, serif;\"><span style=\"font-weight: 400;\"><strong>Gi\u00e1 treo gi\u1ea5y v\u1ec7 sinh Hiwin Y-11301<\/strong> <strong>m\u00e0u \u0111en<\/strong> mang \u0111\u1ebfn s\u1ef1 k\u1ebft h\u1ee3p ho\u00e0n h\u1ea3o gi\u1eefa ti\u1ec7n \u00edch v\u00e0 t\u00ednh th\u1ea9m m\u1ef9. V\u1edbi thi\u1ebft k\u1ebf tinh x\u1ea3o, ch\u1ea5t li\u1ec7u cao c\u1ea5p c\u00f9ng \u0111\u01b0\u1eddng n\u00e9t sang tr\u1ecdng, s\u1ea3n ph\u1ea9m gi\u00fap ph\u00f2ng t\u1eafm tr\u1edf n\u00ean hi\u1ec7n \u0111\u1ea1i v\u00e0 \u0111\u1eb3ng c\u1ea5p h\u01a1n, t\u1ea1o \u0111i\u1ec3m nh\u1ea5n n\u1ed5i b\u1eadt trong t\u1eebng chi ti\u1ebft n\u1ed9i th\u1ea5t. C\u00f9ng <\/span><a href=\"https:\/\/hiwinvietnam.vn\/\"><span style=\"font-weight: 400;\">Hiwin<\/span><\/a><span style=\"font-weight: 400;\"> t\u00ecm hi\u1ec3u chi ti\u1ebft v\u1ec1 gi\u00e1 treo gi\u1ea5y v\u1ec7 sinh Y-11301!<\/span><\/span><\/p>\n<h2 style=\"text-align: justify;\"><span style=\"font-size: 14pt; font-family: 'times new roman', times, serif;\"><b>Thi\u1ebft k\u1ebf t\u1ed5ng quan c\u1ee7a gi\u00e1 treo gi\u1ea5y v\u1ec7 sinh Hiwin Y-11301<\/b><\/span><\/h2>\n<p style=\"text-align: justify;\"><span style=\"font-weight: 400; font-size: 14pt; font-family: 'times new roman', times, serif;\">Gi\u00e1 treo gi\u1ea5y v\u1ec7 sinh Hiwin Y-11301 m\u00e0u \u0111en s\u1edf h\u1eefu thi\u1ebft k\u1ebf t\u1ed1i gi\u1ea3n, hi\u1ec7n \u0111\u1ea1i v\u1edbi nh\u1eefng \u0111\u01b0\u1eddng n\u00e9t kh\u1ecfe kho\u1eafn, m\u1ea1nh m\u1ebd. K\u00edch th\u01b0\u1edbc 140x100x85mm r\u1ea5t nh\u1ecf g\u1ecdn, gi\u00fap ph\u1ee5 ki\u1ec7n n\u00e0y tr\u1edf th\u00e0nh m\u1ed9t chi ti\u1ebft trang tr\u00ed, l\u00e0m n\u1ed5i b\u1eadt gu thi\u1ebft k\u1ebf sang tr\u1ecdng c\u1ee7a ph\u00f2ng t\u1eafm. S\u1ea3n ph\u1ea9m \u0111\u01b0\u1ee3c thi\u1ebft k\u1ebf m\u1edf, gi\u00fap vi\u1ec7c thay cu\u1ed9n gi\u1ea5y v\u1ec7 sinh c\u1ef1c k\u1ef3 d\u1ec5 d\u00e0ng v\u00e0 nhanh ch\u00f3ng. C\u00e1c chi ti\u1ebft \u0111\u01b0\u1ee3c ho\u00e0n thi\u1ec7n t\u1ec9 m\u1ec9, kh\u00f4ng c\u00f3 g\u00f3c c\u1ea1nh s\u1eafc n\u00e9t, \u0111\u1ea3m b\u1ea3o an to\u00e0n cho ng\u01b0\u1eddi d\u00f9ng trong qu\u00e1 tr\u00ecnh sinh ho\u1ea1t h\u1eb1ng ng\u00e0y.<\/span><\/p>\n<figure id=\"attachment_24684\" aria-describedby=\"caption-attachment-24684\" style=\"width: 800px\" class=\"wp-caption aligncenter\"><img loading=\"lazy\" decoding=\"async\" class=\"wp-image-24684\" src=\"https:\/\/hiwinvietnam.vn\/wp-content\/uploads\/2025\/09\/Y-11301B-6.jpg\" alt=\"Thi\u1ebft k\u1ebf t\u1ed5ng quan c\u1ee7a gi\u00e1 treo gi\u1ea5y v\u1ec7 sinh Hiwin Y-11301\" width=\"800\" height=\"800\" srcset=\"https:\/\/hiwinvietnam.vn\/wp-content\/uploads\/2025\/09\/Y-11301B-6.jpg 2400w, https:\/\/hiwinvietnam.vn\/wp-content\/uploads\/2025\/09\/Y-11301B-6-300x300.jpg 300w, https:\/\/hiwinvietnam.vn\/wp-content\/uploads\/2025\/09\/Y-11301B-6-1024x1024.jpg 1024w, https:\/\/hiwinvietnam.vn\/wp-content\/uploads\/2025\/09\/Y-11301B-6-150x150.jpg 150w, https:\/\/hiwinvietnam.vn\/wp-content\/uploads\/2025\/09\/Y-11301B-6-768x768.jpg 768w, https:\/\/hiwinvietnam.vn\/wp-content\/uploads\/2025\/09\/Y-11301B-6-1536x1536.jpg 1536w, https:\/\/hiwinvietnam.vn\/wp-content\/uploads\/2025\/09\/Y-11301B-6-2048x2048.jpg 2048w, https:\/\/hiwinvietnam.vn\/wp-content\/uploads\/2025\/09\/Y-11301B-6-12x12.jpg 12w, https:\/\/hiwinvietnam.vn\/wp-content\/uploads\/2025\/09\/Y-11301B-6-20x20.jpg 20w, https:\/\/hiwinvietnam.vn\/wp-content\/uploads\/2025\/09\/Y-11301B-6-600x600.jpg 600w, https:\/\/hiwinvietnam.vn\/wp-content\/uploads\/2025\/09\/Y-11301B-6-100x100.jpg 100w\" sizes=\"auto, (max-width: 800px) 100vw, 800px\" \/><figcaption id=\"caption-attachment-24684\" class=\"wp-caption-text\"><span style=\"font-family: 'times new roman', times, serif; font-size: 14pt;\"><em>Thi\u1ebft k\u1ebf t\u1ed5ng quan c\u1ee7a gi\u00e1 treo gi\u1ea5y v\u1ec7 sinh Hiwin Y-11301<\/em><\/span><\/figcaption><\/figure>\n<h2 style=\"text-align: justify;\"><span style=\"font-size: 14pt; font-family: 'times new roman', times, serif;\"><b>Ch\u1ea5t li\u1ec7u \u0111\u1ed3ng cao c\u1ea5p, b\u1ec1n b\u1ec9 v\u1edbi th\u1eddi gian<\/b><\/span><\/h2>\n<p style=\"text-align: justify;\"><span style=\"font-weight: 400; font-size: 14pt; font-family: 'times new roman', times, serif;\">Y-11301 \u0111\u01b0\u1ee3c ch\u1ebf t\u00e1c t\u1eeb \u0111\u1ed3ng cao c\u1ea5p, mang l\u1ea1i \u0111\u1ed9 b\u1ec1n v\u01b0\u1ee3t tr\u1ed9i l\u00e0 kh\u1ea3 n\u0103ng ch\u1ecbu l\u1ef1c t\u1ed1t trong su\u1ed1t qu\u00e1 tr\u00ecnh s\u1eed d\u1ee5ng. Ch\u1ea5t li\u1ec7u n\u00e0y n\u1ed5i ti\u1ebfng v\u1edbi \u01b0u \u0111i\u1ec3m c\u1ee9ng ch\u1eafc, n\u1eb7ng tay v\u00e0 c\u00f3 \u0111\u1ed9 \u1ed5n \u0111\u1ecbnh cao, gi\u00fap s\u1ea3n ph\u1ea9m kh\u00f4ng b\u1ecb cong v\u00eanh hay bi\u1ebfn d\u1ea1ng ngay c\u1ea3 khi ch\u1ecbu t\u00e1c \u0111\u1ed9ng l\u1ef1c l\u1edbn.<\/span><\/p>\n<p style=\"text-align: justify;\"><span style=\"font-size: 14pt; font-family: 'times new roman', times, serif;\"><span style=\"font-weight: 400;\">Trong m\u00f4i tr\u01b0\u1eddng ph\u00f2ng t\u1eafm th\u01b0\u1eddng xuy\u00ean ti\u1ebfp x\u00fac v\u1edbi h\u01a1i n\u01b0\u1edbc v\u00e0 \u0111\u1ed9 \u1ea9m cao, <\/span><a href=\"https:\/\/vi.wikipedia.org\/wiki\/%C4%90%E1%BB%93ng\" target=\"_blank\" rel=\"noopener\"><span style=\"font-weight: 400;\">\u0111\u1ed3ng<\/span><\/a><span style=\"font-weight: 400;\"> n\u1ed5i b\u1eadt nh\u1edd kh\u1ea3 n\u0103ng h\u1ea1n ch\u1ebf g\u1ec9 s\u00e9t, ch\u1ed1ng \u0103n m\u00f2n v\u00e0 ch\u1ed1ng oxy h\u00f3a hi\u1ec7u qu\u1ea3. \u0110\u00e2y l\u00e0 y\u1ebfu t\u1ed1 m\u00e0 c\u00e1c s\u1ea3n ph\u1ea9m gi\u00e1 treo b\u1eb1ng inox ho\u1eb7c nh\u1ef1a kh\u00f3 c\u00f3 th\u1ec3 so s\u00e1nh, v\u00ec inox lo\u1ea1i th\u00f4ng th\u01b0\u1eddng nh\u01b0 201 s\u1ebd b\u1ecb g\u1ec9 s\u00e9t sau m\u1ed9t th\u1eddi gian d\u00e0i, c\u00f2n nh\u1ef1a l\u1ea1i d\u1ec5 gi\u00f2n, n\u1ee9t ho\u1eb7c b\u1ea1c m\u00e0u.<\/span><\/span><\/p>\n<p style=\"text-align: justify;\"><span style=\"font-weight: 400; font-size: 14pt; font-family: 'times new roman', times, serif;\">Ngo\u00e0i ra, \u0111\u1ed3ng c\u00f2n mang l\u1ea1i c\u1ea3m gi\u00e1c sang tr\u1ecdng v\u00e0 b\u1ec1n b\u1ec9 theo th\u1eddi gian. C\u00e0ng s\u1eed d\u1ee5ng l\u00e2u, b\u1ec1 m\u1eb7t \u0111\u1ed3ng c\u00e0ng gi\u1eef \u0111\u01b0\u1ee3c v\u1ebb \u0111\u1eb9p c\u1ed5 \u0111i\u1ec3n, tinh t\u1ebf. Ch\u00ednh v\u00ec th\u1ebf, gi\u00e1 treo gi\u1ea5y v\u1ec7 sinh Hiwin Y-11301 kh\u00f4ng ch\u1ec9 \u0111\u00e1p \u1ee9ng nhu c\u1ea7u v\u1ec1 \u0111\u1ed9 b\u1ec1n v\u00e0 s\u1ef1 ti\u1ec7n l\u1ee3i m\u00e0 c\u00f2n th\u1ec3 hi\u1ec7n phong c\u00e1ch s\u1ed1ng \u0111\u1eb3ng c\u1ea5p, g\u00f3p ph\u1ea7n n\u00e2ng t\u1ea7m gi\u00e1 tr\u1ecb kh\u00f4ng gian ph\u00f2ng t\u1eafm.<\/span><\/p>\n<figure id=\"attachment_24077\" aria-describedby=\"caption-attachment-24077\" style=\"width: 800px\" class=\"wp-caption aligncenter\"><img loading=\"lazy\" decoding=\"async\" class=\"wp-image-24077\" src=\"https:\/\/hiwinvietnam.vn\/wp-content\/uploads\/2025\/09\/gia-treo-giay-ve-sinh-hiwin-y-11301b-8.jpg\" alt=\"Ch\u1ea5t li\u1ec7u \u0111\u1ed3ng cao c\u1ea5p, b\u1ec1n b\u1ec9 v\u1edbi th\u1eddi gian\" width=\"800\" height=\"800\" srcset=\"https:\/\/hiwinvietnam.vn\/wp-content\/uploads\/2025\/09\/gia-treo-giay-ve-sinh-hiwin-y-11301b-8.jpg 2400w, https:\/\/hiwinvietnam.vn\/wp-content\/uploads\/2025\/09\/gia-treo-giay-ve-sinh-hiwin-y-11301b-8-300x300.jpg 300w, https:\/\/hiwinvietnam.vn\/wp-content\/uploads\/2025\/09\/gia-treo-giay-ve-sinh-hiwin-y-11301b-8-1024x1024.jpg 1024w, https:\/\/hiwinvietnam.vn\/wp-content\/uploads\/2025\/09\/gia-treo-giay-ve-sinh-hiwin-y-11301b-8-150x150.jpg 150w, https:\/\/hiwinvietnam.vn\/wp-content\/uploads\/2025\/09\/gia-treo-giay-ve-sinh-hiwin-y-11301b-8-768x768.jpg 768w, https:\/\/hiwinvietnam.vn\/wp-content\/uploads\/2025\/09\/gia-treo-giay-ve-sinh-hiwin-y-11301b-8-1536x1536.jpg 1536w, https:\/\/hiwinvietnam.vn\/wp-content\/uploads\/2025\/09\/gia-treo-giay-ve-sinh-hiwin-y-11301b-8-2048x2048.jpg 2048w, https:\/\/hiwinvietnam.vn\/wp-content\/uploads\/2025\/09\/gia-treo-giay-ve-sinh-hiwin-y-11301b-8-12x12.jpg 12w, https:\/\/hiwinvietnam.vn\/wp-content\/uploads\/2025\/09\/gia-treo-giay-ve-sinh-hiwin-y-11301b-8-20x20.jpg 20w, https:\/\/hiwinvietnam.vn\/wp-content\/uploads\/2025\/09\/gia-treo-giay-ve-sinh-hiwin-y-11301b-8-600x600.jpg 600w, https:\/\/hiwinvietnam.vn\/wp-content\/uploads\/2025\/09\/gia-treo-giay-ve-sinh-hiwin-y-11301b-8-100x100.jpg 100w\" sizes=\"auto, (max-width: 800px) 100vw, 800px\" \/><figcaption id=\"caption-attachment-24077\" class=\"wp-caption-text\"><em><span style=\"font-size: 14pt; font-family: 'times new roman', times, serif;\">Gi\u00e1 treo gi\u1ea5y v\u1ec7 sinh Hiwin Y-11301 c\u00f3 ch\u1ea5t li\u1ec7u \u0111\u1ed3ng cao c\u1ea5p, b\u1ec1n b\u1ec9 v\u1edbi th\u1eddi gian<\/span><\/em><\/figcaption><\/figure>\n<h2 style=\"text-align: justify;\"><span style=\"font-size: 14pt; font-family: 'times new roman', times, serif;\"><b>X\u1eed l\u00fd b\u1ec1 m\u1eb7t b\u1eb1ng l\u1edbp ph\u1ee7 m\u00e0u \u0111en m\u1edd sang tr\u1ecdng<\/b><\/span><\/h2>\n<p style=\"text-align: justify;\"><span style=\"font-weight: 400; font-size: 14pt; font-family: 'times new roman', times, serif;\">Kh\u00e1c v\u1edbi v\u1ebb b\u00f3ng b\u1ea9y c\u1ee7a c\u00e1c ph\u1ee5 ki\u1ec7n nh\u00e0 t\u1eafm th\u00f4ng th\u01b0\u1eddng, m\u00e0u \u0111en m\u1edd c\u1ee7a gi\u00e1 treo gi\u1ea5y v\u1ec7 sinh Hiwin Y-11301 mang l\u1ea1i s\u1ef1 sang tr\u1ecdng, \u0111\u1eb3ng c\u1ea5p. \u0110\u00e2y l\u00e0 l\u1ef1a ch\u1ecdn l\u00fd t\u01b0\u1edfng cho nh\u1eefng kh\u00f4ng gian ph\u00f2ng t\u1eafm theo phong c\u00e1ch t\u1ed1i gi\u1ea3n, hi\u1ec7n \u0111\u1ea1i ho\u1eb7c c\u00f4ng nghi\u1ec7p.<\/span><\/p>\n<p style=\"text-align: justify;\"><span style=\"font-weight: 400; font-size: 14pt; font-family: 'times new roman', times, serif;\">L\u1edbp ph\u1ee7 m\u00e0u \u0111en m\u1edd n\u00e0y \u0111\u01b0\u1ee3c x\u1eed l\u00fd b\u1eb1ng c\u00f4ng ngh\u1ec7 cao, c\u00f3 kh\u1ea3 n\u0103ng ch\u1ed1ng tr\u1ea7y x\u01b0\u1edbc v\u00e0 h\u1ea1n ch\u1ebf v\u1ebft b\u00e1m v\u00e2n tay hi\u1ec7u qu\u1ea3. B\u1ec1 m\u1eb7t s\u1ea3n ph\u1ea9m lu\u00f4n gi\u1eef \u0111\u01b0\u1ee3c v\u1ebb \u0111\u1eb9p s\u1ea1ch s\u1ebd, tinh t\u1ebf. M\u00e0u \u0111en c\u0169ng d\u1ec5 d\u00e0ng k\u1ebft h\u1ee3p v\u1edbi c\u00e1c v\u1eadt li\u1ec7u kh\u00e1c nh\u01b0 g\u1ea1ch men tr\u1eafng, g\u1ed7 t\u1ef1 nhi\u00ean hay \u0111\u00e1 c\u1ea9m th\u1ea1ch, t\u1ea1o n\u00ean s\u1ef1 t\u01b0\u01a1ng ph\u1ea3n m\u1ea1nh m\u1ebd, gi\u00fap ph\u00f2ng t\u1eafm tr\u1edf n\u00ean n\u1ed5i b\u1eadt v\u00e0 \u1ea5n t\u01b0\u1ee3ng h\u01a1n.<\/span><\/p>\n<figure id=\"attachment_24078\" aria-describedby=\"caption-attachment-24078\" style=\"width: 800px\" class=\"wp-caption aligncenter\"><img loading=\"lazy\" decoding=\"async\" class=\"wp-image-24078\" src=\"https:\/\/hiwinvietnam.vn\/wp-content\/uploads\/2025\/09\/gia-treo-giay-ve-sinh-hiwin-y-11301b-9.jpg\" alt=\"L\u00f4 gi\u1ea5y Hiwin Y-11301B x\u1eed l\u00fd b\u1ec1 m\u1eb7t b\u1eb1ng l\u1edbp ph\u1ee7 m\u00e0u \u0111en m\u1edd\" width=\"800\" height=\"800\" srcset=\"https:\/\/hiwinvietnam.vn\/wp-content\/uploads\/2025\/09\/gia-treo-giay-ve-sinh-hiwin-y-11301b-9.jpg 2400w, https:\/\/hiwinvietnam.vn\/wp-content\/uploads\/2025\/09\/gia-treo-giay-ve-sinh-hiwin-y-11301b-9-300x300.jpg 300w, https:\/\/hiwinvietnam.vn\/wp-content\/uploads\/2025\/09\/gia-treo-giay-ve-sinh-hiwin-y-11301b-9-1024x1024.jpg 1024w, https:\/\/hiwinvietnam.vn\/wp-content\/uploads\/2025\/09\/gia-treo-giay-ve-sinh-hiwin-y-11301b-9-150x150.jpg 150w, https:\/\/hiwinvietnam.vn\/wp-content\/uploads\/2025\/09\/gia-treo-giay-ve-sinh-hiwin-y-11301b-9-768x768.jpg 768w, https:\/\/hiwinvietnam.vn\/wp-content\/uploads\/2025\/09\/gia-treo-giay-ve-sinh-hiwin-y-11301b-9-1536x1536.jpg 1536w, https:\/\/hiwinvietnam.vn\/wp-content\/uploads\/2025\/09\/gia-treo-giay-ve-sinh-hiwin-y-11301b-9-2048x2048.jpg 2048w, https:\/\/hiwinvietnam.vn\/wp-content\/uploads\/2025\/09\/gia-treo-giay-ve-sinh-hiwin-y-11301b-9-12x12.jpg 12w, https:\/\/hiwinvietnam.vn\/wp-content\/uploads\/2025\/09\/gia-treo-giay-ve-sinh-hiwin-y-11301b-9-20x20.jpg 20w, https:\/\/hiwinvietnam.vn\/wp-content\/uploads\/2025\/09\/gia-treo-giay-ve-sinh-hiwin-y-11301b-9-600x600.jpg 600w, https:\/\/hiwinvietnam.vn\/wp-content\/uploads\/2025\/09\/gia-treo-giay-ve-sinh-hiwin-y-11301b-9-100x100.jpg 100w\" sizes=\"auto, (max-width: 800px) 100vw, 800px\" \/><figcaption id=\"caption-attachment-24078\" class=\"wp-caption-text\"><em><span style=\"font-size: 14pt; font-family: 'times new roman', times, serif;\">Y-11301 x\u1eed l\u00fd b\u1ec1 m\u1eb7t b\u1eb1ng l\u1edbp ph\u1ee7 m\u00e0u \u0111en m\u1edd<\/span><\/em><\/figcaption><\/figure>\n<h2 style=\"text-align: justify;\"><span style=\"font-size: 14pt; font-family: 'times new roman', times, serif;\"><b>\u0110a d\u1ea1ng c\u00f4ng n\u0103ng s\u1eed d\u1ee5ng, l\u1eafp \u0111\u1eb7t d\u1ec5 d\u00e0ng<\/b><\/span><\/h2>\n<p style=\"text-align: justify;\"><span style=\"font-weight: 400; font-size: 14pt; font-family: 'times new roman', times, serif;\">Thi\u1ebft k\u1ebf th\u00f4ng minh c\u1ee7a Y-11301 m\u00e0u \u0111en h\u1ed7 tr\u1ee3 thao t\u00e1c thay l\u00f5i gi\u1ea5y nhanh ch\u00f3ng. Ng\u01b0\u1eddi d\u00f9ng ch\u1ec9 c\u1ea7n m\u1ed9t v\u00e0i b\u01b0\u1edbc \u0111\u01a1n gi\u1ea3n \u0111\u1ec3 l\u1eafp \u0111\u1eb7t cu\u1ed9n gi\u1ea5y m\u1edbi, ti\u1ebft ki\u1ec7m th\u1eddi gian v\u00e0 mang l\u1ea1i tr\u1ea3i nghi\u1ec7m tho\u1ea3i m\u00e1i h\u01a1n trong qu\u00e1 tr\u00ecnh s\u1eed d\u1ee5ng. C\u1ea5u tr\u00fac ch\u1eafc ch\u1eafn c\u00f9ng l\u1edbp b\u1ec1 m\u1eb7t x\u1eed l\u00fd k\u1ef9 l\u01b0\u1ee1ng gi\u00fap gi\u1eef gi\u1ea5y lu\u00f4n kh\u00f4 r\u00e1o, h\u1ea1n ch\u1ebf \u1ea3nh h\u01b0\u1edfng t\u1eeb m\u00f4i tr\u01b0\u1eddng \u1ea9m \u01b0\u1edbt c\u1ee7a ph\u00f2ng t\u1eafm.<\/span><\/p>\n<p style=\"text-align: justify;\"><span style=\"font-weight: 400; font-size: 14pt; font-family: 'times new roman', times, serif;\">Gi\u00e1 treo gi\u1ea5y v\u1ec7 sinh Hiwin Y-11301 \u0111i k\u00e8m v\u1edbi b\u1ed9 ph\u1ee5 ki\u1ec7n v\u00e0 h\u01b0\u1edbng d\u1eabn l\u1eafp \u0111\u1eb7t chi ti\u1ebft, gi\u00fap ng\u01b0\u1eddi d\u00f9ng d\u1ec5 d\u00e0ng g\u1eafn s\u1ea3n ph\u1ea9m l\u00ean t\u01b0\u1eddng m\u1ed9t c\u00e1ch ch\u1eafc ch\u1eafn. C\u00e1c b\u01b0\u1edbc l\u1eafp \u0111\u1eb7t \u0111\u01a1n gi\u1ea3n, kh\u00f4ng \u0111\u00f2i h\u1ecfi k\u1ef9 thu\u1eadt ph\u1ee9c t\u1ea1p hay c\u00f4ng c\u1ee5 chuy\u00ean d\u1ee5ng.<\/span><\/p>\n<figure id=\"attachment_24080\" aria-describedby=\"caption-attachment-24080\" style=\"width: 800px\" class=\"wp-caption aligncenter\"><img loading=\"lazy\" decoding=\"async\" class=\"wp-image-24080\" src=\"https:\/\/hiwinvietnam.vn\/wp-content\/uploads\/2025\/09\/gia-treo-giay-ve-sinh-hiwin-y-11301b-11.jpg\" alt=\"Thi\u1ebft k\u1ebf th\u00f4ng minh c\u1ee7a Hiwin Y-11301B \" width=\"800\" height=\"800\" srcset=\"https:\/\/hiwinvietnam.vn\/wp-content\/uploads\/2025\/09\/gia-treo-giay-ve-sinh-hiwin-y-11301b-11.jpg 2400w, https:\/\/hiwinvietnam.vn\/wp-content\/uploads\/2025\/09\/gia-treo-giay-ve-sinh-hiwin-y-11301b-11-300x300.jpg 300w, https:\/\/hiwinvietnam.vn\/wp-content\/uploads\/2025\/09\/gia-treo-giay-ve-sinh-hiwin-y-11301b-11-1024x1024.jpg 1024w, https:\/\/hiwinvietnam.vn\/wp-content\/uploads\/2025\/09\/gia-treo-giay-ve-sinh-hiwin-y-11301b-11-150x150.jpg 150w, https:\/\/hiwinvietnam.vn\/wp-content\/uploads\/2025\/09\/gia-treo-giay-ve-sinh-hiwin-y-11301b-11-768x768.jpg 768w, https:\/\/hiwinvietnam.vn\/wp-content\/uploads\/2025\/09\/gia-treo-giay-ve-sinh-hiwin-y-11301b-11-1536x1536.jpg 1536w, https:\/\/hiwinvietnam.vn\/wp-content\/uploads\/2025\/09\/gia-treo-giay-ve-sinh-hiwin-y-11301b-11-2048x2048.jpg 2048w, https:\/\/hiwinvietnam.vn\/wp-content\/uploads\/2025\/09\/gia-treo-giay-ve-sinh-hiwin-y-11301b-11-12x12.jpg 12w, https:\/\/hiwinvietnam.vn\/wp-content\/uploads\/2025\/09\/gia-treo-giay-ve-sinh-hiwin-y-11301b-11-20x20.jpg 20w, https:\/\/hiwinvietnam.vn\/wp-content\/uploads\/2025\/09\/gia-treo-giay-ve-sinh-hiwin-y-11301b-11-600x600.jpg 600w, https:\/\/hiwinvietnam.vn\/wp-content\/uploads\/2025\/09\/gia-treo-giay-ve-sinh-hiwin-y-11301b-11-100x100.jpg 100w\" sizes=\"auto, (max-width: 800px) 100vw, 800px\" \/><figcaption id=\"caption-attachment-24080\" class=\"wp-caption-text\"><span style=\"font-size: 14pt; font-family: 'times new roman', times, serif;\"><em>Thi\u1ebft k\u1ebf th\u00f4ng minh c\u1ee7a Hiwin Y-11301<\/em><\/span><\/figcaption><\/figure>\n<h2 style=\"text-align: justify;\"><span style=\"font-size: 14pt; font-family: 'times new roman', times, serif;\"><b>Th\u00edch h\u1ee3p nhi\u1ec1u phong c\u00e1ch v\u00e0 kh\u00f4ng gian kh\u00e1c nhau<\/b><\/span><\/h2>\n<p style=\"text-align: justify;\"><span style=\"font-weight: 400; font-size: 14pt; font-family: 'times new roman', times, serif;\">S\u1ea3n ph\u1ea9m th\u00edch h\u1ee3p v\u1edbi nhi\u1ec1u kh\u00f4ng gian kh\u00e1c nhau, t\u1eeb ph\u00f2ng t\u1eafm gia \u0111\u00ecnh \u0111\u1ebfn kh\u00e1ch s\u1ea1n, spa, homestay hay c\u00e1c khu ngh\u1ec9 d\u01b0\u1ee1ng cao c\u1ea5p. Kh\u00f4ng nh\u1eefng v\u1eady, gi\u00e1 treo gi\u1ea5y v\u1ec7 sinh Hiwin Y-11301 c\u00f2n ph\u00f9 h\u1ee3p v\u1edbi v\u1edbi nhi\u1ec1u phong c\u00e1ch ph\u00f2ng t\u1eafm kh\u00e1c nhau:<\/span><\/p>\n<ul style=\"text-align: justify;\">\n<li style=\"font-weight: 400;\" aria-level=\"1\"><span style=\"font-size: 14pt; font-family: 'times new roman', times, serif;\"><b>Phong c\u00e1ch hi\u1ec7n \u0111\u1ea1i v\u00e0 t\u1ed1i gi\u1ea3n:<\/b><span style=\"font-weight: 400;\"> M\u00e0u \u0111en m\u1edd c\u1ee7a s\u1ea3n ph\u1ea9m s\u1ebd tr\u1edf th\u00e0nh \u0111i\u1ec3m nh\u1ea5n tinh t\u1ebf, h\u00e0i h\u00f2a v\u1edbi c\u00e1c thi\u1ebft b\u1ecb v\u1ec7 sinh c\u00f3 \u0111\u01b0\u1eddng n\u00e9t \u0111\u01a1n gi\u1ea3n, m\u00e0u s\u1eafc trung t\u00ednh nh\u01b0 tr\u1eafng, x\u00e1m.<\/span><\/span><\/li>\n<li style=\"font-weight: 400;\" aria-level=\"1\"><span style=\"font-size: 14pt; font-family: 'times new roman', times, serif;\"><b>Phong c\u00e1ch c\u00f4ng nghi\u1ec7p: <\/b><span style=\"font-weight: 400;\">V\u1ebb ngo\u00e0i m\u1ea1nh m\u1ebd, c\u1ee9ng c\u00e1p c\u1ee7a Y-11301 r\u1ea5t ph\u00f9 h\u1ee3p v\u1edbi c\u00e1c kh\u00f4ng gian s\u1eed d\u1ee5ng v\u1eadt li\u1ec7u th\u00f4 nh\u01b0 b\u00ea t\u00f4ng, g\u1ea1ch tr\u1ea7n, v\u00e0 c\u00e1c thi\u1ebft b\u1ecb kim lo\u1ea1i.<\/span><\/span><\/li>\n<li style=\"font-weight: 400;\" aria-level=\"1\"><span style=\"font-size: 14pt; font-family: 'times new roman', times, serif;\"><b>Phong c\u00e1ch t\u00e2n c\u1ed5 \u0111i\u1ec3n: <\/b>S\u1ea3n ph\u1ea9m c\u00f3 th\u1ec3 t\u1ea1o s\u1ef1 t\u01b0\u01a1ng ph\u1ea3n \u0111\u1ea7y \u1ea5n t\u01b0\u1ee3ng v\u1edbi c\u00e1c chi ti\u1ebft c\u1ed5 \u0111i\u1ec3n, mang l\u1ea1i s\u1ef1 ph\u00e1 c\u00e1ch, \u0111\u1ed9c \u0111\u00e1o.<\/span><\/li>\n<\/ul>\n<figure id=\"attachment_24079\" aria-describedby=\"caption-attachment-24079\" style=\"width: 800px\" class=\"wp-caption aligncenter\"><img loading=\"lazy\" decoding=\"async\" class=\"wp-image-24079\" src=\"https:\/\/hiwinvietnam.vn\/wp-content\/uploads\/2025\/09\/gia-treo-giay-ve-sinh-hiwin-y-11301b-10.jpg\" alt=\"Gi\u00e1 treo gi\u1ea5y v\u1ec7 sinh Hiwin Y-11301B c\u00f2n ph\u00f9 h\u1ee3p v\u1edbi v\u1edbi nhi\u1ec1u phong c\u00e1ch ph\u00f2ng t\u1eafm kh\u00e1c nhau\" width=\"800\" height=\"800\" srcset=\"https:\/\/hiwinvietnam.vn\/wp-content\/uploads\/2025\/09\/gia-treo-giay-ve-sinh-hiwin-y-11301b-10.jpg 2400w, https:\/\/hiwinvietnam.vn\/wp-content\/uploads\/2025\/09\/gia-treo-giay-ve-sinh-hiwin-y-11301b-10-300x300.jpg 300w, https:\/\/hiwinvietnam.vn\/wp-content\/uploads\/2025\/09\/gia-treo-giay-ve-sinh-hiwin-y-11301b-10-1024x1024.jpg 1024w, https:\/\/hiwinvietnam.vn\/wp-content\/uploads\/2025\/09\/gia-treo-giay-ve-sinh-hiwin-y-11301b-10-150x150.jpg 150w, https:\/\/hiwinvietnam.vn\/wp-content\/uploads\/2025\/09\/gia-treo-giay-ve-sinh-hiwin-y-11301b-10-768x768.jpg 768w, https:\/\/hiwinvietnam.vn\/wp-content\/uploads\/2025\/09\/gia-treo-giay-ve-sinh-hiwin-y-11301b-10-1536x1536.jpg 1536w, https:\/\/hiwinvietnam.vn\/wp-content\/uploads\/2025\/09\/gia-treo-giay-ve-sinh-hiwin-y-11301b-10-2048x2048.jpg 2048w, https:\/\/hiwinvietnam.vn\/wp-content\/uploads\/2025\/09\/gia-treo-giay-ve-sinh-hiwin-y-11301b-10-12x12.jpg 12w, https:\/\/hiwinvietnam.vn\/wp-content\/uploads\/2025\/09\/gia-treo-giay-ve-sinh-hiwin-y-11301b-10-20x20.jpg 20w, https:\/\/hiwinvietnam.vn\/wp-content\/uploads\/2025\/09\/gia-treo-giay-ve-sinh-hiwin-y-11301b-10-600x600.jpg 600w, https:\/\/hiwinvietnam.vn\/wp-content\/uploads\/2025\/09\/gia-treo-giay-ve-sinh-hiwin-y-11301b-10-100x100.jpg 100w\" sizes=\"auto, (max-width: 800px) 100vw, 800px\" \/><figcaption id=\"caption-attachment-24079\" class=\"wp-caption-text\"><em><span style=\"font-size: 14pt; font-family: 'times new roman', times, serif;\">Gi\u00e1 treo gi\u1ea5y v\u1ec7 sinh Hiwin Y-11301 c\u00f2n ph\u00f9 h\u1ee3p v\u1edbi v\u1edbi nhi\u1ec1u phong c\u00e1ch ph\u00f2ng t\u1eafm kh\u00e1c nhau<\/span><\/em><\/figcaption><\/figure>\n<p style=\"text-align: justify;\"><span style=\"font-size: 14pt; font-family: 'times new roman', times, serif;\"><span style=\"font-weight: 400;\"><strong>Gi\u00e1 treo gi\u1ea5y v\u1ec7 sinh Hiwin Y-11301<\/strong> <strong>m\u00e0u \u0111en<\/strong> l\u00e0 s\u1ef1 l\u1ef1a ch\u1ecdn x\u1ee9ng \u0111\u00e1ng cho nh\u1eefng ai \u0111\u1ec1 cao s\u1ef1 ti\u1ec7n nghi, th\u1ea9m m\u1ef9 v\u00e0 \u0111\u1ed9 b\u1ec1n trong kh\u00f4ng gian s\u1ed1ng. M\u1ed7i chi ti\u1ebft \u0111\u01b0\u1ee3c ch\u1ebf t\u00e1c t\u1ec9 m\u1ec9 t\u1eeb ch\u1ea5t li\u1ec7u \u0111\u1ed3ng cao c\u1ea5p, k\u1ebft h\u1ee3p l\u1edbp ph\u1ee7 m\u00e0u \u0111en m\u1edd sang tr\u1ecdng, mang \u0111\u1ebfn s\u1ef1 h\u00e0i l\u00f2ng l\u00e2u d\u00e0i trong qu\u00e1 tr\u00ecnh s\u1eed d\u1ee5ng. N\u1ebfu b\u1ea1n quan t\u00e2m v\u00e0 mu\u1ed1n t\u00ecm th\u00eam l\u1ef1a ch\u1ecdn ph\u00f9 h\u1ee3p, h\u00e3y tham kh\u1ea3o c\u00e1c s\u1ea3n ph\u1ea9m <\/span><a href=\"https:\/\/hiwinvietnam.vn\/lo-giay-hop-dung-giay-ve-sinh\/\"><span style=\"font-weight: 400;\">l\u00f4 gi\u1ea5y v\u1ec7 sinh Hiwin<\/span><\/a><span style=\"font-weight: 400;\"> \u0111\u1ec3 ho\u00e0n thi\u1ec7n kh\u00f4ng gian ph\u00f2ng t\u1eafm theo phong c\u00e1ch ri\u00eang c\u1ee7a m\u00ecnh.<\/span><\/span><\/p>\n<p style=\"text-align: justify;\"><span style=\"font-size: 14pt; font-family: 'times new roman', times, serif;\"><b><i>&gt;&gt; Xem th\u00eam:<\/i><\/b><\/span><\/p>\n<ul>\n<li style=\"font-weight: 400; text-align: justify;\" aria-level=\"1\"><span style=\"font-size: 14pt; font-family: 'times new roman', times, serif;\"><a href=\"https:\/\/hiwinvietnam.vn\/lo-giay-y-534-den\/\"><span style=\"font-weight: 400;\">L\u00f4 gi\u1ea5y Y-534 \u0111en Hiwin<\/span><\/a><\/span><\/li>\n<li style=\"font-weight: 400; text-align: justify;\" aria-level=\"1\"><span style=\"font-size: 14pt; font-family: 'times new roman', times, serif;\"><a href=\"https:\/\/hiwinvietnam.vn\/lo-giu-giay-y-634\/\"><span style=\"font-weight: 400;\">L\u00f4 gi\u1eef gi\u1ea5y Y-634 Hiwin<\/span><\/a><\/span><\/li>\n<\/ul>\n","protected":false},"excerpt":{"rendered":"<p>Gi\u00e1 treo gi\u1ea5y v\u1ec7 sinh Hiwin Y-11301 m\u00e0u \u0111en mang \u0111\u1ebfn s\u1ef1 k\u1ebft h\u1ee3p ho\u00e0n h\u1ea3o gi\u1eefa ti\u1ec7n \u00edch v\u00e0 t\u00ednh th\u1ea9m m\u1ef9. V\u1edbi thi\u1ebft k\u1ebf tinh x\u1ea3o, ch\u1ea5t li\u1ec7u cao c\u1ea5p c\u00f9ng \u0111\u01b0\u1eddng n\u00e9t sang tr\u1ecdng, s\u1ea3n ph\u1ea9m gi\u00fap ph\u00f2ng t\u1eafm tr\u1edf n\u00ean hi\u1ec7n \u0111\u1ea1i v\u00e0 \u0111\u1eb3ng c\u1ea5p h\u01a1n, t\u1ea1o \u0111i\u1ec3m nh\u1ea5n n\u1ed5i b\u1eadt [&hellip;]<\/p>\n","protected":false},"featured_media":24685,"comment_status":"open","ping_status":"closed","template":"","meta":{"_acf_changed":false},"product_brand":[],"product_cat":[173,958],"product_tag":[],"class_list":{"0":"post-24075","1":"product","2":"type-product","3":"status-publish","4":"has-post-thumbnail","6":"product_cat-lo-giay-hop-dung-giay-ve-sinh","7":"product_cat-phu-kien-phong-tam","9":"first","10":"instock","11":"shipping-taxable","12":"purchasable","13":"product-type-simple"},"acf":[],"_links":{"self":[{"href":"https:\/\/hiwinvietnam.vn\/wp-json\/wp\/v2\/product\/24075","targetHints":{"allow":["GET"]}}],"collection":[{"href":"https:\/\/hiwinvietnam.vn\/wp-json\/wp\/v2\/product"}],"about":[{"href":"https:\/\/hiwinvietnam.vn\/wp-json\/wp\/v2\/types\/product"}],"replies":[{"embeddable":true,"href":"https:\/\/hiwinvietnam.vn\/wp-json\/wp\/v2\/comments?post=24075"}],"wp:featuredmedia":[{"embeddable":true,"href":"https:\/\/hiwinvietnam.vn\/wp-json\/wp\/v2\/media\/24685"}],"wp:attachment":[{"href":"https:\/\/hiwinvietnam.vn\/wp-json\/wp\/v2\/media?parent=24075"}],"wp:term":[{"taxonomy":"product_brand","embeddable":true,"href":"https:\/\/hiwinvietnam.vn\/wp-json\/wp\/v2\/product_brand?post=24075"},{"taxonomy":"product_cat","embeddable":true,"href":"https:\/\/hiwinvietnam.vn\/wp-json\/wp\/v2\/product_cat?post=24075"},{"taxonomy":"product_tag","embeddable":true,"href":"https:\/\/hiwinvietnam.vn\/wp-json\/wp\/v2\/product_tag?post=24075"}],"curies":[{"name":"wp","href":"https:\/\/api.w.org\/{rel}","templated":true}]}}