{"id":23194,"date":"2025-08-26T21:11:03","date_gmt":"2025-08-26T14:11:03","guid":{"rendered":"https:\/\/hiwinvietnam.vn\/?post_type=product&#038;p=23194"},"modified":"2026-01-15T10:31:47","modified_gmt":"2026-01-15T03:31:47","slug":"lo-giay-inox-304-hiwin-y-5009","status":"publish","type":"product","link":"https:\/\/hiwinvietnam.vn\/lo-giay-inox-304-hiwin-y-5009\/","title":{"rendered":"L\u00f4 gi\u1ea5y Inox 304 Hiwin Y-5009 b\u00f3ng g\u01b0\u01a1ng sang tr\u1ecdng"},"content":{"rendered":"<p style=\"text-align: justify;\"><span style=\"font-size: 14pt; font-family: 'times new roman', times, serif;\"><b><i>L\u00f4 gi\u1ea5y Inox 304 Hiwin Y-5009<\/i><\/b><span style=\"font-weight: 400;\"> c\u00f3 thi\u1ebft k\u1ebf nh\u1ecf g\u1ecdn, s\u1ea3n ph\u1ea9m d\u1ec5 d\u00e0ng ph\u00f9 h\u1ee3p v\u1edbi m\u1ecdi di\u1ec7n t\u00edch, t\u1eeb nh\u1eefng ph\u00f2ng t\u1eafm r\u1ed9ng r\u00e3i \u0111\u1ebfn nh\u1eefng kh\u00f4ng gian khi\u00eam t\u1ed1n. \u0110\u01b0\u1ee3c ch\u1ebf t\u00e1c t\u1eeb Inox 304 cao c\u1ea5p v\u00e0 tr\u1ea3i qua qu\u00e1 tr\u00ecnh x\u1eed l\u00fd \u0111\u00e1nh b\u00f3ng k\u1ef9 l\u01b0\u1ee1ng t\u1ea1o n\u00ean b\u1ec1 m\u1eb7t g\u01b0\u01a1ng b\u00f3ng, s\u1ea3n ph\u1ea9m kh\u00f4ng ch\u1ec9 b\u1ec1n \u0111\u1eb9p theo th\u1eddi gian m\u00e0 c\u00f2n mang l\u1ea1i v\u1ebb ngo\u00e0i l\u1ea5p l\u00e1nh \u0111\u1ea7y cu\u1ed1n h\u00fat. C\u00f9ng v\u1edbi kh\u1ea3 n\u0103ng l\u1eafp \u0111\u1eb7t nhanh ch\u00f3ng v\u00e0 c\u00f4ng n\u0103ng \u0111a d\u1ea1ng, s\u1ea3n ph\u1ea9m c\u1ee7a <\/span><a href=\"https:\/\/hiwinvietnam.vn\/\"><b>Hiwin<\/b><\/a><span style=\"font-weight: 400;\"> ch\u1eafc ch\u1eafn l\u00e0 l\u1ef1a ch\u1ecdn ho\u00e0n h\u1ea3o \u0111\u1ec3 ho\u00e0n thi\u1ec7n s\u1ef1 ti\u1ec7n nghi v\u00e0 tinh t\u1ebf cho ph\u00f2ng t\u1eafm c\u1ee7a b\u1ea1n.<\/span><\/span><\/p>\n<h2 style=\"text-align: justify;\"><span style=\"font-size: 14pt; font-family: 'times new roman', times, serif;\"><b>L\u00f4 gi\u1ea5y Inox 304 Hiwin Y-5009 \u0111\u01b0\u1ee3c x\u1eed l\u00fd \u0111\u00e1nh b\u00f3ng k\u1ef9 l\u01b0\u1ee1ng\u00a0\u00a0<\/b><\/span><\/h2>\n<p style=\"text-align: justify;\"><span style=\"font-weight: 400; font-size: 14pt; font-family: 'times new roman', times, serif;\">L\u00f4 gi\u1ea5y Inox 304 Hiwin Y-5009 n\u1ed5i b\u1eadt v\u1edbi v\u1ebb ngo\u00e0i l\u1ea5p l\u00e1nh, sang tr\u1ecdng nh\u1edd \u0111\u01b0\u1ee3c x\u1eed l\u00fd b\u1ec1 m\u1eb7t m\u1ed9t c\u00e1ch t\u1ec9 m\u1ec9. To\u00e0n b\u1ed9 s\u1ea3n ph\u1ea9m \u0111\u01b0\u1ee3c \u00e1p d\u1ee5ng c\u00f4ng ngh\u1ec7 \u0111\u00e1nh b\u00f3ng hi\u1ec7n \u0111\u1ea1i, t\u1ea1o n\u00ean m\u1ed9t l\u1edbp ho\u00e0n thi\u1ec7n s\u00e1ng b\u00f3ng nh\u01b0 g\u01b0\u01a1ng. L\u1edbp ho\u00e0n thi\u1ec7n n\u00e0y kh\u00f4ng ch\u1ec9 mang l\u1ea1i t\u00ednh th\u1ea9m m\u1ef9 cao, ph\u00f9 h\u1ee3p v\u1edbi c\u00e1c kh\u00f4ng gian ph\u00f2ng t\u1eafm \u0111\u1eb3ng c\u1ea5p, m\u00e0 c\u00f2n c\u00f3 t\u00e1c d\u1ee5ng th\u1ef1c ti\u1ec5n v\u01b0\u1ee3t tr\u1ed9i: h\u1ea1n ch\u1ebf t\u1ed1i \u0111a vi\u1ec7c b\u00e1m b\u1ee5i b\u1ea9n v\u00e0 c\u1eb7n n\u01b0\u1edbc.\u00a0<\/span><\/p>\n<p style=\"text-align: justify;\"><span style=\"font-weight: 400; font-size: 14pt; font-family: 'times new roman', times, serif;\">Nh\u1edd l\u1edbp ho\u00e0n thi\u1ec7n b\u00f3ng g\u01b0\u01a1ng, vi\u1ec7c v\u1ec7 sinh tr\u1edf n\u00ean v\u00f4 c\u00f9ng \u0111\u01a1n gi\u1ea3n v\u00e0 nhanh ch\u00f3ng. Ch\u1ec9 c\u1ea7n m\u1ed9t chi\u1ebfc kh\u0103n m\u1ec1m, b\u1ea1n \u0111\u00e3 c\u00f3 th\u1ec3 d\u1ec5 d\u00e0ng lau s\u1ea1ch m\u1ecdi v\u1ebft b\u1ea9n, gi\u1eef cho s\u1ea3n ph\u1ea9m lu\u00f4n m\u1edbi v\u00e0 l\u1ea5p l\u00e1nh nh\u01b0 l\u00fac ban \u0111\u1ea7u.<\/span><\/p>\n<figure id=\"attachment_23201\" aria-describedby=\"caption-attachment-23201\" style=\"width: 800px\" class=\"wp-caption aligncenter\"><img loading=\"lazy\" decoding=\"async\" class=\"size-full wp-image-23201\" src=\"https:\/\/hiwinvietnam.vn\/wp-content\/uploads\/2025\/08\/lo-giay-inox-304-hiwin-y-5009-12.jpg\" alt=\"L\u00f4 gi\u1ea5y Inox 304 Hiwin Y-5009 b\u00f3ng g\u01b0\u01a1ng sang tr\u1ecdng \" width=\"800\" height=\"800\" srcset=\"https:\/\/hiwinvietnam.vn\/wp-content\/uploads\/2025\/08\/lo-giay-inox-304-hiwin-y-5009-12.jpg 800w, https:\/\/hiwinvietnam.vn\/wp-content\/uploads\/2025\/08\/lo-giay-inox-304-hiwin-y-5009-12-300x300.jpg 300w, https:\/\/hiwinvietnam.vn\/wp-content\/uploads\/2025\/08\/lo-giay-inox-304-hiwin-y-5009-12-150x150.jpg 150w, https:\/\/hiwinvietnam.vn\/wp-content\/uploads\/2025\/08\/lo-giay-inox-304-hiwin-y-5009-12-768x768.jpg 768w, https:\/\/hiwinvietnam.vn\/wp-content\/uploads\/2025\/08\/lo-giay-inox-304-hiwin-y-5009-12-12x12.jpg 12w, https:\/\/hiwinvietnam.vn\/wp-content\/uploads\/2025\/08\/lo-giay-inox-304-hiwin-y-5009-12-20x20.jpg 20w, https:\/\/hiwinvietnam.vn\/wp-content\/uploads\/2025\/08\/lo-giay-inox-304-hiwin-y-5009-12-600x600.jpg 600w, https:\/\/hiwinvietnam.vn\/wp-content\/uploads\/2025\/08\/lo-giay-inox-304-hiwin-y-5009-12-100x100.jpg 100w\" sizes=\"auto, (max-width: 800px) 100vw, 800px\" \/><figcaption id=\"caption-attachment-23201\" class=\"wp-caption-text\"><em><span style=\"font-size: 14pt; font-family: 'times new roman', times, serif;\">L\u00f4 gi\u1ea5y Inox 304 Hiwin Y-5009 b\u00f3ng g\u01b0\u01a1ng sang tr\u1ecdng<\/span><\/em><\/figcaption><\/figure>\n<h2 style=\"text-align: justify;\"><span style=\"font-size: 14pt; font-family: 'times new roman', times, serif;\"><b>Hiwin Y-5009 \u0111\u01b0\u1ee3c l\u00e0m t\u1eeb Inox 304 cao c\u1ea5p\u00a0<\/b><\/span><\/h2>\n<p style=\"text-align: justify;\"><span style=\"font-weight: 400; font-size: 14pt; font-family: 'times new roman', times, serif;\">\u0110\u01b0\u1ee3c ch\u1ebf t\u00e1c t\u1eeb Inox 304 cao c\u1ea5p, l\u00f4 gi\u1ea5y Inox 304 Hiwin Y-5009 mang \u0111\u1ebfn s\u1ef1 kh\u00e1c bi\u1ec7t v\u01b0\u1ee3t tr\u1ed9i v\u1ec1 ch\u1ea5t l\u01b0\u1ee3ng. \u0110\u00e2y l\u00e0 lo\u1ea1i v\u1eadt li\u1ec7u \u0111\u01b0\u1ee3c \u0111\u00e1nh gi\u00e1 cao nh\u1edd \u0111\u1ed9 b\u1ec1n \u1ea5n t\u01b0\u1ee3ng v\u00e0 kh\u1ea3 n\u0103ng ch\u1ed1ng oxy h\u00f3a hi\u1ec7u qu\u1ea3, \u0111\u1eb7c bi\u1ec7t trong m\u00f4i tr\u01b0\u1eddng ph\u00f2ng t\u1eafm lu\u00f4n \u1ea9m \u01b0\u1edbt. Nh\u1edd \u0111\u1eb7c t\u00ednh ch\u1ecbu l\u1ef1c t\u1ed1t v\u00e0 kh\u1ea3 n\u0103ng ch\u1ed1ng \u0103n m\u00f2n h\u00f3a ch\u1ea5t, s\u1ea3n ph\u1ea9m s\u1ebd lu\u00f4n gi\u1eef \u0111\u01b0\u1ee3c h\u00ecnh d\u00e1ng ch\u1eafc ch\u1eafn v\u00e0 v\u1ebb ngo\u00e0i s\u00e1ng b\u00f3ng, kh\u00f4ng b\u1ecb hoen g\u1ec9 d\u00f9 s\u1eed d\u1ee5ng th\u01b0\u1eddng xuy\u00ean.<\/span><\/p>\n<p style=\"text-align: justify;\"><span style=\"font-size: 14pt; font-family: 'times new roman', times, serif;\"><span style=\"font-weight: 400;\">Ch\u1ea5t li\u1ec7u n\u00e0y kh\u00f4ng ch\u1ee9a ch\u00ec hay c\u00e1c <\/span><a href=\"https:\/\/vi.wikipedia.org\/wiki\/Kim_lo%E1%BA%A1i_n%E1%BA%B7ng\" target=\"_blank\" rel=\"noopener\"><b>kim lo\u1ea1i n\u1eb7ng<\/b><\/a><span style=\"font-weight: 400;\">, kh\u00f4ng ph\u00e1t sinh ch\u1ea5t \u0111\u1ed9c h\u1ea1i trong qu\u00e1 tr\u00ecnh s\u1eed d\u1ee5ng v\u00e0 r\u1ea5t d\u1ec5 v\u1ec7 sinh. Trong b\u1ed1i c\u1ea3nh xu h\u01b0\u1edbng s\u1ed1ng xanh v\u00e0 b\u1ec1n v\u1eefng ng\u00e0y c\u00e0ng \u0111\u01b0\u1ee3c ch\u00fa tr\u1ecdng, vi\u1ec7c l\u1ef1a ch\u1ecdn c\u00e1c s\u1ea3n ph\u1ea9m l\u00e0m t\u1eeb Inox 304 nh\u01b0 Hiwin Y-5009 kh\u00f4ng ch\u1ec9 l\u00e0 m\u1ed9t quy\u1ebft \u0111\u1ecbnh th\u00f4ng minh v\u1ec1 m\u1eb7t th\u1ea9m m\u1ef9 v\u00e0 c\u00f4ng n\u0103ng m\u00e0 c\u00f2n th\u1ec3 hi\u1ec7n s\u1ef1 quan t\u00e2m \u0111\u1ebfn s\u1ee9c kh\u1ecfe b\u1ea3n th\u00e2n v\u00e0 m\u00f4i tr\u01b0\u1eddng s\u1ed1ng.\u00a0<\/span><\/span><\/p>\n<figure id=\"attachment_23202\" aria-describedby=\"caption-attachment-23202\" style=\"width: 800px\" class=\"wp-caption aligncenter\"><img loading=\"lazy\" decoding=\"async\" class=\"size-full wp-image-23202\" src=\"https:\/\/hiwinvietnam.vn\/wp-content\/uploads\/2025\/08\/lo-giay-inox-304-hiwin-y-5009-7.jpg\" alt=\"Hiwin Y-5009 \u0111\u01b0\u1ee3c l\u00e0m t\u1eeb Inox 304 cao c\u1ea5p \" width=\"800\" height=\"800\" srcset=\"https:\/\/hiwinvietnam.vn\/wp-content\/uploads\/2025\/08\/lo-giay-inox-304-hiwin-y-5009-7.jpg 800w, https:\/\/hiwinvietnam.vn\/wp-content\/uploads\/2025\/08\/lo-giay-inox-304-hiwin-y-5009-7-300x300.jpg 300w, https:\/\/hiwinvietnam.vn\/wp-content\/uploads\/2025\/08\/lo-giay-inox-304-hiwin-y-5009-7-150x150.jpg 150w, https:\/\/hiwinvietnam.vn\/wp-content\/uploads\/2025\/08\/lo-giay-inox-304-hiwin-y-5009-7-768x768.jpg 768w, https:\/\/hiwinvietnam.vn\/wp-content\/uploads\/2025\/08\/lo-giay-inox-304-hiwin-y-5009-7-12x12.jpg 12w, https:\/\/hiwinvietnam.vn\/wp-content\/uploads\/2025\/08\/lo-giay-inox-304-hiwin-y-5009-7-20x20.jpg 20w, https:\/\/hiwinvietnam.vn\/wp-content\/uploads\/2025\/08\/lo-giay-inox-304-hiwin-y-5009-7-600x600.jpg 600w, https:\/\/hiwinvietnam.vn\/wp-content\/uploads\/2025\/08\/lo-giay-inox-304-hiwin-y-5009-7-100x100.jpg 100w\" sizes=\"auto, (max-width: 800px) 100vw, 800px\" \/><figcaption id=\"caption-attachment-23202\" class=\"wp-caption-text\"><em><span style=\"font-size: 14pt; font-family: 'times new roman', times, serif;\">Hiwin Y-5009 \u0111\u01b0\u1ee3c l\u00e0m t\u1eeb Inox 304 cao c\u1ea5p<\/span><\/em><\/figcaption><\/figure>\n<h2 style=\"text-align: justify;\"><span style=\"font-size: 14pt; font-family: 'times new roman', times, serif;\"><b>S\u1edf h\u1eefu thi\u1ebft k\u1ebf nh\u1ecf g\u1ecdn ph\u00f9 h\u1ee3p v\u1edbi nhi\u1ec1u kh\u00f4ng gian\u00a0<\/b><\/span><\/h2>\n<p style=\"text-align: justify;\"><span style=\"font-weight: 400; font-size: 14pt; font-family: 'times new roman', times, serif;\">L\u00f4 gi\u1ea5y Inox 304 Hiwin Y-5009 c\u00f3 h\u00ecnh d\u00e1ng tinh t\u1ebf v\u1edbi c\u00e1c g\u00f3c \u0111\u01b0\u1ee3c bo tr\u00f2n m\u1ec1m m\u1ea1i, kh\u00f4ng ch\u1ec9 gi\u00fap h\u1ea1n ch\u1ebf c\u00e1c v\u1ebft tr\u1ea7y x\u01b0\u1edbc trong qu\u00e1 tr\u00ecnh s\u1eed d\u1ee5ng m\u00e0 c\u00f2n \u0111\u1ea3m b\u1ea3o an to\u00e0n, \u0111\u1eb7c bi\u1ec7t khi l\u1eafp \u0111\u1eb7t \u1edf nh\u1eefng kh\u00f4ng gian nh\u1ecf h\u1eb9p.\u00a0<\/span><\/p>\n<p style=\"text-align: justify;\"><span style=\"font-weight: 400; font-size: 14pt; font-family: 'times new roman', times, serif;\">K\u00edch th\u01b0\u1edbc ch\u1ec9 122*100*100mm \u0111\u00e3 \u0111\u01b0\u1ee3c nghi\u00ean c\u1ee9u k\u1ef9 l\u01b0\u1ee1ng \u0111\u1ec3 d\u1ec5 d\u00e0ng ph\u00f9 h\u1ee3p v\u1edbi nhi\u1ec1u kh\u00f4ng gian kh\u00e1c nhau, t\u1eeb ph\u00f2ng t\u1eafm gia \u0111\u00ecnh, kh\u00e1ch s\u1ea1n, v\u0103n ph\u00f2ng cho \u0111\u1ebfn nh\u00e0 h\u00e0ng. S\u1ea3n ph\u1ea9m kh\u00f4ng chi\u1ebfm qu\u00e1 nhi\u1ec1u di\u1ec7n t\u00edch, kh\u00f4ng g\u00e2y c\u1ea3m gi\u00e1c ch\u1eadt ch\u1ed9i m\u00e0 v\u1eabn \u0111\u1ea3m b\u1ea3o \u0111\u1ea7y \u0111\u1ee7 c\u00f4ng n\u0103ng. D\u00f9 \u0111\u01b0\u1ee3c \u0111\u1eb7t \u1edf \u0111\u00e2u, s\u1ea3n ph\u1ea9m v\u1eabn \u0111\u1ea3m b\u1ea3o \u0111\u1ea7y \u0111\u1ee7 c\u00f4ng n\u0103ng, mang l\u1ea1i s\u1ef1 ti\u1ec7n nghi v\u00e0 v\u1ebb \u0111\u1eb9p tinh t\u1ebf, g\u1ecdn g\u00e0ng cho kh\u00f4ng gian c\u1ee7a b\u1ea1n.\u00a0<\/span><\/p>\n<figure id=\"attachment_23203\" aria-describedby=\"caption-attachment-23203\" style=\"width: 800px\" class=\"wp-caption aligncenter\"><img loading=\"lazy\" decoding=\"async\" class=\"size-full wp-image-23203\" src=\"https:\/\/hiwinvietnam.vn\/wp-content\/uploads\/2025\/08\/lo-giay-inox-304-hiwin-y-5009-8.jpg\" alt=\"L\u00f4 gi\u1ea5y Inox 304 Hiwin Y-5009 thi\u1ebft k\u1ebf nhi\u1ec1u t\u00ednh n\u0103ng \" width=\"800\" height=\"800\" srcset=\"https:\/\/hiwinvietnam.vn\/wp-content\/uploads\/2025\/08\/lo-giay-inox-304-hiwin-y-5009-8.jpg 800w, https:\/\/hiwinvietnam.vn\/wp-content\/uploads\/2025\/08\/lo-giay-inox-304-hiwin-y-5009-8-300x300.jpg 300w, https:\/\/hiwinvietnam.vn\/wp-content\/uploads\/2025\/08\/lo-giay-inox-304-hiwin-y-5009-8-150x150.jpg 150w, https:\/\/hiwinvietnam.vn\/wp-content\/uploads\/2025\/08\/lo-giay-inox-304-hiwin-y-5009-8-768x768.jpg 768w, https:\/\/hiwinvietnam.vn\/wp-content\/uploads\/2025\/08\/lo-giay-inox-304-hiwin-y-5009-8-12x12.jpg 12w, https:\/\/hiwinvietnam.vn\/wp-content\/uploads\/2025\/08\/lo-giay-inox-304-hiwin-y-5009-8-20x20.jpg 20w, https:\/\/hiwinvietnam.vn\/wp-content\/uploads\/2025\/08\/lo-giay-inox-304-hiwin-y-5009-8-600x600.jpg 600w, https:\/\/hiwinvietnam.vn\/wp-content\/uploads\/2025\/08\/lo-giay-inox-304-hiwin-y-5009-8-100x100.jpg 100w\" sizes=\"auto, (max-width: 800px) 100vw, 800px\" \/><figcaption id=\"caption-attachment-23203\" class=\"wp-caption-text\"><em><span style=\"font-size: 14pt; font-family: 'times new roman', times, serif;\">L\u00f4 gi\u1ea5y Inox 304 Hiwin Y-5009 thi\u1ebft k\u1ebf nhi\u1ec1u t\u00ednh n\u0103ng<\/span><\/em><\/figcaption><\/figure>\n<h2 style=\"text-align: justify;\"><span style=\"font-size: 14pt; font-family: 'times new roman', times, serif;\"><b>C\u00f3 \u0111a d\u1ea1ng c\u00f4ng d\u1ee5ng, ti\u1ec7n l\u1ee3i\u00a0<\/b><\/span><\/h2>\n<p style=\"text-align: justify;\"><span style=\"font-weight: 400; font-size: 14pt; font-family: 'times new roman', times, serif;\">L\u00f4 gi\u1ea5y Inox 304 Hiwin Y-5009 \u0111\u01b0\u1ee3c thi\u1ebft k\u1ebf v\u1edbi nhi\u1ec1u c\u00f4ng d\u1ee5ng ti\u1ec7n l\u1ee3i, mang l\u1ea1i tr\u1ea3i nghi\u1ec7m t\u1ed1i \u01b0u cho ng\u01b0\u1eddi d\u00f9ng, \u0111\u1eb7c bi\u1ec7t nh\u1edd v\u00e0o ph\u1ea7n n\u1eafp \u0111\u1eady th\u00f4ng minh. N\u1eafp \u0111\u1eady n\u00e0y kh\u00f4ng ch\u1ec9 l\u00e0 m\u1ed9t chi ti\u1ebft trang tr\u00ed m\u00e0 c\u00f2n c\u00f3 vai tr\u00f2 b\u1ea3o v\u1ec7 quan tr\u1ecdng. Ch\u00fang gi\u00fap che ch\u1eafn b\u1ee5i b\u1ea9n v\u00e0 h\u01a1i \u1ea9m t\u1eeb m\u00f4i tr\u01b0\u1eddng xung quanh, gi\u1eef cho cu\u1ed9n gi\u1ea5y lu\u00f4n kh\u00f4 r\u00e1o, s\u1ea1ch s\u1ebd, h\u1ea1n ch\u1ebf t\u1ed1i \u0111a t\u00ecnh tr\u1ea1ng gi\u1ea5y b\u1ecb \u1ea9m m\u1ed1c ho\u1eb7c b\u00e1m b\u1ea9n.<\/span><\/p>\n<figure id=\"attachment_23205\" aria-describedby=\"caption-attachment-23205\" style=\"width: 800px\" class=\"wp-caption aligncenter\"><img loading=\"lazy\" decoding=\"async\" class=\"wp-image-23205 size-full\" src=\"https:\/\/hiwinvietnam.vn\/wp-content\/uploads\/2025\/08\/lo-giay-inox-304-hiwin-y-5009-10.jpg\" alt=\"K\u1ebft c\u1ea5u ch\u1ed1ng \u0103n m\u00f2n v\u01b0\u1ee3t tr\u1ed9i\" width=\"800\" height=\"800\" srcset=\"https:\/\/hiwinvietnam.vn\/wp-content\/uploads\/2025\/08\/lo-giay-inox-304-hiwin-y-5009-10.jpg 800w, https:\/\/hiwinvietnam.vn\/wp-content\/uploads\/2025\/08\/lo-giay-inox-304-hiwin-y-5009-10-300x300.jpg 300w, https:\/\/hiwinvietnam.vn\/wp-content\/uploads\/2025\/08\/lo-giay-inox-304-hiwin-y-5009-10-150x150.jpg 150w, https:\/\/hiwinvietnam.vn\/wp-content\/uploads\/2025\/08\/lo-giay-inox-304-hiwin-y-5009-10-768x768.jpg 768w, https:\/\/hiwinvietnam.vn\/wp-content\/uploads\/2025\/08\/lo-giay-inox-304-hiwin-y-5009-10-12x12.jpg 12w, https:\/\/hiwinvietnam.vn\/wp-content\/uploads\/2025\/08\/lo-giay-inox-304-hiwin-y-5009-10-20x20.jpg 20w, https:\/\/hiwinvietnam.vn\/wp-content\/uploads\/2025\/08\/lo-giay-inox-304-hiwin-y-5009-10-600x600.jpg 600w, https:\/\/hiwinvietnam.vn\/wp-content\/uploads\/2025\/08\/lo-giay-inox-304-hiwin-y-5009-10-100x100.jpg 100w\" sizes=\"auto, (max-width: 800px) 100vw, 800px\" \/><figcaption id=\"caption-attachment-23205\" class=\"wp-caption-text\"><em><span style=\"font-size: 14pt; font-family: 'times new roman', times, serif;\">K\u1ebft c\u1ea5u ch\u1ed1ng \u0103n m\u00f2n v\u01b0\u1ee3t tr\u1ed9i<\/span><\/em><\/figcaption><\/figure>\n<p style=\"text-align: justify;\"><span style=\"font-weight: 400; font-size: 14pt; font-family: 'times new roman', times, serif;\">Ngo\u00e0i ra, n\u1eafp \u0111\u1eady c\u00f2n c\u00f3 t\u00e1c d\u1ee5ng h\u1ea1n ch\u1ebf n\u01b0\u1edbc b\u1eafn v\u00e0o, \u0111\u1eb7c bi\u1ec7t hi\u1ec7u qu\u1ea3 khi s\u1ea3n ph\u1ea9m \u0111\u01b0\u1ee3c l\u1eafp \u0111\u1eb7t g\u1ea7n b\u1ed3n r\u1eeda tay ho\u1eb7c v\u00f2i sen, \u0111\u1ea3m b\u1ea3o gi\u1ea5y lu\u00f4n trong t\u00ecnh tr\u1ea1ng t\u1ed1t nh\u1ea5t khi s\u1eed d\u1ee5ng. Thi\u1ebft k\u1ebf n\u00e0y c\u0169ng gi\u00fap duy tr\u00ec h\u00ecnh d\u00e1ng nguy\u00ean v\u1eb9n c\u1ee7a cu\u1ed9n gi\u1ea5y, tr\u00e1nh b\u1ecb nh\u00e0u n\u00e1t hay r\u00e1ch tr\u01b0\u1edbc khi d\u00f9ng. Kho\u1ea3ng h\u1edf \u0111\u01b0\u1ee3c t\u00ednh to\u00e1n h\u1ee3p l\u00fd, cho ph\u00e9p ng\u01b0\u1eddi d\u00f9ng l\u1ea5y gi\u1ea5y m\u1ed9t c\u00e1ch d\u1ec5 d\u00e0ng v\u00e0 m\u01b0\u1ee3t m\u00e0, kh\u00f4ng b\u1ecb r\u00e1ch v\u1ee5n hay k\u00e9o qu\u00e1 nhi\u1ec1u g\u00e2y l\u00e3ng ph\u00ed.<\/span><\/p>\n<figure id=\"attachment_23206\" aria-describedby=\"caption-attachment-23206\" style=\"width: 800px\" class=\"wp-caption aligncenter\"><img loading=\"lazy\" decoding=\"async\" class=\"size-full wp-image-23206\" src=\"https:\/\/hiwinvietnam.vn\/wp-content\/uploads\/2025\/08\/lo-giay-inox-304-hiwin-y-5009-11.jpg\" alt=\"L\u00f4 gi\u1ea5y Inox 304 Hiwin Y-5009 k\u1ebft c\u1ea5u ch\u1eafc ch\u1eafn\" width=\"800\" height=\"800\" srcset=\"https:\/\/hiwinvietnam.vn\/wp-content\/uploads\/2025\/08\/lo-giay-inox-304-hiwin-y-5009-11.jpg 800w, https:\/\/hiwinvietnam.vn\/wp-content\/uploads\/2025\/08\/lo-giay-inox-304-hiwin-y-5009-11-300x300.jpg 300w, https:\/\/hiwinvietnam.vn\/wp-content\/uploads\/2025\/08\/lo-giay-inox-304-hiwin-y-5009-11-150x150.jpg 150w, https:\/\/hiwinvietnam.vn\/wp-content\/uploads\/2025\/08\/lo-giay-inox-304-hiwin-y-5009-11-768x768.jpg 768w, https:\/\/hiwinvietnam.vn\/wp-content\/uploads\/2025\/08\/lo-giay-inox-304-hiwin-y-5009-11-12x12.jpg 12w, https:\/\/hiwinvietnam.vn\/wp-content\/uploads\/2025\/08\/lo-giay-inox-304-hiwin-y-5009-11-20x20.jpg 20w, https:\/\/hiwinvietnam.vn\/wp-content\/uploads\/2025\/08\/lo-giay-inox-304-hiwin-y-5009-11-600x600.jpg 600w, https:\/\/hiwinvietnam.vn\/wp-content\/uploads\/2025\/08\/lo-giay-inox-304-hiwin-y-5009-11-100x100.jpg 100w\" sizes=\"auto, (max-width: 800px) 100vw, 800px\" \/><figcaption id=\"caption-attachment-23206\" class=\"wp-caption-text\"><em><span style=\"font-size: 14pt; font-family: 'times new roman', times, serif;\">L\u00f4 gi\u1ea5y Inox 304 Hiwin Y-5009 k\u1ebft c\u1ea5u ch\u1eafc ch\u1eafn<\/span><\/em><\/figcaption><\/figure>\n<h2 style=\"text-align: justify;\"><span style=\"font-size: 14pt; font-family: 'times new roman', times, serif;\"><b>L\u1eafp \u0111\u1eb7t nhanh ch\u00f3ng ch\u1ec9 v\u00e0i ph\u00fat\u00a0\u00a0<\/b><\/span><\/h2>\n<p style=\"text-align: justify;\"><span style=\"font-weight: 400; font-size: 14pt; font-family: 'times new roman', times, serif;\">L\u00f4 gi\u1ea5y Inox 304 Hiwin Y-5009 \u0111\u01b0\u1ee3c thi\u1ebft k\u1ebf \u0111\u1ec3 l\u1eafp \u0111\u1eb7t c\u1ed1 \u0111\u1ecbnh ch\u1eafc ch\u1eafn v\u00e0o t\u01b0\u1eddng, v\u1edbi ph\u1ea7n \u0111\u1ebf d\u00e0y 2mm, \u0111\u1ea3m b\u1ea3o kh\u1ea3 n\u0103ng ch\u1ecbu l\u1ef1c v\u01b0\u1ee3t tr\u1ed9i v\u00e0 \u0111\u1ed9 b\u1ec1n \u1ed5n \u0111\u1ecbnh theo th\u1eddi gian. Nh\u1edd thi\u1ebft k\u1ebf th\u00f4ng minh n\u00e0y, b\u1ea1n c\u00f3 th\u1ec3 d\u1ec5 d\u00e0ng l\u1eafp \u0111\u1eb7t s\u1ea3n ph\u1ea9m \u1edf nhi\u1ec1u v\u1ecb tr\u00ed kh\u00e1c nhau \u0111\u1ec3 \u0111\u00e1p \u1ee9ng \u0111a d\u1ea1ng nhu c\u1ea7u s\u1eed d\u1ee5ng. Trong kh\u00f4ng gian ph\u00f2ng t\u1eafm gia \u0111\u00ecnh, b\u1ea1n c\u00f3 th\u1ec3 l\u1eafp \u0111\u1eb7t s\u1ea3n ph\u1ea9m ngay b\u00ean c\u1ea1nh b\u1ed3n c\u1ea7u, m\u1ed9t v\u1ecb tr\u00ed v\u00f4 c\u00f9ng thu\u1eadn ti\u1ec7n gi\u00fap ng\u01b0\u1eddi d\u00f9ng d\u1ec5 d\u00e0ng l\u1ea5y gi\u1ea5y khi c\u1ea7n thi\u1ebft. <\/span><\/p>\n<p style=\"text-align: justify;\"><span style=\"font-weight: 400; font-size: 14pt; font-family: 'times new roman', times, serif;\">\u0110\u1ed1i v\u1edbi c\u00e1c kh\u00f4ng gian c\u00f4ng c\u1ed9ng nh\u01b0 khu v\u1ef1c v\u1ec7 sinh t\u1ea1i v\u0103n ph\u00f2ng, nh\u00e0 h\u00e0ng, kh\u00e1ch s\u1ea1n hay c\u00e1c trung t\u00e2m th\u01b0\u01a1ng m\u1ea1i cao c\u1ea5p, \u0111\u00e1p \u1ee9ng nhu c\u1ea7u s\u1eed d\u1ee5ng c\u1ee7a l\u01b0\u1ee3ng ng\u01b0\u1eddi l\u1edbn c\u0169ng nh\u01b0 g\u00f3p ph\u1ea7n n\u00e2ng cao t\u00ednh chuy\u00ean nghi\u1ec7p, th\u1ea9m m\u1ef9 cho kh\u00f4ng gian.\u00a0<\/span><\/p>\n<figure id=\"attachment_23204\" aria-describedby=\"caption-attachment-23204\" style=\"width: 800px\" class=\"wp-caption aligncenter\"><img loading=\"lazy\" decoding=\"async\" class=\"size-full wp-image-23204\" src=\"https:\/\/hiwinvietnam.vn\/wp-content\/uploads\/2025\/08\/lo-giay-inox-304-hiwin-y-5009-9.jpg\" alt=\"L\u00f4 gi\u1ea5y Inox 304 Hiwin Y-5009 l\u1eafp \u0111\u1eb7t nhanh ch\u00f3ng ch\u1ec9 v\u00e0i ph\u00fat \" width=\"800\" height=\"800\" srcset=\"https:\/\/hiwinvietnam.vn\/wp-content\/uploads\/2025\/08\/lo-giay-inox-304-hiwin-y-5009-9.jpg 800w, https:\/\/hiwinvietnam.vn\/wp-content\/uploads\/2025\/08\/lo-giay-inox-304-hiwin-y-5009-9-300x300.jpg 300w, https:\/\/hiwinvietnam.vn\/wp-content\/uploads\/2025\/08\/lo-giay-inox-304-hiwin-y-5009-9-150x150.jpg 150w, https:\/\/hiwinvietnam.vn\/wp-content\/uploads\/2025\/08\/lo-giay-inox-304-hiwin-y-5009-9-768x768.jpg 768w, https:\/\/hiwinvietnam.vn\/wp-content\/uploads\/2025\/08\/lo-giay-inox-304-hiwin-y-5009-9-12x12.jpg 12w, https:\/\/hiwinvietnam.vn\/wp-content\/uploads\/2025\/08\/lo-giay-inox-304-hiwin-y-5009-9-20x20.jpg 20w, https:\/\/hiwinvietnam.vn\/wp-content\/uploads\/2025\/08\/lo-giay-inox-304-hiwin-y-5009-9-600x600.jpg 600w, https:\/\/hiwinvietnam.vn\/wp-content\/uploads\/2025\/08\/lo-giay-inox-304-hiwin-y-5009-9-100x100.jpg 100w\" sizes=\"auto, (max-width: 800px) 100vw, 800px\" \/><figcaption id=\"caption-attachment-23204\" class=\"wp-caption-text\"><em><span style=\"font-size: 14pt; font-family: 'times new roman', times, serif;\">L\u00f4 gi\u1ea5y Inox 304 Hiwin Y-5009 l\u1eafp \u0111\u1eb7t nhanh ch\u00f3ng ch\u1ec9 v\u00e0i ph\u00fat<\/span><\/em><\/figcaption><\/figure>\n<p style=\"text-align: justify;\"><span style=\"font-size: 14pt; font-family: 'times new roman', times, serif;\"><span style=\"font-weight: 400;\">C\u00f3 th\u1ec3 th\u1ea5y, s\u1edf h\u1eefu thi\u1ebft k\u1ebf hi\u1ec7n \u0111\u1ea1i c\u00f9ng ch\u1ea5t li\u1ec7u Inox 304 cao c\u1ea5p, l\u00f4 gi\u1ea5y Inox 304 Hiwin Y-5009 kh\u00f4ng ch\u1ec9 \u0111\u1ea3m b\u1ea3o \u0111\u1ed9 b\u1ec1n v\u01b0\u1ee3t tr\u1ed9i m\u00e0 c\u00f2n mang \u0111\u1ebfn v\u1ebb \u0111\u1eb9p sang tr\u1ecdng, tinh t\u1ebf cho kh\u00f4ng gian ph\u00f2ng t\u1eafm. B\u1ec1 m\u1eb7t b\u00f3ng g\u01b0\u01a1ng s\u00e1ng b\u00f3ng gi\u00fap s\u1ea3n ph\u1ea9m lu\u00f4n n\u1ed5i b\u1eadt v\u00e0 d\u1ec5 d\u00e0ng v\u1ec7 sinh, gi\u1eef \u0111\u01b0\u1ee3c v\u1ebb m\u1edbi l\u00e2u d\u00e0i. N\u1ebfu mu\u1ed1n tham kh\u1ea3o nhi\u1ec1u s\u1ea3n ph\u1ea9m <\/span><a href=\"https:\/\/hiwinvietnam.vn\/lo-giay-hop-dung-giay-ve-sinh\/\"><b>l\u00f4 gi\u1ea5y v\u1ec7 sinh Hiwin<\/b><\/a><span style=\"font-weight: 400;\"> kh\u00e1c h\u00e3y truy c\u1eadp website c\u1ee7a ch\u00fang t\u00f4i ngay h\u00f4m nay nh\u00e9!<\/span><\/span><\/p>\n<p style=\"text-align: justify;\"><span style=\"font-size: 14pt; font-family: 'times new roman', times, serif;\"><strong><i>&gt;&gt; Xem th\u00eam: <\/i><a href=\"https:\/\/hiwinvietnam.vn\/lo-giay-ve-sinh-inox-hiwin-y-334\/\"><i>L\u00f4 gi\u1ea5y v\u1ec7 sinh inox Hiwin Y-334<\/i><\/a><\/strong><\/span><\/p>\n","protected":false},"excerpt":{"rendered":"<p>L\u00f4 gi\u1ea5y Inox 304 Hiwin Y-5009 c\u00f3 thi\u1ebft k\u1ebf nh\u1ecf g\u1ecdn, s\u1ea3n ph\u1ea9m d\u1ec5 d\u00e0ng ph\u00f9 h\u1ee3p v\u1edbi m\u1ecdi di\u1ec7n t\u00edch, t\u1eeb nh\u1eefng ph\u00f2ng t\u1eafm r\u1ed9ng r\u00e3i \u0111\u1ebfn nh\u1eefng kh\u00f4ng gian khi\u00eam t\u1ed1n. \u0110\u01b0\u1ee3c ch\u1ebf t\u00e1c t\u1eeb Inox 304 cao c\u1ea5p v\u00e0 tr\u1ea3i qua qu\u00e1 tr\u00ecnh x\u1eed l\u00fd \u0111\u00e1nh b\u00f3ng k\u1ef9 l\u01b0\u1ee1ng t\u1ea1o n\u00ean b\u1ec1 [&hellip;]<\/p>\n","protected":false},"featured_media":23195,"comment_status":"open","ping_status":"closed","template":"","meta":{"_acf_changed":false},"product_brand":[],"product_cat":[173,958],"product_tag":[],"class_list":{"0":"post-23194","1":"product","2":"type-product","3":"status-publish","4":"has-post-thumbnail","6":"product_cat-lo-giay-hop-dung-giay-ve-sinh","7":"product_cat-phu-kien-phong-tam","8":"pa_chung-loai-y-5009m-1","9":"pa_chung-loai-y-5009m-2","11":"first","12":"instock","13":"shipping-taxable","14":"purchasable","15":"product-type-simple"},"acf":[],"_links":{"self":[{"href":"https:\/\/hiwinvietnam.vn\/wp-json\/wp\/v2\/product\/23194","targetHints":{"allow":["GET"]}}],"collection":[{"href":"https:\/\/hiwinvietnam.vn\/wp-json\/wp\/v2\/product"}],"about":[{"href":"https:\/\/hiwinvietnam.vn\/wp-json\/wp\/v2\/types\/product"}],"replies":[{"embeddable":true,"href":"https:\/\/hiwinvietnam.vn\/wp-json\/wp\/v2\/comments?post=23194"}],"wp:featuredmedia":[{"embeddable":true,"href":"https:\/\/hiwinvietnam.vn\/wp-json\/wp\/v2\/media\/23195"}],"wp:attachment":[{"href":"https:\/\/hiwinvietnam.vn\/wp-json\/wp\/v2\/media?parent=23194"}],"wp:term":[{"taxonomy":"product_brand","embeddable":true,"href":"https:\/\/hiwinvietnam.vn\/wp-json\/wp\/v2\/product_brand?post=23194"},{"taxonomy":"product_cat","embeddable":true,"href":"https:\/\/hiwinvietnam.vn\/wp-json\/wp\/v2\/product_cat?post=23194"},{"taxonomy":"product_tag","embeddable":true,"href":"https:\/\/hiwinvietnam.vn\/wp-json\/wp\/v2\/product_tag?post=23194"}],"curies":[{"name":"wp","href":"https:\/\/api.w.org\/{rel}","templated":true}]}}