{"id":23116,"date":"2025-08-26T15:19:39","date_gmt":"2025-08-26T08:19:39","guid":{"rendered":"https:\/\/hiwinvietnam.vn\/?post_type=product&#038;p=23116"},"modified":"2025-10-01T13:22:23","modified_gmt":"2025-10-01T06:22:23","slug":"bo-choi-co-ke-do-toilet-hiwin-y-336","status":"publish","type":"product","link":"https:\/\/hiwinvietnam.vn\/bo-choi-co-ke-do-toilet-hiwin-y-336\/","title":{"rendered":"B\u1ed9 ch\u1ed5i c\u1ecd k\u1ec7 \u0111\u1ee1 toilet Hiwin Y-336 b\u1ec1n b\u1ec9 v\u1edbi th\u1eddi gian"},"content":{"rendered":"<p style=\"text-align: justify;\"><span style=\"font-size: 14pt; font-family: 'times new roman', times, serif;\"><span style=\"font-weight: 400;\">Trong kh\u00f4ng gian ph\u00f2ng t\u1eafm hi\u1ec7n \u0111\u1ea1i, s\u1ef1 ti\u1ec7n nghi v\u00e0 \u0111\u1ed9 b\u1ec1n c\u1ee7a c\u00e1c v\u1eadt d\u1ee5ng v\u1ec7 sinh lu\u00f4n l\u00e0 y\u1ebfu t\u1ed1 \u0111\u01b0\u1ee3c ng\u01b0\u1eddi ti\u00eau d\u00f9ng quan t\u00e2m. <\/span><b><i>B\u1ed9 ch\u1ed5i c\u1ecd k\u1ec7 \u0111\u1ee1 toilet Hiwin Y-336<\/i><\/b><span style=\"font-weight: 400;\"> kh\u00f4ng ch\u1ec9 \u0111\u00e1p \u1ee9ng nhu c\u1ea7u l\u00e0m s\u1ea1ch hi\u1ec7u qu\u1ea3 m\u00e0 c\u00f2n ghi \u0111i\u1ec3m nh\u1edd thi\u1ebft k\u1ebf th\u00f4ng minh v\u00e0 ch\u1ea5t li\u1ec7u cao c\u1ea5p. V\u1edbi kh\u1ea3 n\u0103ng ch\u1ed1ng \u0103n m\u00f2n, d\u1ec5 v\u1ec7 sinh v\u00e0 \u0111\u1ed9 b\u1ec1n v\u01b0\u1ee3t tr\u1ed9i theo th\u1eddi gian, s\u1ea3n ph\u1ea9m n\u00e0y \u0111ang tr\u1edf th\u00e0nh l\u1ef1a ch\u1ecdn l\u00fd t\u01b0\u1edfng cho m\u1ecdi gia \u0111\u00ecnh mu\u1ed1n n\u00e2ng c\u1ea5p kh\u00f4ng gian v\u1ec7 sinh m\u1ed9t c\u00e1ch tinh t\u1ebf v\u00e0 ti\u1ec7n l\u1ee3i. Tham kh\u1ea3o chi ti\u1ebft qua b\u00e0i vi\u1ebft d\u01b0\u1edbi \u0111\u00e2y c\u1ee7a <\/span><a href=\"https:\/\/hiwinvietnam.vn\/\"><b>Hiwin<\/b><\/a><span style=\"font-weight: 400;\"> nh\u00e9!<\/span><\/span><\/p>\n<h2 style=\"text-align: justify;\"><span style=\"font-size: 14pt; font-family: 'times new roman', times, serif;\"><b>B\u1ed9 ch\u1ed5i c\u1ecd k\u1ec7 \u0111\u1ee1 toilet Hiwin Y-336 c\u00f3 thi\u1ebft k\u1ebf \u0111\u1ea7y tinh t\u1ebf\u00a0<\/b><\/span><\/h2>\n<p style=\"text-align: justify;\"><span style=\"font-weight: 400; font-size: 14pt; font-family: 'times new roman', times, serif;\">V\u1edbi k\u00edch th\u01b0\u1edbc nh\u1ecf g\u1ecdn 175x114x45mm, b\u1ed9 ch\u1ed5i c\u1ecd k\u1ec7 \u0111\u1ee1 toilet Hiwin Y-336 ph\u00f9 h\u1ee3p v\u1edbi m\u1ecdi kh\u00f4ng gian ph\u00f2ng t\u1eafm, t\u1eeb r\u1ed9ng r\u00e3i \u0111\u1ebfn nh\u1ecf h\u1eb9p, gi\u00fap t\u1ed1i \u01b0u di\u1ec7n t\u00edch m\u1ed9t c\u00e1ch hi\u1ec7u qu\u1ea3. \u0110i\u1ec3m \u0111\u1eb7c bi\u1ec7t l\u00e0 thi\u1ebft k\u1ebf g\u1eafn t\u01b0\u1eddng, gi\u00fap gi\u1ea3i ph\u00f3ng kh\u00f4ng gian s\u00e0n, gi\u1eef cho khu v\u1ef1c toilet lu\u00f4n kh\u00f4 tho\u00e1ng v\u00e0 s\u1ea1ch s\u1ebd.<\/span><\/p>\n<figure id=\"attachment_23126\" aria-describedby=\"caption-attachment-23126\" style=\"width: 800px\" class=\"wp-caption aligncenter\"><img loading=\"lazy\" decoding=\"async\" class=\"size-full wp-image-23126\" src=\"https:\/\/hiwinvietnam.vn\/wp-content\/uploads\/2025\/08\/bo-choi-co-ke-do-toilet-hiwin-y-336-6.jpg\" alt=\"B\u1ed9 ch\u1ed5i c\u1ecd k\u1ec7 \u0111\u1ee1 toilet Hiwin Y-336 c\u00f3 thi\u1ebft k\u1ebf \u0111\u1ea7y tinh t\u1ebf \" width=\"800\" height=\"800\" srcset=\"https:\/\/hiwinvietnam.vn\/wp-content\/uploads\/2025\/08\/bo-choi-co-ke-do-toilet-hiwin-y-336-6.jpg 800w, https:\/\/hiwinvietnam.vn\/wp-content\/uploads\/2025\/08\/bo-choi-co-ke-do-toilet-hiwin-y-336-6-300x300.jpg 300w, https:\/\/hiwinvietnam.vn\/wp-content\/uploads\/2025\/08\/bo-choi-co-ke-do-toilet-hiwin-y-336-6-150x150.jpg 150w, https:\/\/hiwinvietnam.vn\/wp-content\/uploads\/2025\/08\/bo-choi-co-ke-do-toilet-hiwin-y-336-6-768x768.jpg 768w, https:\/\/hiwinvietnam.vn\/wp-content\/uploads\/2025\/08\/bo-choi-co-ke-do-toilet-hiwin-y-336-6-12x12.jpg 12w, https:\/\/hiwinvietnam.vn\/wp-content\/uploads\/2025\/08\/bo-choi-co-ke-do-toilet-hiwin-y-336-6-20x20.jpg 20w, https:\/\/hiwinvietnam.vn\/wp-content\/uploads\/2025\/08\/bo-choi-co-ke-do-toilet-hiwin-y-336-6-600x600.jpg 600w, https:\/\/hiwinvietnam.vn\/wp-content\/uploads\/2025\/08\/bo-choi-co-ke-do-toilet-hiwin-y-336-6-100x100.jpg 100w\" sizes=\"auto, (max-width: 800px) 100vw, 800px\" \/><figcaption id=\"caption-attachment-23126\" class=\"wp-caption-text\"><em><span style=\"font-size: 14pt; font-family: 'times new roman', times, serif;\">B\u1ed9 ch\u1ed5i c\u1ecd k\u1ec7 \u0111\u1ee1 toilet Hiwin Y-336 c\u00f3 thi\u1ebft k\u1ebf \u0111\u1ea7y tinh t\u1ebf<\/span><\/em><\/figcaption><\/figure>\n<p style=\"text-align: justify;\"><span style=\"font-weight: 400; font-size: 14pt; font-family: 'times new roman', times, serif;\">\u0110i\u1ec3m nh\u1ea5n c\u1ee7a Y-336 n\u1eb1m \u1edf s\u1ef1 t\u1ed1i gi\u1ea3n nh\u01b0ng kh\u00f4ng k\u00e9m ph\u1ea7n sang tr\u1ecdng. S\u1ef1 k\u1ebft h\u1ee3p gi\u1eefa c\u1ed1c \u0111\u1ef1ng b\u1eb1ng th\u1ee7y tinh m\u1edd v\u00e0 khung inox (b\u00f3ng ho\u1eb7c x\u01b0\u1edbc m\u1edd) t\u1ea1o n\u00ean m\u1ed9t v\u1ebb ngo\u00e0i hi\u1ec7n \u0111\u1ea1i, d\u1ec5 d\u00e0ng h\u00f2a h\u1ee3p v\u1edbi c\u00e1c thi\u1ebft b\u1ecb v\u1ec7 sinh kh\u00e1c trong ph\u00f2ng t\u1eafm c\u1ee7a b\u1ea1n.<\/span><\/p>\n<p style=\"text-align: justify;\"><span style=\"font-weight: 400; font-size: 14pt; font-family: 'times new roman', times, serif;\">B\u00ean c\u1ea1nh y\u1ebfu t\u1ed1 th\u1ea9m m\u1ef9, thi\u1ebft k\u1ebf c\u1ee7a b\u1ed9 ch\u1ed5i c\u1ecd c\u00f2n r\u1ea5t ch\u00fa tr\u1ecdng \u0111\u1ebfn t\u00ednh ti\u1ec7n d\u1ee5ng. Chi\u1ebfc ch\u1ed5i c\u1ecd \u0111\u01b0\u1ee3c \u0111\u1eb7t trong c\u1ed1c \u0111\u1ef1ng c\u00f3 \u0111\u1ed9 s\u00e2u v\u1eeba ph\u1ea3i, gi\u00fap ng\u0103n n\u01b0\u1edbc nh\u1ecf gi\u1ecdt ra ngo\u00e0i s\u00e0n. C\u1ed1c \u0111\u1ef1ng c\u0169ng d\u1ec5 d\u00e0ng th\u00e1o r\u1eddi \u0111\u1ec3 v\u1ec7 sinh \u0111\u1ecbnh k\u1ef3, \u0111\u1ea3m b\u1ea3o lu\u00f4n s\u1ea1ch s\u1ebd v\u00e0 h\u1ee3p v\u1ec7 sinh.<\/span><\/p>\n<figure id=\"attachment_23127\" aria-describedby=\"caption-attachment-23127\" style=\"width: 800px\" class=\"wp-caption aligncenter\"><img loading=\"lazy\" decoding=\"async\" class=\"size-full wp-image-23127\" src=\"https:\/\/hiwinvietnam.vn\/wp-content\/uploads\/2025\/08\/bo-choi-co-ke-do-toilet-hiwin-y-336-7.jpg\" alt=\"Ch\u1ed5i c\u1ecd k\u1ec7 \u0111\u1ee1 toilet Hiwin Y-336 \" width=\"800\" height=\"800\" srcset=\"https:\/\/hiwinvietnam.vn\/wp-content\/uploads\/2025\/08\/bo-choi-co-ke-do-toilet-hiwin-y-336-7.jpg 800w, https:\/\/hiwinvietnam.vn\/wp-content\/uploads\/2025\/08\/bo-choi-co-ke-do-toilet-hiwin-y-336-7-300x300.jpg 300w, https:\/\/hiwinvietnam.vn\/wp-content\/uploads\/2025\/08\/bo-choi-co-ke-do-toilet-hiwin-y-336-7-150x150.jpg 150w, https:\/\/hiwinvietnam.vn\/wp-content\/uploads\/2025\/08\/bo-choi-co-ke-do-toilet-hiwin-y-336-7-768x768.jpg 768w, https:\/\/hiwinvietnam.vn\/wp-content\/uploads\/2025\/08\/bo-choi-co-ke-do-toilet-hiwin-y-336-7-12x12.jpg 12w, https:\/\/hiwinvietnam.vn\/wp-content\/uploads\/2025\/08\/bo-choi-co-ke-do-toilet-hiwin-y-336-7-20x20.jpg 20w, https:\/\/hiwinvietnam.vn\/wp-content\/uploads\/2025\/08\/bo-choi-co-ke-do-toilet-hiwin-y-336-7-600x600.jpg 600w, https:\/\/hiwinvietnam.vn\/wp-content\/uploads\/2025\/08\/bo-choi-co-ke-do-toilet-hiwin-y-336-7-100x100.jpg 100w\" sizes=\"auto, (max-width: 800px) 100vw, 800px\" \/><figcaption id=\"caption-attachment-23127\" class=\"wp-caption-text\"><em><span style=\"font-size: 14pt; font-family: 'times new roman', times, serif;\">Ch\u1ed5i c\u1ecd k\u1ec7 \u0111\u1ee1 toilet Hiwin Y-336 thi\u1ebft k\u1ebf th\u00f4ng minh<\/span><\/em><\/figcaption><\/figure>\n<h2 style=\"text-align: justify;\"><span style=\"font-size: 14pt; font-family: 'times new roman', times, serif;\"><b>Hai t\u00f9y ch\u1ecdn x\u1eed l\u00fd b\u1ec1 m\u1eb7t, tho\u1ea3i m\u00e1i l\u1ef1a ch\u1ecdn\u00a0\u00a0<\/b><\/span><\/h2>\n<p style=\"text-align: justify;\"><span style=\"font-weight: 400; font-size: 14pt; font-family: 'times new roman', times, serif;\">B\u1ed9 ch\u1ed5i c\u1ecd k\u1ec7 \u0111\u1ee1 toilet Hiwin Y-336 mang \u0111\u1ebfn hai t\u00f9y ch\u1ecdn x\u1eed l\u00fd b\u1ec1 m\u1eb7t \u0111\u1ed9c \u0111\u00e1o \u0111\u1ec3 b\u1ea1n tho\u1ea3i m\u00e1i l\u1ef1a ch\u1ecdn.\u00a0<\/span><\/p>\n<ul style=\"text-align: justify;\">\n<li style=\"font-weight: 400;\" aria-level=\"1\"><span style=\"font-size: 14pt; font-family: 'times new roman', times, serif;\"><b>B\u1ec1 m\u1eb7t g\u01b0\u01a1ng b\u00f3ng:<\/b><span style=\"font-weight: 400;\"> \u0110\u00e2y l\u00e0 l\u1ef1a ch\u1ecdn ho\u00e0n h\u1ea3o cho nh\u1eefng ph\u00f2ng t\u1eafm mang phong c\u00e1ch hi\u1ec7n \u0111\u1ea1i v\u00e0 sang tr\u1ecdng. B\u1ec1 m\u1eb7t s\u00e1ng b\u00f3ng, ph\u1ea3n chi\u1ebfu \u00e1nh s\u00e1ng gi\u00fap kh\u00f4ng gian tr\u1edf n\u00ean r\u1ed9ng r\u00e3i v\u00e0 n\u1ed5i b\u1eadt h\u01a1n.<\/span><\/span><\/li>\n<li style=\"font-weight: 400;\" aria-level=\"1\"><span style=\"font-size: 14pt; font-family: 'times new roman', times, serif;\"><b>B\u1ec1 m\u1eb7t x\u01b0\u1edbc m\u1edd:<\/b><span style=\"font-weight: 400;\"> N\u1ebfu b\u1ea1n y\u00eau th\u00edch s\u1ef1 tinh t\u1ebf, thanh l\u1ecbch v\u00e0 mu\u1ed1n h\u01b0\u1edbng t\u1edbi phong c\u00e1ch t\u1ed1i gi\u1ea3n ho\u1eb7c c\u1ed5 \u0111i\u1ec3n, b\u1ec1 m\u1eb7t x\u01b0\u1edbc m\u1edd s\u1ebd l\u00e0 l\u1ef1a ch\u1ecdn l\u00fd t\u01b0\u1edfng. L\u1edbp x\u01b0\u1edbc \u0111\u1ec1u kh\u00f4ng ch\u1ec9 t\u1ea1o c\u1ea3m gi\u00e1c \u0111\u1eb3ng c\u1ea5p m\u00e0 c\u00f2n gi\u00fap che \u0111i c\u00e1c v\u1ebft tr\u1ea7y x\u01b0\u1edbc nh\u1ecf v\u00e0 h\u1ea1n ch\u1ebf b\u00e1m v\u00e2n tay, gi\u1eef cho s\u1ea3n ph\u1ea9m lu\u00f4n nh\u01b0 m\u1edbi.<\/span><\/span><\/li>\n<\/ul>\n<p style=\"text-align: justify;\"><span style=\"font-weight: 400; font-size: 14pt; font-family: 'times new roman', times, serif;\">D\u00f9 l\u1ef1a ch\u1ecdn b\u1ec1 m\u1eb7t n\u00e0o, c\u1ea3 hai phi\u00ean b\u1ea3n \u0111\u1ec1u \u0111\u01b0\u1ee3c \u1ee9ng d\u1ee5ng c\u00f4ng ngh\u1ec7 x\u1eed l\u00fd cao c\u1ea5p, \u0111\u1ea3m b\u1ea3o kh\u1ea3 n\u0103ng h\u1ea1n ch\u1ebf b\u00e1m b\u1ea9n, ch\u1ed1ng \u0103n m\u00f2n v\u00e0 d\u1ec5 d\u00e0ng v\u1ec7 sinh.\u00a0<\/span><\/p>\n<figure id=\"attachment_23128\" aria-describedby=\"caption-attachment-23128\" style=\"width: 800px\" class=\"wp-caption aligncenter\"><img loading=\"lazy\" decoding=\"async\" class=\"size-full wp-image-23128\" src=\"https:\/\/hiwinvietnam.vn\/wp-content\/uploads\/2025\/08\/bo-choi-co-ke-do-toilet-hiwin-y-336-8.jpg\" alt=\"Hai t\u00f9y ch\u1ecdn x\u1eed l\u00fd b\u1ec1 m\u1eb7t, tho\u1ea3i m\u00e1i l\u1ef1a ch\u1ecdn \" width=\"800\" height=\"800\" srcset=\"https:\/\/hiwinvietnam.vn\/wp-content\/uploads\/2025\/08\/bo-choi-co-ke-do-toilet-hiwin-y-336-8.jpg 800w, https:\/\/hiwinvietnam.vn\/wp-content\/uploads\/2025\/08\/bo-choi-co-ke-do-toilet-hiwin-y-336-8-300x300.jpg 300w, https:\/\/hiwinvietnam.vn\/wp-content\/uploads\/2025\/08\/bo-choi-co-ke-do-toilet-hiwin-y-336-8-150x150.jpg 150w, https:\/\/hiwinvietnam.vn\/wp-content\/uploads\/2025\/08\/bo-choi-co-ke-do-toilet-hiwin-y-336-8-768x768.jpg 768w, https:\/\/hiwinvietnam.vn\/wp-content\/uploads\/2025\/08\/bo-choi-co-ke-do-toilet-hiwin-y-336-8-12x12.jpg 12w, https:\/\/hiwinvietnam.vn\/wp-content\/uploads\/2025\/08\/bo-choi-co-ke-do-toilet-hiwin-y-336-8-20x20.jpg 20w, https:\/\/hiwinvietnam.vn\/wp-content\/uploads\/2025\/08\/bo-choi-co-ke-do-toilet-hiwin-y-336-8-600x600.jpg 600w, https:\/\/hiwinvietnam.vn\/wp-content\/uploads\/2025\/08\/bo-choi-co-ke-do-toilet-hiwin-y-336-8-100x100.jpg 100w\" sizes=\"auto, (max-width: 800px) 100vw, 800px\" \/><figcaption id=\"caption-attachment-23128\" class=\"wp-caption-text\"><em><span style=\"font-size: 14pt; font-family: 'times new roman', times, serif;\">Hai t\u00f9y ch\u1ecdn x\u1eed l\u00fd b\u1ec1 m\u1eb7t, tho\u1ea3i m\u00e1i l\u1ef1a ch\u1ecdn<\/span><\/em><\/figcaption><\/figure>\n<h2 style=\"text-align: justify;\"><span style=\"font-size: 14pt; font-family: 'times new roman', times, serif;\"><b>\u0110\u01b0\u1ee3c l\u00e0m t\u1eeb ch\u1ea5t li\u1ec7u cao c\u1ea5p, d\u1ec5 v\u1ec7 sinh\u00a0\u00a0<\/b><\/span><\/h2>\n<p style=\"text-align: justify;\"><span style=\"font-weight: 400; font-size: 14pt; font-family: 'times new roman', times, serif;\">\u0110\u1ec3 t\u1ea1o n\u00ean s\u1ef1 b\u1ec1n b\u1ec9 v\u1edbi th\u1eddi gian, b\u1ed9 ch\u1ed5i c\u1ecd k\u1ec7 \u0111\u1ee1 toilet Hiwin Y-336 \u0111\u01b0\u1ee3c ch\u1ebf t\u1ea1o t\u1eeb nh\u1eefng v\u1eadt li\u1ec7u cao c\u1ea5p, \u0111\u1ea3m b\u1ea3o c\u1ea3 v\u1ec1 ch\u1ea5t l\u01b0\u1ee3ng v\u00e0 t\u00ednh v\u1ec7 sinh.<\/span><\/p>\n<ul style=\"text-align: justify;\">\n<li style=\"font-weight: 400;\" aria-level=\"1\"><span style=\"font-size: 14pt; font-family: 'times new roman', times, serif;\"><b>Gi\u00e1 \u0111\u1ee1 inox 304 chu\u1ea9n ASTM:<\/b><span style=\"font-weight: 400;\"> V\u1edbi ch\u1ea5t li\u1ec7u th\u00e9p kh\u00f4ng g\u1ec9 304, gi\u00e1 \u0111\u1ee1 c\u00f3 kh\u1ea3 n\u0103ng ch\u1ed1ng \u0103n m\u00f2n v\u00e0 g\u1ec9 s\u00e9t v\u01b0\u1ee3t tr\u1ed9i, ngay c\u1ea3 khi th\u01b0\u1eddng xuy\u00ean ti\u1ebfp x\u00fac v\u1edbi n\u01b0\u1edbc v\u00e0 c\u00e1c h\u00f3a ch\u1ea5t t\u1ea9y r\u1eeda. \u0110i\u1ec1u n\u00e0y gi\u00fap s\u1ea3n ph\u1ea9m lu\u00f4n s\u00e1ng b\u00f3ng v\u00e0 b\u1ec1n \u0111\u1eb9p nh\u01b0 m\u1edbi.<\/span><\/span><\/li>\n<li style=\"font-weight: 400;\" aria-level=\"1\"><span style=\"font-size: 14pt; font-family: 'times new roman', times, serif;\"><b>C\u1ed1c \u0111\u1ef1ng th\u1ee7y tinh d\u00e0y: <\/b><span style=\"font-weight: 400;\">C\u1ed1c \u0111\u1ef1ng \u0111\u01b0\u1ee3c l\u00e0m t\u1eeb th\u1ee7y tinh cao c\u1ea5p, v\u1eeba b\u1ec1n ch\u1eafc v\u1eeba ch\u1ed1ng \u1ed1 v\u00e0ng, gi\u1eef \u0111\u01b0\u1ee3c v\u1ebb sang tr\u1ecdng theo th\u1eddi gian. B\u1ec1 m\u1eb7t nh\u1eb5n m\u1ecbn gi\u00fap vi\u1ec7c lau ch\u00f9i tr\u1edf n\u00ean v\u00f4 c\u00f9ng d\u1ec5 d\u00e0ng.<\/span><\/span><\/li>\n<li style=\"font-weight: 400;\" aria-level=\"1\"><span style=\"font-size: 14pt; font-family: 'times new roman', times, serif;\"><b>C\u1ecd nh\u1ef1a cao c\u1ea5p:<\/b><span style=\"font-weight: 400;\"> C\u00e2y c\u1ecd \u0111i k\u00e8m c\u00f3 l\u00f4ng m\u1ec1m, \u0111\u00e0n h\u1ed3i t\u1ed1t, gi\u00fap v\u1ec7 sinh hi\u1ec7u qu\u1ea3 m\u00e0 kh\u00f4ng g\u00e2y tr\u1ea7y x\u01b0\u1edbc <\/span><a href=\"https:\/\/vi.wikipedia.org\/wiki\/Men_th%E1%BB%A7y_tinh#:~:text=Men%20th%E1%BB%A7y%20tinh%2C%20c%C3%B2n%20%C4%91%C6%B0%E1%BB%A3c,1.380%E2%80%931.560%20%C2%B0F).\" target=\"_blank\" rel=\"noopener\"><b>men s\u1ee9<\/b><\/a><span style=\"font-weight: 400;\">. \u0110\u1eb7c bi\u1ec7t, ch\u1ea5t li\u1ec7u nh\u1ef1a cao c\u1ea5p n\u00e0y c\u00f2n ch\u1ed1ng b\u00e1m b\u1ea9n v\u00e0 kh\u00f4 nhanh, \u0111\u1ea3m b\u1ea3o v\u1ec7 sinh cho c\u1ea3 b\u1ed9 s\u1ea3n ph\u1ea9m.<\/span><\/span><\/li>\n<\/ul>\n<p style=\"text-align: justify;\"><span style=\"font-weight: 400; font-size: 14pt; font-family: 'times new roman', times, serif;\">S\u1ef1 k\u1ebft h\u1ee3p c\u1ee7a c\u00e1c v\u1eadt li\u1ec7u cao c\u1ea5p n\u00e0y kh\u00f4ng ch\u1ec9 n\u00e2ng cao tu\u1ed5i th\u1ecd b\u1ed9 ch\u1ed5i c\u1ecd toilet Hiwin Y-336 m\u00e0 c\u00f2n mang l\u1ea1i s\u1ef1 an to\u00e0n v\u00e0 ti\u1ec7n l\u1ee3i t\u1ed1i \u0111a cho ng\u01b0\u1eddi s\u1eed d\u1ee5ng, gi\u00fap c\u00f4ng vi\u1ec7c d\u1ecdn d\u1eb9p ph\u00f2ng t\u1eafm tr\u1edf n\u00ean nh\u1eb9 nh\u00e0ng h\u01a1n.<\/span><\/p>\n<figure id=\"attachment_23132\" aria-describedby=\"caption-attachment-23132\" style=\"width: 800px\" class=\"wp-caption aligncenter\"><img loading=\"lazy\" decoding=\"async\" class=\"size-full wp-image-23132\" src=\"https:\/\/hiwinvietnam.vn\/wp-content\/uploads\/2025\/08\/bo-choi-co-ke-do-toilet-hiwin-y-336-12.jpg\" alt=\"B\u1ed9 ch\u1ed5i c\u1ecd k\u1ec7 \u0111\u1ee1 toilet Hiwin Y-336\" width=\"800\" height=\"800\" srcset=\"https:\/\/hiwinvietnam.vn\/wp-content\/uploads\/2025\/08\/bo-choi-co-ke-do-toilet-hiwin-y-336-12.jpg 800w, https:\/\/hiwinvietnam.vn\/wp-content\/uploads\/2025\/08\/bo-choi-co-ke-do-toilet-hiwin-y-336-12-300x300.jpg 300w, https:\/\/hiwinvietnam.vn\/wp-content\/uploads\/2025\/08\/bo-choi-co-ke-do-toilet-hiwin-y-336-12-150x150.jpg 150w, https:\/\/hiwinvietnam.vn\/wp-content\/uploads\/2025\/08\/bo-choi-co-ke-do-toilet-hiwin-y-336-12-768x768.jpg 768w, https:\/\/hiwinvietnam.vn\/wp-content\/uploads\/2025\/08\/bo-choi-co-ke-do-toilet-hiwin-y-336-12-12x12.jpg 12w, https:\/\/hiwinvietnam.vn\/wp-content\/uploads\/2025\/08\/bo-choi-co-ke-do-toilet-hiwin-y-336-12-20x20.jpg 20w, https:\/\/hiwinvietnam.vn\/wp-content\/uploads\/2025\/08\/bo-choi-co-ke-do-toilet-hiwin-y-336-12-600x600.jpg 600w, https:\/\/hiwinvietnam.vn\/wp-content\/uploads\/2025\/08\/bo-choi-co-ke-do-toilet-hiwin-y-336-12-100x100.jpg 100w\" sizes=\"auto, (max-width: 800px) 100vw, 800px\" \/><figcaption id=\"caption-attachment-23132\" class=\"wp-caption-text\"><em><span style=\"font-size: 14pt; font-family: 'times new roman', times, serif;\">B\u1ed9 ch\u1ed5i c\u1ecd k\u1ec7 \u0111\u1ee1 toilet Hiwin Y-336 l\u00e0m t\u1eeb inox 304<\/span><\/em><\/figcaption><\/figure>\n<h2 style=\"text-align: justify;\"><span style=\"font-size: 14pt; font-family: 'times new roman', times, serif;\"><b>Hiwin Y-336 \u0111\u00e1p \u1ee9ng \u0111\u01b0\u1ee3c t\u1ed1i \u0111a nhu c\u1ea7u s\u1eed d\u1ee5ng\u00a0\u00a0<\/b><\/span><\/h2>\n<p style=\"text-align: justify;\"><span style=\"font-size: 14pt; font-family: 'times new roman', times, serif;\"><span style=\"font-weight: 400;\">Kh\u00f4ng ch\u1ec9 g\u00e2y \u1ea5n t\u01b0\u1ee3ng b\u1edfi thi\u1ebft k\u1ebf tinh t\u1ebf, <\/span><a href=\"https:\/\/hiwinvietnam.vn\/ke-coc-ke-xa-phong-ke-kinh-nha-tam\/\"><b>Gi\u00e1 c\u1ecd toilet Hiwin<\/b><\/a><span style=\"font-weight: 400;\"> c\u00f2n chinh ph\u1ee5c ng\u01b0\u1eddi d\u00f9ng nh\u1edd kh\u1ea3 n\u0103ng l\u00e0m s\u1ea1ch v\u01b0\u1ee3t tr\u1ed9i v\u00e0 t\u00ednh ti\u1ec7n d\u1ee5ng cao. Ph\u1ea7n \u0111\u1ea7u c\u1ecd \u0111\u01b0\u1ee3c thi\u1ebft k\u1ebf linh ho\u1ea1t, d\u1ec5 d\u00e0ng ti\u1ebfp c\u1eadn m\u1ecdi ng\u00f3c ng\u00e1ch trong b\u1ed3n c\u1ea7u \u2013 k\u1ec3 c\u1ea3 nh\u1eefng khu v\u1ef1c kh\u00f3 v\u1ec7 sinh nh\u1ea5t. C\u00e1c s\u1ee3i l\u00f4ng m\u1ec1m, \u0111\u00e0n h\u1ed3i t\u1ed1t gi\u00fap lo\u1ea1i b\u1ecf v\u1ebft b\u1ea9n c\u1ee9ng \u0111\u1ea7u m\u1ed9t c\u00e1ch nh\u1eb9 nh\u00e0ng nh\u01b0ng hi\u1ec7u qu\u1ea3, r\u00fat ng\u1eafn \u0111\u00e1ng k\u1ec3 th\u1eddi gian v\u00e0 c\u00f4ng s\u1ee9c d\u1ecdn d\u1eb9p.<\/span><\/span><\/p>\n<figure id=\"attachment_23130\" aria-describedby=\"caption-attachment-23130\" style=\"width: 800px\" class=\"wp-caption aligncenter\"><img loading=\"lazy\" decoding=\"async\" class=\"size-full wp-image-23130\" src=\"https:\/\/hiwinvietnam.vn\/wp-content\/uploads\/2025\/08\/bo-choi-co-ke-do-toilet-hiwin-y-336-10.jpg\" alt=\"B\u1ed9 ch\u1ed5i c\u1ecd k\u1ec7 \u0111\u1ee1 toilet Hiwin Y-336\" width=\"800\" height=\"800\" srcset=\"https:\/\/hiwinvietnam.vn\/wp-content\/uploads\/2025\/08\/bo-choi-co-ke-do-toilet-hiwin-y-336-10.jpg 800w, https:\/\/hiwinvietnam.vn\/wp-content\/uploads\/2025\/08\/bo-choi-co-ke-do-toilet-hiwin-y-336-10-300x300.jpg 300w, https:\/\/hiwinvietnam.vn\/wp-content\/uploads\/2025\/08\/bo-choi-co-ke-do-toilet-hiwin-y-336-10-150x150.jpg 150w, https:\/\/hiwinvietnam.vn\/wp-content\/uploads\/2025\/08\/bo-choi-co-ke-do-toilet-hiwin-y-336-10-768x768.jpg 768w, https:\/\/hiwinvietnam.vn\/wp-content\/uploads\/2025\/08\/bo-choi-co-ke-do-toilet-hiwin-y-336-10-12x12.jpg 12w, https:\/\/hiwinvietnam.vn\/wp-content\/uploads\/2025\/08\/bo-choi-co-ke-do-toilet-hiwin-y-336-10-20x20.jpg 20w, https:\/\/hiwinvietnam.vn\/wp-content\/uploads\/2025\/08\/bo-choi-co-ke-do-toilet-hiwin-y-336-10-600x600.jpg 600w, https:\/\/hiwinvietnam.vn\/wp-content\/uploads\/2025\/08\/bo-choi-co-ke-do-toilet-hiwin-y-336-10-100x100.jpg 100w\" sizes=\"auto, (max-width: 800px) 100vw, 800px\" \/><figcaption id=\"caption-attachment-23130\" class=\"wp-caption-text\"><em><span style=\"font-size: 14pt; font-family: 'times new roman', times, serif;\">B\u1ed9 ch\u1ed5i c\u1ecd k\u1ec7 \u0111\u1ee1 toilet Hiwin Y-336 l\u00e0m s\u1ea1ch k\u1ef9 l\u01b0\u1ee1ng<\/span><\/em><\/figcaption><\/figure>\n<p style=\"text-align: justify;\"><span style=\"font-weight: 400; font-size: 14pt; font-family: 'times new roman', times, serif;\">C\u1ed1c \u0111\u1ef1ng b\u1eb1ng th\u1ee7y tinh s\u00e2u v\u00e0 ch\u1eafc ch\u1eafn kh\u00f4ng ch\u1ec9 gi\u00fap gi\u1eef g\u1ecdn ph\u1ea7n c\u1ecd m\u00e0 c\u00f2n ng\u0103n n\u01b0\u1edbc b\u1ea9n b\u1eafn ra ngo\u00e0i, gi\u1eef cho khu v\u1ef1c xung quanh lu\u00f4n kh\u00f4 r\u00e1o v\u00e0 s\u1ea1ch s\u1ebd. Thi\u1ebft k\u1ebf gi\u00fap h\u1ea1n ch\u1ebf m\u00f9i h\u00f4i v\u00e0 ng\u0103n ng\u1eeba vi khu\u1ea9n ph\u00e1t tri\u1ec3n, mang l\u1ea1i kh\u00f4ng gian ph\u00f2ng t\u1eafm lu\u00f4n tho\u00e1ng kh\u00ed v\u00e0 v\u1ec7 sinh. V\u1edbi nh\u1eefng \u01b0u \u0111i\u1ec3m n\u1ed5i b\u1eadt n\u00e0y, b\u1ed9 ch\u1ed5i c\u1ecd k\u1ec7 \u0111\u1ee1 toilet Hiwin Y-336 th\u1ef1c s\u1ef1 l\u00e0 m\u1ed9t gi\u1ea3i ph\u00e1p to\u00e0n di\u1ec7n, \u0111\u00e1p \u1ee9ng t\u1ed1i \u0111a nhu c\u1ea7u s\u1eed d\u1ee5ng h\u00e0ng ng\u00e0y c\u1ee7a m\u1ecdi gia \u0111\u00ecnh.<\/span><\/p>\n<h2 style=\"text-align: justify;\"><span style=\"font-size: 14pt; font-family: 'times new roman', times, serif;\"><b>Thi c\u00f4ng d\u1ec5 d\u00e0ng, ph\u1ee5 ki\u1ec7n ph\u00f9 h\u1ee3p cho m\u1ecdi kh\u00f4ng gian<\/b><\/span><\/h2>\n<p style=\"text-align: justify;\"><span style=\"font-weight: 400; font-size: 14pt; font-family: 'times new roman', times, serif;\">B\u1ed9 s\u1ea3n ph\u1ea9m \u0111\u01b0\u1ee3c \u0111i k\u00e8m \u0111\u1ea7y \u0111\u1ee7 c\u00e1c ph\u1ee5 ki\u1ec7n l\u1eafp \u0111\u1eb7t c\u1ea7n thi\u1ebft, cho ph\u00e9p ng\u01b0\u1eddi d\u00f9ng t\u1ef1 th\u1ef1c hi\u1ec7n t\u1ea1i nh\u00e0 m\u00e0 kh\u00f4ng c\u1ea7n \u0111\u1ebfn th\u1ee3 chuy\u00ean nghi\u1ec7p. Qu\u00e1 tr\u00ecnh l\u1eafp \u0111\u1eb7t di\u1ec5n ra nhanh ch\u00f3ng, ch\u1ec9 m\u1ea5t kho\u1ea3ng 10-15 ph\u00fat \u0111\u1ec3 ho\u00e0n thi\u1ec7n. \u0110\u1eb7c bi\u1ec7t, b\u1ed9 ch\u1ed5i c\u1ecd toilet Hiwin Y-336 \u0111\u01b0\u1ee3c thi\u1ebft k\u1ebf \u0111\u1ec3 t\u01b0\u01a1ng th\u00edch v\u1edbi nhi\u1ec1u lo\u1ea1i b\u1ec1 m\u1eb7t t\u01b0\u1eddng ph\u1ed5 bi\u1ebfn, \u0111\u1ea3m b\u1ea3o s\u1ef1 linh ho\u1ea1t (T\u01b0\u1eddng g\u1ea1ch men, xi m\u0103ng, ho\u1eb7c \u0111\u00e1 t\u1ef1 nhi\u00ean, v\u00e1ch k\u00ednh c\u01b0\u1eddng l\u1ef1c).\u00a0<\/span><\/p>\n<figure id=\"attachment_23129\" aria-describedby=\"caption-attachment-23129\" style=\"width: 800px\" class=\"wp-caption aligncenter\"><img loading=\"lazy\" decoding=\"async\" class=\"wp-image-23129 size-full\" src=\"https:\/\/hiwinvietnam.vn\/wp-content\/uploads\/2025\/08\/bo-choi-co-ke-do-toilet-hiwin-y-336-9.jpg\" alt=\"B\u1ed9 ch\u1ed5i c\u1ecd k\u1ec7 \u0111\u1ee1 toilet Hiwin Y-336\" width=\"800\" height=\"800\" srcset=\"https:\/\/hiwinvietnam.vn\/wp-content\/uploads\/2025\/08\/bo-choi-co-ke-do-toilet-hiwin-y-336-9.jpg 800w, https:\/\/hiwinvietnam.vn\/wp-content\/uploads\/2025\/08\/bo-choi-co-ke-do-toilet-hiwin-y-336-9-300x300.jpg 300w, https:\/\/hiwinvietnam.vn\/wp-content\/uploads\/2025\/08\/bo-choi-co-ke-do-toilet-hiwin-y-336-9-150x150.jpg 150w, https:\/\/hiwinvietnam.vn\/wp-content\/uploads\/2025\/08\/bo-choi-co-ke-do-toilet-hiwin-y-336-9-768x768.jpg 768w, https:\/\/hiwinvietnam.vn\/wp-content\/uploads\/2025\/08\/bo-choi-co-ke-do-toilet-hiwin-y-336-9-12x12.jpg 12w, https:\/\/hiwinvietnam.vn\/wp-content\/uploads\/2025\/08\/bo-choi-co-ke-do-toilet-hiwin-y-336-9-20x20.jpg 20w, https:\/\/hiwinvietnam.vn\/wp-content\/uploads\/2025\/08\/bo-choi-co-ke-do-toilet-hiwin-y-336-9-600x600.jpg 600w, https:\/\/hiwinvietnam.vn\/wp-content\/uploads\/2025\/08\/bo-choi-co-ke-do-toilet-hiwin-y-336-9-100x100.jpg 100w\" sizes=\"auto, (max-width: 800px) 100vw, 800px\" \/><figcaption id=\"caption-attachment-23129\" class=\"wp-caption-text\"><em><span style=\"font-size: 14pt; font-family: 'times new roman', times, serif;\">B\u1ed9 ch\u1ed5i c\u1ecd k\u1ec7 \u0111\u1ee1 toilet Hiwin Y-336 ph\u00f9 h\u1ee3p nhi\u1ec1u kh\u00f4ng gian<\/span><\/em><\/figcaption><\/figure>\n<p style=\"text-align: justify;\"><span style=\"font-size: 14pt; font-family: 'times new roman', times, serif;\"><span style=\"font-weight: 400;\">V\u1edbi s\u1ef1 k\u1ebft h\u1ee3p ho\u00e0n h\u1ea3o gi\u1eefa thi\u1ebft k\u1ebf tinh t\u1ebf, ch\u1ea5t li\u1ec7u cao c\u1ea5p v\u00e0 t\u00ednh ti\u1ec7n d\u1ee5ng t\u1ed1i \u0111a, b<\/span><b><i>\u1ed9 ch\u1ed5i c\u1ecd k\u1ec7 \u0111\u1ee1 toilet Hiwin Y-336<\/i><\/b><span style=\"font-weight: 400;\"> kh\u00f4ng ch\u1ec9 \u0111\u01a1n thu\u1ea7n l\u00e0 m\u1ed9t ph\u1ee5 ki\u1ec7n ph\u00f2ng t\u1eafm m\u00e0 c\u00f2n l\u00e0 m\u1ed9t kho\u1ea3n \u0111\u1ea7u t\u01b0 x\u1ee9ng \u0111\u00e1ng cho kh\u00f4ng gian s\u1ed1ng c\u1ee7a b\u1ea1n.\u00a0<\/span><\/span><\/p>\n<p style=\"text-align: justify;\"><span style=\"font-size: 14pt; font-family: 'times new roman', times, serif;\"><strong><i>&gt;&gt; Xem th\u00eam: <\/i><a href=\"https:\/\/hiwinvietnam.vn\/gia-co-toilet-y-636\/\"><i>Gi\u00e1 c\u1ecd toilet Y-636<\/i><\/a>\u00a0<\/strong><\/span><\/p>\n","protected":false},"excerpt":{"rendered":"<p>Trong kh\u00f4ng gian ph\u00f2ng t\u1eafm hi\u1ec7n \u0111\u1ea1i, s\u1ef1 ti\u1ec7n nghi v\u00e0 \u0111\u1ed9 b\u1ec1n c\u1ee7a c\u00e1c v\u1eadt d\u1ee5ng v\u1ec7 sinh lu\u00f4n l\u00e0 y\u1ebfu t\u1ed1 \u0111\u01b0\u1ee3c ng\u01b0\u1eddi ti\u00eau d\u00f9ng quan t\u00e2m. B\u1ed9 ch\u1ed5i c\u1ecd k\u1ec7 \u0111\u1ee1 toilet Hiwin Y-336 kh\u00f4ng ch\u1ec9 \u0111\u00e1p \u1ee9ng nhu c\u1ea7u l\u00e0m s\u1ea1ch hi\u1ec7u qu\u1ea3 m\u00e0 c\u00f2n ghi \u0111i\u1ec3m nh\u1edd thi\u1ebft k\u1ebf th\u00f4ng [&hellip;]<\/p>\n","protected":false},"featured_media":23122,"comment_status":"open","ping_status":"closed","template":"","meta":{"_acf_changed":false},"product_brand":[],"product_cat":[175],"product_tag":[],"class_list":{"0":"post-23116","1":"product","2":"type-product","3":"status-publish","4":"has-post-thumbnail","6":"product_cat-ke-coc-ke-xa-phong-ke-kinh-nha-tam","7":"pa_mau-sac-guong-bong","8":"pa_mau-sac-xuoc-mo","10":"first","11":"instock","12":"sale","13":"shipping-taxable","14":"purchasable","15":"product-type-variable"},"acf":[],"_links":{"self":[{"href":"https:\/\/hiwinvietnam.vn\/wp-json\/wp\/v2\/product\/23116","targetHints":{"allow":["GET"]}}],"collection":[{"href":"https:\/\/hiwinvietnam.vn\/wp-json\/wp\/v2\/product"}],"about":[{"href":"https:\/\/hiwinvietnam.vn\/wp-json\/wp\/v2\/types\/product"}],"replies":[{"embeddable":true,"href":"https:\/\/hiwinvietnam.vn\/wp-json\/wp\/v2\/comments?post=23116"}],"wp:featuredmedia":[{"embeddable":true,"href":"https:\/\/hiwinvietnam.vn\/wp-json\/wp\/v2\/media\/23122"}],"wp:attachment":[{"href":"https:\/\/hiwinvietnam.vn\/wp-json\/wp\/v2\/media?parent=23116"}],"wp:term":[{"taxonomy":"product_brand","embeddable":true,"href":"https:\/\/hiwinvietnam.vn\/wp-json\/wp\/v2\/product_brand?post=23116"},{"taxonomy":"product_cat","embeddable":true,"href":"https:\/\/hiwinvietnam.vn\/wp-json\/wp\/v2\/product_cat?post=23116"},{"taxonomy":"product_tag","embeddable":true,"href":"https:\/\/hiwinvietnam.vn\/wp-json\/wp\/v2\/product_tag?post=23116"}],"curies":[{"name":"wp","href":"https:\/\/api.w.org\/{rel}","templated":true}]}}