{"id":20442,"date":"2025-06-23T13:52:18","date_gmt":"2025-06-23T06:52:18","guid":{"rendered":"https:\/\/hiwinvietnam.vn\/?post_type=product&#038;p=20442"},"modified":"2026-04-29T09:09:07","modified_gmt":"2026-04-29T02:09:07","slug":"tu-lavabo-nha-ve-sinh-hiwin-ys-2631","status":"publish","type":"product","link":"https:\/\/hiwinvietnam.vn\/tu-lavabo-nha-ve-sinh-hiwin-ys-2631\/","title":{"rendered":"B\u1ed9 t\u1ee7 lavabo nh\u00e0 v\u1ec7 sinh Hiwin YS-2631 treo t\u01b0\u1eddng ti\u1ec7n l\u1ee3i"},"content":{"rendered":"<p style=\"text-align: justify;\"><span style=\"font-family: 'times new roman', times, serif; font-size: 14pt;\"><b>B\u1ed9 t\u1ee7 lavabo nh\u00e0 v\u1ec7 sinh Hiwin YS-2631<\/b><span style=\"font-weight: 400;\"> \u0111ang l\u00e0 l\u1ef1a ch\u1ecdn h\u00e0ng \u0111\u1ea7u cho nh\u1eefng ai t\u00ecm ki\u1ebfm s\u1ef1 ti\u1ec7n nghi v\u00e0 hi\u1ec7n \u0111\u1ea1i trong kh\u00f4ng gian s\u1ed1ng. V\u1edbi thi\u1ebft k\u1ebf tinh t\u1ebf v\u00e0 ch\u1ea5t li\u1ec7u cao c\u1ea5p, b\u1ed9 t\u1ee7 ch\u1eadu Hiwin YS-2631 \u0111\u1ea3m b\u1ea3o \u0111\u1ed9 b\u1ec1n b\u1ec9 theo th\u1eddi gian, \u0111\u1ed3ng th\u1eddi d\u1ec5 d\u00e0ng v\u1ec7 sinh v\u00e0 b\u1ea3o tr\u00ec.<\/span><\/span><\/p>\n<p style=\"text-align: center;\"><iframe loading=\"lazy\" title=\"YouTube video player\" src=\"\/\/www.youtube.com\/embed\/1sreaTi4jiI?si=IoZn1nyYk6PgDkEj\" width=\"800\" height=\"800\" frameborder=\"0\" allowfullscreen=\"allowfullscreen\"><\/iframe><\/p>\n<h2 style=\"text-align: justify;\"><span style=\"font-family: 'times new roman', times, serif; font-size: 14pt;\"><b>T\u1ee7 lavabo nh\u00e0 v\u1ec7 sinh Hiwin YS-2631 hi\u1ec7n \u0111\u1ea1i, h\u00f2a m\u00ecnh c\u00f9ng m\u1ecdi kh\u00f4ng gian<\/b><\/span><\/h2>\n<p style=\"text-align: justify;\"><span style=\"font-weight: 400; font-family: 'times new roman', times, serif; font-size: 14pt;\">Mang \u0111\u1eadm d\u1ea5u \u1ea5n c\u1ee7a phong c\u00e1ch hi\u1ec7n \u0111\u1ea1i, b\u1ed9 t\u1ee7 lavabo nh\u00e0 v\u1ec7 sinh Hiwin YS-2631 t\u1ef1a nh\u01b0 m\u1ed9t t\u00e1c ph\u1ea9m ngh\u1ec7 thu\u1eadt treo t\u01b0\u1eddng \u0111\u1ea7y l\u00f4i cu\u1ed1n. S\u1eafc x\u00e1m trang nh\u00e3, thanh l\u1ecbch bao ph\u1ee7 to\u00e0n b\u1ed9 thi\u1ebft k\u1ebf, kh\u01a1i g\u1ee3i c\u1ea3m gi\u00e1c v\u1ec1 s\u1ef1 t\u0129nh t\u1ea1i v\u00e0 sang tr\u1ecdng, \u0111\u1ed3ng th\u1eddi d\u1ec5 d\u00e0ng h\u00f2a quy\u1ec7n v\u00e0o nhi\u1ec1u phong c\u00e1ch n\u1ed9i th\u1ea5t kh\u00e1c nhau.\u00a0<\/span><\/p>\n<figure id=\"attachment_20443\" aria-describedby=\"caption-attachment-20443\" style=\"width: 800px\" class=\"wp-caption aligncenter\"><img loading=\"lazy\" decoding=\"async\" class=\"wp-image-20443\" src=\"https:\/\/hiwinvietnam.vn\/wp-content\/uploads\/2025\/06\/Bo-tu-lavabo-nha-ve-sinh-Hiwin-YS-2631-1.jpg\" alt=\"Thi\u1ebft k\u1ebf b\u1ed9 t\u1ee7 ch\u1eadu Hiwin YS-2631 mang d\u1ea5u \u1ea5n hi\u1ec7n \u0111\u1ea1i\" width=\"800\" height=\"1000\" srcset=\"https:\/\/hiwinvietnam.vn\/wp-content\/uploads\/2025\/06\/Bo-tu-lavabo-nha-ve-sinh-Hiwin-YS-2631-1.jpg 2048w, https:\/\/hiwinvietnam.vn\/wp-content\/uploads\/2025\/06\/Bo-tu-lavabo-nha-ve-sinh-Hiwin-YS-2631-1-240x300.jpg 240w, https:\/\/hiwinvietnam.vn\/wp-content\/uploads\/2025\/06\/Bo-tu-lavabo-nha-ve-sinh-Hiwin-YS-2631-1-819x1024.jpg 819w, https:\/\/hiwinvietnam.vn\/wp-content\/uploads\/2025\/06\/Bo-tu-lavabo-nha-ve-sinh-Hiwin-YS-2631-1-768x960.jpg 768w, https:\/\/hiwinvietnam.vn\/wp-content\/uploads\/2025\/06\/Bo-tu-lavabo-nha-ve-sinh-Hiwin-YS-2631-1-1229x1536.jpg 1229w, https:\/\/hiwinvietnam.vn\/wp-content\/uploads\/2025\/06\/Bo-tu-lavabo-nha-ve-sinh-Hiwin-YS-2631-1-1638x2048.jpg 1638w, https:\/\/hiwinvietnam.vn\/wp-content\/uploads\/2025\/06\/Bo-tu-lavabo-nha-ve-sinh-Hiwin-YS-2631-1-10x12.jpg 10w, https:\/\/hiwinvietnam.vn\/wp-content\/uploads\/2025\/06\/Bo-tu-lavabo-nha-ve-sinh-Hiwin-YS-2631-1-300x375.jpg 300w, https:\/\/hiwinvietnam.vn\/wp-content\/uploads\/2025\/06\/Bo-tu-lavabo-nha-ve-sinh-Hiwin-YS-2631-1-600x750.jpg 600w\" sizes=\"auto, (max-width: 800px) 100vw, 800px\" \/><figcaption id=\"caption-attachment-20443\" class=\"wp-caption-text\"><\/span> <span style=\"font-family: 'times new roman', times, serif; font-size: 14pt;\"><em>Thi\u1ebft k\u1ebf b\u1ed9 t\u1ee7 ch\u1eadu Hiwin YS-2631 mang d\u1ea5u \u1ea5n hi\u1ec7n \u0111\u1ea1i<\/em><\/span><\/figcaption><\/figure>\n<p style=\"text-align: justify;\"><span style=\"font-weight: 400; font-family: 'times new roman', times, serif; font-size: 14pt;\">K\u00edch th\u01b0\u1edbc c\u1ee7a t\u1ee7 v\u1ec7 sinh Hiwin YS-2631 bao g\u1ed3m:<\/span><\/p>\n<ul>\n<li><span style=\"font-family: 'times new roman', times, serif; font-size: 14pt;\">M\u1eb7t s\u1ee9: 600x500x40mm\u00a0\u00a0\u00a0<\/span><\/li>\n<li><span style=\"font-family: 'times new roman', times, serif; font-size: 14pt;\">T\u1ee7 ch\u00ednh\uff1a590*490*450mm<\/span><\/li>\n<li><span style=\"font-family: 'times new roman', times, serif; font-size: 14pt;\">T\u1ee7 g\u01b0\u01a1ng\uff1a580*700*150mm<\/span><\/li>\n<\/ul>\n<p style=\"text-align: justify;\"><span style=\"font-weight: 400; font-family: 'times new roman', times, serif; font-size: 14pt;\">V\u1edbi k\u00edch th\u01b0\u1edbc \u0111\u01b0\u1ee3c t\u00ednh to\u00e1n t\u1ec9 m\u1ec9, b\u1ed9 t\u1ee7 ch\u1eadu Hiwin YS-2631 l\u00e0 gi\u1ea3i ph\u00e1p l\u00fd t\u01b0\u1edfng cho \u0111a d\u1ea1ng kh\u00f4ng gian ph\u00f2ng t\u1eafm, t\u1eeb nh\u1eefng c\u0103n h\u1ed9 v\u1eeba ph\u1ea3i \u0111\u1ebfn nh\u1eefng bi\u1ec7t th\u1ef1 r\u1ed9ng l\u1edbn, ki\u1ebfn t\u1ea1o n\u00ean m\u1ed9t t\u1ed5ng th\u1ec3 h\u00e0i h\u00f2a v\u00e0 c\u00e2n \u0111\u1ed1i. Kh\u00f4ng ch\u1ec9 l\u00e0 m\u1ed9t v\u1eadt d\u1ee5ng ti\u1ec7n nghi, Hiwin YS-2631 c\u00f2n l\u00e0 \u0111i\u1ec3m nh\u1ea5n tinh t\u1ebf, n\u00e2ng t\u1ea7m v\u1ebb \u0111\u1eb9p cho kh\u00f4ng gian v\u1ec7 sinh c\u1ee7a b\u1ea1n.<\/span><\/p>\n<figure id=\"attachment_20454\" aria-describedby=\"caption-attachment-20454\" style=\"width: 800px\" class=\"wp-caption aligncenter\"><img loading=\"lazy\" decoding=\"async\" class=\"wp-image-20454\" src=\"https:\/\/hiwinvietnam.vn\/wp-content\/uploads\/2025\/06\/Bo-tu-lavabo-nha-ve-sinh-Hiwin-YS-2631-12.jpg\" alt=\"K\u00edch th\u01b0\u1edbc t\u1ee7 lavabo nh\u00e0 v\u1ec7 sinh Hiwin YS-2631 ph\u00f9 h\u1ee3p \u0111a d\u1ea1ng kh\u00f4ng gian\" width=\"800\" height=\"800\" srcset=\"https:\/\/hiwinvietnam.vn\/wp-content\/uploads\/2025\/06\/Bo-tu-lavabo-nha-ve-sinh-Hiwin-YS-2631-12.jpg 2400w, https:\/\/hiwinvietnam.vn\/wp-content\/uploads\/2025\/06\/Bo-tu-lavabo-nha-ve-sinh-Hiwin-YS-2631-12-300x300.jpg 300w, https:\/\/hiwinvietnam.vn\/wp-content\/uploads\/2025\/06\/Bo-tu-lavabo-nha-ve-sinh-Hiwin-YS-2631-12-1024x1024.jpg 1024w, https:\/\/hiwinvietnam.vn\/wp-content\/uploads\/2025\/06\/Bo-tu-lavabo-nha-ve-sinh-Hiwin-YS-2631-12-150x150.jpg 150w, https:\/\/hiwinvietnam.vn\/wp-content\/uploads\/2025\/06\/Bo-tu-lavabo-nha-ve-sinh-Hiwin-YS-2631-12-768x768.jpg 768w, https:\/\/hiwinvietnam.vn\/wp-content\/uploads\/2025\/06\/Bo-tu-lavabo-nha-ve-sinh-Hiwin-YS-2631-12-1536x1536.jpg 1536w, https:\/\/hiwinvietnam.vn\/wp-content\/uploads\/2025\/06\/Bo-tu-lavabo-nha-ve-sinh-Hiwin-YS-2631-12-2048x2048.jpg 2048w, https:\/\/hiwinvietnam.vn\/wp-content\/uploads\/2025\/06\/Bo-tu-lavabo-nha-ve-sinh-Hiwin-YS-2631-12-12x12.jpg 12w, https:\/\/hiwinvietnam.vn\/wp-content\/uploads\/2025\/06\/Bo-tu-lavabo-nha-ve-sinh-Hiwin-YS-2631-12-20x20.jpg 20w, https:\/\/hiwinvietnam.vn\/wp-content\/uploads\/2025\/06\/Bo-tu-lavabo-nha-ve-sinh-Hiwin-YS-2631-12-600x600.jpg 600w, https:\/\/hiwinvietnam.vn\/wp-content\/uploads\/2025\/06\/Bo-tu-lavabo-nha-ve-sinh-Hiwin-YS-2631-12-100x100.jpg 100w\" sizes=\"auto, (max-width: 800px) 100vw, 800px\" \/><figcaption id=\"caption-attachment-20454\" class=\"wp-caption-text\"><\/span> <span style=\"font-family: 'times new roman', times, serif; font-size: 14pt;\"><em>K\u00edch th\u01b0\u1edbc t\u1ee7 lavabo nh\u00e0 v\u1ec7 sinh Hiwin YS-2631 ph\u00f9 h\u1ee3p \u0111a d\u1ea1ng kh\u00f4ng gian<\/em><\/span><\/figcaption><\/figure>\n<p style=\"text-align: justify;\"><span style=\"font-family: 'times new roman', times, serif; font-size: 14pt;\"><b>Gi\u1ea3i ph\u00e1p l\u01b0u tr\u1eef th\u00f4ng minh v\u1edbi b\u1ed9 t\u1ee7 ch\u1eadu Hiwin YS-2631<\/b><\/span><\/p>\n<p style=\"text-align: justify;\"><span style=\"font-weight: 400; font-family: 'times new roman', times, serif; font-size: 14pt;\">B\u1ed9 t\u1ee7 lavabo nh\u00e0 v\u1ec7 sinh Hiwin YS-2631 mang \u0111\u1ebfn m\u1ed9t kh\u00f4ng gian l\u01b0u tr\u1eef l\u00fd t\u01b0\u1edfng, \u0111\u00e1p \u1ee9ng m\u1ecdi nhu c\u1ea7u s\u1eafp x\u1ebfp v\u1eadt d\u1ee5ng c\u00e1 nh\u00e2n m\u1ed9t c\u00e1ch khoa h\u1ecdc v\u00e0 th\u1ea9m m\u1ef9. T\u1ee7 g\u01b0\u01a1ng \u0111\u01b0\u1ee3c thi\u1ebft k\u1ebf th\u00f4ng minh v\u1edbi ng\u0103n ch\u1ee9a \u1ea9n sau b\u1ec1 m\u1eb7t tr\u00e1ng g\u01b0\u01a1ng thanh l\u1ecbch, mang \u0111\u1ebfn s\u1ef1 k\u00edn \u0111\u00e1o v\u00e0 ti\u1ec7n l\u1ee3i. B\u00ean d\u01b0\u1edbi v\u00e0 b\u00ean ph\u1ea3i g\u01b0\u01a1ng \u0111\u1ec1u l\u00e0 c\u00e1c h\u1ed9c \u0111\u1ec3 \u0111\u1ed3 m\u1edf, t\u1ea1o \u0111i\u1ec3m nh\u1ea5n v\u1eeba trang tr\u00ed v\u1eeba d\u1ec5 d\u00e0ng ti\u1ebfp c\u1eadn.<\/span><\/p>\n<p style=\"text-align: justify;\"><span style=\"font-weight: 400; font-family: 'times new roman', times, serif; font-size: 14pt;\">T\u1ee7 ch\u1eadu thi\u1ebft k\u1ebf ng\u0103n k\u00e9o l\u1edbn, n\u01a1i l\u00fd t\u01b0\u1edfng \u0111\u1ec3 c\u1ea5t gi\u1eef c\u00e1c v\u1eadt d\u1ee5ng k\u00edch th\u01b0\u1edbc. B\u00ean ph\u1ea3i l\u00e0 hai h\u1ed9c \u0111\u1ed3 ti\u1ec7n d\u1ee5ng, gi\u00fap t\u1ed1i \u01b0u h\u00f3a kh\u1ea3 n\u0103ng ch\u1ee9a \u0111\u1ef1ng. V\u1edbi Hiwin YS-2631, m\u1ecdi v\u1eadt d\u1ee5ng trong ph\u00f2ng t\u1eafm s\u1ebd \u0111\u01b0\u1ee3c s\u1eafp x\u1ebfp ng\u0103n n\u1eafp, g\u00f3p ph\u1ea7n mang \u0111\u1ebfn m\u1ed9t kh\u00f4ng gian s\u1ed1ng tinh t\u1ebf v\u00e0 ti\u1ec7n nghi.<\/span><\/p>\n<h2 style=\"text-align: justify;\"><span style=\"font-family: 'times new roman', times, serif; font-size: 14pt;\"><b>Tuy\u1ec7t t\u00e1c t\u1eeb ch\u1ea5t li\u1ec7u Plywood<\/b><\/span><\/h2>\n<p style=\"text-align: justify;\"><span style=\"font-weight: 400; font-family: 'times new roman', times, serif; font-size: 14pt;\">B\u1ed9 t\u1ee7 lavabo nh\u00e0 v\u1ec7 sinh Hiwin YS-2631 \u0111\u01b0\u1ee3c ch\u1ebf t\u00e1c t\u1eeb c\u1ed1t l\u00f5i g\u1ed7 plywood cao c\u1ea5p, tr\u1ea3i qua quy tr\u00ecnh \u00e9p ch\u1eb7t 11 l\u1edbp g\u1ed7 d\u00e0y d\u1eb7n 17mm, t\u1ea1o n\u00ean m\u1ed9t k\u1ebft c\u1ea5u v\u1eefng ch\u00e3i, b\u1ec1n b\u1ec9 v\u01b0\u1ee3t th\u1eddi gian.\u00a0<\/span><\/p>\n<figure id=\"attachment_20455\" aria-describedby=\"caption-attachment-20455\" style=\"width: 800px\" class=\"wp-caption aligncenter\"><img loading=\"lazy\" decoding=\"async\" class=\"wp-image-20455\" src=\"https:\/\/hiwinvietnam.vn\/wp-content\/uploads\/2025\/06\/Bo-tu-lavabo-nha-ve-sinh-Hiwin-YS-2631-13.jpg\" alt=\"Ch\u1ea5t li\u1ec7u Plywood cao c\u1ea5p gi\u00fap Hiwin YS-2631 b\u1ec1n b\u1ec9 h\u01a1n bao gi\u1edd h\u1ebft\" width=\"800\" height=\"800\" srcset=\"https:\/\/hiwinvietnam.vn\/wp-content\/uploads\/2025\/06\/Bo-tu-lavabo-nha-ve-sinh-Hiwin-YS-2631-13.jpg 2560w, https:\/\/hiwinvietnam.vn\/wp-content\/uploads\/2025\/06\/Bo-tu-lavabo-nha-ve-sinh-Hiwin-YS-2631-13-300x300.jpg 300w, https:\/\/hiwinvietnam.vn\/wp-content\/uploads\/2025\/06\/Bo-tu-lavabo-nha-ve-sinh-Hiwin-YS-2631-13-1024x1024.jpg 1024w, https:\/\/hiwinvietnam.vn\/wp-content\/uploads\/2025\/06\/Bo-tu-lavabo-nha-ve-sinh-Hiwin-YS-2631-13-150x150.jpg 150w, https:\/\/hiwinvietnam.vn\/wp-content\/uploads\/2025\/06\/Bo-tu-lavabo-nha-ve-sinh-Hiwin-YS-2631-13-768x768.jpg 768w, https:\/\/hiwinvietnam.vn\/wp-content\/uploads\/2025\/06\/Bo-tu-lavabo-nha-ve-sinh-Hiwin-YS-2631-13-1536x1536.jpg 1536w, https:\/\/hiwinvietnam.vn\/wp-content\/uploads\/2025\/06\/Bo-tu-lavabo-nha-ve-sinh-Hiwin-YS-2631-13-2048x2048.jpg 2048w, https:\/\/hiwinvietnam.vn\/wp-content\/uploads\/2025\/06\/Bo-tu-lavabo-nha-ve-sinh-Hiwin-YS-2631-13-12x12.jpg 12w, https:\/\/hiwinvietnam.vn\/wp-content\/uploads\/2025\/06\/Bo-tu-lavabo-nha-ve-sinh-Hiwin-YS-2631-13-20x20.jpg 20w, https:\/\/hiwinvietnam.vn\/wp-content\/uploads\/2025\/06\/Bo-tu-lavabo-nha-ve-sinh-Hiwin-YS-2631-13-600x600.jpg 600w, https:\/\/hiwinvietnam.vn\/wp-content\/uploads\/2025\/06\/Bo-tu-lavabo-nha-ve-sinh-Hiwin-YS-2631-13-100x100.jpg 100w\" sizes=\"auto, (max-width: 800px) 100vw, 800px\" \/><figcaption id=\"caption-attachment-20455\" class=\"wp-caption-text\"><\/span> <span style=\"font-family: 'times new roman', times, serif; font-size: 14pt;\"><em>Ch\u1ea5t li\u1ec7u Plywood cao c\u1ea5p gi\u00fap Hiwin YS-2631 b\u1ec1n b\u1ec9 h\u01a1n bao gi\u1edd h\u1ebft<\/em><\/span><\/figcaption><\/figure>\n<p style=\"text-align: justify;\"><span style=\"font-weight: 400; font-family: 'times new roman', times, serif; font-size: 14pt;\">B\u1ec1 m\u1eb7t t\u1ee7 \u0111\u01b0\u1ee3c bao ph\u1ee7 b\u1edfi l\u1edbp melamine tinh t\u1ebf, v\u1eeba mang \u0111\u1ebfn v\u1ebb \u0111\u1eb9p th\u1ea9m m\u1ef9 v\u1eeba t\u0103ng c\u01b0\u1eddng kh\u1ea3 n\u0103ng ch\u1ed1ng \u1ea9m, ch\u1ed1ng tr\u1ea7y x\u01b0\u1edbc v\u01b0\u1ee3t tr\u1ed9i, th\u00e1ch th\u1ee9c m\u1ecdi t\u00e1c \u0111\u1ed9ng t\u1eeb m\u00f4i tr\u01b0\u1eddng. \u0110\u1eb7c bi\u1ec7t, c\u00e1c c\u1ea1nh t\u1ee7 \u0111\u01b0\u1ee3c li\u00ean k\u1ebft b\u1eb1ng l\u1edbp keo PUR chuy\u00ean d\u1ee5ng, \u0111\u1ea3m b\u1ea3o s\u1ef1 li\u1ec1n m\u1ea1ch ho\u00e0n h\u1ea3o v\u00e0 \u0111\u1ed9 b\u1ec1n b\u1ec9 tuy\u1ec7t \u0111\u1ed1i trong su\u1ed1t qu\u00e1 tr\u00ecnh s\u1eed d\u1ee5ng.\u00a0<\/span><\/p>\n<h3 style=\"text-align: justify;\"><span style=\"font-family: 'times new roman', times, serif; font-size: 14pt;\"><b>G\u01b0\u01a1ng ph\u00f4i B\u1ec9 AGC s\u1eafc n\u00e9t, b\u1ec1n b\u1ec9 theo th\u1eddi gian<\/b><\/span><\/h3>\n<p style=\"text-align: justify;\"><span style=\"font-weight: 400; font-family: 'times new roman', times, serif; font-size: 14pt;\">\u0110i\u1ec3m xuy\u1ebft tr\u00ean t\u1ee7 g\u01b0\u01a1ng Hiwin YS-2631 l\u00e0 t\u1ea5m g\u01b0\u01a1ng tr\u00e1ng b\u1ea1c 8 l\u1edbp, \u0111\u01b0\u1ee3c ch\u1ebf t\u00e1c t\u1eeb ph\u00f4i B\u1ec9 AGC cao c\u1ea5p, nh\u1eadp kh\u1ea9u t\u1eeb Indonesia, v\u1edbi \u0111\u1ed9 d\u00e0y l\u00fd t\u01b0\u1edfng 5mm. \u0110\u1eb7c bi\u1ec7t, th\u00e0nh ph\u1ea7n g\u01b0\u01a1ng ho\u00e0n to\u00e0n kh\u00f4ng pha t\u1ea1p kim lo\u1ea1i, b\u1ea3o \u0111\u1ea3m h\u00ecnh \u1ea3nh ph\u1ea3n chi\u1ebfu s\u1eafc n\u00e9t \u0111\u1ebfn t\u1eebng chi ti\u1ebft, kh\u00f4ng h\u1ec1 b\u1ecb m\u1edd hay g\u00e3y kh\u00fac.<\/span><\/p>\n<figure id=\"attachment_20448\" aria-describedby=\"caption-attachment-20448\" style=\"width: 800px\" class=\"wp-caption aligncenter\"><img loading=\"lazy\" decoding=\"async\" class=\"wp-image-20448\" src=\"https:\/\/hiwinvietnam.vn\/wp-content\/uploads\/2025\/06\/Bo-tu-lavabo-nha-ve-sinh-Hiwin-YS-2631-6.jpg\" alt=\"G\u01b0\u01a1ng ph\u00f4i B\u1ec9 AGC th\u00edch h\u1ee3p v\u1edbi m\u00f4i tr\u01b0\u1eddng kh\u00ed h\u1eadu Ch\u00e2u \u00c1\u00a0\" width=\"800\" height=\"800\" srcset=\"https:\/\/hiwinvietnam.vn\/wp-content\/uploads\/2025\/06\/Bo-tu-lavabo-nha-ve-sinh-Hiwin-YS-2631-6.jpg 2560w, https:\/\/hiwinvietnam.vn\/wp-content\/uploads\/2025\/06\/Bo-tu-lavabo-nha-ve-sinh-Hiwin-YS-2631-6-300x300.jpg 300w, https:\/\/hiwinvietnam.vn\/wp-content\/uploads\/2025\/06\/Bo-tu-lavabo-nha-ve-sinh-Hiwin-YS-2631-6-1024x1024.jpg 1024w, https:\/\/hiwinvietnam.vn\/wp-content\/uploads\/2025\/06\/Bo-tu-lavabo-nha-ve-sinh-Hiwin-YS-2631-6-150x150.jpg 150w, https:\/\/hiwinvietnam.vn\/wp-content\/uploads\/2025\/06\/Bo-tu-lavabo-nha-ve-sinh-Hiwin-YS-2631-6-768x768.jpg 768w, https:\/\/hiwinvietnam.vn\/wp-content\/uploads\/2025\/06\/Bo-tu-lavabo-nha-ve-sinh-Hiwin-YS-2631-6-1536x1536.jpg 1536w, https:\/\/hiwinvietnam.vn\/wp-content\/uploads\/2025\/06\/Bo-tu-lavabo-nha-ve-sinh-Hiwin-YS-2631-6-2048x2048.jpg 2048w, https:\/\/hiwinvietnam.vn\/wp-content\/uploads\/2025\/06\/Bo-tu-lavabo-nha-ve-sinh-Hiwin-YS-2631-6-12x12.jpg 12w, https:\/\/hiwinvietnam.vn\/wp-content\/uploads\/2025\/06\/Bo-tu-lavabo-nha-ve-sinh-Hiwin-YS-2631-6-20x20.jpg 20w, https:\/\/hiwinvietnam.vn\/wp-content\/uploads\/2025\/06\/Bo-tu-lavabo-nha-ve-sinh-Hiwin-YS-2631-6-600x600.jpg 600w, https:\/\/hiwinvietnam.vn\/wp-content\/uploads\/2025\/06\/Bo-tu-lavabo-nha-ve-sinh-Hiwin-YS-2631-6-100x100.jpg 100w\" sizes=\"auto, (max-width: 800px) 100vw, 800px\" \/><figcaption id=\"caption-attachment-20448\" class=\"wp-caption-text\"><\/span> <span style=\"font-family: 'times new roman', times, serif; font-size: 14pt;\"><em>G\u01b0\u01a1ng ph\u00f4i B\u1ec9 AGC th\u00edch h\u1ee3p v\u1edbi m\u00f4i tr\u01b0\u1eddng kh\u00ed h\u1eadu Ch\u00e2u \u00c1\u00a0<\/em><\/span><\/figcaption><\/figure>\n<p style=\"text-align: justify;\"><span style=\"font-weight: 400; font-family: 'times new roman', times, serif; font-size: 14pt;\">V\u01b0\u1ee3t tr\u1ed9i h\u01a1n c\u1ea3, tr\u1ea3i qua th\u1eddi gian d\u00e0i s\u1eed d\u1ee5ng, g\u01b0\u01a1ng v\u1eabn gi\u1eef tr\u1ecdn v\u1eb9n v\u1ebb \u0111\u1eb9p ban \u0111\u1ea7u, ho\u00e0n to\u00e0n mi\u1ec5n nhi\u1ec5m v\u1edbi t\u00ecnh tr\u1ea1ng \u1ed1 m\u1ed1c hay loang l\u1ed5, kh\u1eb3ng \u0111\u1ecbnh ch\u1ea5t l\u01b0\u1ee3ng v\u00e0 \u0111\u1eb3ng c\u1ea5p v\u01b0\u1ee3t tr\u1ed9i.\u00a0<\/span><\/p>\n<h3 style=\"text-align: justify;\"><span style=\"font-family: 'times new roman', times, serif; font-size: 14pt;\"><b>Ch\u1eadu Lavabo li\u1ec1n kh\u1ed1i Hiwin &#8211; ti\u1ec7n nghi v\u01b0\u1ee3t tr\u1ed9i<\/b><\/span><\/h3>\n<p style=\"text-align: justify;\"><span style=\"font-weight: 400; font-family: 'times new roman', times, serif; font-size: 14pt;\">N\u1ed5i b\u1eadt tr\u00ean n\u1ec1n chi\u1ebfc t\u1ee7 tinh x\u1ea3o l\u00e0 ch\u1eadu lavabo li\u1ec1n kh\u1ed1i, \u0111\u01b0\u1ee3c ch\u1ebf t\u00e1c t\u1eeb ch\u1ea5t li\u1ec7u s\u1ee9 cao c\u1ea5p, mang \u0111\u1ebfn v\u1ebb \u0111\u1eb9p thanh tho\u00e1t v\u00e0 s\u1ef1 b\u1ec1n b\u1ec9 v\u01b0\u1ee3t tr\u1ed9i. Thi\u1ebft k\u1ebf ch\u1eadu \u00e2m hi\u1ec7n \u0111\u1ea1i kh\u00f4ng ch\u1ec9 t\u00f4n vinh n\u00e9t sang tr\u1ecdng m\u00e0 c\u00f2n t\u1ed1i \u01b0u h\u00f3a kh\u00f4ng gian s\u1eed d\u1ee5ng.<\/span><\/p>\n<figure id=\"attachment_20449\" aria-describedby=\"caption-attachment-20449\" style=\"width: 800px\" class=\"wp-caption aligncenter\"><img loading=\"lazy\" decoding=\"async\" class=\"wp-image-20449\" src=\"https:\/\/hiwinvietnam.vn\/wp-content\/uploads\/2025\/06\/Bo-tu-lavabo-nha-ve-sinh-Hiwin-YS-2631-7.jpg\" alt=\"Ch\u1eadu lavabo Hiwin YS-2631 v\u1eeba th\u1ea9m m\u1ef9 l\u1ea1i v\u1eeba ti\u1ec7n d\u1ee5ng\" width=\"800\" height=\"1000\" srcset=\"https:\/\/hiwinvietnam.vn\/wp-content\/uploads\/2025\/06\/Bo-tu-lavabo-nha-ve-sinh-Hiwin-YS-2631-7.jpg 2048w, https:\/\/hiwinvietnam.vn\/wp-content\/uploads\/2025\/06\/Bo-tu-lavabo-nha-ve-sinh-Hiwin-YS-2631-7-240x300.jpg 240w, https:\/\/hiwinvietnam.vn\/wp-content\/uploads\/2025\/06\/Bo-tu-lavabo-nha-ve-sinh-Hiwin-YS-2631-7-819x1024.jpg 819w, https:\/\/hiwinvietnam.vn\/wp-content\/uploads\/2025\/06\/Bo-tu-lavabo-nha-ve-sinh-Hiwin-YS-2631-7-768x960.jpg 768w, https:\/\/hiwinvietnam.vn\/wp-content\/uploads\/2025\/06\/Bo-tu-lavabo-nha-ve-sinh-Hiwin-YS-2631-7-1229x1536.jpg 1229w, https:\/\/hiwinvietnam.vn\/wp-content\/uploads\/2025\/06\/Bo-tu-lavabo-nha-ve-sinh-Hiwin-YS-2631-7-1638x2048.jpg 1638w, https:\/\/hiwinvietnam.vn\/wp-content\/uploads\/2025\/06\/Bo-tu-lavabo-nha-ve-sinh-Hiwin-YS-2631-7-10x12.jpg 10w, https:\/\/hiwinvietnam.vn\/wp-content\/uploads\/2025\/06\/Bo-tu-lavabo-nha-ve-sinh-Hiwin-YS-2631-7-300x375.jpg 300w, https:\/\/hiwinvietnam.vn\/wp-content\/uploads\/2025\/06\/Bo-tu-lavabo-nha-ve-sinh-Hiwin-YS-2631-7-600x750.jpg 600w\" sizes=\"auto, (max-width: 800px) 100vw, 800px\" \/><figcaption id=\"caption-attachment-20449\" class=\"wp-caption-text\"><\/span> <span style=\"font-family: 'times new roman', times, serif; font-size: 14pt;\"><em>Ch\u1eadu lavabo Hiwin YS-2631 v\u1eeba th\u1ea9m m\u1ef9 l\u1ea1i v\u1eeba ti\u1ec7n d\u1ee5ng<\/em><\/span><\/figcaption><\/figure>\n<p style=\"text-align: justify;\"><span style=\"font-weight: 400; font-family: 'times new roman', times, serif; font-size: 14pt;\">L\u00f2ng ch\u1eadu \u0111\u01b0\u1ee3c thi\u1ebft k\u1ebf s\u00e2u, m\u1ed9t gi\u1ea3i ph\u00e1p tinh t\u1ebf gi\u00fap h\u1ea1n ch\u1ebf t\u1ed1i \u0111a t\u00ecnh tr\u1ea1ng b\u1eafn n\u01b0\u1edbc trong qu\u00e1 tr\u00ecnh s\u1eed d\u1ee5ng, duy tr\u00ec s\u1ef1 kh\u00f4 tho\u00e1ng v\u00e0 s\u1ea1ch s\u1ebd cho kh\u00f4ng gian ph\u00f2ng t\u1eafm.\u00a0<\/span><\/p>\n<h2 style=\"text-align: justify;\"><span style=\"font-family: 'times new roman', times, serif; font-size: 14pt;\"><b>V\u1eadn h\u00e0nh \u00eam \u00e1i, b\u1ec1n b\u1ec9 v\u01b0\u1ee3t tr\u1ed9i nh\u1edd b\u1ed9 ph\u1ee5 ki\u1ec7n cao c\u1ea5p<\/b><\/span><\/h2>\n<p style=\"text-align: justify;\"><span style=\"font-family: 'times new roman', times, serif; font-size: 14pt;\"><span style=\"font-weight: 400;\">T\u1ee7 v\u1ec7 sinh Hiwin YS-2631 \u0111\u01b0\u1ee3c trang b\u1ecb h\u1ec7 th\u1ed1ng ph\u1ee5 ki\u1ec7n cao c\u1ea5p, mang t\u1edbi tr\u1ea3i nghi\u1ec7m s\u1eed d\u1ee5ng ho\u00e0n h\u1ea3o \u0111\u1ebfn t\u1eebng chi ti\u1ebft. <\/span><span style=\"font-weight: 400;\">B\u1ea3n l\u1ec1 inox 304 cao c\u1ea5p d\u00e0nh cho c\u00e1nh t\u1ee7 c\u1ee7a Hiwin \u0111\u1ea3m b\u1ea3o \u0111\u1ea1t chu\u1ea9n theo ti\u00eau chu\u1ea9n qu\u1ed1c t\u1ebf ASTM v\u00e0 <a href=\"https:\/\/vi.wikipedia.org\/wiki\/Ti%C3%AAu_chu%E1%BA%A9n_c%C3%B4ng_nghi%E1%BB%87p_Nh%E1%BA%ADt_B%E1%BA%A3n\" target=\"_blank\" rel=\"noopener\">JIS<\/a>. Ch\u00fang c\u00f3 kh\u1ea3 n\u0103ng ch\u1ecbu l\u1ef1c \u0111\u00e1ng kinh ng\u1ea1c, 10kg tr\u00ean m\u1ed7i b\u1ea3n l\u1ec1, c\u00f9ng v\u1edbi \u0111\u1ed9 b\u1ec1n v\u01b0\u1ee3t tr\u1ed9i, cho ph\u00e9p \u0111\u00f3ng m\u1edf m\u01b0\u1ee3t m\u00e0 h\u01a1n 20.000 l\u1ea7n. \u0110\u1eb7c bi\u1ec7t, b\u1ea3n l\u1ec1 c\u00f2n \u0111\u01b0\u1ee3c t\u00edch h\u1ee3p c\u01a1 ch\u1ebf gi\u1ea3m ch\u1ea5n hi\u1ec7n \u0111\u1ea1i, lo\u1ea1i b\u1ecf ho\u00e0n to\u00e0n ti\u1ebfng \u1ed3n v\u00e0 mang l\u1ea1i s\u1ef1 \u00eam \u00e1i tuy\u1ec7t \u0111\u1ed1i trong m\u1ed7i thao t\u00e1c.<\/span><\/span><\/p>\n<figure id=\"attachment_20450\" aria-describedby=\"caption-attachment-20450\" style=\"width: 800px\" class=\"wp-caption aligncenter\"><img loading=\"lazy\" decoding=\"async\" class=\"wp-image-20450\" src=\"https:\/\/hiwinvietnam.vn\/wp-content\/uploads\/2025\/06\/Bo-tu-lavabo-nha-ve-sinh-Hiwin-YS-2631-8.jpg\" alt=\"Ph\u1ee5 ki\u1ec7n gi\u1ea3m ch\u1ea5n cao c\u1ea5p gi\u00fap v\u1eadn h\u00e0nh YS-2631 t\u1ed1t h\u01a1n\" width=\"800\" height=\"800\" srcset=\"https:\/\/hiwinvietnam.vn\/wp-content\/uploads\/2025\/06\/Bo-tu-lavabo-nha-ve-sinh-Hiwin-YS-2631-8.jpg 2400w, https:\/\/hiwinvietnam.vn\/wp-content\/uploads\/2025\/06\/Bo-tu-lavabo-nha-ve-sinh-Hiwin-YS-2631-8-300x300.jpg 300w, https:\/\/hiwinvietnam.vn\/wp-content\/uploads\/2025\/06\/Bo-tu-lavabo-nha-ve-sinh-Hiwin-YS-2631-8-1024x1024.jpg 1024w, https:\/\/hiwinvietnam.vn\/wp-content\/uploads\/2025\/06\/Bo-tu-lavabo-nha-ve-sinh-Hiwin-YS-2631-8-150x150.jpg 150w, https:\/\/hiwinvietnam.vn\/wp-content\/uploads\/2025\/06\/Bo-tu-lavabo-nha-ve-sinh-Hiwin-YS-2631-8-768x768.jpg 768w, https:\/\/hiwinvietnam.vn\/wp-content\/uploads\/2025\/06\/Bo-tu-lavabo-nha-ve-sinh-Hiwin-YS-2631-8-1536x1536.jpg 1536w, https:\/\/hiwinvietnam.vn\/wp-content\/uploads\/2025\/06\/Bo-tu-lavabo-nha-ve-sinh-Hiwin-YS-2631-8-2048x2048.jpg 2048w, https:\/\/hiwinvietnam.vn\/wp-content\/uploads\/2025\/06\/Bo-tu-lavabo-nha-ve-sinh-Hiwin-YS-2631-8-12x12.jpg 12w, https:\/\/hiwinvietnam.vn\/wp-content\/uploads\/2025\/06\/Bo-tu-lavabo-nha-ve-sinh-Hiwin-YS-2631-8-20x20.jpg 20w, https:\/\/hiwinvietnam.vn\/wp-content\/uploads\/2025\/06\/Bo-tu-lavabo-nha-ve-sinh-Hiwin-YS-2631-8-600x600.jpg 600w, https:\/\/hiwinvietnam.vn\/wp-content\/uploads\/2025\/06\/Bo-tu-lavabo-nha-ve-sinh-Hiwin-YS-2631-8-100x100.jpg 100w\" sizes=\"auto, (max-width: 800px) 100vw, 800px\" \/><figcaption id=\"caption-attachment-20450\" class=\"wp-caption-text\"><\/span> <span style=\"font-family: 'times new roman', times, serif; font-size: 14pt;\"><em>Ph\u1ee5 ki\u1ec7n gi\u1ea3m ch\u1ea5n cao c\u1ea5p gi\u00fap v\u1eadn h\u00e0nh YS-2631 t\u1ed1t h\u01a1n<\/em><\/span><\/figcaption><\/figure>\n<p style=\"text-align: justify;\"><span style=\"font-family: 'times new roman', times, serif; font-size: 14pt;\"><span style=\"font-weight: 400;\">Ch\u1ea5t li\u1ec7u cao c\u1ea5p c\u00f9ng v\u1edbi ki\u1ec3u d\u00e1ng sang tr\u1ecdng, <\/span><b>b\u1ed9 t\u1ee7 lavabo nh\u00e0 v\u1ec7 sinh Hiwin YS-263<\/b><span style=\"font-weight: 400;\"><strong>1<\/strong> ch\u1eafc ch\u1eafn s\u1ebd l\u00e0 l\u1ef1a ch\u1ecdn ho\u00e0n h\u1ea3o cho m\u1ecdi gia \u0111\u00ecnh. \u0110\u1eebng b\u1ecf l\u1ee1 c\u01a1 h\u1ed9i s\u1edf h\u1eefu ngay b\u1ed9 t\u1ee7 lavabo n\u00e0y \u0111\u1ec3 n\u00e2ng t\u1ea7m kh\u00f4ng gian s\u1ed1ng c\u1ee7a b\u1ea1n. H\u00e3y \u0111\u1ebfn c\u1eeda h\u00e0ng g\u1ea7n nh\u1ea5t ho\u1eb7c truy c\u1eadp website c\u1ee7a ch\u00fang t\u00f4i \u0111\u1ec3 \u0111\u1eb7t h\u00e0ng ngay h\u00f4m nay v\u00e0 nh\u1eadn nhi\u1ec1u \u01b0u \u0111\u00e3i h\u1ea5p d\u1eabn!<\/span><\/span><\/p>\n<p style=\"text-align: justify;\"><span style=\"font-family: 'times new roman', times, serif; font-size: 14pt;\"><em><strong>&gt;&gt;&gt; Xem th\u00eam s\u1ea3n ph\u1ea9m kh\u00e1c: <a href=\"https:\/\/hiwinvietnam.vn\/bo-tu-nha-tam-hiwin-ys-2627\/\">B\u1ed9 t\u1ee7 nh\u00e0 t\u1eafm Hiwin YS-2627 m\u00e0u x\u00e1m nh\u1ea1t sang tr\u1ecdng<\/a><\/strong><\/em><\/span><\/p>\n","protected":false},"excerpt":{"rendered":"<p>B\u1ed9 t\u1ee7 lavabo nh\u00e0 v\u1ec7 sinh Hiwin YS-2631 \u0111ang l\u00e0 l\u1ef1a ch\u1ecdn h\u00e0ng \u0111\u1ea7u cho nh\u1eefng ai t\u00ecm ki\u1ebfm s\u1ef1 ti\u1ec7n nghi v\u00e0 hi\u1ec7n \u0111\u1ea1i trong kh\u00f4ng gian s\u1ed1ng. V\u1edbi thi\u1ebft k\u1ebf tinh t\u1ebf v\u00e0 ch\u1ea5t li\u1ec7u cao c\u1ea5p, b\u1ed9 t\u1ee7 ch\u1eadu Hiwin YS-2631 \u0111\u1ea3m b\u1ea3o \u0111\u1ed9 b\u1ec1n b\u1ec9 theo th\u1eddi gian, \u0111\u1ed3ng th\u1eddi d\u1ec5 [&hellip;]<\/p>\n","protected":false},"featured_media":20444,"comment_status":"open","ping_status":"closed","template":"","meta":{"_acf_changed":false},"product_brand":[],"product_cat":[47,1041],"product_tag":[],"class_list":{"0":"post-20442","1":"product","2":"type-product","3":"status-publish","4":"has-post-thumbnail","6":"product_cat-bo-tu-chau-lavabo","7":"product_cat-tu-chau-lavabo-go","9":"first","10":"instock","11":"sale","12":"shipping-taxable","13":"purchasable","14":"product-type-simple"},"acf":[],"_links":{"self":[{"href":"https:\/\/hiwinvietnam.vn\/wp-json\/wp\/v2\/product\/20442","targetHints":{"allow":["GET"]}}],"collection":[{"href":"https:\/\/hiwinvietnam.vn\/wp-json\/wp\/v2\/product"}],"about":[{"href":"https:\/\/hiwinvietnam.vn\/wp-json\/wp\/v2\/types\/product"}],"replies":[{"embeddable":true,"href":"https:\/\/hiwinvietnam.vn\/wp-json\/wp\/v2\/comments?post=20442"}],"wp:featuredmedia":[{"embeddable":true,"href":"https:\/\/hiwinvietnam.vn\/wp-json\/wp\/v2\/media\/20444"}],"wp:attachment":[{"href":"https:\/\/hiwinvietnam.vn\/wp-json\/wp\/v2\/media?parent=20442"}],"wp:term":[{"taxonomy":"product_brand","embeddable":true,"href":"https:\/\/hiwinvietnam.vn\/wp-json\/wp\/v2\/product_brand?post=20442"},{"taxonomy":"product_cat","embeddable":true,"href":"https:\/\/hiwinvietnam.vn\/wp-json\/wp\/v2\/product_cat?post=20442"},{"taxonomy":"product_tag","embeddable":true,"href":"https:\/\/hiwinvietnam.vn\/wp-json\/wp\/v2\/product_tag?post=20442"}],"curies":[{"name":"wp","href":"https:\/\/api.w.org\/{rel}","templated":true}]}}