{"id":1806,"date":"2022-09-28T17:06:33","date_gmt":"2022-09-28T17:06:33","guid":{"rendered":"https:\/\/hiwinvietnam.vn\/mt-6020\/"},"modified":"2025-08-06T16:45:01","modified_gmt":"2025-08-06T09:45:01","slug":"bon-cau-khong-ket-nuoc-nap-mau-hiwin-mt-6020","status":"publish","type":"product","link":"https:\/\/hiwinvietnam.vn\/bon-cau-khong-ket-nuoc-nap-mau-hiwin-mt-6020\/","title":{"rendered":"B\u1ed3n c\u1ea7u kh\u00f4ng k\u00e9t n\u01b0\u1edbc n\u1eafp m\u00e0u Hiwin MT-6020"},"content":{"rendered":"<div id=\"ThongTinSanPham\" class=\"tabContent post-content active\" style=\"text-align: justify;\">\n<p style=\"text-align: justify;\"><span style=\"font-family: 'times new roman', times, serif; font-size: 14pt;\"><span style=\"color: #3366ff;\"><strong><a style=\"color: #3366ff;\" href=\"https:\/\/hiwinvietnam.vn\/bon-cau-ket-nuoc-am-khong-ket-nuoc\/\">B\u1ed3n c\u1ea7u kh\u00f4ng k\u00e9t n\u01b0\u1edbc<\/a><\/strong><\/span> n\u1eafp m\u00e0u Hiwin MT-6020 l\u00e0 s\u1ea3n ph\u1ea9m \u0111\u01b0\u1ee3c \u01b0a chu\u1ed9ng tr\u00ean th\u1ecb tr\u01b0\u1eddng hi\u1ec7n nay. B\u1ed3n c\u1ea7u c\u00f3 nhi\u1ec1u \u0111\u1eb7c \u0111i\u1ec3m \u01b0u vi\u1ec7t, ph\u00f9 h\u1ee3p v\u1edbi c\u00e1c gia \u0111\u00ecnh Vi\u1ec7t.<\/span><\/p>\n<h2 dir=\"ltr\" style=\"text-align: justify;\"><span style=\"font-family: 'times new roman', times, serif; font-size: 14pt;\">\u0110\u1eb7c \u0111i\u1ec3m c\u1ea5u t\u1ea1o v\u00e0 c\u00f4ng n\u0103ng b\u1ed3n c\u1ea7u kh\u00f4ng k\u00e9t n\u01b0\u1edbc n\u1eafp m\u00e0u Hiwin MT-6020<\/span><\/h2>\n<p style=\"text-align: justify;\"><span style=\"font-family: 'times new roman', times, serif; font-size: 14pt;\">B\u1ed3n c\u1ea7u kh\u00f4ng k\u00e9t n\u01b0\u1edbc Hiwin MT-6020 \u0111\u01b0\u1ee3c thi\u1ebft k\u1ebf v\u1edbi ki\u1ec3u d\u00e1ng \u0111\u01a1n gi\u1ea3n v\u00e0 tinh g\u1ecdn. Ki\u1ec3u d\u00e1ng c\u1ee7a s\u1ea3n ph\u1ea9m gi\u00fap ti\u1ebft ki\u1ec7m di\u1ec7n t\u00edch kh\u00f4ng gian cho gia ch\u1ee7, \u0111\u1ed3ng th\u1eddi \u0111em \u0111\u1ebfn v\u1ebb \u0111\u1eb9p sang tr\u1ecdng cho ng\u00f4i nh\u00e0 Vi\u1ec7t. D\u1ef1a tr\u00ean thi\u1ebft k\u1ebf c\u1ee7a b\u1ec7t, ng\u01b0\u1eddi nh\u00ecn s\u1ebd \u1ea5n t\u01b0\u1ee3ng v\u1edbi l\u1ef1a ch\u1ecdn tinh t\u1ebf c\u1ee7a gia ch\u1ee7 ngay t\u1eeb l\u1ea7n \u0111\u1ea7u chi\u00eam ng\u01b0\u1ee1ng.<\/span><\/p>\n<p dir=\"ltr\" style=\"text-align: justify;\"><span style=\"font-family: 'times new roman', times, serif; font-size: 14pt;\"><img loading=\"lazy\" decoding=\"async\" class=\"aligncenter size-full wp-image-12983\" src=\"https:\/\/hiwinvietnam.vn\/wp-content\/uploads\/2022\/09\/bon-cau-khong-ket-nuoc-hiwin-mt-6020-9.jpg\" alt=\"B\u1ed3n c\u1ea7u kh\u00f4ng t\u00e9c n\u01b0\u1edbc n\u1eafp m\u00e0u MT-6020\" width=\"800\" height=\"929\" srcset=\"https:\/\/hiwinvietnam.vn\/wp-content\/uploads\/2022\/09\/bon-cau-khong-ket-nuoc-hiwin-mt-6020-9.jpg 800w, https:\/\/hiwinvietnam.vn\/wp-content\/uploads\/2022\/09\/bon-cau-khong-ket-nuoc-hiwin-mt-6020-9-258x300.jpg 258w, https:\/\/hiwinvietnam.vn\/wp-content\/uploads\/2022\/09\/bon-cau-khong-ket-nuoc-hiwin-mt-6020-9-768x892.jpg 768w, https:\/\/hiwinvietnam.vn\/wp-content\/uploads\/2022\/09\/bon-cau-khong-ket-nuoc-hiwin-mt-6020-9-300x348.jpg 300w, https:\/\/hiwinvietnam.vn\/wp-content\/uploads\/2022\/09\/bon-cau-khong-ket-nuoc-hiwin-mt-6020-9-600x697.jpg 600w\" sizes=\"auto, (max-width: 800px) 100vw, 800px\" \/><\/span><\/p>\n<p style=\"text-align: justify;\"><span style=\"font-family: 'times new roman', times, serif; font-size: 14pt;\">B\u1ed3n c\u1ea7u kh\u00f4ng t\u00e9c n\u01b0\u1edbc l\u00e0 m\u1ed9t s\u1ef1 l\u1ef1a ch\u1ecdn tinh t\u1ebf d\u00e0nh cho c\u00e1c gia \u0111\u00ecnh c\u00f3 di\u1ec7n t\u00edch nh\u1ecf, \u0111\u1ed3ng th\u1eddi \u0111em \u0111\u1ebfn hi\u1ec7u qu\u1ea3 ti\u1ebft ki\u1ec7m n\u01b0\u1edbc v\u01b0\u1ee3t tr\u1ed9i.<\/span><\/p>\n<p dir=\"ltr\" style=\"text-align: justify;\"><span style=\"font-family: 'times new roman', times, serif; font-size: 14pt;\"><img loading=\"lazy\" decoding=\"async\" class=\"aligncenter size-full wp-image-12988\" src=\"https:\/\/hiwinvietnam.vn\/wp-content\/uploads\/2022\/09\/bon-cau-khong-ket-nuoc-hiwin-mt-6020-14.jpg\" alt=\"B\u1ed3n c\u1ea7u kh\u00f4ng t\u00e9c n\u01b0\u1edbc n\u1eafp m\u00e0u MT-6020 ti\u1ebft ki\u1ec7m n\u01b0\u1edbc\" width=\"800\" height=\"1030\" srcset=\"https:\/\/hiwinvietnam.vn\/wp-content\/uploads\/2022\/09\/bon-cau-khong-ket-nuoc-hiwin-mt-6020-14.jpg 800w, https:\/\/hiwinvietnam.vn\/wp-content\/uploads\/2022\/09\/bon-cau-khong-ket-nuoc-hiwin-mt-6020-14-233x300.jpg 233w, https:\/\/hiwinvietnam.vn\/wp-content\/uploads\/2022\/09\/bon-cau-khong-ket-nuoc-hiwin-mt-6020-14-795x1024.jpg 795w, https:\/\/hiwinvietnam.vn\/wp-content\/uploads\/2022\/09\/bon-cau-khong-ket-nuoc-hiwin-mt-6020-14-768x989.jpg 768w, https:\/\/hiwinvietnam.vn\/wp-content\/uploads\/2022\/09\/bon-cau-khong-ket-nuoc-hiwin-mt-6020-14-300x386.jpg 300w, https:\/\/hiwinvietnam.vn\/wp-content\/uploads\/2022\/09\/bon-cau-khong-ket-nuoc-hiwin-mt-6020-14-600x773.jpg 600w\" sizes=\"auto, (max-width: 800px) 100vw, 800px\" \/><\/span><\/p>\n<p style=\"text-align: justify;\"><span style=\"font-family: 'times new roman', times, serif; font-size: 14pt;\">B\u1ed3n c\u1ea7u kh\u00f4ng t\u00e9c n\u01b0\u1edbc\u00a0Hiwin MT-6020l\u1ea5y tr\u1ef1c ti\u1ebfp n\u01b0\u1edbc t\u1eeb ngu\u1ed3n, \u0111em \u0111\u1ebfn hi\u1ec7u qu\u1ea3 x\u1ea3 n\u01b0\u1edbc m\u1ea1nh m\u1ebd trong qu\u00e1 tr\u00ecnh s\u1eed d\u1ee5ng.<\/span><\/p>\n<p dir=\"ltr\" style=\"text-align: justify;\"><span style=\"font-family: 'times new roman', times, serif; font-size: 14pt;\"><img loading=\"lazy\" decoding=\"async\" class=\"aligncenter size-full wp-image-12984\" src=\"https:\/\/hiwinvietnam.vn\/wp-content\/uploads\/2022\/09\/bon-cau-khong-ket-nuoc-hiwin-mt-6020-10.jpg\" alt=\"B\u1ed3n c\u1ea7u kh\u00f4ng t\u00e9c n\u01b0\u1edbc n\u1eafp m\u00e0u MT-6020 l\u1ea5y n\u01b0\u1edbc t\u1eeb ngu\u1ed3n\" width=\"800\" height=\"894\" srcset=\"https:\/\/hiwinvietnam.vn\/wp-content\/uploads\/2022\/09\/bon-cau-khong-ket-nuoc-hiwin-mt-6020-10.jpg 800w, https:\/\/hiwinvietnam.vn\/wp-content\/uploads\/2022\/09\/bon-cau-khong-ket-nuoc-hiwin-mt-6020-10-268x300.jpg 268w, https:\/\/hiwinvietnam.vn\/wp-content\/uploads\/2022\/09\/bon-cau-khong-ket-nuoc-hiwin-mt-6020-10-768x858.jpg 768w, https:\/\/hiwinvietnam.vn\/wp-content\/uploads\/2022\/09\/bon-cau-khong-ket-nuoc-hiwin-mt-6020-10-300x335.jpg 300w, https:\/\/hiwinvietnam.vn\/wp-content\/uploads\/2022\/09\/bon-cau-khong-ket-nuoc-hiwin-mt-6020-10-600x671.jpg 600w\" sizes=\"auto, (max-width: 800px) 100vw, 800px\" \/><\/span><\/p>\n<p style=\"text-align: justify;\"><span style=\"font-family: 'times new roman', times, serif; font-size: 14pt;\">B\u1ed3n c\u1ea7u kh\u00f4ng k\u00e9t n\u01b0\u1edbc n\u1eafp m\u00e0u Hiwin MT-6020 \u0111\u01b0\u1ee3c trang b\u1ecb ch\u1ebf \u0111\u1ed9 x\u1ea3 xo\u00e1y tr\u00f2n c\u00f3 th\u1ec3 \u0111\u1ea9y l\u00f9i m\u1ecdi vi khu\u1ea9n, m\u1ea3ng b\u00e1m, \u0111\u1ed3ng th\u1eddi gi\u00fap b\u1ec7t lu\u00f4n \u0111\u1ea3m b\u1ea3o v\u1ec7 sinh cho ng\u01b0\u1eddi d\u00f9ng s\u1eed d\u1ee5ng.<br \/>\n<img loading=\"lazy\" decoding=\"async\" class=\"aligncenter size-full wp-image-12987\" src=\"https:\/\/hiwinvietnam.vn\/wp-content\/uploads\/2022\/09\/bon-cau-khong-ket-nuoc-hiwin-mt-6020-13.jpg\" alt=\"B\u1ed3n c\u1ea7u kh\u00f4ng t\u00e9c n\u01b0\u1edbc n\u1eafp m\u00e0u MT-6020 x\u1ea3 xo\u00e1y tr\u00f2n\" width=\"800\" height=\"1006\" srcset=\"https:\/\/hiwinvietnam.vn\/wp-content\/uploads\/2022\/09\/bon-cau-khong-ket-nuoc-hiwin-mt-6020-13.jpg 800w, https:\/\/hiwinvietnam.vn\/wp-content\/uploads\/2022\/09\/bon-cau-khong-ket-nuoc-hiwin-mt-6020-13-239x300.jpg 239w, https:\/\/hiwinvietnam.vn\/wp-content\/uploads\/2022\/09\/bon-cau-khong-ket-nuoc-hiwin-mt-6020-13-768x966.jpg 768w, https:\/\/hiwinvietnam.vn\/wp-content\/uploads\/2022\/09\/bon-cau-khong-ket-nuoc-hiwin-mt-6020-13-300x377.jpg 300w, https:\/\/hiwinvietnam.vn\/wp-content\/uploads\/2022\/09\/bon-cau-khong-ket-nuoc-hiwin-mt-6020-13-600x755.jpg 600w\" sizes=\"auto, (max-width: 800px) 100vw, 800px\" \/>B\u1ed3n c\u1ea7u kh\u00f4ng k\u00e9t n\u01b0\u1edbc n\u1eafp m\u00e0u Hiwin MT-6020 ph\u00f9 h\u1ee3p v\u1edbi nhi\u1ec1u l\u1ee9a tu\u1ed5i, thu\u1eadn ti\u1ec7n khi s\u1eed d\u1ee5ng nh\u1edd n\u00fat nh\u1ea5n x\u1ea3 th\u00f4ng minh \u0111\u01b0\u1ee3c b\u1ed1 tr\u00ed t\u1ea1i c\u1ea3 hai v\u1ecb tr\u00ed: b\u1ea5m b\u1eb1ng tay ho\u1eb7c nh\u1ea5n b\u1eb1ng ch\u00e2n. Vi\u1ec7c gia t\u0103ng n\u00fat nh\u1ea5n x\u1ea3 gi\u00fap gi\u1ea3m ti\u1ebfp x\u00fac tr\u1ef1c ti\u1ebfp gi\u1eefa da tay ng\u01b0\u1eddi v\u00e0 b\u1ec1 m\u1eb7t s\u1ea3n ph\u1ea9m, ng\u0103n ch\u1eb7n vi\u1ec7c ti\u1ebfp x\u00fac v\u1edbi vi khu\u1ea9n g\u00e2y h\u1ea1i.<\/span><\/p>\n<p dir=\"ltr\" style=\"text-align: justify;\"><span style=\"font-family: 'times new roman', times, serif; font-size: 14pt;\"><img loading=\"lazy\" decoding=\"async\" class=\"aligncenter size-full wp-image-12985\" src=\"https:\/\/hiwinvietnam.vn\/wp-content\/uploads\/2022\/09\/bon-cau-khong-ket-nuoc-hiwin-mt-6020-11.jpg\" alt=\"B\u1ed3n c\u1ea7u kh\u00f4ng t\u00e9c n\u01b0\u1edbc n\u1eafp m\u00e0u MT-6020 trang b\u1ecb hai n\u00fat x\u1ea3\" width=\"800\" height=\"1030\" srcset=\"https:\/\/hiwinvietnam.vn\/wp-content\/uploads\/2022\/09\/bon-cau-khong-ket-nuoc-hiwin-mt-6020-11.jpg 800w, https:\/\/hiwinvietnam.vn\/wp-content\/uploads\/2022\/09\/bon-cau-khong-ket-nuoc-hiwin-mt-6020-11-233x300.jpg 233w, https:\/\/hiwinvietnam.vn\/wp-content\/uploads\/2022\/09\/bon-cau-khong-ket-nuoc-hiwin-mt-6020-11-795x1024.jpg 795w, https:\/\/hiwinvietnam.vn\/wp-content\/uploads\/2022\/09\/bon-cau-khong-ket-nuoc-hiwin-mt-6020-11-768x989.jpg 768w, https:\/\/hiwinvietnam.vn\/wp-content\/uploads\/2022\/09\/bon-cau-khong-ket-nuoc-hiwin-mt-6020-11-300x386.jpg 300w, https:\/\/hiwinvietnam.vn\/wp-content\/uploads\/2022\/09\/bon-cau-khong-ket-nuoc-hiwin-mt-6020-11-600x773.jpg 600w\" sizes=\"auto, (max-width: 800px) 100vw, 800px\" \/><\/span><\/p>\n<p style=\"text-align: justify;\"><span style=\"font-family: 'times new roman', times, serif; font-size: 14pt;\">Ph\u1ea7n n\u1eafp b\u1ed3n c\u1ea7u kh\u00f4ng k\u00e9t \u0111\u00f3ng m\u1edf \u00eam \u00e1i nh\u1eb1m \u0111em \u0111\u1ebfn cho ng\u01b0\u1eddi d\u00f9ng c\u1ea3m gi\u00e1c tho\u1ea3i m\u00e1i khi s\u1eed d\u1ee5ng.<\/span><\/p>\n<p dir=\"ltr\" style=\"text-align: justify;\"><span style=\"font-family: 'times new roman', times, serif; font-size: 14pt;\"><img loading=\"lazy\" decoding=\"async\" class=\"aligncenter size-full wp-image-12986\" src=\"https:\/\/hiwinvietnam.vn\/wp-content\/uploads\/2022\/09\/bon-cau-khong-ket-nuoc-hiwin-mt-6020-12.jpg\" alt=\"N\u1eafp b\u1ed3n c\u1ea7u kh\u00f4ng t\u00e9c n\u01b0\u1edbc n\u1eafp m\u00e0u MT-6020 \u0111\u00f3ng m\u1edf \u00eam\" width=\"800\" height=\"914\" srcset=\"https:\/\/hiwinvietnam.vn\/wp-content\/uploads\/2022\/09\/bon-cau-khong-ket-nuoc-hiwin-mt-6020-12.jpg 800w, https:\/\/hiwinvietnam.vn\/wp-content\/uploads\/2022\/09\/bon-cau-khong-ket-nuoc-hiwin-mt-6020-12-263x300.jpg 263w, https:\/\/hiwinvietnam.vn\/wp-content\/uploads\/2022\/09\/bon-cau-khong-ket-nuoc-hiwin-mt-6020-12-768x877.jpg 768w, https:\/\/hiwinvietnam.vn\/wp-content\/uploads\/2022\/09\/bon-cau-khong-ket-nuoc-hiwin-mt-6020-12-300x343.jpg 300w, https:\/\/hiwinvietnam.vn\/wp-content\/uploads\/2022\/09\/bon-cau-khong-ket-nuoc-hiwin-mt-6020-12-600x686.jpg 600w\" sizes=\"auto, (max-width: 800px) 100vw, 800px\" \/><\/span><\/p>\n<p style=\"text-align: justify;\"><span style=\"font-family: 'times new roman', times, serif; font-size: 14pt;\">Thi\u1ebft k\u1ebf b\u1ed3n c\u1ea7u kh\u00f4ng c\u00f3 nhi\u1ec1u g\u00f3c c\u1ea1nh, do \u0111\u00f3 ng\u01b0\u1eddi d\u00f9ng c\u00f3 th\u1ec3 d\u1ec5 d\u00e0ng v\u1ec7 sinh, c\u1ecd r\u1eeda. \u0110i\u1ec1u n\u00e0y gi\u00fap ti\u1ebft ki\u1ec7m th\u1eddi gian khi d\u1ecdn d\u1eb9p ng\u00f4i nh\u00e0 cho gia ch\u1ee7.<\/span><\/p>\n<p style=\"text-align: justify;\"><span style=\"font-family: 'times new roman', times, serif; font-size: 14pt;\"><img loading=\"lazy\" decoding=\"async\" class=\"aligncenter size-full wp-image-12975\" src=\"https:\/\/hiwinvietnam.vn\/wp-content\/uploads\/2022\/09\/bon-cau-khong-ket-nuoc-hiwin-mt-6020-1.jpg\" alt=\"B\u1ed3n c\u1ea7u kh\u00f4ng t\u00e9c n\u01b0\u1edbc n\u1eafp m\u00e0u MT-6020 d\u1ec5 d\u00e0ng c\u1ecd r\u1eeda\" width=\"800\" height=\"945\" srcset=\"https:\/\/hiwinvietnam.vn\/wp-content\/uploads\/2022\/09\/bon-cau-khong-ket-nuoc-hiwin-mt-6020-1.jpg 800w, https:\/\/hiwinvietnam.vn\/wp-content\/uploads\/2022\/09\/bon-cau-khong-ket-nuoc-hiwin-mt-6020-1-254x300.jpg 254w, https:\/\/hiwinvietnam.vn\/wp-content\/uploads\/2022\/09\/bon-cau-khong-ket-nuoc-hiwin-mt-6020-1-768x907.jpg 768w, https:\/\/hiwinvietnam.vn\/wp-content\/uploads\/2022\/09\/bon-cau-khong-ket-nuoc-hiwin-mt-6020-1-300x354.jpg 300w, https:\/\/hiwinvietnam.vn\/wp-content\/uploads\/2022\/09\/bon-cau-khong-ket-nuoc-hiwin-mt-6020-1-600x709.jpg 600w\" sizes=\"auto, (max-width: 800px) 100vw, 800px\" \/><\/span><\/p>\n<h2 dir=\"ltr\" style=\"text-align: justify;\"><span style=\"font-family: 'times new roman', times, serif; font-size: 14pt;\">V\u1ecb tr\u00ed l\u1eafp \u0111\u1eb7t s\u1ea3n ph\u1ea9m b\u1ed3n c\u1ea7u kh\u00f4ng k\u00e9t n\u01b0\u1edbc Hiwin MT-6020<\/span><\/h2>\n<p style=\"text-align: justify;\"><span style=\"font-family: 'times new roman', times, serif; font-size: 14pt;\">B\u1ed3n c\u1ea7u kh\u00f4ng k\u00e9t n\u01b0\u1edbc MT-6020 th\u01b0\u01a1ng hi\u1ec7u <span style=\"color: #3366ff;\"><strong><a style=\"color: #3366ff;\" href=\"https:\/\/www.facebook.com\/hiwinvietnam.vn\">Hiwin<\/a><\/strong><\/span> ph\u00f9 h\u1ee3p \u0111\u1ec3 l\u1eafp \u0111\u1eb7t cho c\u00e1c h\u1ed9 gia \u0111\u00ecnh, c\u00e1c kh\u00e1ch s\u1ea1n, nh\u00e0 h\u00e0ng,&#8230;<\/span><\/p>\n<\/div>\n<p style=\"text-align: justify;\"><span style=\"font-family: 'times new roman', times, serif; font-size: 14pt;\">B\u1ed3n c\u1ea7u kh\u00f4ng k\u00e9t n\u01b0\u1edbc n\u1eafp m\u00e0u Hiwin MT-6020 l\u00e0 s\u1ef1 k\u1ebft h\u1ee3p ho\u00e0n h\u1ea3o gi\u1eefa thi\u1ebft k\u1ebf sang tr\u1ecdng, c\u00f4ng ngh\u1ec7 hi\u1ec7n \u0111\u1ea1i v\u00e0 t\u00ednh ti\u1ec7n d\u1ee5ng cao. H\u1ec7 th\u1ed1ng x\u1ea3 m\u1ea1nh m\u1ebd, l\u1edbp men ch\u1ed1ng b\u00e1m b\u1ea9n c\u00f9ng n\u1eafp b\u1ed3n c\u1ea7u tinh t\u1ebf gi\u00fap MT-6020 tr\u1edf th\u00e0nh l\u1ef1a ch\u1ecdn l\u00fd t\u01b0\u1edfng cho nh\u1eefng ai y\u00eau th\u00edch s\u1ef1 kh\u00e1c bi\u1ec7t v\u00e0 \u0111\u1eb3ng c\u1ea5p. H\u00e3y \u0111\u1ebfn ngay Hiwin \u0111\u1ec3 s\u1edf h\u1eefu s\u1ea3n ph\u1ea9m ch\u00ednh h\u00e3ng v\u1edbi m\u1ee9c gi\u00e1 t\u1ed1t nh\u1ea5t, c\u00f9ng nhi\u1ec1u \u01b0u \u0111\u00e3i h\u1ea5p d\u1eabn. Li\u00ean h\u1ec7 ngay \u0111\u1ec3 \u0111\u01b0\u1ee3c t\u01b0 v\u1ea5n chi ti\u1ebft v\u00e0 tr\u1ea3i nghi\u1ec7m ch\u1ea5t l\u01b0\u1ee3ng v\u01b0\u1ee3t tr\u1ed9i t\u1eeb Hiwin!<\/span><\/p>\n<p style=\"text-align: justify;\"><span style=\"font-family: 'times new roman', times, serif; font-size: 14pt;\"><strong>Xem th\u00eam:<\/strong><\/span><\/p>\n<ul style=\"text-align: justify;\">\n<li><span style=\"font-family: 'times new roman', times, serif; font-size: 14pt;\"><a href=\"https:\/\/hiwinvietnam.vn\/bon-cau-nguyen-khoi-cao-cap-hiwin-mt-2016\/\">B\u1ed3n c\u1ea7u nguy\u00ean kh\u1ed1i cao c\u1ea5p Hiwin MT-2016<\/a><\/span><\/li>\n<li><span style=\"font-family: 'times new roman', times, serif; font-size: 14pt;\"><a href=\"https:\/\/hiwinvietnam.vn\/bon-cau-nguyen-khoi-cao-cap-hiwin-mt-2012\/\">B\u1ed3n c\u1ea7u nguy\u00ean kh\u1ed1i cao c\u1ea5p HIWIN MT-2012<\/a><\/span><\/li>\n<\/ul>\n","protected":false},"excerpt":{"rendered":"<p>B\u1ed3n c\u1ea7u kh\u00f4ng k\u00e9t n\u01b0\u1edbc n\u1eafp m\u00e0u Hiwin MT-6020 l\u00e0 s\u1ea3n ph\u1ea9m \u0111\u01b0\u1ee3c \u01b0a chu\u1ed9ng tr\u00ean th\u1ecb tr\u01b0\u1eddng hi\u1ec7n nay. B\u1ed3n c\u1ea7u c\u00f3 nhi\u1ec1u \u0111\u1eb7c \u0111i\u1ec3m \u01b0u vi\u1ec7t, ph\u00f9 h\u1ee3p v\u1edbi c\u00e1c gia \u0111\u00ecnh Vi\u1ec7t. \u0110\u1eb7c \u0111i\u1ec3m c\u1ea5u t\u1ea1o v\u00e0 c\u00f4ng n\u0103ng b\u1ed3n c\u1ea7u kh\u00f4ng k\u00e9t n\u01b0\u1edbc n\u1eafp m\u00e0u Hiwin MT-6020 B\u1ed3n c\u1ea7u kh\u00f4ng k\u00e9t [&hellip;]<\/p>\n","protected":false},"featured_media":12980,"comment_status":"open","ping_status":"closed","template":"","meta":{"_acf_changed":false},"product_brand":[],"product_cat":[164],"product_tag":[225,220,223,226,222,212,224],"class_list":{"0":"post-1806","1":"product","2":"type-product","3":"status-publish","4":"has-post-thumbnail","6":"product_cat-bon-cau-ket-nuoc-am-khong-ket-nuoc","7":"product_tag-ban-cau","8":"product_tag-bon-cau","9":"product_tag-bon-cau-hiwin","10":"product_tag-bon-cau-khong-ket-nuoc","11":"product_tag-bon-cau-su","12":"product_tag-hiwin","13":"product_tag-thiet-bi-ve-sinh","15":"first","16":"outofstock","17":"sale","18":"shipping-taxable","19":"purchasable","20":"product-type-simple"},"acf":[],"_links":{"self":[{"href":"https:\/\/hiwinvietnam.vn\/wp-json\/wp\/v2\/product\/1806","targetHints":{"allow":["GET"]}}],"collection":[{"href":"https:\/\/hiwinvietnam.vn\/wp-json\/wp\/v2\/product"}],"about":[{"href":"https:\/\/hiwinvietnam.vn\/wp-json\/wp\/v2\/types\/product"}],"replies":[{"embeddable":true,"href":"https:\/\/hiwinvietnam.vn\/wp-json\/wp\/v2\/comments?post=1806"}],"wp:featuredmedia":[{"embeddable":true,"href":"https:\/\/hiwinvietnam.vn\/wp-json\/wp\/v2\/media\/12980"}],"wp:attachment":[{"href":"https:\/\/hiwinvietnam.vn\/wp-json\/wp\/v2\/media?parent=1806"}],"wp:term":[{"taxonomy":"product_brand","embeddable":true,"href":"https:\/\/hiwinvietnam.vn\/wp-json\/wp\/v2\/product_brand?post=1806"},{"taxonomy":"product_cat","embeddable":true,"href":"https:\/\/hiwinvietnam.vn\/wp-json\/wp\/v2\/product_cat?post=1806"},{"taxonomy":"product_tag","embeddable":true,"href":"https:\/\/hiwinvietnam.vn\/wp-json\/wp\/v2\/product_tag?post=1806"}],"curies":[{"name":"wp","href":"https:\/\/api.w.org\/{rel}","templated":true}]}}