{"id":14979,"date":"2024-03-05T16:31:57","date_gmt":"2024-03-05T09:31:57","guid":{"rendered":"https:\/\/hiwinvietnam.vn\/?post_type=product&#038;p=14979"},"modified":"2026-04-29T16:53:43","modified_gmt":"2026-04-29T09:53:43","slug":"bo-tu-chau-lavabo-hiwin-ys-003","status":"publish","type":"product","link":"https:\/\/hiwinvietnam.vn\/bo-tu-chau-lavabo-hiwin-ys-003\/","title":{"rendered":"B\u1ed9 t\u1ee7 ch\u1eadu Lavabo Hiwin YS-003 xanh b\u01a1 (kh\u00f4ng k\u00e8m g\u01b0\u01a1ng)"},"content":{"rendered":"<p style=\"text-align: justify;\"><span style=\"font-weight: 400; font-family: 'times new roman', times, serif; font-size: 14pt;\">Nhi\u1ec1u s\u1ea3n ph\u1ea9m t\u1ee7 ch\u1eadu ra m\u1eaft hi\u1ec7n nay \u0111\u00e3 \u0111em \u0111\u1ebfn cho ng\u01b0\u1eddi d\u00f9ng nh\u1eefng s\u1ef1 l\u1ef1a ch\u1ecdn kh\u00e1c nhau. Kh\u00f4ng n\u1eb1m ngo\u00e0i xu th\u1ebf c\u1ee7a th\u1ecb tr\u01b0\u1eddng, <strong>b\u1ed9 t\u1ee7 ch\u1eadu Lavabo Hiwin YS-003<\/strong> v\u1edbi thi\u1ebft k\u1ebf \u0111\u1eb9p m\u1eaft x\u1ee9ng \u0111\u00e1ng l\u00e0 s\u1ef1 l\u1ef1a ch\u1ecdn ho\u00e0n h\u1ea3o gi\u00fap n\u00e2ng c\u1ea5p ch\u1ea5t l\u01b0\u1ee3ng s\u1ed1ng c\u1ee7a gia \u0111\u00ecnh b\u1ea1n.<\/span><\/p>\n<p style=\"text-align: center;\"><iframe loading=\"lazy\" title=\"YouTube video player\" src=\"\/\/www.youtube.com\/embed\/DSbLFB49BNc?si=iwea3r2noVV9bREj\" width=\"800\" height=\"686\" frameborder=\"0\" allowfullscreen=\"allowfullscreen\"><\/iframe><\/p>\n<h2 style=\"text-align: justify;\"><span style=\"font-family: 'times new roman', times, serif; font-size: 14pt;\"><b>\u0110\u1eb7c \u0111i\u1ec3m c\u1ea5u t\u1ea1o v\u00e0 c\u00f4ng n\u0103ng c\u1ee7a b\u1ed9 t\u1ee7 ch\u1eadu Lavabo Hiwin YS-003<\/b><\/span><\/h2>\n<p style=\"text-align: justify;\"><span style=\"font-weight: 400; font-family: 'times new roman', times, serif; font-size: 14pt;\">B\u1ed9 t\u1ee7 ch\u1eadu Lavabo Hiwin YS-003 g\u1ed3m c\u00e1c b\u1ed9 ph\u1eadn: T\u1ee7 g\u1ed7 plywood, m\u1eb7t b\u00e0n \u0111\u00e1 k\u1ebft h\u1ee3p ch\u1eadu Lavabo (kh\u00f4ng k\u00e8m g\u01b0\u01a1ng)<\/span><\/p>\n<p style=\"text-align: justify;\"><span style=\"font-weight: 400; font-family: 'times new roman', times, serif; font-size: 14pt;\">(Tham kh\u1ea3o c\u00e1c m\u1eabu g\u01b0\u01a1ng <a href=\"https:\/\/hiwinvietnam.vn\/guong-lavabo\/\">t\u1ea1i \u0111\u00e2y<\/a> &#8211; <\/span><span style=\"font-weight: 400; font-family: 'times new roman', times, serif; font-size: 14pt;\">c\u00e1c m\u1eabu x\u1ea3 nh\u1ea5n, c\u1ed5 P <a href=\"https:\/\/hiwinvietnam.vn\/thiet-bi-ve-sinh\/phu-kien-ve-sinh-khac\/xa-nhan-xa-lat\/\">t\u1ea1i \u0111\u00e2y<\/a>)<\/span><\/p>\n<p><img loading=\"lazy\" decoding=\"async\" class=\"aligncenter wp-image-18637\" src=\"https:\/\/hiwinvietnam.vn\/wp-content\/uploads\/2024\/03\/Bo-tu-chau-Lavabo-Hiwin-YS-003-1-2.jpg\" alt=\"B\u1ed9 t\u1ee7 ch\u1eadu Lavabo Hiwin YS-003\" width=\"800\" height=\"1000\" srcset=\"https:\/\/hiwinvietnam.vn\/wp-content\/uploads\/2024\/03\/Bo-tu-chau-Lavabo-Hiwin-YS-003-1-2.jpg 2048w, https:\/\/hiwinvietnam.vn\/wp-content\/uploads\/2024\/03\/Bo-tu-chau-Lavabo-Hiwin-YS-003-1-2-240x300.jpg 240w, https:\/\/hiwinvietnam.vn\/wp-content\/uploads\/2024\/03\/Bo-tu-chau-Lavabo-Hiwin-YS-003-1-2-819x1024.jpg 819w, https:\/\/hiwinvietnam.vn\/wp-content\/uploads\/2024\/03\/Bo-tu-chau-Lavabo-Hiwin-YS-003-1-2-768x960.jpg 768w, https:\/\/hiwinvietnam.vn\/wp-content\/uploads\/2024\/03\/Bo-tu-chau-Lavabo-Hiwin-YS-003-1-2-1229x1536.jpg 1229w, https:\/\/hiwinvietnam.vn\/wp-content\/uploads\/2024\/03\/Bo-tu-chau-Lavabo-Hiwin-YS-003-1-2-1638x2048.jpg 1638w, https:\/\/hiwinvietnam.vn\/wp-content\/uploads\/2024\/03\/Bo-tu-chau-Lavabo-Hiwin-YS-003-1-2-300x375.jpg 300w, https:\/\/hiwinvietnam.vn\/wp-content\/uploads\/2024\/03\/Bo-tu-chau-Lavabo-Hiwin-YS-003-1-2-600x750.jpg 600w\" sizes=\"auto, (max-width: 800px) 100vw, 800px\" \/><\/p>\n<p style=\"text-align: center;\"><em><span style=\"font-family: 'times new roman', times, serif; font-size: 14pt;\">B\u1ed9 t\u1ee7 ch\u1eadu Lavabo Hiwin YS-003<\/span><\/em><\/p>\n<ul style=\"text-align: justify;\">\n<li style=\"font-weight: 400;\"><strong><span style=\"font-family: 'times new roman', times, serif; font-size: 14pt;\">Ph\u1ea7n t\u1ee7 g\u1ed7<\/span><\/strong><\/li>\n<\/ul>\n<p style=\"text-align: justify;\"><span style=\"font-weight: 400; font-family: 'times new roman', times, serif; font-size: 14pt;\">T\u1ee7\u00a0 g\u1ed7 \u0111\u01b0\u1ee3c l\u00e0m <\/span><span style=\"font-family: 'times new roman', times, serif; font-size: 14pt;\">t\u1eeb <a href=\"https:\/\/vi.wikipedia.org\/wiki\/V%C3%A1n_%C3%A9p#:~:text=V%C3%A1n%20%C3%A9p%20(Plywood)%20hay%20c%C3%B2n,c%E1%BB%A7a%20c%C3%A1c%20ch%E1%BA%A5t%20k%E1%BA%BFt%20d%C3%ADnh.\" target=\"_blank\" rel=\"noopener\">g\u1ed7 plywood<\/a> cao c\u1ea5p v\u1edbi \u0111\u1ed9 d\u00e0y 17mm, g\u1ed3m 11 l\u1edbp \u00e9p ch\u1eb7t gi\u00fap t\u0103ng kh\u1ea3 n\u0103ng ch\u1ecbu l\u1ef1c v\u00e0 h\u1ea1n ch\u1ebf cong v\u00eanh trong qu\u00e1 tr\u00ecnh s\u1eed d\u1ee5ng. B\u1ec1 m\u1eb7t t\u1ee7 \u0111\u01b0\u1ee3c ph\u1ee7 2 l\u1edbp melamine, kh\u00f4ng ch\u1ec9 mang l\u1ea1i v\u1ebb ngo\u00e0i sang tr\u1ecdng m\u00e0 c\u00f2n t\u0103ng c\u01b0\u1eddng kh\u1ea3 n\u0103ng ch\u1ed1ng \u1ea9m, ch\u1ed1ng tr\u1ea7y x\u01b0\u1edbc hi\u1ec7u qu\u1ea3. \u0110\u1eb7c bi\u1ec7t, c\u00e1c c\u1ea1nh g\u1ed7 \u0111\u01b0\u1ee3c ho\u00e0n thi\u1ec7n b\u1eb1ng keo PUR cao c\u1ea5p, gi\u00fap li\u00ean k\u1ebft ch\u1eafc ch\u1eafn, \u0111\u1ed3ng th\u1eddi n\u00e2ng cao kh\u1ea3 n\u0103ng ch\u1ed1ng th\u1ea5m v\u00e0 \u0111\u1ed9 b\u1ec1n theo th\u1eddi gian.<\/span><\/p>\n<p><img loading=\"lazy\" decoding=\"async\" class=\"aligncenter wp-image-18639\" src=\"https:\/\/hiwinvietnam.vn\/wp-content\/uploads\/2024\/03\/Bo-tu-chau-Lavabo-Hiwin-YS-003-3-2.jpg\" alt=\"Ph\u1ea7n t\u1ee7 g\u1ed7 b\u1ed9 t\u1ee7 ch\u1eadu Lavabo YS-003\" width=\"800\" height=\"800\" srcset=\"https:\/\/hiwinvietnam.vn\/wp-content\/uploads\/2024\/03\/Bo-tu-chau-Lavabo-Hiwin-YS-003-3-2.jpg 2560w, https:\/\/hiwinvietnam.vn\/wp-content\/uploads\/2024\/03\/Bo-tu-chau-Lavabo-Hiwin-YS-003-3-2-300x300.jpg 300w, https:\/\/hiwinvietnam.vn\/wp-content\/uploads\/2024\/03\/Bo-tu-chau-Lavabo-Hiwin-YS-003-3-2-1024x1024.jpg 1024w, https:\/\/hiwinvietnam.vn\/wp-content\/uploads\/2024\/03\/Bo-tu-chau-Lavabo-Hiwin-YS-003-3-2-150x150.jpg 150w, https:\/\/hiwinvietnam.vn\/wp-content\/uploads\/2024\/03\/Bo-tu-chau-Lavabo-Hiwin-YS-003-3-2-768x768.jpg 768w, https:\/\/hiwinvietnam.vn\/wp-content\/uploads\/2024\/03\/Bo-tu-chau-Lavabo-Hiwin-YS-003-3-2-1536x1536.jpg 1536w, https:\/\/hiwinvietnam.vn\/wp-content\/uploads\/2024\/03\/Bo-tu-chau-Lavabo-Hiwin-YS-003-3-2-2048x2048.jpg 2048w, https:\/\/hiwinvietnam.vn\/wp-content\/uploads\/2024\/03\/Bo-tu-chau-Lavabo-Hiwin-YS-003-3-2-20x20.jpg 20w, https:\/\/hiwinvietnam.vn\/wp-content\/uploads\/2024\/03\/Bo-tu-chau-Lavabo-Hiwin-YS-003-3-2-600x600.jpg 600w, https:\/\/hiwinvietnam.vn\/wp-content\/uploads\/2024\/03\/Bo-tu-chau-Lavabo-Hiwin-YS-003-3-2-100x100.jpg 100w\" sizes=\"auto, (max-width: 800px) 100vw, 800px\" \/><\/p>\n<p style=\"text-align: center;\"><span style=\"font-size: 14pt;\"><em><span style=\"font-family: 'times new roman', times, serif;\">Ph\u1ea7n t\u1ee7 g\u1ed7 b\u1ed9 t\u1ee7 ch\u1eadu Lavabo YS-003 \u0111\u01b0\u1ee3c ch\u1ebf t\u00e1c t\u1eeb ch\u1ea5t li\u1ec7u\u00a0<\/span><\/em><\/span><\/p>\n<p style=\"text-align: justify;\"><span style=\"font-weight: 400; font-family: 'times new roman', times, serif; font-size: 14pt;\">Kh\u00e1c v\u1edbi YS-001 v\u00e0 YS-002, b\u1ed9 t\u1ee7 ch\u1eadu Lavabo Hiwin YS-003 \u0111\u01b0\u1ee3c thi\u1ebft k\u1ebf v\u1edbi ng\u0103n k\u00e9o l\u1edbn b\u00ean tr\u00e1i, \u0111\u00e2y l\u00e0 n\u01a1i l\u00fd t\u01b0\u1edfng \u0111\u1ec3 c\u1ea5t gi\u1eef c\u00e1c v\u1eadt d\u1ee5ng k\u00edch th\u01b0\u1edbc l\u1edbn. C\u00f2n b\u00ean ph\u1ea3i l\u00e0 2 h\u1ed9c \u0111\u1ec3 \u0111\u1ed3 tr\u00ean v\u00e0 d\u01b0\u1edbi, gi\u00fap ph\u00e2n lo\u1ea1i v\u00e0 s\u1eafp x\u1ebfp \u0111\u1ed3 d\u00f9ng m\u1ed9t c\u00e1ch g\u1ecdn g\u00e0ng, ti\u1ec7n l\u1ee3i.<\/span><\/p>\n<p><img loading=\"lazy\" decoding=\"async\" class=\"aligncenter wp-image-18640\" src=\"https:\/\/hiwinvietnam.vn\/wp-content\/uploads\/2024\/03\/Bo-tu-chau-Lavabo-Hiwin-YS-003-4-2.jpg\" alt=\"Ng\u0103n \u0111\u1ef1ng \u0111\u1ed3 r\u1ed9ng r\u00e3i, thi\u1ebft k\u1ebf kh\u00f4ng tay n\u1eafm\" width=\"800\" height=\"800\" srcset=\"https:\/\/hiwinvietnam.vn\/wp-content\/uploads\/2024\/03\/Bo-tu-chau-Lavabo-Hiwin-YS-003-4-2.jpg 2400w, https:\/\/hiwinvietnam.vn\/wp-content\/uploads\/2024\/03\/Bo-tu-chau-Lavabo-Hiwin-YS-003-4-2-300x300.jpg 300w, https:\/\/hiwinvietnam.vn\/wp-content\/uploads\/2024\/03\/Bo-tu-chau-Lavabo-Hiwin-YS-003-4-2-1024x1024.jpg 1024w, https:\/\/hiwinvietnam.vn\/wp-content\/uploads\/2024\/03\/Bo-tu-chau-Lavabo-Hiwin-YS-003-4-2-150x150.jpg 150w, https:\/\/hiwinvietnam.vn\/wp-content\/uploads\/2024\/03\/Bo-tu-chau-Lavabo-Hiwin-YS-003-4-2-768x768.jpg 768w, https:\/\/hiwinvietnam.vn\/wp-content\/uploads\/2024\/03\/Bo-tu-chau-Lavabo-Hiwin-YS-003-4-2-1536x1536.jpg 1536w, https:\/\/hiwinvietnam.vn\/wp-content\/uploads\/2024\/03\/Bo-tu-chau-Lavabo-Hiwin-YS-003-4-2-2048x2048.jpg 2048w, https:\/\/hiwinvietnam.vn\/wp-content\/uploads\/2024\/03\/Bo-tu-chau-Lavabo-Hiwin-YS-003-4-2-20x20.jpg 20w, https:\/\/hiwinvietnam.vn\/wp-content\/uploads\/2024\/03\/Bo-tu-chau-Lavabo-Hiwin-YS-003-4-2-600x600.jpg 600w, https:\/\/hiwinvietnam.vn\/wp-content\/uploads\/2024\/03\/Bo-tu-chau-Lavabo-Hiwin-YS-003-4-2-100x100.jpg 100w\" sizes=\"auto, (max-width: 800px) 100vw, 800px\" \/><\/p>\n<p style=\"text-align: center;\"><span style=\"font-family: 'times new roman', times, serif; font-size: 14pt;\"><em>Ng\u0103n \u0111\u1ef1ng \u0111\u1ed3 r\u1ed9ng r\u00e3i, thi\u1ebft k\u1ebf kh\u00f4ng tay n\u1eafm<\/em><\/span><\/p>\n<p style=\"text-align: justify;\"><span style=\"font-weight: 400; font-family: 'times new roman', times, serif; font-size: 14pt;\">C\u00e1c ng\u0103n t\u1ee7 \u0111\u01b0\u1ee3c b\u1ed1 tr\u00ed khoa h\u1ecdc gi\u00fap ng\u01b0\u1eddi d\u00f9ng d\u1ec5 d\u00e0ng s\u1eafp x\u1ebfp \u0111\u1ed3, ti\u1ec7n l\u1ee3i khi s\u1eed d\u1ee5ng. Ng\u0103n k\u00e9o t\u1ee7 c\u00f3 s\u1eed d\u1ee5ng ray d\u1eabn h\u01b0\u1edbng ch\u1ea5t l\u01b0\u1ee3ng cao ch\u1ecbu \u0111\u01b0\u1ee3c t\u1ea3i tr\u1ecdng h\u01a1n 30kg. T\u1ee7 \u0111\u01b0\u1ee3c <span style=\"color: #0000ff;\"><a style=\"color: #0000ff;\" href=\"https:\/\/hiwinvietnam.vn\/\">Hiwin<\/a><\/span> thi\u1ebft k\u1ebf kh\u00f4ng tay n\u1eafm tuy \u0111\u01a1n gi\u1ea3n nh\u01b0ng t\u1ea1o n\u00ean s\u1ef1 th\u1ed1ng nh\u1ea5t xuy\u00ean su\u1ed1t, gia t\u0103ng v\u1ebb \u0111\u1eb9p v\u00e0 h\u1ea1n ch\u1ebf v\u1ebft c\u1eb7n b\u1ea9n b\u00e1m c\u00e1c khe tay n\u1eafm kh\u00f3 c\u1ecd r\u1eeda.\u00a0<\/span><\/p>\n<p><img loading=\"lazy\" decoding=\"async\" class=\"aligncenter wp-image-18641\" src=\"https:\/\/hiwinvietnam.vn\/wp-content\/uploads\/2024\/03\/Bo-tu-chau-Lavabo-Hiwin-YS-003-5-1.jpg\" alt=\"Ng\u0103n k\u00e9o \u0111\u00f3ng m\u1edf linh ho\u1ea1t c\u00f3 gi\u1ea3m ch\u1ea5n\" width=\"800\" height=\"800\" srcset=\"https:\/\/hiwinvietnam.vn\/wp-content\/uploads\/2024\/03\/Bo-tu-chau-Lavabo-Hiwin-YS-003-5-1.jpg 2400w, https:\/\/hiwinvietnam.vn\/wp-content\/uploads\/2024\/03\/Bo-tu-chau-Lavabo-Hiwin-YS-003-5-1-300x300.jpg 300w, https:\/\/hiwinvietnam.vn\/wp-content\/uploads\/2024\/03\/Bo-tu-chau-Lavabo-Hiwin-YS-003-5-1-1024x1024.jpg 1024w, https:\/\/hiwinvietnam.vn\/wp-content\/uploads\/2024\/03\/Bo-tu-chau-Lavabo-Hiwin-YS-003-5-1-150x150.jpg 150w, https:\/\/hiwinvietnam.vn\/wp-content\/uploads\/2024\/03\/Bo-tu-chau-Lavabo-Hiwin-YS-003-5-1-768x768.jpg 768w, https:\/\/hiwinvietnam.vn\/wp-content\/uploads\/2024\/03\/Bo-tu-chau-Lavabo-Hiwin-YS-003-5-1-1536x1536.jpg 1536w, https:\/\/hiwinvietnam.vn\/wp-content\/uploads\/2024\/03\/Bo-tu-chau-Lavabo-Hiwin-YS-003-5-1-2048x2048.jpg 2048w, https:\/\/hiwinvietnam.vn\/wp-content\/uploads\/2024\/03\/Bo-tu-chau-Lavabo-Hiwin-YS-003-5-1-20x20.jpg 20w, https:\/\/hiwinvietnam.vn\/wp-content\/uploads\/2024\/03\/Bo-tu-chau-Lavabo-Hiwin-YS-003-5-1-600x600.jpg 600w, https:\/\/hiwinvietnam.vn\/wp-content\/uploads\/2024\/03\/Bo-tu-chau-Lavabo-Hiwin-YS-003-5-1-100x100.jpg 100w\" sizes=\"auto, (max-width: 800px) 100vw, 800px\" \/><\/p>\n<p style=\"text-align: center;\"><span style=\"font-size: 14pt;\"><em><span style=\"font-family: 'times new roman', times, serif;\">Ng\u0103n k\u00e9o \u0111\u00f3ng m\u1edf linh ho\u1ea1t c\u00f3 gi\u1ea3m ch\u1ea5n<\/span><\/em><\/span><\/p>\n<ul style=\"text-align: justify;\">\n<li style=\"font-weight: 400;\"><strong><span style=\"font-family: 'times new roman', times, serif; font-size: 14pt;\">Ph\u1ea7n b\u00e0n \u0111\u00e1 v\u00e0 ch\u1eadu Lavabo<\/span><\/strong><\/li>\n<\/ul>\n<p style=\"text-align: justify;\"><span style=\"font-weight: 400; font-family: 'times new roman', times, serif; font-size: 14pt;\">M\u1eb7t b\u00e0n \u0111\u00e1 nung k\u1ebft, k\u1ebft h\u1ee3p ch\u1eadu r\u1eeda \u00e2m b\u00e0n b\u1eb1ng g\u1ed1m s\u1ee9 cao c\u1ea5p t\u1ea1o n\u00ean v\u1ebb \u0111\u1eb9p sang tr\u1ecdng, t\u01b0\u01a1i m\u1edbi. Ch\u1eadu Lavabo s\u1eed d\u1ee5ng c\u00f4ng ngh\u1ec7 tr\u00e0n vi\u1ec1n ti\u00ean ti\u1ebfn m\u1edbi nh\u1ea5t, k\u00edch th\u01b0\u1edbc ch\u1eadu 800x500mm l\u00e0 s\u1ef1 l\u1ef1a ch\u1ecdn ho\u00e0n h\u1ea3o cho ng\u00f4i nh\u00e0 hi\u1ec7n \u0111\u1ea1i.<\/span><\/p>\n<p><img loading=\"lazy\" decoding=\"async\" class=\"aligncenter wp-image-18638\" src=\"https:\/\/hiwinvietnam.vn\/wp-content\/uploads\/2024\/03\/Bo-tu-chau-Lavabo-Hiwin-YS-003-2-3.jpg\" alt=\"Ph\u1ea7n ch\u1eadu Lavabo c\u1ee7a b\u1ed9 t\u1ee7 ch\u1eadu YS-003\" width=\"800\" height=\"800\" srcset=\"https:\/\/hiwinvietnam.vn\/wp-content\/uploads\/2024\/03\/Bo-tu-chau-Lavabo-Hiwin-YS-003-2-3.jpg 2400w, https:\/\/hiwinvietnam.vn\/wp-content\/uploads\/2024\/03\/Bo-tu-chau-Lavabo-Hiwin-YS-003-2-3-300x300.jpg 300w, https:\/\/hiwinvietnam.vn\/wp-content\/uploads\/2024\/03\/Bo-tu-chau-Lavabo-Hiwin-YS-003-2-3-1024x1024.jpg 1024w, https:\/\/hiwinvietnam.vn\/wp-content\/uploads\/2024\/03\/Bo-tu-chau-Lavabo-Hiwin-YS-003-2-3-150x150.jpg 150w, https:\/\/hiwinvietnam.vn\/wp-content\/uploads\/2024\/03\/Bo-tu-chau-Lavabo-Hiwin-YS-003-2-3-768x768.jpg 768w, https:\/\/hiwinvietnam.vn\/wp-content\/uploads\/2024\/03\/Bo-tu-chau-Lavabo-Hiwin-YS-003-2-3-1536x1536.jpg 1536w, https:\/\/hiwinvietnam.vn\/wp-content\/uploads\/2024\/03\/Bo-tu-chau-Lavabo-Hiwin-YS-003-2-3-2048x2048.jpg 2048w, https:\/\/hiwinvietnam.vn\/wp-content\/uploads\/2024\/03\/Bo-tu-chau-Lavabo-Hiwin-YS-003-2-3-20x20.jpg 20w, https:\/\/hiwinvietnam.vn\/wp-content\/uploads\/2024\/03\/Bo-tu-chau-Lavabo-Hiwin-YS-003-2-3-600x600.jpg 600w, https:\/\/hiwinvietnam.vn\/wp-content\/uploads\/2024\/03\/Bo-tu-chau-Lavabo-Hiwin-YS-003-2-3-100x100.jpg 100w\" sizes=\"auto, (max-width: 800px) 100vw, 800px\" \/><\/p>\n<p style=\"text-align: center;\"><em><span style=\"font-family: 'times new roman', times, serif; font-size: 14pt;\">Ph\u1ea7n ch\u1eadu Lavabo c\u1ee7a b\u1ed9 t\u1ee7 ch\u1eadu YS-003<\/span><\/em><\/p>\n<ul style=\"text-align: justify;\">\n<li style=\"font-weight: 400;\"><strong><span style=\"font-family: 'times new roman', times, serif; font-size: 14pt;\">C\u00e1c b\u1ed9 ph\u1eadn kh\u00e1c.\u00a0<\/span><\/strong><\/li>\n<\/ul>\n<p style=\"text-align: justify;\"><span style=\"font-weight: 400; font-family: 'times new roman', times, serif; font-size: 14pt;\">C\u00e1c ph\u1ee5 ki\u1ec7n kh\u00e1c \u0111\u00f3ng vai tr\u00f2 quan tr\u1ecdng \u0111\u1ec3 k\u1ebft n\u1ed1i c\u00e1c b\u1ed9 ph\u1eadn t\u1ee7. Trong \u0111\u00f3, c\u00e1c b\u1ed9 ph\u1eadn k\u1ebft c\u1ea5u t\u1ee7 v\u00e0 \u1ed1c v\u00edt \u0111\u1ec1u \u0111\u01b0\u1ee3c l\u00e0m b\u1eb1ng th\u00e9p kh\u00f4ng g\u1ec9 \u0111em \u0111\u1ebfn s\u1ef1 an t\u00e2m cho ng\u01b0\u1eddi d\u00f9ng, \u0111\u1ed3ng th\u1eddi gia t\u0103ng tu\u1ed5i th\u1ecd cho s\u1ea3n ph\u1ea9m.\u00a0<\/span><\/p>\n<h2 style=\"text-align: justify;\"><span style=\"font-family: 'times new roman', times, serif; font-size: 14pt;\"><b>V\u1ecb tr\u00ed l\u1eafp \u0111\u1eb7t b\u1ed9 t\u1ee7 ch\u1eadu Lavabo Hiwin YS-003<\/b><\/span><\/h2>\n<p style=\"text-align: justify;\"><span style=\"font-family: 'times new roman', times, serif; font-size: 14pt;\">B\u1ed9 t\u1ee7 ch\u1eadu Lavabo Hiwin YS-003 s\u1edf h\u1eefu k\u00edch th\u01b0\u1edbc ti\u00eau chu\u1ea9n bao g\u1ed3m: T\u1ee7 ch\u00ednh\uff1a790*490*450mm v\u00e0 ch\u1eadu \u00e2m tr\u00e0n vi\u1ec1n b\u00e0n \u0111\u00e1 nung k\u1ebft m\u00e0u tr\u1eafng b\u00f3ng l\u1ec7ch tr\u00e1i 300: 800*500mm. Nh\u1edd thi\u1ebft k\u1ebf g\u1ecdn g\u00e0ng, tinh t\u1ebf v\u00e0 linh ho\u1ea1t, m\u1eabu t\u1ee7 ch\u1eadu n\u00e0y d\u1ec5 d\u00e0ng l\u1eafp \u0111\u1eb7t trong nhi\u1ec1u ki\u1ec3u kh\u00f4ng gian ph\u00f2ng t\u1eafm \u2013 t\u1eeb c\u0103n h\u1ed9 chung c\u01b0 nh\u1ecf, nh\u00e0 ph\u1ed1 cho \u0111\u1ebfn bi\u1ec7t th\u1ef1 c\u00f3 di\u1ec7n t\u00edch r\u1ed9ng r\u00e3i.\u00a0<\/span><\/p>\n<p><img loading=\"lazy\" decoding=\"async\" class=\"aligncenter wp-image-18847\" src=\"https:\/\/hiwinvietnam.vn\/wp-content\/uploads\/2024\/03\/3-11.jpg\" alt=\"Th\u00f4ng s\u1ed1 k\u1ef9 thu\u1eadt c\u1ee7a t\u1ee7 ch\u1eadu Lavabo Hiwin YS-003\" width=\"800\" height=\"800\" srcset=\"https:\/\/hiwinvietnam.vn\/wp-content\/uploads\/2024\/03\/3-11.jpg 2400w, https:\/\/hiwinvietnam.vn\/wp-content\/uploads\/2024\/03\/3-11-300x300.jpg 300w, https:\/\/hiwinvietnam.vn\/wp-content\/uploads\/2024\/03\/3-11-1024x1024.jpg 1024w, https:\/\/hiwinvietnam.vn\/wp-content\/uploads\/2024\/03\/3-11-150x150.jpg 150w, https:\/\/hiwinvietnam.vn\/wp-content\/uploads\/2024\/03\/3-11-768x768.jpg 768w, https:\/\/hiwinvietnam.vn\/wp-content\/uploads\/2024\/03\/3-11-1536x1536.jpg 1536w, https:\/\/hiwinvietnam.vn\/wp-content\/uploads\/2024\/03\/3-11-2048x2048.jpg 2048w, https:\/\/hiwinvietnam.vn\/wp-content\/uploads\/2024\/03\/3-11-20x20.jpg 20w, https:\/\/hiwinvietnam.vn\/wp-content\/uploads\/2024\/03\/3-11-600x600.jpg 600w, https:\/\/hiwinvietnam.vn\/wp-content\/uploads\/2024\/03\/3-11-100x100.jpg 100w\" sizes=\"auto, (max-width: 800px) 100vw, 800px\" \/><\/p>\n<p style=\"text-align: center;\"><em><span style=\"font-family: 'times new roman', times, serif; font-size: 14pt;\">Th\u00f4ng s\u1ed1 k\u1ef9 thu\u1eadt c\u1ee7a t\u1ee7 ch\u1eadu Lavabo Hiwin YS-003<\/span><\/em><\/p>\n<p style=\"text-align: justify;\"><span style=\"font-family: 'times new roman', times, serif; font-size: 14pt;\"><strong>B\u1ed9 t\u1ee7 ch\u1eadu Lavabo Hiwin YS-003<\/strong> kh\u00f4ng ch\u1ec9 l\u00e0 m\u1ed9t s\u1ea3n ph\u1ea9m n\u1ed9i th\u1ea5t ph\u00f2ng t\u1eafm, m\u00e0 c\u00f2n l\u00e0 m\u1ed9t t\u00e1c ph\u1ea9m ngh\u1ec7 thu\u1eadt tinh t\u1ebf mang \u0111\u1ebfn s\u1ef1 h\u00e0i h\u00f2a v\u00e0 sang tr\u1ecdng cho kh\u00f4ng gian s\u1ed1ng c\u1ee7a b\u1ea1n. H\u00e3y bi\u1ebfn ph\u00f2ng t\u1eafm c\u1ee7a b\u1ea1n th\u00e0nh m\u1ed9t n\u01a1i th\u01b0 gi\u00e3n v\u00e0 \u0111\u1ea7y phong c\u00e1ch v\u1edbi b\u1ed9 t\u1ee7 ch\u1eadu Lavabo Hiwin YS-003, n\u01a1i m\u00e0 m\u1ed7i chi ti\u1ebft \u0111\u1ec1u \u0111\u01b0\u1ee3c ch\u0103m ch\u00fat \u0111\u1ec3 mang l\u1ea1i tr\u1ea3i nghi\u1ec7m tuy\u1ec7t v\u1eddi nh\u1ea5t cho ng\u01b0\u1eddi s\u1eed d\u1ee5ng. S\u1ef1 l\u1ef1a ch\u1ecdn ho\u00e0n h\u1ea3o n\u00e0y s\u1ebd kh\u00f4ng ch\u1ec9 n\u00e2ng t\u1ea7m th\u1ea9m m\u1ef9 cho ng\u00f4i nh\u00e0 c\u1ee7a b\u1ea1n m\u00e0 c\u00f2n th\u1ec3 hi\u1ec7n gu th\u1ea9m m\u1ef9 tinh t\u1ebf v\u00e0 s\u1ef1 quan t\u00e2m \u0111\u1ebfn ch\u1ea5t l\u01b0\u1ee3ng cu\u1ed9c s\u1ed1ng.<\/span><\/p>\n<p style=\"text-align: justify;\"><span style=\"font-family: 'times new roman', times, serif; font-size: 14pt;\">&gt;&gt;&gt;C\u00f3 th\u1ec3 b\u1ea1n quan t\u00e2m:<span style=\"color: #0000ff;\">\u00a0<strong><a style=\"color: #0000ff;\" href=\"https:\/\/hiwinvietnam.vn\/bo-tu-chau-lavabo-hiwin-ys-002\/\">B\u1ed9 t\u1ee7 ch\u1eadu Lavabo Hiwin YS-002<\/a><\/strong><\/span><\/span><\/p>\n","protected":false},"excerpt":{"rendered":"<p>Nhi\u1ec1u s\u1ea3n ph\u1ea9m t\u1ee7 ch\u1eadu ra m\u1eaft hi\u1ec7n nay \u0111\u00e3 \u0111em \u0111\u1ebfn cho ng\u01b0\u1eddi d\u00f9ng nh\u1eefng s\u1ef1 l\u1ef1a ch\u1ecdn kh\u00e1c nhau. Kh\u00f4ng n\u1eb1m ngo\u00e0i xu th\u1ebf c\u1ee7a th\u1ecb tr\u01b0\u1eddng, b\u1ed9 t\u1ee7 ch\u1eadu Lavabo Hiwin YS-003 v\u1edbi thi\u1ebft k\u1ebf \u0111\u1eb9p m\u1eaft x\u1ee9ng \u0111\u00e1ng l\u00e0 s\u1ef1 l\u1ef1a ch\u1ecdn ho\u00e0n h\u1ea3o gi\u00fap n\u00e2ng c\u1ea5p ch\u1ea5t l\u01b0\u1ee3ng s\u1ed1ng c\u1ee7a [&hellip;]<\/p>\n","protected":false},"featured_media":15849,"comment_status":"open","ping_status":"closed","template":"","meta":{"_acf_changed":false},"product_brand":[],"product_cat":[47,1041],"product_tag":[653],"class_list":{"0":"post-14979","1":"product","2":"type-product","3":"status-publish","4":"has-post-thumbnail","6":"product_cat-bo-tu-chau-lavabo","7":"product_cat-tu-chau-lavabo-go","8":"product_tag-bo-tu-chau-lavabo","10":"first","11":"instock","12":"sale","13":"shipping-taxable","14":"purchasable","15":"product-type-simple"},"acf":[],"_links":{"self":[{"href":"https:\/\/hiwinvietnam.vn\/wp-json\/wp\/v2\/product\/14979","targetHints":{"allow":["GET"]}}],"collection":[{"href":"https:\/\/hiwinvietnam.vn\/wp-json\/wp\/v2\/product"}],"about":[{"href":"https:\/\/hiwinvietnam.vn\/wp-json\/wp\/v2\/types\/product"}],"replies":[{"embeddable":true,"href":"https:\/\/hiwinvietnam.vn\/wp-json\/wp\/v2\/comments?post=14979"}],"wp:featuredmedia":[{"embeddable":true,"href":"https:\/\/hiwinvietnam.vn\/wp-json\/wp\/v2\/media\/15849"}],"wp:attachment":[{"href":"https:\/\/hiwinvietnam.vn\/wp-json\/wp\/v2\/media?parent=14979"}],"wp:term":[{"taxonomy":"product_brand","embeddable":true,"href":"https:\/\/hiwinvietnam.vn\/wp-json\/wp\/v2\/product_brand?post=14979"},{"taxonomy":"product_cat","embeddable":true,"href":"https:\/\/hiwinvietnam.vn\/wp-json\/wp\/v2\/product_cat?post=14979"},{"taxonomy":"product_tag","embeddable":true,"href":"https:\/\/hiwinvietnam.vn\/wp-json\/wp\/v2\/product_tag?post=14979"}],"curies":[{"name":"wp","href":"https:\/\/api.w.org\/{rel}","templated":true}]}}