{"id":14692,"date":"2024-01-27T15:32:43","date_gmt":"2024-01-27T08:32:43","guid":{"rendered":"https:\/\/hiwinvietnam.vn\/?post_type=product&#038;p=14692"},"modified":"2025-09-13T08:41:25","modified_gmt":"2025-09-13T01:41:25","slug":"guong-lavabo-thong-minh-hiwin-m-e6080ld-h","status":"publish","type":"product","link":"https:\/\/hiwinvietnam.vn\/en\/guong-lavabo-thong-minh-hiwin-m-e6080ld-h\/","title":{"rendered":"Frame Lavabo smart Hiwin M-E6080LD-H oval high education level"},"content":{"rendered":"<p style=\"text-align: justify;\"><span style=\"font-weight: 400; font-family: 'times new roman', times, serif; font-size: 14pt;\">Mirror Lavabo smart is becoming a sanitary popularity of many households. Based on the demand of consumers, Hiwin product launches, mirror Lavabo smart Hiwin M-E6080LD-H with many advantages in terms of design and uses.<\/span><\/p>\n<p><span style=\"font-family: 'times new roman', times, serif; font-size: 14pt;\"><img loading=\"lazy\" decoding=\"async\" class=\"aligncenter size-full wp-image-18203\" src=\"https:\/\/hiwinvietnam.vn\/wp-content\/uploads\/2024\/01\/1-4.png\" alt=\"\" width=\"2400\" height=\"3000\" srcset=\"https:\/\/hiwinvietnam.vn\/wp-content\/uploads\/2024\/01\/1-4.png 2048w, https:\/\/hiwinvietnam.vn\/wp-content\/uploads\/2024\/01\/1-4-240x300.png 240w, https:\/\/hiwinvietnam.vn\/wp-content\/uploads\/2024\/01\/1-4-819x1024.png 819w, https:\/\/hiwinvietnam.vn\/wp-content\/uploads\/2024\/01\/1-4-768x960.png 768w, https:\/\/hiwinvietnam.vn\/wp-content\/uploads\/2024\/01\/1-4-1229x1536.png 1229w, https:\/\/hiwinvietnam.vn\/wp-content\/uploads\/2024\/01\/1-4-1638x2048.png 1638w, https:\/\/hiwinvietnam.vn\/wp-content\/uploads\/2024\/01\/1-4-300x375.png 300w, https:\/\/hiwinvietnam.vn\/wp-content\/uploads\/2024\/01\/1-4-600x750.png 600w\" sizes=\"auto, (max-width: 2400px) 100vw, 2400px\" \/><\/span><\/p>\n<h2 style=\"text-align: justify;\"><span style=\"font-family: 'times new roman', times, serif; font-size: 14pt;\"><b>Design mirror Lavabo smart Hiwin M-E6080LD-H oval beautiful eyes<\/b><\/span><\/h2>\n<p style=\"text-align: justify;\"><span style=\"font-weight: 400; font-family: 'times new roman', times, serif; font-size: 14pt;\"><strong><a href=\"https:\/\/hiwinvietnam.vn\/en\/guong-lavabo-thong-minh\/\"><span style=\"color: #3366ff;\">Mirror Lavabo smart<\/span><\/a><\/strong> M-E6080LD-H is oval design with no sharp edges soft and delicate. In addition, the oval design also represents the continuous, seamless, from which bring a sense of comfort for users.<\/span><\/p>\n<p><span style=\"font-family: 'times new roman', times, serif; font-size: 14pt;\"><img loading=\"lazy\" decoding=\"async\" class=\"aligncenter wp-image-18207 size-full\" src=\"https:\/\/hiwinvietnam.vn\/wp-content\/uploads\/2024\/01\/5-4.png\" alt=\"\" width=\"2400\" height=\"3000\" srcset=\"https:\/\/hiwinvietnam.vn\/wp-content\/uploads\/2024\/01\/5-4.png 2048w, https:\/\/hiwinvietnam.vn\/wp-content\/uploads\/2024\/01\/5-4-240x300.png 240w, https:\/\/hiwinvietnam.vn\/wp-content\/uploads\/2024\/01\/5-4-819x1024.png 819w, https:\/\/hiwinvietnam.vn\/wp-content\/uploads\/2024\/01\/5-4-768x960.png 768w, https:\/\/hiwinvietnam.vn\/wp-content\/uploads\/2024\/01\/5-4-1229x1536.png 1229w, https:\/\/hiwinvietnam.vn\/wp-content\/uploads\/2024\/01\/5-4-1638x2048.png 1638w, https:\/\/hiwinvietnam.vn\/wp-content\/uploads\/2024\/01\/5-4-300x375.png 300w, https:\/\/hiwinvietnam.vn\/wp-content\/uploads\/2024\/01\/5-4-600x750.png 600w\" sizes=\"auto, (max-width: 2400px) 100vw, 2400px\" \/><\/span><\/p>\n<p style=\"text-align: center;\"><span style=\"font-family: 'times new roman', times, serif; font-size: 14pt;\"><em>Plate drying breaking fog mirror Lavabo smart<\/em><\/span><\/p>\n<p style=\"text-align: justify;\"><span style=\"font-family: 'times new roman', times, serif; font-size: 14pt;\">Plate drying 300x400mm fit with the oval design of the mirror Lavabo smart Hiwin help customers peace of mind about the safety of the product. Plate drying standards of the European union of security for electronic equipment, at the same time are water resistant and anti-dust from entering the well. <\/span><\/p>\n<p style=\"text-align: justify;\"><span style=\"font-family: 'times new roman', times, serif; font-size: 14pt;\">Device use alternating voltage from AC 220V to 240V AC, the frequency range 50\/60Hz, room temperature 10-20 degrees C.<\/span><\/p>\n<h2 style=\"text-align: justify;\"><span style=\"font-family: 'times new roman', times, serif; font-size: 14pt;\"><b>The quality of the workpiece mirror smart Hiwin M-E6080LD-H sustainable<\/b><\/span><\/h2>\n<p style=\"text-align: justify;\"><span style=\"font-weight: 400; font-family: 'times new roman', times, serif; font-size: 14pt;\">Thanks to the use of casts mirror Belgium AGC imported silver-coated multi-layer has a thickness of 5mm, mirror Lavabo smart M-E6080LD-H ensure the ability to reflect sharp imagery and anti-broken, good, bringing peace of mind when in use.<\/span><\/p>\n<p><span style=\"font-family: 'times new roman', times, serif; font-size: 14pt;\"><img loading=\"lazy\" decoding=\"async\" class=\"aligncenter size-full wp-image-18210\" src=\"https:\/\/hiwinvietnam.vn\/wp-content\/uploads\/2024\/01\/8-2.png\" alt=\"\" width=\"3000\" height=\"3000\" srcset=\"https:\/\/hiwinvietnam.vn\/wp-content\/uploads\/2024\/01\/8-2.png 2560w, https:\/\/hiwinvietnam.vn\/wp-content\/uploads\/2024\/01\/8-2-300x300.png 300w, https:\/\/hiwinvietnam.vn\/wp-content\/uploads\/2024\/01\/8-2-1024x1024.png 1024w, https:\/\/hiwinvietnam.vn\/wp-content\/uploads\/2024\/01\/8-2-150x150.png 150w, https:\/\/hiwinvietnam.vn\/wp-content\/uploads\/2024\/01\/8-2-768x768.png 768w, https:\/\/hiwinvietnam.vn\/wp-content\/uploads\/2024\/01\/8-2-1536x1536.png 1536w, https:\/\/hiwinvietnam.vn\/wp-content\/uploads\/2024\/01\/8-2-2048x2048.png 2048w, https:\/\/hiwinvietnam.vn\/wp-content\/uploads\/2024\/01\/8-2-20x20.png 20w, https:\/\/hiwinvietnam.vn\/wp-content\/uploads\/2024\/01\/8-2-600x600.png 600w, https:\/\/hiwinvietnam.vn\/wp-content\/uploads\/2024\/01\/8-2-100x100.png 100w\" sizes=\"auto, (max-width: 3000px) 100vw, 3000px\" \/><\/span><\/p>\n<h2 style=\"text-align: justify;\"><span style=\"font-family: 'times new roman', times, serif; font-size: 14pt;\"><b>Durability mirror Lavabo smart Hiwin M-E6080LD-H superior<\/b><\/span><\/h2>\n<p style=\"text-align: justify;\"><span style=\"font-weight: 400; font-family: 'times new roman', times, serif; font-size: 14pt;\">Mirror Lavabo smart Hiwin not use traditional methods (grinding by hand) that the angled mirror is fully processed by the machine to deliver the best performance, from which M-E6080LD-H make up aesthetic value and durability to the finished product.<\/span><\/p>\n<p><span style=\"font-family: 'times new roman', times, serif; font-size: 14pt;\"><img loading=\"lazy\" decoding=\"async\" class=\"aligncenter wp-image-14782 size-full\" src=\"https:\/\/hiwinvietnam.vn\/wp-content\/uploads\/2024\/01\/guong-lavabo-thong-minh-hiwin-m-6080e-9.jpg\" alt=\"G\u00f3c c\u1ea1nh g\u01b0\u01a1ng Lavabo th\u00f4ng minh Hiwin M-6080E\" width=\"1080\" height=\"499\" srcset=\"https:\/\/hiwinvietnam.vn\/wp-content\/uploads\/2024\/01\/guong-lavabo-thong-minh-hiwin-m-6080e-9.jpg 1080w, https:\/\/hiwinvietnam.vn\/wp-content\/uploads\/2024\/01\/guong-lavabo-thong-minh-hiwin-m-6080e-9-300x139.jpg 300w, https:\/\/hiwinvietnam.vn\/wp-content\/uploads\/2024\/01\/guong-lavabo-thong-minh-hiwin-m-6080e-9-1024x473.jpg 1024w, https:\/\/hiwinvietnam.vn\/wp-content\/uploads\/2024\/01\/guong-lavabo-thong-minh-hiwin-m-6080e-9-768x355.jpg 768w, https:\/\/hiwinvietnam.vn\/wp-content\/uploads\/2024\/01\/guong-lavabo-thong-minh-hiwin-m-6080e-9-600x277.jpg 600w\" sizes=\"auto, (max-width: 1080px) 100vw, 1080px\" \/><\/span><\/p>\n<p style=\"text-align: center;\"><span style=\"font-size: 14pt; font-family: 'times new roman', times, serif;\"><em>Angled mirror Lavabo smart Hiwin M-E6080LD-H<\/em><\/span><\/p>\n<h2 style=\"text-align: justify;\"><span style=\"font-family: 'times new roman', times, serif; font-size: 14pt;\"><b>The system light on the mirror Lavabo smart Hiwin M-E6080LD-H vivid<\/b><\/span><\/h2>\n<p style=\"text-align: justify;\"><span style=\"font-weight: 400; font-family: 'times new roman', times, serif; font-size: 14pt;\">Vertical edging mirrors, Hiwin retrofit led system helps to increase beauty to mirror Lavabo smart. Touch buttons on the surface <a href=\"https:\/\/youtube.com\/shorts\/-d6MUhnFObI\" target=\"_blank\" rel=\"noopener\">mirror M-E6080LD-H<\/a> gi\u00fap ng\u01b0\u1eddi d\u00f9ng thao t\u00e1c chuy\u1ec3n \u0111\u1ed5i m\u00e0u s\u1eafc \u0111\u00e8n theo th\u1ee9 t\u1ef1: tr\u1eafng &#8211; trung t\u00ednh &#8211; v\u00e0ng.<\/span><\/p>\n<p><span style=\"font-family: 'times new roman', times, serif; font-size: 14pt;\"><img loading=\"lazy\" decoding=\"async\" class=\"aligncenter wp-image-18204 size-full\" src=\"https:\/\/hiwinvietnam.vn\/wp-content\/uploads\/2024\/01\/2-4.png\" alt=\"\" width=\"2400\" height=\"2400\" srcset=\"https:\/\/hiwinvietnam.vn\/wp-content\/uploads\/2024\/01\/2-4.png 2400w, https:\/\/hiwinvietnam.vn\/wp-content\/uploads\/2024\/01\/2-4-300x300.png 300w, https:\/\/hiwinvietnam.vn\/wp-content\/uploads\/2024\/01\/2-4-1024x1024.png 1024w, https:\/\/hiwinvietnam.vn\/wp-content\/uploads\/2024\/01\/2-4-150x150.png 150w, https:\/\/hiwinvietnam.vn\/wp-content\/uploads\/2024\/01\/2-4-768x768.png 768w, https:\/\/hiwinvietnam.vn\/wp-content\/uploads\/2024\/01\/2-4-1536x1536.png 1536w, https:\/\/hiwinvietnam.vn\/wp-content\/uploads\/2024\/01\/2-4-2048x2048.png 2048w, https:\/\/hiwinvietnam.vn\/wp-content\/uploads\/2024\/01\/2-4-20x20.png 20w, https:\/\/hiwinvietnam.vn\/wp-content\/uploads\/2024\/01\/2-4-600x600.png 600w, https:\/\/hiwinvietnam.vn\/wp-content\/uploads\/2024\/01\/2-4-100x100.png 100w\" sizes=\"auto, (max-width: 2400px) 100vw, 2400px\" \/><\/span><\/p>\n<p style=\"text-align: center;\"><span style=\"font-size: 14pt; font-family: 'times new roman', times, serif;\"><em>The mode lights of Hiwin M-E6080LD-H<\/em><\/span><\/p>\n<p style=\"text-align: justify;\"><span style=\"font-family: 'times new roman', times, serif; font-size: 14pt;\">Led lights use voltage DC 12V with three color temperature: Yellow (3000K), White (6500K), neutral (4500K). Color temperature of the lamp in accordance with the different space, from which can affect the feeling, mood, emotions of the user.\u00a0<\/span><\/p>\n<p>&nbsp;<\/p>\n<p style=\"text-align: justify;\"><span style=\"font-family: 'times new roman', times, serif; font-size: 14pt;\">Yellow light (3000K) color, light red, orange and yellow matching cozy space, creating a pleasant for users. This is the color temperature match with the space cozy, close, create, beauty, luxury, classic.<\/span><\/p>\n<p><span style=\"font-family: 'times new roman', times, serif; font-size: 14pt;\"><img loading=\"lazy\" decoding=\"async\" class=\"aligncenter wp-image-15262 size-full\" src=\"https:\/\/hiwinvietnam.vn\/wp-content\/uploads\/2024\/01\/Guong-Lavabo-thong-minh-Hiwin-M-E6080LD-H-3-1.jpg\" alt=\"G\u01b0\u01a1ng Lavabo th\u00f4ng minh Hiwin M-E6080LD-H m\u00e0u v\u00e0ng\" width=\"1000\" height=\"1000\" srcset=\"https:\/\/hiwinvietnam.vn\/wp-content\/uploads\/2024\/01\/Guong-Lavabo-thong-minh-Hiwin-M-E6080LD-H-3-1.jpg 1000w, https:\/\/hiwinvietnam.vn\/wp-content\/uploads\/2024\/01\/Guong-Lavabo-thong-minh-Hiwin-M-E6080LD-H-3-1-300x300.jpg 300w, https:\/\/hiwinvietnam.vn\/wp-content\/uploads\/2024\/01\/Guong-Lavabo-thong-minh-Hiwin-M-E6080LD-H-3-1-150x150.jpg 150w, https:\/\/hiwinvietnam.vn\/wp-content\/uploads\/2024\/01\/Guong-Lavabo-thong-minh-Hiwin-M-E6080LD-H-3-1-768x768.jpg 768w, https:\/\/hiwinvietnam.vn\/wp-content\/uploads\/2024\/01\/Guong-Lavabo-thong-minh-Hiwin-M-E6080LD-H-3-1-20x20.jpg 20w, https:\/\/hiwinvietnam.vn\/wp-content\/uploads\/2024\/01\/Guong-Lavabo-thong-minh-Hiwin-M-E6080LD-H-3-1-600x600.jpg 600w, https:\/\/hiwinvietnam.vn\/wp-content\/uploads\/2024\/01\/Guong-Lavabo-thong-minh-Hiwin-M-E6080LD-H-3-1-100x100.jpg 100w\" sizes=\"auto, (max-width: 1000px) 100vw, 1000px\" \/><\/span><\/p>\n<p style=\"text-align: center;\"><span style=\"font-size: 14pt; font-family: 'times new roman', times, serif;\"><em>Mirror Lavabo Hiwin M-E6080LD-H light gold<\/em><\/span><\/p>\n<p style=\"text-align: justify;\"><span style=\"font-family: 'times new roman', times, serif; font-size: 14pt;\">Neutral light (4500K) close to natural light, so soothing to the eye, in accordance with the different space of the bathroom. In particular, the bathroom, use a cool colour palette such as white, grey, black, green, and blue are matching light neutral.<\/span><\/p>\n<p><span style=\"font-family: 'times new roman', times, serif; font-size: 14pt;\"><img loading=\"lazy\" decoding=\"async\" class=\"aligncenter wp-image-15263 size-full\" src=\"https:\/\/hiwinvietnam.vn\/wp-content\/uploads\/2024\/01\/Guong-Lavabo-thong-minh-Hiwin-M-E6080LD-H-4.jpg\" alt=\"G\u01b0\u01a1ng Lavabo th\u00f4ng minh Hiwin M-E6080LD-H m\u00e0u trung t\u00ednh\" width=\"1000\" height=\"1000\" srcset=\"https:\/\/hiwinvietnam.vn\/wp-content\/uploads\/2024\/01\/Guong-Lavabo-thong-minh-Hiwin-M-E6080LD-H-4.jpg 1000w, https:\/\/hiwinvietnam.vn\/wp-content\/uploads\/2024\/01\/Guong-Lavabo-thong-minh-Hiwin-M-E6080LD-H-4-300x300.jpg 300w, https:\/\/hiwinvietnam.vn\/wp-content\/uploads\/2024\/01\/Guong-Lavabo-thong-minh-Hiwin-M-E6080LD-H-4-150x150.jpg 150w, https:\/\/hiwinvietnam.vn\/wp-content\/uploads\/2024\/01\/Guong-Lavabo-thong-minh-Hiwin-M-E6080LD-H-4-768x768.jpg 768w, https:\/\/hiwinvietnam.vn\/wp-content\/uploads\/2024\/01\/Guong-Lavabo-thong-minh-Hiwin-M-E6080LD-H-4-20x20.jpg 20w, https:\/\/hiwinvietnam.vn\/wp-content\/uploads\/2024\/01\/Guong-Lavabo-thong-minh-Hiwin-M-E6080LD-H-4-600x600.jpg 600w, https:\/\/hiwinvietnam.vn\/wp-content\/uploads\/2024\/01\/Guong-Lavabo-thong-minh-Hiwin-M-E6080LD-H-4-100x100.jpg 100w\" sizes=\"auto, (max-width: 1000px) 100vw, 1000px\" \/><\/span><\/p>\n<p style=\"text-align: center;\"><span style=\"font-size: 14pt; font-family: 'times new roman', times, serif;\"><em>Mirror Lavabo Hiwin M-E6080LD-H light neutral<\/em><\/span><\/p>\n<p style=\"text-align: justify;\"><span style=\"font-family: 'times new roman', times, serif; font-size: 14pt;\">White light (6500K) is the strongest light, crisp body, thought-provoking and enhance alertness. Led color temperature 6500K helps users to observe, test, or clarify when to use.\u00a0<\/span><\/p>\n<p><span style=\"font-family: 'times new roman', times, serif; font-size: 14pt;\"><img loading=\"lazy\" decoding=\"async\" class=\"aligncenter wp-image-15260 size-full\" src=\"https:\/\/hiwinvietnam.vn\/wp-content\/uploads\/2024\/01\/Guong-Lavabo-thong-minh-Hiwin-M-E6080LD-H-1-2.jpg\" alt=\"G\u01b0\u01a1ng Lavabo th\u00f4ng minh Hiwin M-E6080LD-H m\u00e0u tr\u1eafng\" width=\"1000\" height=\"1000\" srcset=\"https:\/\/hiwinvietnam.vn\/wp-content\/uploads\/2024\/01\/Guong-Lavabo-thong-minh-Hiwin-M-E6080LD-H-1-2.jpg 1000w, https:\/\/hiwinvietnam.vn\/wp-content\/uploads\/2024\/01\/Guong-Lavabo-thong-minh-Hiwin-M-E6080LD-H-1-2-300x300.jpg 300w, https:\/\/hiwinvietnam.vn\/wp-content\/uploads\/2024\/01\/Guong-Lavabo-thong-minh-Hiwin-M-E6080LD-H-1-2-150x150.jpg 150w, https:\/\/hiwinvietnam.vn\/wp-content\/uploads\/2024\/01\/Guong-Lavabo-thong-minh-Hiwin-M-E6080LD-H-1-2-768x768.jpg 768w, https:\/\/hiwinvietnam.vn\/wp-content\/uploads\/2024\/01\/Guong-Lavabo-thong-minh-Hiwin-M-E6080LD-H-1-2-20x20.jpg 20w, https:\/\/hiwinvietnam.vn\/wp-content\/uploads\/2024\/01\/Guong-Lavabo-thong-minh-Hiwin-M-E6080LD-H-1-2-600x600.jpg 600w, https:\/\/hiwinvietnam.vn\/wp-content\/uploads\/2024\/01\/Guong-Lavabo-thong-minh-Hiwin-M-E6080LD-H-1-2-100x100.jpg 100w\" sizes=\"auto, (max-width: 1000px) 100vw, 1000px\" \/><\/span><\/p>\n<p style=\"text-align: center;\"><span style=\"font-size: 14pt; font-family: 'times new roman', times, serif;\"><em>Mirror Lavabo Hiwin M-E6080LD-H white light<\/em><\/span><\/p>\n<p style=\"text-align: justify;\"><span style=\"font-family: 'times new roman', times, serif; font-size: 14pt;\">When used, the user can manipulate increase\/ decrease light intensity and heat transfer coloring through taps, press\/ hold the touch button.<\/span><\/p>\n<p class=\"\" data-start=\"120\" data-end=\"205\"><span style=\"font-family: 'times new roman', times, serif; font-size: 14pt;\"><strong data-start=\"120\" data-end=\"205\">LED string lights, waterproof standard IP44 \u2013 Safe and durable in humid environments<\/strong><\/span><\/p>\n<p class=\"\" data-start=\"207\" data-end=\"711\"><span style=\"font-family: 'times new roman', times, serif; font-size: 14pt;\">Smart mirror Hiwin M-E6080LD-H is equipped with wiring, LED standard waterproof IP44, ensuring the possibility of stable operation and safety in conditions of high humidity such as bathrooms. Standard IP44 shown the ability to defend well before the entry of dust and water splashes from all directions, helping to minimize the risk of short circuit, electric leakage or malfunctioning components. Thanks to that, users can complete peace of mind when using the products in long time, including in the environment are often exposed to water and moisture.<\/span><\/p>\n<p data-start=\"207\" data-end=\"711\"><span style=\"font-family: 'times new roman', times, serif; font-size: 14pt;\"><img loading=\"lazy\" decoding=\"async\" class=\"aligncenter size-full wp-image-18206\" src=\"https:\/\/hiwinvietnam.vn\/wp-content\/uploads\/2024\/01\/4-4.png\" alt=\"\" width=\"2048\" height=\"2560\" srcset=\"https:\/\/hiwinvietnam.vn\/wp-content\/uploads\/2024\/01\/4-4.png 2048w, https:\/\/hiwinvietnam.vn\/wp-content\/uploads\/2024\/01\/4-4-240x300.png 240w, https:\/\/hiwinvietnam.vn\/wp-content\/uploads\/2024\/01\/4-4-819x1024.png 819w, https:\/\/hiwinvietnam.vn\/wp-content\/uploads\/2024\/01\/4-4-768x960.png 768w, https:\/\/hiwinvietnam.vn\/wp-content\/uploads\/2024\/01\/4-4-1229x1536.png 1229w, https:\/\/hiwinvietnam.vn\/wp-content\/uploads\/2024\/01\/4-4-1638x2048.png 1638w, https:\/\/hiwinvietnam.vn\/wp-content\/uploads\/2024\/01\/4-4-300x375.png 300w, https:\/\/hiwinvietnam.vn\/wp-content\/uploads\/2024\/01\/4-4-600x750.png 600w\" sizes=\"auto, (max-width: 2048px) 100vw, 2048px\" \/><\/span><\/p>\n<h2 style=\"text-align: justify;\"><span style=\"font-family: 'times new roman', times, serif; font-size: 14pt;\"><b>Equipped with touch button smart mirror Hiwin M-E6080LD-H flexible<\/b><\/span><\/h2>\n<p style=\"text-align: justify;\"><span style=\"font-weight: 400; font-family: 'times new roman', times, serif; font-size: 14pt;\">Touch button of the M-E6080LD-H featured on the mirror surface smart. With two buttons, the user can manipulate to control the mirror as follows:\u00a0<\/span><\/p>\n<ul style=\"text-align: justify;\">\n<li style=\"font-weight: 400;\"><span style=\"font-weight: 400; font-family: 'times new roman', times, serif; font-size: 14pt;\">Press and hold on button \u201cHiwin\u201d to turn on\/off the product.\u00a0<\/span><\/li>\n<li style=\"font-weight: 400;\"><span style=\"font-weight: 400; font-family: 'times new roman', times, serif; font-size: 14pt;\">Nh\u1ea5n n\u00fat \u201cHiwin\u201d \u0111\u1ec3 \u0111\u1ed5i m\u00e0u \u0111\u00e8n: tr\u1eafng &#8211; trung t\u00ednh &#8211; v\u00e0ng.<\/span><\/li>\n<li style=\"font-weight: 400;\"><span style=\"font-weight: 400; font-family: 'times new roman', times, serif; font-size: 14pt;\">Press the button \u201cdrying\u201d to drying\/breaking dew. Features drying\/ breaking dew usually effective in about 10 seconds after pressing the button.<\/span><\/li>\n<\/ul>\n<p><span style=\"font-family: 'times new roman', times, serif; font-size: 14pt;\"><img loading=\"lazy\" decoding=\"async\" class=\"aligncenter size-full wp-image-18205\" src=\"https:\/\/hiwinvietnam.vn\/wp-content\/uploads\/2024\/01\/3-3.png\" alt=\"\" width=\"2400\" height=\"2400\" srcset=\"https:\/\/hiwinvietnam.vn\/wp-content\/uploads\/2024\/01\/3-3.png 2400w, https:\/\/hiwinvietnam.vn\/wp-content\/uploads\/2024\/01\/3-3-300x300.png 300w, https:\/\/hiwinvietnam.vn\/wp-content\/uploads\/2024\/01\/3-3-1024x1024.png 1024w, https:\/\/hiwinvietnam.vn\/wp-content\/uploads\/2024\/01\/3-3-150x150.png 150w, https:\/\/hiwinvietnam.vn\/wp-content\/uploads\/2024\/01\/3-3-768x768.png 768w, https:\/\/hiwinvietnam.vn\/wp-content\/uploads\/2024\/01\/3-3-1536x1536.png 1536w, https:\/\/hiwinvietnam.vn\/wp-content\/uploads\/2024\/01\/3-3-2048x2048.png 2048w, https:\/\/hiwinvietnam.vn\/wp-content\/uploads\/2024\/01\/3-3-20x20.png 20w, https:\/\/hiwinvietnam.vn\/wp-content\/uploads\/2024\/01\/3-3-600x600.png 600w, https:\/\/hiwinvietnam.vn\/wp-content\/uploads\/2024\/01\/3-3-100x100.png 100w\" sizes=\"auto, (max-width: 2400px) 100vw, 2400px\" \/><\/span><\/p>\n<p style=\"text-align: center;\"><span style=\"font-size: 14pt; font-family: 'times new roman', times, serif;\"><em>Two touch button of mirror Lavabo smart Hiwin M-E6080LD-H<\/em><\/span><\/p>\n<p style=\"text-align: justify;\"><span style=\"font-family: 'times new roman', times, serif; font-size: 14pt;\">The touch SJ-002 of Hiwin standard SELV voltage ultra-low-separate safety certification, exported to Europe. Product uses the input&#039;s dc power source DC 12V or DC 24V, output is dc power source DC 9V and DC 24V working temperature is 25-35 degrees C.\u00a0 <\/span><\/p>\n<h2 style=\"text-align: justify;\"><span style=\"font-family: 'times new roman', times, serif; font-size: 14pt;\"><b>Mirror led smart M-E6080LD-H using source<\/b> Oustcn<b> anti-water, anti-shock<\/b><\/span><\/h2>\n<p style=\"text-align: justify;\"><span style=\"font-weight: 400; font-family: 'times new roman', times, serif; font-size: 14pt;\">Other than the products, smart mirror on the market, Hiwin not framed rear view mirrors in order to increase the ability to escape the heat and longevity of components. To ensure the ability to prevent water, Hiwin use source mirror smart M-E6080LD-H line is water-resistant, highest, anti-shock.\u00a0<\/span><\/p>\n<p style=\"text-align: justify;\"><span style=\"font-family: 'times new roman', times, serif; font-size: 14pt;\">Source water-resistant SYD-6012-2C1 use voltage AC 100V-250V, 0.5 A; output is voltage DC 12V, 3A.<\/span><\/p>\n<p style=\"text-align: justify;\"><span style=\"font-family: 'times new roman', times, serif; font-size: 14pt;\">Mains water resistant to IP67, so that products can be protected at a depth of 1m in a period of 30 minutes when exposed to water. Source SYD-6012-2C1 meet CE standard and ROHS standard brings peace of mind for the user.<\/span><\/p>\n<p><span style=\"font-family: 'times new roman', times, serif; font-size: 14pt;\"><img loading=\"lazy\" decoding=\"async\" class=\"aligncenter wp-image-18209 size-full\" src=\"https:\/\/hiwinvietnam.vn\/wp-content\/uploads\/2024\/01\/7-3.png\" alt=\"\" width=\"2400\" height=\"2400\" srcset=\"https:\/\/hiwinvietnam.vn\/wp-content\/uploads\/2024\/01\/7-3.png 2400w, https:\/\/hiwinvietnam.vn\/wp-content\/uploads\/2024\/01\/7-3-300x300.png 300w, https:\/\/hiwinvietnam.vn\/wp-content\/uploads\/2024\/01\/7-3-1024x1024.png 1024w, https:\/\/hiwinvietnam.vn\/wp-content\/uploads\/2024\/01\/7-3-150x150.png 150w, https:\/\/hiwinvietnam.vn\/wp-content\/uploads\/2024\/01\/7-3-768x768.png 768w, https:\/\/hiwinvietnam.vn\/wp-content\/uploads\/2024\/01\/7-3-1536x1536.png 1536w, https:\/\/hiwinvietnam.vn\/wp-content\/uploads\/2024\/01\/7-3-2048x2048.png 2048w, https:\/\/hiwinvietnam.vn\/wp-content\/uploads\/2024\/01\/7-3-20x20.png 20w, https:\/\/hiwinvietnam.vn\/wp-content\/uploads\/2024\/01\/7-3-600x600.png 600w, https:\/\/hiwinvietnam.vn\/wp-content\/uploads\/2024\/01\/7-3-100x100.png 100w\" sizes=\"auto, (max-width: 2400px) 100vw, 2400px\" \/><\/span><\/p>\n<h2 style=\"text-align: justify;\"><span style=\"font-family: 'times new roman', times, serif; font-size: 14pt;\"><b>Installation position the mirror Lavabo smart Hiwin M-E6080LD-H<\/b><\/span><\/h2>\n<p style=\"text-align: justify;\"><span style=\"font-weight: 400; font-family: 'times new roman', times, serif; font-size: 14pt;\">Led system of led mirror smart Hiwin can operate in the environment with high humidity. Therefore, led mirror Hiwin M-E6080LD-H of Hiwin are often installed in the bathroom of the household, condominiums,...<\/span><\/p>\n<p><span style=\"font-family: 'times new roman', times, serif; font-size: 14pt;\">&gt;&gt;&gt; See more: <strong><span style=\"color: #0000ff;\"><a style=\"color: #0000ff;\" href=\"https:\/\/hiwinvietnam.vn\/en\/guong-lavabo-thong-minh-hiwin-m-r6080ld-h\/\">Mirror Lavabo smart Hiwin M-R6080LD-H<\/a><\/span><\/strong><\/span><\/p>","protected":false},"excerpt":{"rendered":"<p>Mirror Lavabo smart is becoming a sanitary popularity of many households. Based on the demand of consumers, Hiwin product launches, mirror Lavabo smart Hiwin M-E6080LD-H with many advantages in terms of design and uses.<\/p>","protected":false},"featured_media":15260,"comment_status":"open","ping_status":"closed","template":"","meta":{"_acf_changed":false},"product_brand":[],"product_cat":[809,810],"product_tag":[],"class_list":{"0":"post-14692","1":"product","2":"type-product","3":"status-publish","4":"has-post-thumbnail","6":"product_cat-guong-lavabo","7":"product_cat-guong-lavabo-thong-minh","9":"first","10":"instock","11":"sale","12":"shipping-taxable","13":"purchasable","14":"product-type-simple"},"acf":[],"_links":{"self":[{"href":"https:\/\/hiwinvietnam.vn\/en\/wp-json\/wp\/v2\/product\/14692","targetHints":{"allow":["GET"]}}],"collection":[{"href":"https:\/\/hiwinvietnam.vn\/en\/wp-json\/wp\/v2\/product"}],"about":[{"href":"https:\/\/hiwinvietnam.vn\/en\/wp-json\/wp\/v2\/types\/product"}],"replies":[{"embeddable":true,"href":"https:\/\/hiwinvietnam.vn\/en\/wp-json\/wp\/v2\/comments?post=14692"}],"wp:featuredmedia":[{"embeddable":true,"href":"https:\/\/hiwinvietnam.vn\/en\/wp-json\/wp\/v2\/media\/15260"}],"wp:attachment":[{"href":"https:\/\/hiwinvietnam.vn\/en\/wp-json\/wp\/v2\/media?parent=14692"}],"wp:term":[{"taxonomy":"product_brand","embeddable":true,"href":"https:\/\/hiwinvietnam.vn\/en\/wp-json\/wp\/v2\/product_brand?post=14692"},{"taxonomy":"product_cat","embeddable":true,"href":"https:\/\/hiwinvietnam.vn\/en\/wp-json\/wp\/v2\/product_cat?post=14692"},{"taxonomy":"product_tag","embeddable":true,"href":"https:\/\/hiwinvietnam.vn\/en\/wp-json\/wp\/v2\/product_tag?post=14692"}],"curies":[{"name":"wp","href":"https:\/\/api.w.org\/{rel}","templated":true}]}}