{"id":14061,"date":"2023-11-23T13:40:58","date_gmt":"2023-11-23T06:40:58","guid":{"rendered":"https:\/\/hiwinvietnam.vn\/?post_type=product&#038;p=14061"},"modified":"2026-04-29T08:41:58","modified_gmt":"2026-04-29T01:41:58","slug":"ga-thoat-san-hiwin-fd-1952","status":"publish","type":"product","link":"https:\/\/hiwinvietnam.vn\/ga-thoat-san-hiwin-fd-1952\/","title":{"rendered":"Ga tho\u00e1t s\u00e0n HIWIN FD-1952 ng\u00f5ng tr\u1ecdng l\u1ef1c tho\u00e1t n\u01b0\u1edbc nhanh"},"content":{"rendered":"<p style=\"text-align: justify;\"><span style=\"font-family: 'times new roman', times, serif; font-size: 14pt;\">Ga tho\u00e1t s\u00e0n l\u00e0 s\u1ea3n ph\u1ea9m quen thu\u1ed9c gi\u00fap n\u00e2ng cao ch\u1ea5t l\u01b0\u1ee3ng cu\u1ed9c s\u1ed1ng c\u1ee7a con ng\u01b0\u1eddi. Do \u0111\u00f3, Hiwin \u0111\u00e3 ra m\u1eaft s\u1ea3n ph\u1ea9m ga tho\u00e1t s\u00e0n HIWIN FD-1952 v\u1edbi nhi\u1ec1u \u01b0u \u0111i\u1ec3m v\u01b0\u1ee3t tr\u1ed9i, h\u1ee9a h\u1eb9n s\u1ebd \u0111\u00e1p \u1ee9ng nhu c\u1ea7u v\u00e0 th\u1ecb hi\u1ebfu c\u1ee7a ng\u01b0\u1eddi ti\u00eau d\u00f9ng Vi\u1ec7t Nam.<\/span><\/p>\n<p><iframe loading=\"lazy\" title=\"YouTube video player\" src=\"\/\/www.youtube.com\/embed\/QcCc7rrS7Pg?si=BJOvQp_39L6RHEkX\" width=\"1024\" height=\"574\" frameborder=\"0\" allowfullscreen=\"allowfullscreen\"><\/iframe><\/p>\n<h2 style=\"text-align: justify;\"><span style=\"font-family: 'times new roman', times, serif; font-size: 14pt;\"><strong>\u0110\u1eb7c \u0111i\u1ec3m c\u1ea5u t\u1ea1o c\u1ee7a ga tho\u00e1t s\u00e0n HIWIN FD-1952<\/strong><\/span><\/h2>\n<p style=\"text-align: justify;\"><span style=\"font-family: 'times new roman', times, serif; font-size: 14pt;\"><strong><span style=\"color: #3366ff;\"><a style=\"color: #3366ff;\" href=\"https:\/\/hiwinvietnam.vn\/pheu-ga-thoat-san\/\">Ga tho\u00e1t s\u00e0n<\/a><\/span><\/strong> n\u00e0y bao g\u1ed3m n\u1eafp tho\u00e1t s\u00e0n, th\u00e2n tho\u00e1t s\u00e0n, ng\u00f5ng tr\u1ecdng l\u1ef1c, l\u01b0\u1edbi l\u1ecdc r\u00e1c<\/span><\/p>\n<p style=\"text-align: justify;\"><span style=\"font-family: 'times new roman', times, serif; font-size: 14pt;\">V\u1ec1 ch\u1ea5t li\u1ec7u, s\u1ea3n ph\u1ea9m \u0111\u01b0\u1ee3c ch\u1ebf t\u00e1c t\u1eeb \u0111\u1ed3ng m\u1ea1 crom. Ch\u1ea5t li\u1ec7u cao c\u1ea5p gi\u00fap tho\u00e1t s\u00e0n c\u00f3 kh\u1ea3 n\u0103ng ch\u1ecbu l\u1ef1c t\u1ed1t, b\u1ec1n b\u1ec9 theo th\u1eddi gian s\u1eed d\u1ee5ng, \u0111\u1ed3ng th\u1eddi \u0111em \u0111\u1ebfn hi\u1ec7u qu\u1ea3 s\u00e1ng b\u00f3ng trong qu\u00e1 tr\u00ecnh s\u1eed d\u1ee5ng c\u1ee7a kh\u00e1ch h\u00e0ng. L\u01b0\u1edbi l\u1ecdc r\u00e1c ph\u00eda d\u01b0\u1edbi v\u00e0 ng\u00f5ng tho\u00e1t n\u01b0\u1edbc \u0111\u01b0\u1ee3c l\u00e0m t\u1eeb nh\u1ef1a ABS cao c\u1ea5p, ch\u1ecbu va \u0111\u1eadp t\u1ed1t, ch\u1ecbu m\u00e0i m\u00f2n, kh\u00f4ng b\u1ecb \u1ed1 v\u00e0ng. S\u1ea3n ph\u1ea9m \u0111\u01b0\u1ee3c Hiwin b\u1ea3o h\u00e0nh trong th\u1eddi gian 2 n\u0103m n\u00ean Kh\u00e1ch h\u00e0ng c\u00f3 th\u1ec3 y\u00ean t\u00e2m khi mua v\u00e0 s\u1eed d\u1ee5ng.<\/span><\/p>\n<p><span style=\"font-family: 'times new roman', times, serif; font-size: 14pt;\"><img loading=\"lazy\" decoding=\"async\" class=\"aligncenter wp-image-14067 size-full\" src=\"https:\/\/hiwinvietnam.vn\/wp-content\/uploads\/2023\/11\/Ga-thoat-san-fd-1952-6.jpg\" alt=\"Ga tho\u00e1t s\u00e0n HIWIN FD-1952 m\u1ea1 crom b\u1ec1n b\u1ec9\" width=\"1416\" height=\"1596\" srcset=\"https:\/\/hiwinvietnam.vn\/wp-content\/uploads\/2023\/11\/Ga-thoat-san-fd-1952-6.jpg 1416w, https:\/\/hiwinvietnam.vn\/wp-content\/uploads\/2023\/11\/Ga-thoat-san-fd-1952-6-266x300.jpg 266w, https:\/\/hiwinvietnam.vn\/wp-content\/uploads\/2023\/11\/Ga-thoat-san-fd-1952-6-909x1024.jpg 909w, https:\/\/hiwinvietnam.vn\/wp-content\/uploads\/2023\/11\/Ga-thoat-san-fd-1952-6-768x866.jpg 768w, https:\/\/hiwinvietnam.vn\/wp-content\/uploads\/2023\/11\/Ga-thoat-san-fd-1952-6-1363x1536.jpg 1363w, https:\/\/hiwinvietnam.vn\/wp-content\/uploads\/2023\/11\/Ga-thoat-san-fd-1952-6-300x338.jpg 300w, https:\/\/hiwinvietnam.vn\/wp-content\/uploads\/2023\/11\/Ga-thoat-san-fd-1952-6-600x676.jpg 600w\" sizes=\"auto, (max-width: 1416px) 100vw, 1416px\" \/><\/span><\/p>\n<p style=\"text-align: justify;\"><span style=\"font-family: 'times new roman', times, serif; font-size: 14pt;\">B\u1ec1 m\u1eb7t s\u1ea3n ph\u1ea9m \u0111\u01b0\u1ee3c m\u1ea1 Crom, Niken cao c\u1ea5p, v\u1edbi \u0111\u1ed9 d\u00e0y l\u1edbp m\u1ea1 l\u1edbn h\u01a1n 8 micromet, h\u01a1n r\u1ea5t nhi\u1ec1u so v\u1edbi c\u00e1c s\u1ea3n ph\u1ea9m th\u1ea5p c\u1ea5p ch\u1ec9 kho\u1ea3ng 4-5 micromet. B\u1ec1 m\u1eb7t s\u1ea3n ph\u1ea9m \u0111\u01b0\u1ee3c Hiwin gia c\u00f4ng t\u1ec9 m\u1ec9 nh\u1eb1m \u0111em \u0111\u1ebfn hi\u1ec7u qu\u1ea3 th\u1ea9m m\u1ef9 t\u1ed1t nh\u1ea5t, \u0111\u1ed3ng th\u1eddi gi\u00fap ng\u01b0\u1eddi d\u00f9ng d\u1ec5 lau ch\u00f9i, c\u1ecd r\u1eeda.<\/span><\/p>\n<p><span style=\"font-family: 'times new roman', times, serif; font-size: 14pt;\"><img loading=\"lazy\" decoding=\"async\" class=\"aligncenter wp-image-14068 size-full\" src=\"https:\/\/hiwinvietnam.vn\/wp-content\/uploads\/2023\/11\/Ga-thoat-san-fd-1952-7.jpg\" alt=\"Ga tho\u00e1t s\u00e0n HIWIN FD-1952 x\u1eed l\u00fd b\u1ec1 m\u1eb7t tinh t\u1ebf\" width=\"1416\" height=\"1392\" srcset=\"https:\/\/hiwinvietnam.vn\/wp-content\/uploads\/2023\/11\/Ga-thoat-san-fd-1952-7.jpg 1416w, https:\/\/hiwinvietnam.vn\/wp-content\/uploads\/2023\/11\/Ga-thoat-san-fd-1952-7-300x295.jpg 300w, https:\/\/hiwinvietnam.vn\/wp-content\/uploads\/2023\/11\/Ga-thoat-san-fd-1952-7-1024x1007.jpg 1024w, https:\/\/hiwinvietnam.vn\/wp-content\/uploads\/2023\/11\/Ga-thoat-san-fd-1952-7-768x755.jpg 768w, https:\/\/hiwinvietnam.vn\/wp-content\/uploads\/2023\/11\/Ga-thoat-san-fd-1952-7-20x20.jpg 20w, https:\/\/hiwinvietnam.vn\/wp-content\/uploads\/2023\/11\/Ga-thoat-san-fd-1952-7-600x590.jpg 600w\" sizes=\"auto, (max-width: 1416px) 100vw, 1416px\" \/><\/span><\/p>\n<p style=\"text-align: justify;\"><span style=\"font-family: 'times new roman', times, serif; font-size: 14pt;\">Ga tho\u00e1t s\u00e0n HIWIN FD-1952 \u0111\u01b0\u1ee3c trang b\u1ecb ng\u00f5ng tr\u1ecdng l\u1ef1c v\u00e0 di\u1ec7n t\u00edch b\u1ec1 m\u1eb7t l\u1edbn, t\u1eeb \u0111\u00f3 th\u00fac \u0111\u1ea9y t\u1ed1c \u0111\u1ed9 tho\u00e1t n\u01b0\u1edbc l\u00ean \u0111\u1ebfn 0.5L\/s (theo th\u00ed nghi\u1ec7m do Hiwin th\u1ef1c hi\u1ec7n). \u0110\u00e2y l\u00e0 t\u1ed1c \u0111\u1ed9 tho\u00e1t n\u01b0\u1edbc \u0111\u1ec9nh cao m\u00e0 kh\u00f3 tho\u00e1t s\u00e0n n\u00e0o v\u01b0\u1ee3t qua \u0111\u01b0\u1ee3c. Hi\u1ec7u qu\u1ea3 tho\u00e1t n\u01b0\u1edbc n\u00e0y gi\u00fap b\u1ec1 m\u1eb7t s\u00e0n nh\u00e0 lu\u00f4n kh\u00f4 r\u00e1o, tho\u00e1ng m\u00e1t, an to\u00e0n khi ng\u01b0\u1eddi d\u00f9ng di chuy\u1ec3n.<\/span><\/p>\n<p><span style=\"font-family: 'times new roman', times, serif; font-size: 14pt;\"><img loading=\"lazy\" decoding=\"async\" class=\"aligncenter wp-image-14069 size-full\" src=\"https:\/\/hiwinvietnam.vn\/wp-content\/uploads\/2023\/11\/Ga-thoat-san-fd-1952-8.jpg\" alt=\"Ga tho\u00e1t s\u00e0n FD-1952 HIWIN t\u1ed1c \u0111\u1ed9 tho\u00e1t n\u01b0\u1edbc nhanh\" width=\"1416\" height=\"1596\" srcset=\"https:\/\/hiwinvietnam.vn\/wp-content\/uploads\/2023\/11\/Ga-thoat-san-fd-1952-8.jpg 1416w, https:\/\/hiwinvietnam.vn\/wp-content\/uploads\/2023\/11\/Ga-thoat-san-fd-1952-8-266x300.jpg 266w, https:\/\/hiwinvietnam.vn\/wp-content\/uploads\/2023\/11\/Ga-thoat-san-fd-1952-8-909x1024.jpg 909w, https:\/\/hiwinvietnam.vn\/wp-content\/uploads\/2023\/11\/Ga-thoat-san-fd-1952-8-768x866.jpg 768w, https:\/\/hiwinvietnam.vn\/wp-content\/uploads\/2023\/11\/Ga-thoat-san-fd-1952-8-1363x1536.jpg 1363w, https:\/\/hiwinvietnam.vn\/wp-content\/uploads\/2023\/11\/Ga-thoat-san-fd-1952-8-300x338.jpg 300w, https:\/\/hiwinvietnam.vn\/wp-content\/uploads\/2023\/11\/Ga-thoat-san-fd-1952-8-600x676.jpg 600w\" sizes=\"auto, (max-width: 1416px) 100vw, 1416px\" \/><\/span><\/p>\n<p style=\"text-align: justify;\"><span style=\"font-family: 'times new roman', times, serif; font-size: 14pt;\">L\u01b0\u1edbi l\u1ecdc r\u00e1c hai ng\u0103n gi\u00fap tho\u00e1t s\u00e0n ng\u0103n ch\u1eb7n c\u00e1c r\u00e1c th\u1ea3i c\u00f3 k\u00edch th\u01b0\u1edbc l\u1edbn l\u1ecdt xu\u1ed1ng c\u1ed1ng, t\u1eeb \u0111\u00f3 ng\u0103n ng\u1eeba t\u00ecnh tr\u1ea1ng b\u00edt t\u1eafc c\u1ed1ng. C\u00f3 2 l\u1edbp l\u01b0\u1edbi l\u1ecdc: n\u1eafp b\u00ean tr\u00ean v\u00e0 1 l\u01b0\u1ee3t l\u1ecdc r\u00e1c b\u00ean d\u01b0\u1edbi. L\u01b0\u1edbi l\u1ecdc r\u00e1c d\u1ec5 th\u00e1o l\u1eafp gi\u00fap gia t\u0103ng hi\u1ec7u qu\u1ea3 d\u1ecdn v\u1ec7 sinh.<\/span><\/p>\n<p><span style=\"font-family: 'times new roman', times, serif; font-size: 14pt;\"><img loading=\"lazy\" decoding=\"async\" class=\"aligncenter wp-image-14070 size-full\" src=\"https:\/\/hiwinvietnam.vn\/wp-content\/uploads\/2023\/11\/Ga-thoat-san-fd-1952-9.jpg\" alt=\"Ga tho\u00e1t s\u00e0n FD-1952 HIWIN t\u1ed1c \u0111\u1ed9 tho\u00e1t n\u01b0\u1edbc nhanh c\u00f3 l\u01b0\u1edbi l\u1ecdc r\u00e1c 2 ng\u0103n\" width=\"1416\" height=\"1596\" srcset=\"https:\/\/hiwinvietnam.vn\/wp-content\/uploads\/2023\/11\/Ga-thoat-san-fd-1952-9.jpg 1416w, https:\/\/hiwinvietnam.vn\/wp-content\/uploads\/2023\/11\/Ga-thoat-san-fd-1952-9-266x300.jpg 266w, https:\/\/hiwinvietnam.vn\/wp-content\/uploads\/2023\/11\/Ga-thoat-san-fd-1952-9-909x1024.jpg 909w, https:\/\/hiwinvietnam.vn\/wp-content\/uploads\/2023\/11\/Ga-thoat-san-fd-1952-9-768x866.jpg 768w, https:\/\/hiwinvietnam.vn\/wp-content\/uploads\/2023\/11\/Ga-thoat-san-fd-1952-9-1363x1536.jpg 1363w, https:\/\/hiwinvietnam.vn\/wp-content\/uploads\/2023\/11\/Ga-thoat-san-fd-1952-9-300x338.jpg 300w, https:\/\/hiwinvietnam.vn\/wp-content\/uploads\/2023\/11\/Ga-thoat-san-fd-1952-9-600x676.jpg 600w\" sizes=\"auto, (max-width: 1416px) 100vw, 1416px\" \/><\/span><\/p>\n<p style=\"text-align: justify;\"><span style=\"font-size: 14pt; font-family: 'times new roman', times, serif;\">Ng\u00f5ng nh\u1ef1a ABS c\u1ee9ng c\u00e1p v\u1edbi v\u00f2ng \u0111\u1ec7m cao su ch\u1ea5t l\u01b0\u1ee3ng cao c\u00f3 th\u1ec3 t\u0103ng kh\u1ea3 n\u0103ng tho\u00e1t n\u01b0\u1edbc v\u00e0 \u0111\u1ea3m b\u1ea3o ng\u0103n m\u00f9i, ch\u1ed1ng tr\u00e0o ng\u01b0\u1ee3c hi\u1ec7u qu\u1ea3. HIWIN FD-1952 s\u1edf h\u1eefu chi\u1ebfc ng\u00f5ng tr\u1ecdng l\u1ef1c k\u1ebft h\u1ee3p gi\u00fap mi\u1ec7ng ng\u00f5ng b\u1ecbt k\u00edn, do \u0111\u00f3 ch\u1ed1ng \u0111\u01b0\u1ee3c s\u1ef1 x\u00e2m h\u1ea1i c\u1ee7a c\u00f4n tr\u00f9ng, \u0111\u1ea3m b\u1ea3o kh\u00f4ng gian s\u1ed1ng ti\u1ec7n nghi cho gia \u0111\u00ecnh b\u1ea1n.\u00a0<\/span><\/p>\n<p><span style=\"font-family: 'times new roman', times, serif; font-size: 14pt;\"><img loading=\"lazy\" decoding=\"async\" class=\"aligncenter wp-image-14071 size-full\" src=\"https:\/\/hiwinvietnam.vn\/wp-content\/uploads\/2023\/11\/Ga-thoat-san-fd-1952-10.jpg\" alt=\"Ga tho\u00e1t s\u00e0n FD-1952 HIWIN t\u1ed1c \u0111\u1ed9 tho\u00e1t n\u01b0\u1edbc nhanh ng\u00f5ng nh\u1ef1a abs\" width=\"1416\" height=\"1596\" srcset=\"https:\/\/hiwinvietnam.vn\/wp-content\/uploads\/2023\/11\/Ga-thoat-san-fd-1952-10.jpg 1416w, https:\/\/hiwinvietnam.vn\/wp-content\/uploads\/2023\/11\/Ga-thoat-san-fd-1952-10-266x300.jpg 266w, https:\/\/hiwinvietnam.vn\/wp-content\/uploads\/2023\/11\/Ga-thoat-san-fd-1952-10-909x1024.jpg 909w, https:\/\/hiwinvietnam.vn\/wp-content\/uploads\/2023\/11\/Ga-thoat-san-fd-1952-10-768x866.jpg 768w, https:\/\/hiwinvietnam.vn\/wp-content\/uploads\/2023\/11\/Ga-thoat-san-fd-1952-10-1363x1536.jpg 1363w, https:\/\/hiwinvietnam.vn\/wp-content\/uploads\/2023\/11\/Ga-thoat-san-fd-1952-10-300x338.jpg 300w, https:\/\/hiwinvietnam.vn\/wp-content\/uploads\/2023\/11\/Ga-thoat-san-fd-1952-10-600x676.jpg 600w\" sizes=\"auto, (max-width: 1416px) 100vw, 1416px\" \/><\/span><\/p>\n<h2 style=\"text-align: justify;\"><span style=\"font-family: 'times new roman', times, serif; font-size: 14pt;\"><strong>V\u1ecb tr\u00ed l\u1eafp \u0111\u1eb7t ga tho\u00e1t s\u00e0n Hiwin FD-1952<\/strong><\/span><\/h2>\n<p style=\"text-align: justify;\"><span style=\"font-family: 'times new roman', times, serif; font-size: 14pt;\">S\u1edf h\u1eefu thi\u1ebft k\u1ebf \u0111\u01a1n gi\u1ea3n ph\u00f9 h\u1ee3p nhi\u1ec1u kh\u00f4ng gian s\u1ed1ng kh\u00e1c nhau, ga tho\u00e1t s\u00e0n <strong><span style=\"color: #3366ff;\"><a style=\"color: #3366ff;\" href=\"https:\/\/www.facebook.com\/hiwinvietnam.vn\">HIWIN<\/a><\/span><\/strong> FD-1952 \u0111\u00e3 tr\u1edf th\u00e0nh s\u1ef1 l\u1ef1a ch\u1ecdn c\u1ee7a nhi\u1ec1u h\u1ed9 gia \u0111\u00ecnh. FD-1952 c\u00f3 th\u1ec3 l\u1eafp trong nh\u00e0 t\u1eafm, l\u1eafp \u1edf khu b\u1ebfp, khu ban c\u00f4ng, ph\u00f2ng gi\u1eb7t, &#8230;<\/span><\/p>\n<p><span style=\"font-family: 'times new roman', times, serif; font-size: 14pt;\">Ng\u00e0y nay, gia ch\u1ee7 kh\u00f4ng ch\u1ec9 \u0111\u1eb7t s\u1ef1 quan t\u00e2m v\u00e0o c\u00e1c thi\u1ebft b\u1ecb ch\u00ednh trong ph\u00f2ng v\u1ec7 sinh, m\u00e0 ngay c\u1ea3 c\u00e1c v\u1eadt t\u01b0 ph\u1ee5 c\u0169ng \u0111\u01b0\u1ee3c ch\u00fa tr\u1ecdng, t\u1ea1o n\u00ean t\u1ed5ng th\u1ec3 k\u1ebft h\u1ee3p h\u00e0i h\u00f2a, \u0111\u1ed3ng nh\u1ea5t tone m\u00e0u, mang \u0111\u1ebfn hi\u1ec7u qu\u1ea3 th\u1ea9m m\u1ef9 tr\u1ecdn v\u1eb9n.<\/span><\/p>\n<p><span style=\"font-family: 'times new roman', times, serif; font-size: 14pt;\"><img loading=\"lazy\" decoding=\"async\" class=\"aligncenter wp-image-14066 size-full\" src=\"https:\/\/hiwinvietnam.vn\/wp-content\/uploads\/2023\/11\/Ga-thoat-san-fd-1952-5.jpg\" alt=\"thi\u1ebft k\u1ebf \u0111\u01a1n gi\u1ea3n c\u1ee7a ga tho\u00e1t s\u00e0n FD-1952 HIWIN t\u1ed1c \u0111\u1ed9 tho\u00e1t n\u01b0\u1edbc nhanh\" width=\"1416\" height=\"1596\" srcset=\"https:\/\/hiwinvietnam.vn\/wp-content\/uploads\/2023\/11\/Ga-thoat-san-fd-1952-5.jpg 1416w, https:\/\/hiwinvietnam.vn\/wp-content\/uploads\/2023\/11\/Ga-thoat-san-fd-1952-5-266x300.jpg 266w, https:\/\/hiwinvietnam.vn\/wp-content\/uploads\/2023\/11\/Ga-thoat-san-fd-1952-5-909x1024.jpg 909w, https:\/\/hiwinvietnam.vn\/wp-content\/uploads\/2023\/11\/Ga-thoat-san-fd-1952-5-768x866.jpg 768w, https:\/\/hiwinvietnam.vn\/wp-content\/uploads\/2023\/11\/Ga-thoat-san-fd-1952-5-1363x1536.jpg 1363w, https:\/\/hiwinvietnam.vn\/wp-content\/uploads\/2023\/11\/Ga-thoat-san-fd-1952-5-300x338.jpg 300w, https:\/\/hiwinvietnam.vn\/wp-content\/uploads\/2023\/11\/Ga-thoat-san-fd-1952-5-600x676.jpg 600w\" sizes=\"auto, (max-width: 1416px) 100vw, 1416px\" \/><\/span><\/p>\n<p>&nbsp;<\/p>\n<p><span style=\"font-family: 'times new roman', times, serif; font-size: 14pt;\">\u0110\u1ec3 \u0111\u01b0\u1ee3c t\u01b0 v\u1ea5n chi ti\u1ebft th\u00eam v\u1ec1 ga tho\u00e1t s\u00e0n Hiwin FD-1952, vui l\u00f2ng li\u00ean h\u1ec7 v\u1edbi Hiwin theo Hotline 1900571296 ho\u1eb7c Zalo: 0886257989<\/span><\/p>\n<p>&nbsp;<\/p>\n","protected":false},"excerpt":{"rendered":"<p>Ga tho\u00e1t s\u00e0n l\u00e0 s\u1ea3n ph\u1ea9m quen thu\u1ed9c gi\u00fap n\u00e2ng cao ch\u1ea5t l\u01b0\u1ee3ng cu\u1ed9c s\u1ed1ng c\u1ee7a con ng\u01b0\u1eddi. Do \u0111\u00f3, Hiwin \u0111\u00e3 ra m\u1eaft s\u1ea3n ph\u1ea9m ga tho\u00e1t s\u00e0n HIWIN FD-1952 v\u1edbi nhi\u1ec1u \u01b0u \u0111i\u1ec3m v\u01b0\u1ee3t tr\u1ed9i, h\u1ee9a h\u1eb9n s\u1ebd \u0111\u00e1p \u1ee9ng nhu c\u1ea7u v\u00e0 th\u1ecb hi\u1ebfu c\u1ee7a ng\u01b0\u1eddi ti\u00eau d\u00f9ng Vi\u1ec7t Nam. \u0110\u1eb7c \u0111i\u1ec3m [&hellip;]<\/p>\n","protected":false},"featured_media":14062,"comment_status":"open","ping_status":"closed","template":"","meta":{"_acf_changed":false},"product_brand":[],"product_cat":[179,43],"product_tag":[],"class_list":{"0":"post-14061","1":"product","2":"type-product","3":"status-publish","4":"has-post-thumbnail","6":"product_cat-pheu-thoat-san-ga-thoat-san-nha-tam-nha-ve-sinh","7":"product_cat-pheu-ga-thoat-san","9":"first","10":"instock","11":"sale","12":"shipping-taxable","13":"purchasable","14":"product-type-simple"},"acf":[],"_links":{"self":[{"href":"https:\/\/hiwinvietnam.vn\/wp-json\/wp\/v2\/product\/14061","targetHints":{"allow":["GET"]}}],"collection":[{"href":"https:\/\/hiwinvietnam.vn\/wp-json\/wp\/v2\/product"}],"about":[{"href":"https:\/\/hiwinvietnam.vn\/wp-json\/wp\/v2\/types\/product"}],"replies":[{"embeddable":true,"href":"https:\/\/hiwinvietnam.vn\/wp-json\/wp\/v2\/comments?post=14061"}],"wp:featuredmedia":[{"embeddable":true,"href":"https:\/\/hiwinvietnam.vn\/wp-json\/wp\/v2\/media\/14062"}],"wp:attachment":[{"href":"https:\/\/hiwinvietnam.vn\/wp-json\/wp\/v2\/media?parent=14061"}],"wp:term":[{"taxonomy":"product_brand","embeddable":true,"href":"https:\/\/hiwinvietnam.vn\/wp-json\/wp\/v2\/product_brand?post=14061"},{"taxonomy":"product_cat","embeddable":true,"href":"https:\/\/hiwinvietnam.vn\/wp-json\/wp\/v2\/product_cat?post=14061"},{"taxonomy":"product_tag","embeddable":true,"href":"https:\/\/hiwinvietnam.vn\/wp-json\/wp\/v2\/product_tag?post=14061"}],"curies":[{"name":"wp","href":"https:\/\/api.w.org\/{rel}","templated":true}]}}